{"id":3689,"date":"2025-06-10T15:02:08","date_gmt":"2025-06-10T21:02:08","guid":{"rendered":"https:\/\/www.hitechseals.com\/gestion-dinventaire-par-le-fournisseur\/"},"modified":"2025-12-30T16:58:52","modified_gmt":"2025-12-30T23:58:52","slug":"gestion-dinventaire-par-le-fournisseur","status":"publish","type":"page","link":"https:\/\/www.hitechseals.com\/fr\/services\/gestion-dinventaire-par-le-fournisseur\/","title":{"rendered":"Gestion d&rsquo;inventaire par le fournisseur"},"content":{"rendered":"<div class=\"wpb-content-wrapper\">[vc_row sm=\u00a0\u00bb40&Prime; md=\u00a0\u00bb60&Prime; lg=\u00a0\u00bb100&Prime; el_class=\u00a0\u00bbjustify-content-between\u00a0\u00bb][vc_column offset=\u00a0\u00bbvc_col-lg-5&Prime; el_class=\u00a0\u00bborder-lg-2&Prime;][web3_vc_btns class=\u00a0\u00bbobj-content pb-40&Prime; items=\u00a0\u00bb%5B%7B%22icon_name%22%3A%22&#8212;%22%7D%5D\u00a0\u00bb][\/web3_vc_btns][\/vc_column][vc_column offset=\u00a0\u00bbvc_col-lg-6&Prime; el_class=\u00a0\u00bborder-lg-1&Prime;][web3_vc_content class=\u00a0\u00bbobj-content pb-40&Prime; sm=\u00a0\u00bb\u00a0\u00bb md=\u00a0\u00bb\u00a0\u00bb lg=\u00a0\u00bb\u00a0\u00bb]Hi-Tech Seals propose un inventaire g\u00e9r\u00e9 par le fournisseur aux clients qualifi\u00e9s. Notre \u00e9quipe effectuera des v\u00e9rifications d&rsquo;inventaire r\u00e9guli\u00e8res et reconstituera le stock utilis\u00e9.[\/web3_vc_content][web3_vc_list_icon_texts sm=\u00a0\u00bb\u00a0\u00bb md=\u00a0\u00bb\u00a0\u00bb lg=\u00a0\u00bb\u00a0\u00bb title=\u00a0\u00bbAvantages\u00a0\u00bb items=\u00a0\u00bb%5B%7B%22icon_name%22%3A%22icon_Check_Circle%22%2C%22title%22%3A%22Min%2Fmax%20inventory%20system%22%7D%2C%7B%22icon_name%22%3A%22icon_Check_Circle%22%2C%22title%22%3A%22Reduce%20the%20amount%20of%20required%20safety%20stock%22%7D%2C%7B%22icon_name%22%3A%22icon_Check_Circle%22%2C%22title%22%3A%22Remove%20the%20need%20to%20log%20usage%20and%20perform%20stock%20checks%22%7D%2C%7B%22icon_name%22%3A%22icon_Check_Circle%22%2C%22title%22%3A%22Save%20time%20for%20your%20procurement%20department%22%7D%5D\u00a0\u00bb][\/web3_vc_list_icon_texts][\/vc_column][\/vc_row]<\/div>","protected":false},"excerpt":{"rendered":"<p>[vc_row sm=\u00a0\u00bb40&Prime; md=\u00a0\u00bb60&Prime; lg=\u00a0\u00bb100&Prime; el_class=\u00a0\u00bbjustify-content-between\u00a0\u00bb][vc_column offset=\u00a0\u00bbvc_col-lg-5&Prime; el_class=\u00a0\u00bborder-lg-2&Prime;][web3_vc_btns class=\u00a0\u00bbobj-content pb-40&Prime; items=\u00a0\u00bb%5B%7B%22icon_name%22%3A%22&#8212;%22%7D%5D\u00a0\u00bb][\/web3_vc_btns][\/vc_column][vc_column offset=\u00a0\u00bbvc_col-lg-6&Prime; el_class=\u00a0\u00bborder-lg-1&Prime;][web3_vc_content class=\u00a0\u00bbobj-content pb-40&Prime; sm=\u00a0\u00bb\u00a0\u00bb md=\u00a0\u00bb\u00a0\u00bb lg=\u00a0\u00bb\u00a0\u00bb]Hi-Tech Seals propose un inventaire g\u00e9r\u00e9&hellip;<\/p>\n","protected":false},"author":1,"featured_media":3691,"parent":3946,"menu_order":4,"comment_status":"closed","ping_status":"closed","template":"","meta":{"_acf_changed":false,"footnotes":""},"class_list":["post-3689","page","type-page","status-publish","has-post-thumbnail","hentry"],"acf":[],"yoast_head":"<!-- This site is optimized with the Yoast SEO plugin v27.4 - https:\/\/yoast.com\/product\/yoast-seo-wordpress\/ -->\n<title>Gestion d&#039;inventaire par le fournisseur - Hi-Tech Seals<\/title>\n<meta name=\"robots\" content=\"index, follow, max-snippet:-1, max-image-preview:large, max-video-preview:-1\" \/>\n<link rel=\"canonical\" href=\"https:\/\/www.hitechseals.com\/fr\/services\/gestion-dinventaire-par-le-fournisseur\/\" \/>\n<meta property=\"og:locale\" content=\"fr_CA\" \/>\n<meta property=\"og:type\" content=\"article\" \/>\n<meta property=\"og:title\" content=\"Gestion d&#039;inventaire par le fournisseur - Hi-Tech Seals\" \/>\n<meta property=\"og:description\" content=\"[vc_row sm=\u00a0\u00bb40&Prime; md=\u00a0\u00bb60&Prime; lg=\u00a0\u00bb100&Prime; el_class=\u00a0\u00bbjustify-content-between\u00a0\u00bb][vc_column offset=\u00a0\u00bbvc_col-lg-5&Prime; el_class=\u00a0\u00bborder-lg-2&Prime;][web3_vc_btns class=\u00a0\u00bbobj-content pb-40&Prime; items=\u00a0\u00bb%5B%7B%22icon_name%22%3A%22&#8212;%22%7D%5D\u00a0\u00bb][\/web3_vc_btns][\/vc_column][vc_column offset=\u00a0\u00bbvc_col-lg-6&Prime; el_class=\u00a0\u00bborder-lg-1&Prime;][web3_vc_content class=\u00a0\u00bbobj-content pb-40&Prime; sm=\u00a0\u00bb\u00a0\u00bb md=\u00a0\u00bb\u00a0\u00bb lg=\u00a0\u00bb\u00a0\u00bb]Hi-Tech Seals propose un inventaire g\u00e9r\u00e9&hellip;\" \/>\n<meta property=\"og:url\" content=\"https:\/\/www.hitechseals.com\/fr\/services\/gestion-dinventaire-par-le-fournisseur\/\" \/>\n<meta property=\"og:site_name\" content=\"Hi-Tech Seals\" \/>\n<meta property=\"article:modified_time\" content=\"2025-12-30T23:58:52+00:00\" \/>\n<meta property=\"og:image\" content=\"https:\/\/www.hitechseals.com\/wp-content\/uploads\/2025\/08\/inventory.jpg\" \/>\n\t<meta property=\"og:image:width\" content=\"493\" \/>\n\t<meta property=\"og:image:height\" content=\"271\" \/>\n\t<meta property=\"og:image:type\" content=\"image\/jpeg\" \/>\n<meta name=\"twitter:card\" content=\"summary_large_image\" \/>\n<meta name=\"twitter:label1\" content=\"Estimation du temps de lecture\" \/>\n\t<meta name=\"twitter:data1\" content=\"1 minute\" \/>\n<script type=\"application\/ld+json\" class=\"yoast-schema-graph\">{\"@context\":\"https:\\\/\\\/schema.org\",\"@graph\":[{\"@type\":\"WebPage\",\"@id\":\"https:\\\/\\\/www.hitechseals.com\\\/fr\\\/services\\\/gestion-dinventaire-par-le-fournisseur\\\/\",\"url\":\"https:\\\/\\\/www.hitechseals.com\\\/fr\\\/services\\\/gestion-dinventaire-par-le-fournisseur\\\/\",\"name\":\"Gestion d'inventaire par le fournisseur - Hi-Tech Seals\",\"isPartOf\":{\"@id\":\"https:\\\/\\\/www.hitechseals.com\\\/fr\\\/#website\"},\"primaryImageOfPage\":{\"@id\":\"https:\\\/\\\/www.hitechseals.com\\\/fr\\\/services\\\/gestion-dinventaire-par-le-fournisseur\\\/#primaryimage\"},\"image\":{\"@id\":\"https:\\\/\\\/www.hitechseals.com\\\/fr\\\/services\\\/gestion-dinventaire-par-le-fournisseur\\\/#primaryimage\"},\"thumbnailUrl\":\"https:\\\/\\\/www.hitechseals.com\\\/wp-content\\\/uploads\\\/2025\\\/08\\\/inventory.jpg\",\"datePublished\":\"2025-06-10T21:02:08+00:00\",\"dateModified\":\"2025-12-30T23:58:52+00:00\",\"breadcrumb\":{\"@id\":\"https:\\\/\\\/www.hitechseals.com\\\/fr\\\/services\\\/gestion-dinventaire-par-le-fournisseur\\\/#breadcrumb\"},\"inLanguage\":\"fr-CA\",\"potentialAction\":[{\"@type\":\"ReadAction\",\"target\":[\"https:\\\/\\\/www.hitechseals.com\\\/fr\\\/services\\\/gestion-dinventaire-par-le-fournisseur\\\/\"]}]},{\"@type\":\"ImageObject\",\"inLanguage\":\"fr-CA\",\"@id\":\"https:\\\/\\\/www.hitechseals.com\\\/fr\\\/services\\\/gestion-dinventaire-par-le-fournisseur\\\/#primaryimage\",\"url\":\"https:\\\/\\\/www.hitechseals.com\\\/wp-content\\\/uploads\\\/2025\\\/08\\\/inventory.jpg\",\"contentUrl\":\"https:\\\/\\\/www.hitechseals.com\\\/wp-content\\\/uploads\\\/2025\\\/08\\\/inventory.jpg\",\"width\":493,\"height\":271},{\"@type\":\"BreadcrumbList\",\"@id\":\"https:\\\/\\\/www.hitechseals.com\\\/fr\\\/services\\\/gestion-dinventaire-par-le-fournisseur\\\/#breadcrumb\",\"itemListElement\":[{\"@type\":\"ListItem\",\"position\":1,\"name\":\"Home\",\"item\":\"https:\\\/\\\/www.hitechseals.com\\\/fr\\\/accueil\\\/\"},{\"@type\":\"ListItem\",\"position\":2,\"name\":\"Services\",\"item\":\"https:\\\/\\\/www.hitechseals.com\\\/fr\\\/services\\\/\"},{\"@type\":\"ListItem\",\"position\":3,\"name\":\"Gestion d&#8217;inventaire par le fournisseur\"}]},{\"@type\":\"WebSite\",\"@id\":\"https:\\\/\\\/www.hitechseals.com\\\/fr\\\/#website\",\"url\":\"https:\\\/\\\/www.hitechseals.com\\\/fr\\\/\",\"name\":\"Hi-Tech Seals\",\"description\":\"\",\"potentialAction\":[{\"@type\":\"SearchAction\",\"target\":{\"@type\":\"EntryPoint\",\"urlTemplate\":\"https:\\\/\\\/www.hitechseals.com\\\/fr\\\/?s={search_term_string}\"},\"query-input\":{\"@type\":\"PropertyValueSpecification\",\"valueRequired\":true,\"valueName\":\"search_term_string\"}}],\"inLanguage\":\"fr-CA\"}]}<\/script>\n<!-- \/ Yoast SEO plugin. -->","yoast_head_json":{"title":"Gestion d'inventaire par le fournisseur - Hi-Tech Seals","robots":{"index":"index","follow":"follow","max-snippet":"max-snippet:-1","max-image-preview":"max-image-preview:large","max-video-preview":"max-video-preview:-1"},"canonical":"https:\/\/www.hitechseals.com\/fr\/services\/gestion-dinventaire-par-le-fournisseur\/","og_locale":"fr_CA","og_type":"article","og_title":"Gestion d'inventaire par le fournisseur - Hi-Tech Seals","og_description":"[vc_row sm=\u00a0\u00bb40&Prime; md=\u00a0\u00bb60&Prime; lg=\u00a0\u00bb100&Prime; el_class=\u00a0\u00bbjustify-content-between\u00a0\u00bb][vc_column offset=\u00a0\u00bbvc_col-lg-5&Prime; el_class=\u00a0\u00bborder-lg-2&Prime;][web3_vc_btns class=\u00a0\u00bbobj-content pb-40&Prime; items=\u00a0\u00bb%5B%7B%22icon_name%22%3A%22&#8212;%22%7D%5D\u00a0\u00bb][\/web3_vc_btns][\/vc_column][vc_column offset=\u00a0\u00bbvc_col-lg-6&Prime; el_class=\u00a0\u00bborder-lg-1&Prime;][web3_vc_content class=\u00a0\u00bbobj-content pb-40&Prime; sm=\u00a0\u00bb\u00a0\u00bb md=\u00a0\u00bb\u00a0\u00bb lg=\u00a0\u00bb\u00a0\u00bb]Hi-Tech Seals propose un inventaire g\u00e9r\u00e9&hellip;","og_url":"https:\/\/www.hitechseals.com\/fr\/services\/gestion-dinventaire-par-le-fournisseur\/","og_site_name":"Hi-Tech Seals","article_modified_time":"2025-12-30T23:58:52+00:00","og_image":[{"width":493,"height":271,"url":"https:\/\/www.hitechseals.com\/wp-content\/uploads\/2025\/08\/inventory.jpg","type":"image\/jpeg"}],"twitter_card":"summary_large_image","twitter_misc":{"Estimation du temps de lecture":"1 minute"},"schema":{"@context":"https:\/\/schema.org","@graph":[{"@type":"WebPage","@id":"https:\/\/www.hitechseals.com\/fr\/services\/gestion-dinventaire-par-le-fournisseur\/","url":"https:\/\/www.hitechseals.com\/fr\/services\/gestion-dinventaire-par-le-fournisseur\/","name":"Gestion d'inventaire par le fournisseur - Hi-Tech Seals","isPartOf":{"@id":"https:\/\/www.hitechseals.com\/fr\/#website"},"primaryImageOfPage":{"@id":"https:\/\/www.hitechseals.com\/fr\/services\/gestion-dinventaire-par-le-fournisseur\/#primaryimage"},"image":{"@id":"https:\/\/www.hitechseals.com\/fr\/services\/gestion-dinventaire-par-le-fournisseur\/#primaryimage"},"thumbnailUrl":"https:\/\/www.hitechseals.com\/wp-content\/uploads\/2025\/08\/inventory.jpg","datePublished":"2025-06-10T21:02:08+00:00","dateModified":"2025-12-30T23:58:52+00:00","breadcrumb":{"@id":"https:\/\/www.hitechseals.com\/fr\/services\/gestion-dinventaire-par-le-fournisseur\/#breadcrumb"},"inLanguage":"fr-CA","potentialAction":[{"@type":"ReadAction","target":["https:\/\/www.hitechseals.com\/fr\/services\/gestion-dinventaire-par-le-fournisseur\/"]}]},{"@type":"ImageObject","inLanguage":"fr-CA","@id":"https:\/\/www.hitechseals.com\/fr\/services\/gestion-dinventaire-par-le-fournisseur\/#primaryimage","url":"https:\/\/www.hitechseals.com\/wp-content\/uploads\/2025\/08\/inventory.jpg","contentUrl":"https:\/\/www.hitechseals.com\/wp-content\/uploads\/2025\/08\/inventory.jpg","width":493,"height":271},{"@type":"BreadcrumbList","@id":"https:\/\/www.hitechseals.com\/fr\/services\/gestion-dinventaire-par-le-fournisseur\/#breadcrumb","itemListElement":[{"@type":"ListItem","position":1,"name":"Home","item":"https:\/\/www.hitechseals.com\/fr\/accueil\/"},{"@type":"ListItem","position":2,"name":"Services","item":"https:\/\/www.hitechseals.com\/fr\/services\/"},{"@type":"ListItem","position":3,"name":"Gestion d&#8217;inventaire par le fournisseur"}]},{"@type":"WebSite","@id":"https:\/\/www.hitechseals.com\/fr\/#website","url":"https:\/\/www.hitechseals.com\/fr\/","name":"Hi-Tech Seals","description":"","potentialAction":[{"@type":"SearchAction","target":{"@type":"EntryPoint","urlTemplate":"https:\/\/www.hitechseals.com\/fr\/?s={search_term_string}"},"query-input":{"@type":"PropertyValueSpecification","valueRequired":true,"valueName":"search_term_string"}}],"inLanguage":"fr-CA"}]}},"_links":{"self":[{"href":"https:\/\/www.hitechseals.com\/fr\/wp-json\/wp\/v2\/pages\/3689","targetHints":{"allow":["GET"]}}],"collection":[{"href":"https:\/\/www.hitechseals.com\/fr\/wp-json\/wp\/v2\/pages"}],"about":[{"href":"https:\/\/www.hitechseals.com\/fr\/wp-json\/wp\/v2\/types\/page"}],"author":[{"embeddable":true,"href":"https:\/\/www.hitechseals.com\/fr\/wp-json\/wp\/v2\/users\/1"}],"replies":[{"embeddable":true,"href":"https:\/\/www.hitechseals.com\/fr\/wp-json\/wp\/v2\/comments?post=3689"}],"version-history":[{"count":5,"href":"https:\/\/www.hitechseals.com\/fr\/wp-json\/wp\/v2\/pages\/3689\/revisions"}],"predecessor-version":[{"id":5393,"href":"https:\/\/www.hitechseals.com\/fr\/wp-json\/wp\/v2\/pages\/3689\/revisions\/5393"}],"up":[{"embeddable":true,"href":"https:\/\/www.hitechseals.com\/fr\/wp-json\/wp\/v2\/pages\/3946"}],"wp:featuredmedia":[{"embeddable":true,"href":"https:\/\/www.hitechseals.com\/fr\/wp-json\/wp\/v2\/media\/3691"}],"wp:attachment":[{"href":"https:\/\/www.hitechseals.com\/fr\/wp-json\/wp\/v2\/media?parent=3689"}],"curies":[{"name":"wp","href":"https:\/\/api.w.org\/{rel}","templated":true}]}}