{"id":3697,"date":"2025-04-07T12:04:15","date_gmt":"2025-04-07T18:04:15","guid":{"rendered":"https:\/\/www.hitechseals.com\/accueil\/"},"modified":"2026-04-02T12:03:31","modified_gmt":"2026-04-02T18:03:31","slug":"accueil","status":"publish","type":"page","link":"https:\/\/www.hitechseals.com\/fr\/","title":{"rendered":"Accueil"},"content":{"rendered":"<div class=\"wpb-content-wrapper\">[vc_row disable_element=\u00a0\u00bbyes\u00a0\u00bb][vc_column][web3_vc_product_cat sm=\u00a0\u00bb100&Prime; md=\u00a0\u00bb\u00a0\u00bb lg=\u00a0\u00bb\u00a0\u00bb title=\u00a0\u00bbNos produits\u00a0\u00bb][\/vc_column][\/vc_row][vc_row][vc_column][web3_vc_product_cat output_data=\u00a0\u00bbcustom\u00a0\u00bb output_style=\u00a0\u00bbnarrow\u00a0\u00bb sm=\u00a0\u00bb100&Prime; md=\u00a0\u00bb\u00a0\u00bb lg=\u00a0\u00bb\u00a0\u00bb title=\u00a0\u00bbNos produits\u00a0\u00bb items=\u00a0\u00bb%5B%7B%22title%22%3A%22Seals%22%2C%22attach_image%22%3A%223285%22%2C%22vc_link%22%3A%22url%3Ahttps%253A%252F%252Fwww.hitechseals.com%252Fproducts%252Fseals%252F%7Ctitle%3AView%2520All%22%7D%2C%7B%22title%22%3A%22Gaskets%22%2C%22attach_image%22%3A%223286%22%2C%22vc_link%22%3A%22url%3Ahttps%253A%252F%252Fwww.hitechseals.com%252Fproducts%252Fgaskets%252F%7Ctitle%3AView%2520All%22%7D%2C%7B%22title%22%3A%22Metal%20Components%22%2C%22attach_image%22%3A%223282%22%2C%22vc_link%22%3A%22url%3Ahttps%253A%252F%252Fwww.hitechseals.com%252Fproducts%252Fmetal-components%252F%7Ctitle%3AView%2520All%22%7D%2C%7B%22title%22%3A%22Custom%20Moulded%22%2C%22attach_image%22%3A%223325%22%2C%22vc_link%22%3A%22url%3Ahttps%253A%252F%252Fwww.hitechseals.com%252Fproducts%252Fcustom-moulded%252F%7Ctitle%3AView%2520All%22%7D%2C%7B%22title%22%3A%22Lubricants%22%2C%22attach_image%22%3A%223287%22%2C%22vc_link%22%3A%22url%3Ahttps%253A%252F%252Fwww.hitechseals.com%252Fproducts%252Flubricants%252F%7Ctitle%3AView%2520All%22%7D%2C%7B%22title%22%3A%22Tools%20and%20Accessories%22%2C%22attach_image%22%3A%223284%22%2C%22vc_link%22%3A%22url%3Ahttps%253A%252F%252Fwww.hitechseals.com%252Fproducts%252Ftools-accessories%252F%7Ctitle%3AView%2520All%22%7D%5D\u00a0\u00bb][\/vc_column][\/vc_row][vc_row full_width=\u00a0\u00bbstretch_row\u00a0\u00bb el_class=\u00a0\u00bbbg-contain bg-y-100 pb-140&Prime; vc_update_desktop=\u00a0\u00bb180&Prime; vc_update_mobile=\u00a0\u00bb2170&Prime;][vc_column][vc_row_inner content_placement=\u00a0\u00bbmiddle\u00a0\u00bb el_class=\u00a0\u00bbpb-lg-140 justify-content-between\u00a0\u00bb][vc_column_inner el_class=\u00a0\u00bbcol-xxl-5 pb-xxl-100&Prime;][web3_vc_content sm=\u00a0\u00bb100&Prime; md=\u00a0\u00bb\u00a0\u00bb lg=\u00a0\u00bb\u00a0\u00bb title=\u00a0\u00bbQui nous sommes\u00a0\u00bb vc_link=\u00a0\u00bburl:https%3A%2F%2Fwww.hitechseals.com%2Four-company%2Fabout-us%2F|title:About%20Us\u00a0\u00bb]Depuis plus de 35 ans, Hi-Tech Seals est reconnu comme un leader dans la fabrication et la distribution de joints industriels, de joints d&rsquo;\u00e9tanch\u00e9it\u00e9 et de composants en m\u00e9tal, en \u00e9lastom\u00e8re et en plastique de haute qualit\u00e9, fournissant des solutions diversifi\u00e9es \u00e0 travers un large \u00e9ventail d&rsquo;industries dans le monde entier, notamment l&rsquo;\u00e9nergie, la puissance des fluides, l&rsquo;agriculture, l&rsquo;exploitation mini\u00e8re, l&rsquo;automobile, la fabrication industrielle et bien plus encore.[\/web3_vc_content][\/vc_column_inner][vc_column_inner el_class=\u00a0\u00bbcol-xxl-7 pb-xxl-100 overflow-hidden\u00a0\u00bb][web3_vc_image_slider output_source=\u00a0\u00bbproduct_brand\u00a0\u00bb class=\u00a0\u00bbobj-content pt-xxl-100 pb-xxl-140&Prime; sm=\u00a0\u00bb0&Prime; smb=\u00a0\u00bb100&Prime; md=\u00a0\u00bb\u00a0\u00bb lg=\u00a0\u00bb\u00a0\u00bb text_align_sm=\u00a0\u00bbcenter\u00a0\u00bb title=\u00a0\u00bb{{Our Brand Materials}}\u00a0\u00bb][\/vc_column_inner][\/vc_row_inner][\/vc_column][\/vc_row][vc_row full_width=\u00a0\u00bbstretch_row_content_no_spaces\u00a0\u00bb vc_row_raw_before=\u00a0\u00bbX3N2Z19kZWNvX2FuZ2xlX3RvcF9yaWdodF8=\u00a0\u00bb el_class=\u00a0\u00bbrow-has-shadow\u00a0\u00bb][vc_column][vc_row_inner vc_is_container=\u00a0\u00bb1&Prime;][vc_column_inner][web3_vc_repeatable_box class=\u00a0\u00bbobj-content pt-100&Prime; items=\u00a0\u00bb%5B%7B%22attach_image%22%3A%225028%22%2C%22title%22%3A%22Manufacturing%22%2C%22body%22%3A%22U3RhbmRhcmQlMjBhbmQlMjBjdXN0b20lMjBzZWFscyUyMGFuZCUyMGNvbXBvbmVudHMlMjBtYW51ZmFjdHVyaW5nJTJDJTIwaW5jbHVkaW5nJTIwUmFwaWQlMjBTZWFsJTJDJTIwUmFwaWQlMjBHYXNrZXQlMkMlMjBDYXN0JTIwVXJldGhhbmUlMkMlMjBTcGxpY2VkJTIwYW5kJTIwVnVsY2FuaXplZCUyME8tcmluZ3MlMkMlMjBDdXN0b20lMjBNb3VsZGVkJTIwUHJvZHVjdHMlMkMlMjBhbmQlMjBSdWJiZXIlMjBFeHRydXNpb25zLg%3D%3D%22%2C%22vc_link%22%3A%22url%3Ahttps%253A%252F%252Fwww.hitechseals.com%252Fmanufacturing%252F%7Ctitle%3AView%2520All%22%7D%2C%7B%22attach_image%22%3A%22162%22%2C%22title%22%3A%22Services%22%2C%22body%22%3A%22VmFsdWUtYWRkZWQlMjBzZXJ2aWNlcyUyMHRoYXQlMjBlbmFibGUlMjBjdXN0b21lcnMlMjB0byUyMG9wZXJhdGUlMjBlZmZpY2llbnRseSUyQyUyMGluY2x1ZGluZyUyMEtpdCUyMENyZWF0aW9uJTIwUHJvZ3JhbSUyQyUyMEN1c3RvbSUyMExhYmVsaW5nJTJDJTIwTGFzZXIlMjBFbmdyYXZpbmclMkMlMjBDb2xvdXJlZCUyMFBURkUlMjBPLVJpbmdzJTJDJTIwYW5kJTIwVk1JLiUyMFNlYWwlMjBBbmFseXNpcyUyMExhYiUyMGhlbHBzJTIwZW5zdXJlJTIwc2VhbHMlMjBtZWV0JTIwc3BlY2lmaWNhdGlvbnMu%22%2C%22vc_link%22%3A%22url%3Ahttps%253A%252F%252Fwww.hitechseals.com%252Fservices%252F%7Ctitle%3AView%2520All%22%7D%5D\u00a0\u00bb][\/vc_column_inner][\/vc_row_inner][\/vc_column][\/vc_row][vc_row][vc_column vc_link_column=\u00a0\u00bburl:https%3A%2F%2Fwww.hitechseals.com%2Fproduct%2Fmechanical-face-seals%2F|title:Mechanical%20Face%20Seals|target:_blank\u00a0\u00bb][web3_vc_repeatable_item_tile sm=\u00a0\u00bb100&Prime; md=\u00a0\u00bb\u00a0\u00bb lg=\u00a0\u00bb\u00a0\u00bb attach_image=\u00a0\u00bb5085&Prime; title=\u00a0\u00bbJoints m\u00e9caniques \u00e0 face\u00a0\u00bb items=\u00a0\u00bb%5B%7B%22title%22%3A%22Tradeshows%202026%22%2C%22body%22%3A%22RXhwbG9yZSUyMHVwY29taW5nJTIwdHJhZGVzaG93cyUyMEhpLVRlY2glMjBTZWFscyUyMHdpbGwlMjBiZSUyMGV4aGliaXRpbmcu%22%2C%22vc_link%22%3A%22url%3Ahttps%253A%252F%252Fwww.hitechseals.com%252Fcategory%252Fevents%252F%7Ctitle%3AView%2520All%2520Tradeshows%22%7D%2C%7B%22title%22%3A%22Blogs%22%2C%22body%22%3A%22TGVhcm4lMjBtb3JlJTIwYWJvdXQlMjBIaS1UZWNoJTIwU2VhbHMlRTIlODAlOTklMjBwcm9kdWN0cyUyMGFuZCUyMHNlcnZpY2VzJTJDJTIwaGVscGZ1bCUyMHRpcHMlMkMlMjBhbmQlMjB0cnVzdGVkJTIwaW5kdXN0cnklMjBpbnNpZ2h0cy4%3D%22%2C%22vc_link%22%3A%22url%3Ahttps%253A%252F%252Fwww.hitechseals.com%252Fcategory%252Fblogs%252F%7Ctitle%3AView%2520All%2520Blog%2520Posts%22%7D%2C%7B%22title%22%3A%22Case%20Studies%22%2C%22body%22%3A%22UHJvdmVuJTIwZXhhbXBsZXMlMjBzaG93Y2FzaW5nJTIwaG93JTIwd2UlMjBkZWxpdmVyZWQlMjBleHBlcnQlMjBzb2x1dGlvbnMlMjB0YWlsb3JlZCUyMHRvJTIwdW5pcXVlJTIwYXBwbGljYXRpb24lMjByZXF1aXJlbWVudHMu%22%2C%22vc_link%22%3A%22url%3Ahttps%253A%252F%252Fwww.hitechseals.com%252Fcategory%252Fcase-studies%252F%7Ctitle%3AView%2520All%2520Case%2520Studies%22%7D%5D\u00a0\u00bb vc_link=\u00a0\u00bburl:https%3A%2F%2Fwww.hitechseals.com%2Fproduct%2Fmechanical-face-seals%2F|title:Read%20More\u00a0\u00bb]<span data-teams=\"true\">Con\u00e7us pour prot\u00e9ger les composants critiques dans les applications rotatives intensives contre les environnements expos\u00e9s \u00e0 des conditions difficiles, tels que la salet\u00e9, la poussi\u00e8re, la boue, l&rsquo;eau et les fluides agressifs. <\/span>[\/web3_vc_repeatable_item_tile][\/vc_column][\/vc_row][vc_row][vc_column][web3_vc_map_data hide_content=\u00a0\u00bb1&Prime; title_review=\u00a0\u00bbV2hhdCUyMG91ciUyMGN1c3RvbWVycyUyMGluJTIwJTdDJTdDJTdCJTdCX3RpdGxlX2xvY2F0aW9uXyU3RCU3RCUyMGFyZSUyMHNheWluZy4uLg==\u00a0\u00bb sm=\u00a0\u00bb0&Prime; smb=\u00a0\u00bb100&Prime; md=\u00a0\u00bb\u00a0\u00bb lg=\u00a0\u00bb\u00a0\u00bb title=\u00a0\u00bbS\u00e9lectionner une succursale\u00a0\u00bb][\/vc_column][\/vc_row]<\/div>","protected":false},"excerpt":{"rendered":"<p>[vc_row disable_element=\u00a0\u00bbyes\u00a0\u00bb][vc_column][web3_vc_product_cat sm=\u00a0\u00bb100&Prime; md=\u00a0\u00bb\u00a0\u00bb lg=\u00a0\u00bb\u00a0\u00bb title=\u00a0\u00bbNos produits\u00a0\u00bb][\/vc_column][\/vc_row][vc_row][vc_column][web3_vc_product_cat output_data=\u00a0\u00bbcustom\u00a0\u00bb output_style=\u00a0\u00bbnarrow\u00a0\u00bb sm=\u00a0\u00bb100&Prime; md=\u00a0\u00bb\u00a0\u00bb lg=\u00a0\u00bb\u00a0\u00bb title=\u00a0\u00bbNos produits\u00a0\u00bb items=\u00a0\u00bb%5B%7B%22title%22%3A%22Seals%22%2C%22attach_image%22%3A%223285%22%2C%22vc_link%22%3A%22url%3Ahttps%253A%252F%252Fwww.hitechseals.com%252Fproducts%252Fseals%252F%7Ctitle%3AView%2520All%22%7D%2C%7B%22title%22%3A%22Gaskets%22%2C%22attach_image%22%3A%223286%22%2C%22vc_link%22%3A%22url%3Ahttps%253A%252F%252Fwww.hitechseals.com%252Fproducts%252Fgaskets%252F%7Ctitle%3AView%2520All%22%7D%2C%7B%22title%22%3A%22Metal%20Components%22%2C%22attach_image%22%3A%223282%22%2C%22vc_link%22%3A%22url%3Ahttps%253A%252F%252Fwww.hitechseals.com%252Fproducts%252Fmetal-components%252F%7Ctitle%3AView%2520All%22%7D%2C%7B%22title%22%3A%22Custom%20Moulded%22%2C%22attach_image%22%3A%223325%22%2C%22vc_link%22%3A%22url%3Ahttps%253A%252F%252Fwww.hitechseals.com%252Fproducts%252Fcustom-moulded%252F%7Ctitle%3AView%2520All%22%7D%2C%7B%22title%22%3A%22Lubricants%22%2C%22attach_image%22%3A%223287%22%2C%22vc_link%22%3A%22url%3Ahttps%253A%252F%252Fwww.hitechseals.com%252Fproducts%252Flubricants%252F%7Ctitle%3AView%2520All%22%7D%2C%7B%22title%22%3A%22Tools%20and%20Accessories%22%2C%22attach_image%22%3A%223284%22%2C%22vc_link%22%3A%22url%3Ahttps%253A%252F%252Fwww.hitechseals.com%252Fproducts%252Ftools-accessories%252F%7Ctitle%3AView%2520All%22%7D%5D\u00a0\u00bb][\/vc_column][\/vc_row][vc_row full_width=\u00a0\u00bbstretch_row\u00a0\u00bb el_class=\u00a0\u00bbbg-contain bg-y-100 pb-140&Prime; vc_update_desktop=\u00a0\u00bb180&Prime; vc_update_mobile=\u00a0\u00bb2170&Prime;][vc_column][vc_row_inner content_placement=\u00a0\u00bbmiddle\u00a0\u00bb&hellip;<\/p>\n","protected":false},"author":1,"featured_media":0,"parent":0,"menu_order":21,"comment_status":"closed","ping_status":"closed","template":"","meta":{"_acf_changed":false,"footnotes":""},"class_list":["post-3697","page","type-page","status-publish","hentry"],"acf":[],"yoast_head":"<!-- This site is optimized with the Yoast SEO plugin v27.3 - https:\/\/yoast.com\/product\/yoast-seo-wordpress\/ -->\n<title>Joints toriques, Joints d&#039;\u00e9tanch\u00e9it\u00e9, Joints d&#039;\u00e9tanch\u00e9it\u00e9 pour fluides et plus | Hi-Tech Seals Canada et \u00c9tats-Unis<\/title>\n<meta name=\"description\" content=\"Fabricant leader de joints toriques, de joints industriels et de garnitures m\u00e9caniques haute performance. Nous fournissons des solutions d\u2019\u00e9tanch\u00e9it\u00e9 sur mesure au Canada et aux \u00c9tats-Unis. Demandez un devis.\" \/>\n<meta name=\"robots\" content=\"index, follow, max-snippet:-1, max-image-preview:large, max-video-preview:-1\" \/>\n<link rel=\"canonical\" href=\"https:\/\/www.hitechseals.com\/fr\/\" \/>\n<meta property=\"og:locale\" content=\"fr_CA\" \/>\n<meta property=\"og:type\" content=\"article\" \/>\n<meta property=\"og:title\" content=\"Joints toriques, Joints d&#039;\u00e9tanch\u00e9it\u00e9, Joints d&#039;\u00e9tanch\u00e9it\u00e9 pour fluides et plus | Hi-Tech Seals Canada et \u00c9tats-Unis\" \/>\n<meta property=\"og:description\" content=\"Fabricant leader de joints toriques, de joints industriels et de garnitures m\u00e9caniques haute performance. Nous fournissons des solutions d\u2019\u00e9tanch\u00e9it\u00e9 sur mesure au Canada et aux \u00c9tats-Unis. Demandez un devis.\" \/>\n<meta property=\"og:url\" content=\"https:\/\/www.hitechseals.com\/fr\/\" \/>\n<meta property=\"og:site_name\" content=\"Hi-Tech Seals\" \/>\n<meta property=\"article:modified_time\" content=\"2026-04-02T18:03:31+00:00\" \/>\n<meta name=\"twitter:card\" content=\"summary_large_image\" \/>\n<meta name=\"twitter:label1\" content=\"Estimation du temps de lecture\" \/>\n\t<meta name=\"twitter:data1\" content=\"4 minutes\" \/>\n<script type=\"application\/ld+json\" class=\"yoast-schema-graph\">{\"@context\":\"https:\\\/\\\/schema.org\",\"@graph\":[{\"@type\":\"WebPage\",\"@id\":\"https:\\\/\\\/www.hitechseals.com\\\/fr\\\/\",\"url\":\"https:\\\/\\\/www.hitechseals.com\\\/fr\\\/\",\"name\":\"Joints toriques, Joints d'\u00e9tanch\u00e9it\u00e9, Joints d'\u00e9tanch\u00e9it\u00e9 pour fluides et plus | Hi-Tech Seals Canada et \u00c9tats-Unis\",\"isPartOf\":{\"@id\":\"https:\\\/\\\/www.hitechseals.com\\\/fr\\\/#website\"},\"datePublished\":\"2025-04-07T18:04:15+00:00\",\"dateModified\":\"2026-04-02T18:03:31+00:00\",\"description\":\"Fabricant leader de joints toriques, de joints industriels et de garnitures m\u00e9caniques haute performance. Nous fournissons des solutions d\u2019\u00e9tanch\u00e9it\u00e9 sur mesure au Canada et aux \u00c9tats-Unis. Demandez un devis.\",\"breadcrumb\":{\"@id\":\"https:\\\/\\\/www.hitechseals.com\\\/fr\\\/#breadcrumb\"},\"inLanguage\":\"fr-CA\",\"potentialAction\":[{\"@type\":\"ReadAction\",\"target\":[\"https:\\\/\\\/www.hitechseals.com\\\/fr\\\/\"]}]},{\"@type\":\"BreadcrumbList\",\"@id\":\"https:\\\/\\\/www.hitechseals.com\\\/fr\\\/#breadcrumb\",\"itemListElement\":[{\"@type\":\"ListItem\",\"position\":1,\"name\":\"Home\",\"item\":\"https:\\\/\\\/www.hitechseals.com\\\/fr\\\/accueil\\\/\"},{\"@type\":\"ListItem\",\"position\":2,\"name\":\"Accueil\"}]},{\"@type\":\"WebSite\",\"@id\":\"https:\\\/\\\/www.hitechseals.com\\\/fr\\\/#website\",\"url\":\"https:\\\/\\\/www.hitechseals.com\\\/fr\\\/\",\"name\":\"Hi-Tech Seals\",\"description\":\"\",\"potentialAction\":[{\"@type\":\"SearchAction\",\"target\":{\"@type\":\"EntryPoint\",\"urlTemplate\":\"https:\\\/\\\/www.hitechseals.com\\\/fr\\\/?s={search_term_string}\"},\"query-input\":{\"@type\":\"PropertyValueSpecification\",\"valueRequired\":true,\"valueName\":\"search_term_string\"}}],\"inLanguage\":\"fr-CA\"}]}<\/script>\n<!-- \/ Yoast SEO plugin. -->","yoast_head_json":{"title":"Joints toriques, Joints d'\u00e9tanch\u00e9it\u00e9, Joints d'\u00e9tanch\u00e9it\u00e9 pour fluides et plus | Hi-Tech Seals Canada et \u00c9tats-Unis","description":"Fabricant leader de joints toriques, de joints industriels et de garnitures m\u00e9caniques haute performance. Nous fournissons des solutions d\u2019\u00e9tanch\u00e9it\u00e9 sur mesure au Canada et aux \u00c9tats-Unis. Demandez un devis.","robots":{"index":"index","follow":"follow","max-snippet":"max-snippet:-1","max-image-preview":"max-image-preview:large","max-video-preview":"max-video-preview:-1"},"canonical":"https:\/\/www.hitechseals.com\/fr\/","og_locale":"fr_CA","og_type":"article","og_title":"Joints toriques, Joints d'\u00e9tanch\u00e9it\u00e9, Joints d'\u00e9tanch\u00e9it\u00e9 pour fluides et plus | Hi-Tech Seals Canada et \u00c9tats-Unis","og_description":"Fabricant leader de joints toriques, de joints industriels et de garnitures m\u00e9caniques haute performance. Nous fournissons des solutions d\u2019\u00e9tanch\u00e9it\u00e9 sur mesure au Canada et aux \u00c9tats-Unis. Demandez un devis.","og_url":"https:\/\/www.hitechseals.com\/fr\/","og_site_name":"Hi-Tech Seals","article_modified_time":"2026-04-02T18:03:31+00:00","twitter_card":"summary_large_image","twitter_misc":{"Estimation du temps de lecture":"4 minutes"},"schema":{"@context":"https:\/\/schema.org","@graph":[{"@type":"WebPage","@id":"https:\/\/www.hitechseals.com\/fr\/","url":"https:\/\/www.hitechseals.com\/fr\/","name":"Joints toriques, Joints d'\u00e9tanch\u00e9it\u00e9, Joints d'\u00e9tanch\u00e9it\u00e9 pour fluides et plus | Hi-Tech Seals Canada et \u00c9tats-Unis","isPartOf":{"@id":"https:\/\/www.hitechseals.com\/fr\/#website"},"datePublished":"2025-04-07T18:04:15+00:00","dateModified":"2026-04-02T18:03:31+00:00","description":"Fabricant leader de joints toriques, de joints industriels et de garnitures m\u00e9caniques haute performance. Nous fournissons des solutions d\u2019\u00e9tanch\u00e9it\u00e9 sur mesure au Canada et aux \u00c9tats-Unis. Demandez un devis.","breadcrumb":{"@id":"https:\/\/www.hitechseals.com\/fr\/#breadcrumb"},"inLanguage":"fr-CA","potentialAction":[{"@type":"ReadAction","target":["https:\/\/www.hitechseals.com\/fr\/"]}]},{"@type":"BreadcrumbList","@id":"https:\/\/www.hitechseals.com\/fr\/#breadcrumb","itemListElement":[{"@type":"ListItem","position":1,"name":"Home","item":"https:\/\/www.hitechseals.com\/fr\/accueil\/"},{"@type":"ListItem","position":2,"name":"Accueil"}]},{"@type":"WebSite","@id":"https:\/\/www.hitechseals.com\/fr\/#website","url":"https:\/\/www.hitechseals.com\/fr\/","name":"Hi-Tech Seals","description":"","potentialAction":[{"@type":"SearchAction","target":{"@type":"EntryPoint","urlTemplate":"https:\/\/www.hitechseals.com\/fr\/?s={search_term_string}"},"query-input":{"@type":"PropertyValueSpecification","valueRequired":true,"valueName":"search_term_string"}}],"inLanguage":"fr-CA"}]}},"_links":{"self":[{"href":"https:\/\/www.hitechseals.com\/fr\/wp-json\/wp\/v2\/pages\/3697","targetHints":{"allow":["GET"]}}],"collection":[{"href":"https:\/\/www.hitechseals.com\/fr\/wp-json\/wp\/v2\/pages"}],"about":[{"href":"https:\/\/www.hitechseals.com\/fr\/wp-json\/wp\/v2\/types\/page"}],"author":[{"embeddable":true,"href":"https:\/\/www.hitechseals.com\/fr\/wp-json\/wp\/v2\/users\/1"}],"replies":[{"embeddable":true,"href":"https:\/\/www.hitechseals.com\/fr\/wp-json\/wp\/v2\/comments?post=3697"}],"version-history":[{"count":5,"href":"https:\/\/www.hitechseals.com\/fr\/wp-json\/wp\/v2\/pages\/3697\/revisions"}],"predecessor-version":[{"id":6171,"href":"https:\/\/www.hitechseals.com\/fr\/wp-json\/wp\/v2\/pages\/3697\/revisions\/6171"}],"wp:attachment":[{"href":"https:\/\/www.hitechseals.com\/fr\/wp-json\/wp\/v2\/media?parent=3697"}],"curies":[{"name":"wp","href":"https:\/\/api.w.org\/{rel}","templated":true}]}}