{"id":3714,"date":"2025-06-06T15:21:34","date_gmt":"2025-06-06T21:21:34","guid":{"rendered":"https:\/\/www.hitechseals.com\/laboratoire-danalyse-des-joints\/"},"modified":"2025-12-30T16:58:58","modified_gmt":"2025-12-30T23:58:58","slug":"laboratoire-danalyse-des-joints","status":"publish","type":"page","link":"https:\/\/www.hitechseals.com\/fr\/services\/laboratoire-danalyse-des-joints\/","title":{"rendered":"Laboratoire d&rsquo;analyse des joints"},"content":{"rendered":"<div class=\"wpb-content-wrapper\">[vc_row content_placement=\u00a0\u00bbmiddle\u00a0\u00bb el_class=\u00a0\u00bbjustify-content-between\u00a0\u00bb][vc_column el_class=\u00a0\u00bbcol-xxxl-5&Prime;][web3_vc_content sm=\u00a0\u00bb40&Prime; md=\u00a0\u00bb60&Prime; lg=\u00a0\u00bb100&Prime; lgb=\u00a0\u00bb40&Prime;]Notre laboratoire d&rsquo;analyse des joints joue un r\u00f4le important dans les services d&rsquo;ing\u00e9nierie que nous proposons. Il constitue un pas en avant dans l&rsquo;am\u00e9lioration continue de notre programme de contr\u00f4le qualit\u00e9 et de nos services uniques. Le laboratoire contient une vari\u00e9t\u00e9 d&rsquo;\u00e9quipements qui permettent \u00e0 nos ing\u00e9nieurs, techniciens en dessin et personnel de contr\u00f4le qualit\u00e9 d&rsquo;effectuer divers tests li\u00e9s aux joints.\r\n<h4>Rapport d&rsquo;inspection d\u00e9taill\u00e9<\/h4>\r\nNotre laboratoire utilise deux machines de comparaison optique, une Micro-Vu Matrix et une Micro-Vu Excel. Cet \u00e9quipement d&rsquo;inspection nous permet de mesurer rapidement et de mani\u00e8re fiable les composants avec un haut niveau de pr\u00e9cision. La Matrix est un syst\u00e8me \u00e0 fonctionnement manuel utilis\u00e9 pour inspecter de plus petites quantit\u00e9s ou des pi\u00e8ces plus complexes. L&rsquo;Excel est un syst\u00e8me automatis\u00e9, capable de mesurer cons\u00e9cutivement plusieurs composants et d&rsquo;inspecter des pi\u00e8ces environ deux fois plus grandes que ce que la Matrix peut mesurer. Notre personnel utilise les deux appareils pour effectuer des inspections d\u00e9taill\u00e9es des produits afin de d\u00e9terminer s&rsquo;ils r\u00e9pondent aux sp\u00e9cifications fournies. Ces informations sont souvent transform\u00e9es en rapport \u00e0 l&rsquo;usage de nos clients.\r\n\r\nNotre rapport d&rsquo;analyse de d\u00e9faillance (FAR) examine et analyse les joints ou garnitures et l&rsquo;environnement dans lequel ils ont \u00e9chou\u00e9. Cela nous permet de d\u00e9terminer la ou les causes les plus probables de la d\u00e9faillance. Une fois la ou les causes d\u00e9termin\u00e9es, des recommandations appropri\u00e9es qui optimiseront les performances futures sont pr\u00e9sent\u00e9es. Nous effectuons l&rsquo;analyse avec un \u00e9chantillon de pi\u00e8ce d\u00e9faillante et des informations sur l&rsquo;application. Si un \u00e9chantillon ne peut \u00eatre fourni, une photo et une description d\u00e9taill\u00e9e de la pi\u00e8ce, de l&rsquo;application et de l&rsquo;environnement sont n\u00e9cessaires.[\/web3_vc_content][\/vc_column][vc_column el_class=\u00a0\u00bbcol-xxxl-6&Prime;][vc_single_image image=\u00a0\u00bb3718&Prime; img_size=\u00a0\u00bbfull\u00a0\u00bb alignment=\u00a0\u00bbright\u00a0\u00bb css=\u00a0\u00bb\u00a0\u00bb][\/vc_column][\/vc_row][vc_row][vc_column][web3_vc_content sm=\u00a0\u00bb40&Prime; md=\u00a0\u00bb60&Prime; lg=\u00a0\u00bb1&Prime; lgb=\u00a0\u00bb100&Prime;]\r\n<h4>Identification positive des mat\u00e9riaux<\/h4>\r\nNous effectuons l&rsquo;identification positive des mat\u00e9riaux (PMI) sur les mat\u00e9riaux \u00e9lastom\u00e8res, plastiques et m\u00e9talliques. Pour identifier les mat\u00e9riaux \u00e9lastom\u00e8res et plastiques, nous utilisons un spectrom\u00e8tre FT-IR infrarouge moyen. Le spectrom\u00e8tre FT-IR analyse la structure mol\u00e9culaire d&rsquo;un mat\u00e9riau pour d\u00e9terminer le type de polym\u00e8re de base. Pour l&rsquo;identification des composants m\u00e9talliques, nous utilisons notre pistolet XRF, qui permet des tests non destructifs. Contactez-nous pour les exigences de taille d&rsquo;\u00e9chantillon ou d&rsquo;autres informations PMI.\r\n<h4>Tests et analyses suppl\u00e9mentaires<\/h4>\r\nNotre laboratoire d&rsquo;analyse des joints peut effectuer une vari\u00e9t\u00e9 de tests suppl\u00e9mentaires et d&rsquo;analyses g\u00e9n\u00e9rales en utilisant notre \u00e9quipement de pointe, notamment :\r\n<ul>\r\n \t<li>R\u00e9sistance \u00e0 la traction<\/li>\r\n \t<li>Module de traction<\/li>\r\n \t<li>Densit\u00e9 sp\u00e9cifique<\/li>\r\n \t<li>Plan\u00e9it\u00e9 de surface<\/li>\r\n \t<li>Allongement<\/li>\r\n \t<li>Test de vieillissement thermique<\/li>\r\n \t<li>Test de duret\u00e9<\/li>\r\n \t<li>D\u00e9formation r\u00e9manente apr\u00e8s compression<\/li>\r\n<\/ul>\r\n[\/web3_vc_content][\/vc_column][\/vc_row]<\/div>","protected":false},"excerpt":{"rendered":"<p>[vc_row content_placement=\u00a0\u00bbmiddle\u00a0\u00bb el_class=\u00a0\u00bbjustify-content-between\u00a0\u00bb][vc_column el_class=\u00a0\u00bbcol-xxxl-5&Prime;][web3_vc_content sm=\u00a0\u00bb40&Prime; md=\u00a0\u00bb60&Prime; lg=\u00a0\u00bb100&Prime; lgb=\u00a0\u00bb40&Prime;]Notre laboratoire d&rsquo;analyse des joints joue un r\u00f4le important dans les services d&rsquo;ing\u00e9nierie que nous&hellip;<\/p>\n","protected":false},"author":1,"featured_media":3720,"parent":3946,"menu_order":5,"comment_status":"closed","ping_status":"closed","template":"","meta":{"_acf_changed":false,"footnotes":""},"class_list":["post-3714","page","type-page","status-publish","has-post-thumbnail","hentry"],"acf":[],"yoast_head":"<!-- This site is optimized with the Yoast SEO plugin v27.4 - https:\/\/yoast.com\/product\/yoast-seo-wordpress\/ -->\n<title>Laboratoire d&#039;analyse des joints - Hi-Tech Seals<\/title>\n<meta name=\"robots\" content=\"index, follow, max-snippet:-1, max-image-preview:large, max-video-preview:-1\" \/>\n<link rel=\"canonical\" href=\"https:\/\/www.hitechseals.com\/fr\/services\/laboratoire-danalyse-des-joints\/\" \/>\n<meta property=\"og:locale\" content=\"fr_CA\" \/>\n<meta property=\"og:type\" content=\"article\" \/>\n<meta property=\"og:title\" content=\"Laboratoire d&#039;analyse des joints - Hi-Tech Seals\" \/>\n<meta property=\"og:description\" content=\"[vc_row content_placement=\u00a0\u00bbmiddle\u00a0\u00bb el_class=\u00a0\u00bbjustify-content-between\u00a0\u00bb][vc_column el_class=\u00a0\u00bbcol-xxxl-5&Prime;][web3_vc_content sm=\u00a0\u00bb40&Prime; md=\u00a0\u00bb60&Prime; lg=\u00a0\u00bb100&Prime; lgb=\u00a0\u00bb40&Prime;]Notre laboratoire d&rsquo;analyse des joints joue un r\u00f4le important dans les services d&rsquo;ing\u00e9nierie que nous&hellip;\" \/>\n<meta property=\"og:url\" content=\"https:\/\/www.hitechseals.com\/fr\/services\/laboratoire-danalyse-des-joints\/\" \/>\n<meta property=\"og:site_name\" content=\"Hi-Tech Seals\" \/>\n<meta property=\"article:modified_time\" content=\"2025-12-30T23:58:58+00:00\" \/>\n<meta property=\"og:image\" content=\"https:\/\/www.hitechseals.com\/wp-content\/uploads\/2025\/08\/lab_logo_hor.jpg\" \/>\n\t<meta property=\"og:image:width\" content=\"493\" \/>\n\t<meta property=\"og:image:height\" content=\"271\" \/>\n\t<meta property=\"og:image:type\" content=\"image\/jpeg\" \/>\n<meta name=\"twitter:card\" content=\"summary_large_image\" \/>\n<meta name=\"twitter:label1\" content=\"Estimation du temps de lecture\" \/>\n\t<meta name=\"twitter:data1\" content=\"3 minutes\" \/>\n<script type=\"application\/ld+json\" class=\"yoast-schema-graph\">{\"@context\":\"https:\\\/\\\/schema.org\",\"@graph\":[{\"@type\":\"WebPage\",\"@id\":\"https:\\\/\\\/www.hitechseals.com\\\/fr\\\/services\\\/laboratoire-danalyse-des-joints\\\/\",\"url\":\"https:\\\/\\\/www.hitechseals.com\\\/fr\\\/services\\\/laboratoire-danalyse-des-joints\\\/\",\"name\":\"Laboratoire d'analyse des joints - Hi-Tech Seals\",\"isPartOf\":{\"@id\":\"https:\\\/\\\/www.hitechseals.com\\\/fr\\\/#website\"},\"primaryImageOfPage\":{\"@id\":\"https:\\\/\\\/www.hitechseals.com\\\/fr\\\/services\\\/laboratoire-danalyse-des-joints\\\/#primaryimage\"},\"image\":{\"@id\":\"https:\\\/\\\/www.hitechseals.com\\\/fr\\\/services\\\/laboratoire-danalyse-des-joints\\\/#primaryimage\"},\"thumbnailUrl\":\"https:\\\/\\\/www.hitechseals.com\\\/wp-content\\\/uploads\\\/2025\\\/08\\\/lab_logo_hor.jpg\",\"datePublished\":\"2025-06-06T21:21:34+00:00\",\"dateModified\":\"2025-12-30T23:58:58+00:00\",\"breadcrumb\":{\"@id\":\"https:\\\/\\\/www.hitechseals.com\\\/fr\\\/services\\\/laboratoire-danalyse-des-joints\\\/#breadcrumb\"},\"inLanguage\":\"fr-CA\",\"potentialAction\":[{\"@type\":\"ReadAction\",\"target\":[\"https:\\\/\\\/www.hitechseals.com\\\/fr\\\/services\\\/laboratoire-danalyse-des-joints\\\/\"]}]},{\"@type\":\"ImageObject\",\"inLanguage\":\"fr-CA\",\"@id\":\"https:\\\/\\\/www.hitechseals.com\\\/fr\\\/services\\\/laboratoire-danalyse-des-joints\\\/#primaryimage\",\"url\":\"https:\\\/\\\/www.hitechseals.com\\\/wp-content\\\/uploads\\\/2025\\\/08\\\/lab_logo_hor.jpg\",\"contentUrl\":\"https:\\\/\\\/www.hitechseals.com\\\/wp-content\\\/uploads\\\/2025\\\/08\\\/lab_logo_hor.jpg\",\"width\":493,\"height\":271},{\"@type\":\"BreadcrumbList\",\"@id\":\"https:\\\/\\\/www.hitechseals.com\\\/fr\\\/services\\\/laboratoire-danalyse-des-joints\\\/#breadcrumb\",\"itemListElement\":[{\"@type\":\"ListItem\",\"position\":1,\"name\":\"Home\",\"item\":\"https:\\\/\\\/www.hitechseals.com\\\/fr\\\/accueil\\\/\"},{\"@type\":\"ListItem\",\"position\":2,\"name\":\"Services\",\"item\":\"https:\\\/\\\/www.hitechseals.com\\\/fr\\\/services\\\/\"},{\"@type\":\"ListItem\",\"position\":3,\"name\":\"Laboratoire d&#8217;analyse des joints\"}]},{\"@type\":\"WebSite\",\"@id\":\"https:\\\/\\\/www.hitechseals.com\\\/fr\\\/#website\",\"url\":\"https:\\\/\\\/www.hitechseals.com\\\/fr\\\/\",\"name\":\"Hi-Tech Seals\",\"description\":\"\",\"potentialAction\":[{\"@type\":\"SearchAction\",\"target\":{\"@type\":\"EntryPoint\",\"urlTemplate\":\"https:\\\/\\\/www.hitechseals.com\\\/fr\\\/?s={search_term_string}\"},\"query-input\":{\"@type\":\"PropertyValueSpecification\",\"valueRequired\":true,\"valueName\":\"search_term_string\"}}],\"inLanguage\":\"fr-CA\"}]}<\/script>\n<!-- \/ Yoast SEO plugin. -->","yoast_head_json":{"title":"Laboratoire d'analyse des joints - Hi-Tech Seals","robots":{"index":"index","follow":"follow","max-snippet":"max-snippet:-1","max-image-preview":"max-image-preview:large","max-video-preview":"max-video-preview:-1"},"canonical":"https:\/\/www.hitechseals.com\/fr\/services\/laboratoire-danalyse-des-joints\/","og_locale":"fr_CA","og_type":"article","og_title":"Laboratoire d'analyse des joints - Hi-Tech Seals","og_description":"[vc_row content_placement=\u00a0\u00bbmiddle\u00a0\u00bb el_class=\u00a0\u00bbjustify-content-between\u00a0\u00bb][vc_column el_class=\u00a0\u00bbcol-xxxl-5&Prime;][web3_vc_content sm=\u00a0\u00bb40&Prime; md=\u00a0\u00bb60&Prime; lg=\u00a0\u00bb100&Prime; lgb=\u00a0\u00bb40&Prime;]Notre laboratoire d&rsquo;analyse des joints joue un r\u00f4le important dans les services d&rsquo;ing\u00e9nierie que nous&hellip;","og_url":"https:\/\/www.hitechseals.com\/fr\/services\/laboratoire-danalyse-des-joints\/","og_site_name":"Hi-Tech Seals","article_modified_time":"2025-12-30T23:58:58+00:00","og_image":[{"width":493,"height":271,"url":"https:\/\/www.hitechseals.com\/wp-content\/uploads\/2025\/08\/lab_logo_hor.jpg","type":"image\/jpeg"}],"twitter_card":"summary_large_image","twitter_misc":{"Estimation du temps de lecture":"3 minutes"},"schema":{"@context":"https:\/\/schema.org","@graph":[{"@type":"WebPage","@id":"https:\/\/www.hitechseals.com\/fr\/services\/laboratoire-danalyse-des-joints\/","url":"https:\/\/www.hitechseals.com\/fr\/services\/laboratoire-danalyse-des-joints\/","name":"Laboratoire d'analyse des joints - Hi-Tech Seals","isPartOf":{"@id":"https:\/\/www.hitechseals.com\/fr\/#website"},"primaryImageOfPage":{"@id":"https:\/\/www.hitechseals.com\/fr\/services\/laboratoire-danalyse-des-joints\/#primaryimage"},"image":{"@id":"https:\/\/www.hitechseals.com\/fr\/services\/laboratoire-danalyse-des-joints\/#primaryimage"},"thumbnailUrl":"https:\/\/www.hitechseals.com\/wp-content\/uploads\/2025\/08\/lab_logo_hor.jpg","datePublished":"2025-06-06T21:21:34+00:00","dateModified":"2025-12-30T23:58:58+00:00","breadcrumb":{"@id":"https:\/\/www.hitechseals.com\/fr\/services\/laboratoire-danalyse-des-joints\/#breadcrumb"},"inLanguage":"fr-CA","potentialAction":[{"@type":"ReadAction","target":["https:\/\/www.hitechseals.com\/fr\/services\/laboratoire-danalyse-des-joints\/"]}]},{"@type":"ImageObject","inLanguage":"fr-CA","@id":"https:\/\/www.hitechseals.com\/fr\/services\/laboratoire-danalyse-des-joints\/#primaryimage","url":"https:\/\/www.hitechseals.com\/wp-content\/uploads\/2025\/08\/lab_logo_hor.jpg","contentUrl":"https:\/\/www.hitechseals.com\/wp-content\/uploads\/2025\/08\/lab_logo_hor.jpg","width":493,"height":271},{"@type":"BreadcrumbList","@id":"https:\/\/www.hitechseals.com\/fr\/services\/laboratoire-danalyse-des-joints\/#breadcrumb","itemListElement":[{"@type":"ListItem","position":1,"name":"Home","item":"https:\/\/www.hitechseals.com\/fr\/accueil\/"},{"@type":"ListItem","position":2,"name":"Services","item":"https:\/\/www.hitechseals.com\/fr\/services\/"},{"@type":"ListItem","position":3,"name":"Laboratoire d&#8217;analyse des joints"}]},{"@type":"WebSite","@id":"https:\/\/www.hitechseals.com\/fr\/#website","url":"https:\/\/www.hitechseals.com\/fr\/","name":"Hi-Tech Seals","description":"","potentialAction":[{"@type":"SearchAction","target":{"@type":"EntryPoint","urlTemplate":"https:\/\/www.hitechseals.com\/fr\/?s={search_term_string}"},"query-input":{"@type":"PropertyValueSpecification","valueRequired":true,"valueName":"search_term_string"}}],"inLanguage":"fr-CA"}]}},"_links":{"self":[{"href":"https:\/\/www.hitechseals.com\/fr\/wp-json\/wp\/v2\/pages\/3714","targetHints":{"allow":["GET"]}}],"collection":[{"href":"https:\/\/www.hitechseals.com\/fr\/wp-json\/wp\/v2\/pages"}],"about":[{"href":"https:\/\/www.hitechseals.com\/fr\/wp-json\/wp\/v2\/types\/page"}],"author":[{"embeddable":true,"href":"https:\/\/www.hitechseals.com\/fr\/wp-json\/wp\/v2\/users\/1"}],"replies":[{"embeddable":true,"href":"https:\/\/www.hitechseals.com\/fr\/wp-json\/wp\/v2\/comments?post=3714"}],"version-history":[{"count":5,"href":"https:\/\/www.hitechseals.com\/fr\/wp-json\/wp\/v2\/pages\/3714\/revisions"}],"predecessor-version":[{"id":5394,"href":"https:\/\/www.hitechseals.com\/fr\/wp-json\/wp\/v2\/pages\/3714\/revisions\/5394"}],"up":[{"embeddable":true,"href":"https:\/\/www.hitechseals.com\/fr\/wp-json\/wp\/v2\/pages\/3946"}],"wp:featuredmedia":[{"embeddable":true,"href":"https:\/\/www.hitechseals.com\/fr\/wp-json\/wp\/v2\/media\/3720"}],"wp:attachment":[{"href":"https:\/\/www.hitechseals.com\/fr\/wp-json\/wp\/v2\/media?parent=3714"}],"curies":[{"name":"wp","href":"https:\/\/api.w.org\/{rel}","templated":true}]}}