{"id":3744,"date":"2025-06-24T18:53:23","date_gmt":"2025-06-25T00:53:23","guid":{"rendered":"https:\/\/www.hitechseals.com\/profils-detancheite-rapides\/"},"modified":"2025-12-30T17:03:26","modified_gmt":"2025-12-31T00:03:26","slug":"profils-detancheite-rapides","status":"publish","type":"page","link":"https:\/\/www.hitechseals.com\/fr\/fabrication\/usinage-rapide-de-joints-2\/profils-detancheite-rapides\/","title":{"rendered":"Profils de joints Rapid Seal"},"content":{"rendered":"<div class=\"wpb-content-wrapper\">[vc_row][vc_column][web3_vc_db_seal_profile sm=\u00a0\u00bb40&Prime; smb=\u00a0\u00bb0&Prime; md=\u00a0\u00bb60&Prime; mdb=\u00a0\u00bb0&Prime; lg=\u00a0\u00bb100&Prime; lgb=\u00a0\u00bb0&Prime;][\/vc_column][\/vc_row][vc_row content_placement=\u00a0\u00bbmiddle\u00a0\u00bb sm=\u00a0\u00bb40&Prime; md=\u00a0\u00bb60&Prime; lg=\u00a0\u00bb100&Prime;][vc_column offset=\u00a0\u00bbvc_col-lg-5&Prime;][web3_vc_content sm=\u00a0\u00bb40&Prime; md=\u00a0\u00bb60&Prime; lg=\u00a0\u00bb100&Prime; title=\u00a0\u00bbObtenir un devis de profil\u00a0\u00bb]Pour obtenir un devis rapide pour votre profil, veuillez remplir et soumettre le formulaire. Veuillez fournir toutes les informations possibles et \u00eatre aussi pr\u00e9cis que possible. Un membre de notre \u00e9quipe commerciale amicale vous recontactera dans les plus brefs d\u00e9lais. Ajoutez votre num\u00e9ro de t\u00e9l\u00e9phone si vous pr\u00e9f\u00e9rez \u00eatre contact\u00e9 par t\u00e9l\u00e9phone.   \r\n\r\nSi vous avez besoin d&rsquo;assistance ou si vous avez des questions, n&rsquo;h\u00e9sitez pas \u00e0 nous appeler directement\r\nNum\u00e9ro gratuit au Canada : <a href=\"tel:1.800.661.6055\">1.800.661.6055<\/a>\r\nNum\u00e9ro gratuit aux \u00c9tats-Unis : <a href=\"tel:1.888.467.2882\">1.888.467.2882<\/a>[\/web3_vc_content][\/vc_column][vc_column offset=\u00a0\u00bbvc_col-lg-offset-1 vc_col-lg-6&Prime;]\n\t\t<div id=\"gf-cache-buster-form-container-4\" class=\"gf-cache-buster-form-container\">\n\t\t\t<div class=\"loader\"><\/div>\n\t\t\t<style type=\"text\/css\">\n\t\t\t\t.gf-cache-buster-form-container { }\n\t\t\t\t.loader,\n\t\t\t\t.loader:before,\n\t\t\t\t.loader:after {\n\t\t\t\t\tborder-radius: 50%;\n\t\t\t\t\twidth: 2.5em;\n\t\t\t\t\theight: 2.5em;\n\t\t\t\t\t-webkit-animation-fill-mode: both;\n\t\t\t\t\tanimation-fill-mode: both;\n\t\t\t\t\t-webkit-animation: load7 1.8s infinite ease-in-out;\n\t\t\t\t\tanimation: load7 1.8s infinite ease-in-out;\n\t\t\t\t}\n\t\t\t\t.loader {\n\t\t\t\t\tcolor: rgba( 0, 0, 0, 0.5 );\n\t\t\t\t\tfont-size: 10px;\n\t\t\t\t\tmargin: 0 auto 80px;\n\t\t\t\t\tposition: relative;\n\t\t\t\t\ttext-indent: -9999em;\n\t\t\t\t\t-webkit-transform: translateZ(0);\n\t\t\t\t\t-ms-transform: translateZ(0);\n\t\t\t\t\ttransform: translateZ(0);\n\t\t\t\t\t-webkit-animation-delay: -0.16s;\n\t\t\t\t\tanimation-delay: -0.16s;\n\t\t\t\t}\n\t\t\t\t.loader:before,\n\t\t\t\t.loader:after {\n\t\t\t\t\tcontent: '';\n\t\t\t\t\tposition: absolute;\n\t\t\t\t\ttop: 0;\n\t\t\t\t}\n\t\t\t\t.loader:before {\n\t\t\t\t\tleft: -3.5em;\n\t\t\t\t\t-webkit-animation-delay: -0.32s;\n\t\t\t\t\tanimation-delay: -0.32s;\n\t\t\t\t}\n\t\t\t\t.loader:after {\n\t\t\t\t\tleft: 3.5em;\n\t\t\t\t}\n\t\t\t\t@-webkit-keyframes load7 {\n\t\t\t\t\t0%,\n\t\t\t\t\t80%,\n\t\t\t\t\t100% {\n\t\t\t\t\t\tbox-shadow: 0 2.5em 0 -1.3em;\n\t\t\t\t\t}\n\t\t\t\t\t40% {\n\t\t\t\t\t\tbox-shadow: 0 2.5em 0 0;\n\t\t\t\t\t}\n\t\t\t\t}\n\t\t\t\t@keyframes load7 {\n\t\t\t\t\t0%,\n\t\t\t\t\t80%,\n\t\t\t\t\t100% {\n\t\t\t\t\t\tbox-shadow: 0 2.5em 0 -1.3em;\n\t\t\t\t\t}\n\t\t\t\t\t40% {\n\t\t\t\t\t\tbox-shadow: 0 2.5em 0 0;\n\t\t\t\t\t}\n\t\t\t\t}\n\t\t\t<\/style>\n\t\t<\/div>\n\t\t\t\t<script type=\"text\/javascript\">\n\t\t\tdocument.addEventListener('DOMContentLoaded', function() {\n\t\t\t\t( function ( $ ) {\n\t\t\t\t\tvar formId = '4';\n\t\t\t\t\t$.post( 'https:\/\/www.hitechseals.com\/wp-admin\/admin-ajax.php?action=gfcb_get_form&form_id=4&form_theme=orbital', {\n\t\t\t\t\t\taction: 'gfcb_get_form',\n\t\t\t\t\t\tform_id: '4',\n\t\t\t\t\t\tatts: {\"id\":\"4\",\"title\":\"false\",\"description\":\"false\",\"ajax\":\"true\",\"cachebuster\":false,\"theme\":\"orbital\",\"styles\":\"\"},\n\t\t\t\t\t\tform_request_origin: '1sX5bPftLj0iQxHRGTgsF1uJMFzFWrp5s7DvUETdXm58NZGfmFuScg5mY10A4B+fzC7hVnEpvcow6TxGAB9oqGY2mSh3ornveO9XhdqNam9gZ87vhpltu4e7piQ25KmWpQK23Yur2ovkemwUQR1DyU2FhMnkY\/khOT+GX0NttddSr6COgsqs',\n\t\t\t\t\t\tlang: 'fr'\n\t\t\t\t\t}, function( response ) {\n\t\t\t\t\t\t$( '#gf-cache-buster-form-container-4' ).html( response ).fadeIn();\n\t\t\t\t\t\tif( window['gformInitDatepicker'] ) {\n\t\t\t\t\t\t\tgformInitDatepicker();\n\t\t\t\t\t\t}\n\t\t\t\t\t\t\/\/ Initialize GPPA\n\t\t\t\t\t\t\/\/ @todo Since we are not triggering the `gform_post_render` below, I'm not certain that we need this.\n\t\t\t\t\t\tif( response.indexOf('GPPA') > -1 ) {\n\t\t\t\t\t\t\twindow.gform.doAction('gppa_register_form', formId);\n\t\t\t\t\t\t}\n\t\t\t\t\t\t\/\/ We probably don't need this since everything else should already be loaded by this point but since\n\t\t\t\t\t\t\/\/ GF is using it as their standard for triggering the `gform_post_render` event, I figured we should follow suit.\n\t\t\t\t\t\tgform.initializeOnLoaded( function() {\n\t\t\t\t\t\t\t\/\/ Form has been rendered. Trigger post render to initialize scripts if form is not restricted (expired).\n\t\t\t\t\t\t\tgform.initializeOnLoaded(function() {jQuery(document).trigger(\"gform_pre_post_render\", [{ formId: \"4\", currentPage: \"1\", abort: function() { this.preventDefault(); } }]);        if (event && event.defaultPrevented) {                return;        }        const gformWrapperDiv = document.getElementById( \"gform_wrapper_4\" );        if ( gformWrapperDiv ) {            const visibilitySpan = document.createElement( \"span\" );            visibilitySpan.id = \"gform_visibility_test_4\";            gformWrapperDiv.insertAdjacentElement( \"afterend\", visibilitySpan );        }        const visibilityTestDiv = document.getElementById( \"gform_visibility_test_4\" );        let postRenderFired = false;        function triggerPostRender() {            if ( postRenderFired ) {                return;            }            postRenderFired = true;            gform.core.triggerPostRenderEvents( 4, 1 );            if ( visibilityTestDiv ) {                visibilityTestDiv.parentNode.removeChild( visibilityTestDiv );            }        }        function debounce( func, wait, immediate ) {            var timeout;            return function() {                var context = this, args = arguments;                var later = function() {                    timeout = null;                    if ( !immediate ) func.apply( context, args );                };                var callNow = immediate && !timeout;                clearTimeout( timeout );                timeout = setTimeout( later, wait );                if ( callNow ) func.apply( context, args );            };        }        const debouncedTriggerPostRender = debounce( function() {            triggerPostRender();        }, 200 );        if ( visibilityTestDiv && visibilityTestDiv.offsetParent === null ) {            const observer = new MutationObserver( ( mutations ) => {                mutations.forEach( ( mutation ) => {                    if ( mutation.type === 'attributes' && visibilityTestDiv.offsetParent !== null ) {                        debouncedTriggerPostRender();                        observer.disconnect();                    }                });            });            observer.observe( document.body, {                attributes: true,                childList: false,                subtree: true,                attributeFilter: [ 'style', 'class' ],            });        } else {            triggerPostRender();        }    });\t\t\t\t\t\t} );\n\t\t\t\t\t} );\n\t\t\t\t} )( jQuery );\n\t\t\t});\n\t\t<\/script>\n\n\t\t[\/vc_column][\/vc_row]<\/div>","protected":false},"excerpt":{"rendered":"<p>[vc_row][vc_column][web3_vc_db_seal_profile sm=\u00a0\u00bb40&Prime; smb=\u00a0\u00bb0&Prime; md=\u00a0\u00bb60&Prime; mdb=\u00a0\u00bb0&Prime; lg=\u00a0\u00bb100&Prime; lgb=\u00a0\u00bb0&Prime;][\/vc_column][\/vc_row][vc_row content_placement=\u00a0\u00bbmiddle\u00a0\u00bb sm=\u00a0\u00bb40&Prime; md=\u00a0\u00bb60&Prime; lg=\u00a0\u00bb100&Prime;][vc_column offset=\u00a0\u00bbvc_col-lg-5&Prime;][web3_vc_content sm=\u00a0\u00bb40&Prime; md=\u00a0\u00bb60&Prime; lg=\u00a0\u00bb100&Prime; title=\u00a0\u00bbObtenir un devis de profil\u00a0\u00bb]Pour obtenir un&hellip;<\/p>\n","protected":false},"author":1,"featured_media":0,"parent":3824,"menu_order":0,"comment_status":"closed","ping_status":"closed","template":"","meta":{"_acf_changed":false,"footnotes":""},"class_list":["post-3744","page","type-page","status-publish","hentry"],"acf":[],"yoast_head":"<!-- This site is optimized with the Yoast SEO plugin v27.4 - https:\/\/yoast.com\/product\/yoast-seo-wordpress\/ -->\n<title>Profils de joints Rapid Seal - Hi-Tech Seals<\/title>\n<meta name=\"robots\" content=\"index, follow, max-snippet:-1, max-image-preview:large, max-video-preview:-1\" \/>\n<link rel=\"canonical\" href=\"https:\/\/www.hitechseals.com\/fr\/fabrication\/usinage-rapide-de-joints-2\/profils-detancheite-rapides\/\" \/>\n<meta property=\"og:locale\" content=\"fr_CA\" \/>\n<meta property=\"og:type\" content=\"article\" \/>\n<meta property=\"og:title\" content=\"Profils de joints Rapid Seal - Hi-Tech Seals\" \/>\n<meta property=\"og:description\" content=\"[vc_row][vc_column][web3_vc_db_seal_profile sm=\u00a0\u00bb40&Prime; smb=\u00a0\u00bb0&Prime; md=\u00a0\u00bb60&Prime; mdb=\u00a0\u00bb0&Prime; lg=\u00a0\u00bb100&Prime; lgb=\u00a0\u00bb0&Prime;][\/vc_column][\/vc_row][vc_row content_placement=\u00a0\u00bbmiddle\u00a0\u00bb sm=\u00a0\u00bb40&Prime; md=\u00a0\u00bb60&Prime; lg=\u00a0\u00bb100&Prime;][vc_column offset=\u00a0\u00bbvc_col-lg-5&Prime;][web3_vc_content sm=\u00a0\u00bb40&Prime; md=\u00a0\u00bb60&Prime; lg=\u00a0\u00bb100&Prime; title=\u00a0\u00bbObtenir un devis de profil\u00a0\u00bb]Pour obtenir un&hellip;\" \/>\n<meta property=\"og:url\" content=\"https:\/\/www.hitechseals.com\/fr\/fabrication\/usinage-rapide-de-joints-2\/profils-detancheite-rapides\/\" \/>\n<meta property=\"og:site_name\" content=\"Hi-Tech Seals\" \/>\n<meta property=\"article:modified_time\" content=\"2025-12-31T00:03:26+00:00\" \/>\n<meta name=\"twitter:card\" content=\"summary_large_image\" \/>\n<meta name=\"twitter:label1\" content=\"Estimation du temps de lecture\" \/>\n\t<meta name=\"twitter:data1\" content=\"1 minute\" \/>\n<script type=\"application\/ld+json\" class=\"yoast-schema-graph\">{\"@context\":\"https:\\\/\\\/schema.org\",\"@graph\":[{\"@type\":\"WebPage\",\"@id\":\"https:\\\/\\\/www.hitechseals.com\\\/fr\\\/fabrication\\\/usinage-rapide-de-joints-2\\\/profils-detancheite-rapides\\\/\",\"url\":\"https:\\\/\\\/www.hitechseals.com\\\/fr\\\/fabrication\\\/usinage-rapide-de-joints-2\\\/profils-detancheite-rapides\\\/\",\"name\":\"Profils de joints Rapid Seal - Hi-Tech Seals\",\"isPartOf\":{\"@id\":\"https:\\\/\\\/www.hitechseals.com\\\/fr\\\/#website\"},\"datePublished\":\"2025-06-25T00:53:23+00:00\",\"dateModified\":\"2025-12-31T00:03:26+00:00\",\"breadcrumb\":{\"@id\":\"https:\\\/\\\/www.hitechseals.com\\\/fr\\\/fabrication\\\/usinage-rapide-de-joints-2\\\/profils-detancheite-rapides\\\/#breadcrumb\"},\"inLanguage\":\"fr-CA\",\"potentialAction\":[{\"@type\":\"ReadAction\",\"target\":[\"https:\\\/\\\/www.hitechseals.com\\\/fr\\\/fabrication\\\/usinage-rapide-de-joints-2\\\/profils-detancheite-rapides\\\/\"]}]},{\"@type\":\"BreadcrumbList\",\"@id\":\"https:\\\/\\\/www.hitechseals.com\\\/fr\\\/fabrication\\\/usinage-rapide-de-joints-2\\\/profils-detancheite-rapides\\\/#breadcrumb\",\"itemListElement\":[{\"@type\":\"ListItem\",\"position\":1,\"name\":\"Home\",\"item\":\"https:\\\/\\\/www.hitechseals.com\\\/fr\\\/accueil\\\/\"},{\"@type\":\"ListItem\",\"position\":2,\"name\":\"Fabrication\",\"item\":\"https:\\\/\\\/www.hitechseals.com\\\/fr\\\/fabrication\\\/\"},{\"@type\":\"ListItem\",\"position\":3,\"name\":\"Usinage Rapid Seal\",\"item\":\"https:\\\/\\\/www.hitechseals.com\\\/fr\\\/fabrication\\\/usinage-rapide-de-joints-2\\\/\"},{\"@type\":\"ListItem\",\"position\":4,\"name\":\"Profils de joints Rapid Seal\"}]},{\"@type\":\"WebSite\",\"@id\":\"https:\\\/\\\/www.hitechseals.com\\\/fr\\\/#website\",\"url\":\"https:\\\/\\\/www.hitechseals.com\\\/fr\\\/\",\"name\":\"Hi-Tech Seals\",\"description\":\"\",\"potentialAction\":[{\"@type\":\"SearchAction\",\"target\":{\"@type\":\"EntryPoint\",\"urlTemplate\":\"https:\\\/\\\/www.hitechseals.com\\\/fr\\\/?s={search_term_string}\"},\"query-input\":{\"@type\":\"PropertyValueSpecification\",\"valueRequired\":true,\"valueName\":\"search_term_string\"}}],\"inLanguage\":\"fr-CA\"}]}<\/script>\n<!-- \/ Yoast SEO plugin. -->","yoast_head_json":{"title":"Profils de joints Rapid Seal - Hi-Tech Seals","robots":{"index":"index","follow":"follow","max-snippet":"max-snippet:-1","max-image-preview":"max-image-preview:large","max-video-preview":"max-video-preview:-1"},"canonical":"https:\/\/www.hitechseals.com\/fr\/fabrication\/usinage-rapide-de-joints-2\/profils-detancheite-rapides\/","og_locale":"fr_CA","og_type":"article","og_title":"Profils de joints Rapid Seal - Hi-Tech Seals","og_description":"[vc_row][vc_column][web3_vc_db_seal_profile sm=\u00a0\u00bb40&Prime; smb=\u00a0\u00bb0&Prime; md=\u00a0\u00bb60&Prime; mdb=\u00a0\u00bb0&Prime; lg=\u00a0\u00bb100&Prime; lgb=\u00a0\u00bb0&Prime;][\/vc_column][\/vc_row][vc_row content_placement=\u00a0\u00bbmiddle\u00a0\u00bb sm=\u00a0\u00bb40&Prime; md=\u00a0\u00bb60&Prime; lg=\u00a0\u00bb100&Prime;][vc_column offset=\u00a0\u00bbvc_col-lg-5&Prime;][web3_vc_content sm=\u00a0\u00bb40&Prime; md=\u00a0\u00bb60&Prime; lg=\u00a0\u00bb100&Prime; title=\u00a0\u00bbObtenir un devis de profil\u00a0\u00bb]Pour obtenir un&hellip;","og_url":"https:\/\/www.hitechseals.com\/fr\/fabrication\/usinage-rapide-de-joints-2\/profils-detancheite-rapides\/","og_site_name":"Hi-Tech Seals","article_modified_time":"2025-12-31T00:03:26+00:00","twitter_card":"summary_large_image","twitter_misc":{"Estimation du temps de lecture":"1 minute"},"schema":{"@context":"https:\/\/schema.org","@graph":[{"@type":"WebPage","@id":"https:\/\/www.hitechseals.com\/fr\/fabrication\/usinage-rapide-de-joints-2\/profils-detancheite-rapides\/","url":"https:\/\/www.hitechseals.com\/fr\/fabrication\/usinage-rapide-de-joints-2\/profils-detancheite-rapides\/","name":"Profils de joints Rapid Seal - Hi-Tech Seals","isPartOf":{"@id":"https:\/\/www.hitechseals.com\/fr\/#website"},"datePublished":"2025-06-25T00:53:23+00:00","dateModified":"2025-12-31T00:03:26+00:00","breadcrumb":{"@id":"https:\/\/www.hitechseals.com\/fr\/fabrication\/usinage-rapide-de-joints-2\/profils-detancheite-rapides\/#breadcrumb"},"inLanguage":"fr-CA","potentialAction":[{"@type":"ReadAction","target":["https:\/\/www.hitechseals.com\/fr\/fabrication\/usinage-rapide-de-joints-2\/profils-detancheite-rapides\/"]}]},{"@type":"BreadcrumbList","@id":"https:\/\/www.hitechseals.com\/fr\/fabrication\/usinage-rapide-de-joints-2\/profils-detancheite-rapides\/#breadcrumb","itemListElement":[{"@type":"ListItem","position":1,"name":"Home","item":"https:\/\/www.hitechseals.com\/fr\/accueil\/"},{"@type":"ListItem","position":2,"name":"Fabrication","item":"https:\/\/www.hitechseals.com\/fr\/fabrication\/"},{"@type":"ListItem","position":3,"name":"Usinage Rapid Seal","item":"https:\/\/www.hitechseals.com\/fr\/fabrication\/usinage-rapide-de-joints-2\/"},{"@type":"ListItem","position":4,"name":"Profils de joints Rapid Seal"}]},{"@type":"WebSite","@id":"https:\/\/www.hitechseals.com\/fr\/#website","url":"https:\/\/www.hitechseals.com\/fr\/","name":"Hi-Tech Seals","description":"","potentialAction":[{"@type":"SearchAction","target":{"@type":"EntryPoint","urlTemplate":"https:\/\/www.hitechseals.com\/fr\/?s={search_term_string}"},"query-input":{"@type":"PropertyValueSpecification","valueRequired":true,"valueName":"search_term_string"}}],"inLanguage":"fr-CA"}]}},"_links":{"self":[{"href":"https:\/\/www.hitechseals.com\/fr\/wp-json\/wp\/v2\/pages\/3744","targetHints":{"allow":["GET"]}}],"collection":[{"href":"https:\/\/www.hitechseals.com\/fr\/wp-json\/wp\/v2\/pages"}],"about":[{"href":"https:\/\/www.hitechseals.com\/fr\/wp-json\/wp\/v2\/types\/page"}],"author":[{"embeddable":true,"href":"https:\/\/www.hitechseals.com\/fr\/wp-json\/wp\/v2\/users\/1"}],"replies":[{"embeddable":true,"href":"https:\/\/www.hitechseals.com\/fr\/wp-json\/wp\/v2\/comments?post=3744"}],"version-history":[{"count":5,"href":"https:\/\/www.hitechseals.com\/fr\/wp-json\/wp\/v2\/pages\/3744\/revisions"}],"predecessor-version":[{"id":5333,"href":"https:\/\/www.hitechseals.com\/fr\/wp-json\/wp\/v2\/pages\/3744\/revisions\/5333"}],"up":[{"embeddable":true,"href":"https:\/\/www.hitechseals.com\/fr\/wp-json\/wp\/v2\/pages\/3824"}],"wp:attachment":[{"href":"https:\/\/www.hitechseals.com\/fr\/wp-json\/wp\/v2\/media?parent=3744"}],"curies":[{"name":"wp","href":"https:\/\/api.w.org\/{rel}","templated":true}]}}