{"id":3747,"date":"2025-06-24T09:48:00","date_gmt":"2025-06-24T15:48:00","guid":{"rendered":"https:\/\/www.hitechseals.com\/programmes-de-creation-de-kits\/"},"modified":"2026-04-09T15:22:33","modified_gmt":"2026-04-09T21:22:33","slug":"trousses-de-joints","status":"publish","type":"page","link":"https:\/\/www.hitechseals.com\/fr\/services\/trousses-de-joints\/","title":{"rendered":"Kits de joints"},"content":{"rendered":"<div class=\"wpb-content-wrapper\">[vc_row sm=\u00a0\u00bb40&Prime; md=\u00a0\u00bb60&Prime; lg=\u00a0\u00bb100&Prime; el_class=\u00a0\u00bbjustify-content-between\u00a0\u00bb][vc_column offset=\u00a0\u00bbvc_col-lg-5&Prime; el_class=\u00a0\u00bbflex-direction-column order-lg-2&Prime;][vc_single_image image=\u00a0\u00bb6330&Prime; img_size=\u00a0\u00bbfull\u00a0\u00bb alignment=\u00a0\u00bbcenter\u00a0\u00bb css=\u00a0\u00bb\u00a0\u00bb el_class=\u00a0\u00bbpb-40 pb-lg-0 order-lg-2&Prime;][web3_vc_btns class=\u00a0\u00bbobj-content order-lg-1 pb-40&Prime; items=\u00a0\u00bb%5B%7B%22icon_name%22%3A%22&#8212;%22%2C%22vc_link%22%3A%22url%3Ahttps%253A%252F%252Fwww.hitechseals.com%252Fwp-content%252Fuploads%252F2025%252F06%252Fkit_creation_brochure_eng.pdf%7Ctitle%3ADownload%2520Kit%2520Creation%2520Program%2520Brochure%2520%25E2%2580%2594%2520English%22%7D%2C%7B%22icon_name%22%3A%22&#8212;%22%2C%22vc_link%22%3A%22url%3Ahttps%253A%252F%252Fwww.hitechseals.com%252Fwp-content%252Fuploads%252F2025%252F06%252Fkit_creation_brochure_fr.pdf%7Ctitle%3ADownload%2520Kit%2520Creation%2520Program%2520Brochure%2520%25E2%2580%2594%2520Fran%25C3%25A7ais%22%7D%5D\u00a0\u00bb][\/web3_vc_btns][\/vc_column][vc_column offset=\u00a0\u00bbvc_col-lg-6&Prime; el_class=\u00a0\u00bborder-lg-1&Prime;][web3_vc_content sm=\u00a0\u00bb\u00a0\u00bb md=\u00a0\u00bb\u00a0\u00bb lg=\u00a0\u00bb\u00a0\u00bb]\r\n<h1><span style=\"font-size: 18pt;\">Kits de joints personnalis\u00e9s<\/span><\/h1>\r\nNous fabriquons des kits de joints personnalis\u00e9s qui regroupent des joints toriques, des joints industriels et des composants connexes en un seul ensemble pr\u00eat \u00e0 installer, r\u00e9duisant ainsi les temps d&rsquo;arr\u00eat et simplifiant l&rsquo;approvisionnement. Disponibles pour les kits de joints de v\u00e9rins hydrauliques, les kits de joints pneumatiques, les kits de joints de vannes, et plus encore, dans diverses industries, notamment le p\u00e9trole et le gaz, l&rsquo;exploitation mini\u00e8re, la construction et la fabrication.\r\n\r\nNotre \u00e9quipe de professionnels des joints travaille avec vous pour identifier, mesurer et regrouper les composants sous un num\u00e9ro de pi\u00e8ce unique pour une commande et un r\u00e9approvisionnement rapides.\r\n\r\nContactez-nous pour en savoir plus sur les kits de joints personnalis\u00e9s pour des applications d&rsquo;\u00e9quipement sp\u00e9cifiques.[\/web3_vc_content][web3_vc_list_icon_texts sm=\u00a0\u00bb40&Prime; smb=\u00a0\u00bb0&Prime; md=\u00a0\u00bb60&Prime; mdb=\u00a0\u00bb0&Prime; lg=\u00a0\u00bb40&Prime; lgb=\u00a0\u00bb0&Prime; title=\u00a0\u00bbPourquoi utiliser des kits de joints personnalis\u00e9s ?\u00a0\u00bb items=\u00a0\u00bb%5B%7B%22icon_name%22%3A%22icon_Check_Circle%22%2C%22title%22%3A%22Simplified%20ordering%20and%20reduced%20lead%20times%22%7D%2C%7B%22icon_name%22%3A%22icon_Check_Circle%22%2C%22title%22%3A%22Fewer%20SKUs%20and%20more%20organized%20inventory%22%7D%2C%7B%22icon_name%22%3A%22icon_Check_Circle%22%2C%22title%22%3A%22Faster%20picking%20and%20application%20assembly%22%7D%2C%7B%22icon_name%22%3A%22icon_Check_Circle%22%2C%22title%22%3A%22Lower%20risk%20of%20missing%20or%20incorrect%20parts%22%7D%2C%7B%22icon_name%22%3A%22icon_Check_Circle%22%2C%22title%22%3A%22Custom-branded%20packaging%22%7D%5D\u00a0\u00bb][\/web3_vc_list_icon_texts][\/vc_column][\/vc_row]<\/div>","protected":false},"excerpt":{"rendered":"<p>[vc_row sm=\u00a0\u00bb40&Prime; md=\u00a0\u00bb60&Prime; lg=\u00a0\u00bb100&Prime; el_class=\u00a0\u00bbjustify-content-between\u00a0\u00bb][vc_column offset=\u00a0\u00bbvc_col-lg-5&Prime; el_class=\u00a0\u00bbflex-direction-column order-lg-2&Prime;][vc_single_image image=\u00a0\u00bb6330&Prime; img_size=\u00a0\u00bbfull\u00a0\u00bb alignment=\u00a0\u00bbcenter\u00a0\u00bb css=\u00a0\u00bb\u00a0\u00bb el_class=\u00a0\u00bbpb-40 pb-lg-0 order-lg-2&Prime;][web3_vc_btns class=\u00a0\u00bbobj-content order-lg-1 pb-40&Prime; items=\u00a0\u00bb%5B%7B%22icon_name%22%3A%22&#8212;%22%2C%22vc_link%22%3A%22url%3Ahttps%253A%252F%252Fwww.hitechseals.com%252Fwp-content%252Fuploads%252F2025%252F06%252Fkit_creation_brochure_eng.pdf%7Ctitle%3ADownload%2520Kit%2520Creation%2520Program%2520Brochure%2520%25E2%2580%2594%2520English%22%7D%2C%7B%22icon_name%22%3A%22&#8212;%22%2C%22vc_link%22%3A%22url%3Ahttps%253A%252F%252Fwww.hitechseals.com%252Fwp-content%252Fuploads%252F2025%252F06%252Fkit_creation_brochure_fr.pdf%7Ctitle%3ADownload%2520Kit%2520Creation%2520Program%2520Brochure%2520%25E2%2580%2594%2520Fran%25C3%25A7ais%22%7D%5D\u00a0\u00bb][\/web3_vc_btns][\/vc_column][vc_column offset=\u00a0\u00bbvc_col-lg-6&Prime; el_class=\u00a0\u00bborder-lg-1&Prime;][web3_vc_content sm=\u00a0\u00bb\u00a0\u00bb&hellip;<\/p>\n","protected":false},"author":1,"featured_media":3751,"parent":3946,"menu_order":0,"comment_status":"closed","ping_status":"closed","template":"","meta":{"_acf_changed":false,"footnotes":""},"class_list":["post-3747","page","type-page","status-publish","has-post-thumbnail","hentry"],"acf":[],"yoast_head":"<!-- This site is optimized with the Yoast SEO plugin v27.5 - https:\/\/yoast.com\/product\/yoast-seo-wordpress\/ -->\n<title>Kits de joints personnalis\u00e9s | Kits de joints hydrauliques et industriels | Hi-Tech Seals<\/title>\n<meta name=\"description\" content=\"Kits de joints personnalis\u00e9s pour v\u00e9rins hydrauliques, syst\u00e8mes pneumatiques et vannes. Joints toriques et joints regroup\u00e9s sous un seul num\u00e9ro de pi\u00e8ce pour une commande rapide.\" \/>\n<meta name=\"robots\" content=\"index, follow, max-snippet:-1, max-image-preview:large, max-video-preview:-1\" \/>\n<link rel=\"canonical\" href=\"https:\/\/www.hitechseals.com\/fr\/services\/trousses-de-joints\/\" \/>\n<meta property=\"og:locale\" content=\"fr_CA\" \/>\n<meta property=\"og:type\" content=\"article\" \/>\n<meta property=\"og:title\" content=\"Kits de joints personnalis\u00e9s | Kits de joints hydrauliques et industriels | Hi-Tech Seals\" \/>\n<meta property=\"og:description\" content=\"Kits de joints personnalis\u00e9s pour v\u00e9rins hydrauliques, syst\u00e8mes pneumatiques et vannes. Joints toriques et joints regroup\u00e9s sous un seul num\u00e9ro de pi\u00e8ce pour une commande rapide.\" \/>\n<meta property=\"og:url\" content=\"https:\/\/www.hitechseals.com\/fr\/services\/trousses-de-joints\/\" \/>\n<meta property=\"og:site_name\" content=\"Hi-Tech Seals\" \/>\n<meta property=\"article:modified_time\" content=\"2026-04-09T21:22:33+00:00\" \/>\n<meta property=\"og:image\" content=\"https:\/\/www.hitechseals.com\/wp-content\/uploads\/2025\/08\/kit_featured_image.jpg\" \/>\n\t<meta property=\"og:image:width\" content=\"493\" \/>\n\t<meta property=\"og:image:height\" content=\"271\" \/>\n\t<meta property=\"og:image:type\" content=\"image\/jpeg\" \/>\n<meta name=\"twitter:card\" content=\"summary_large_image\" \/>\n<meta name=\"twitter:label1\" content=\"Estimation du temps de lecture\" \/>\n\t<meta name=\"twitter:data1\" content=\"1 minute\" \/>\n<script type=\"application\/ld+json\" class=\"yoast-schema-graph\">{\"@context\":\"https:\\\/\\\/schema.org\",\"@graph\":[{\"@type\":\"WebPage\",\"@id\":\"https:\\\/\\\/www.hitechseals.com\\\/fr\\\/services\\\/trousses-de-joints\\\/\",\"url\":\"https:\\\/\\\/www.hitechseals.com\\\/fr\\\/services\\\/trousses-de-joints\\\/\",\"name\":\"Kits de joints personnalis\u00e9s | Kits de joints hydrauliques et industriels | Hi-Tech Seals\",\"isPartOf\":{\"@id\":\"https:\\\/\\\/www.hitechseals.com\\\/fr\\\/#website\"},\"primaryImageOfPage\":{\"@id\":\"https:\\\/\\\/www.hitechseals.com\\\/fr\\\/services\\\/trousses-de-joints\\\/#primaryimage\"},\"image\":{\"@id\":\"https:\\\/\\\/www.hitechseals.com\\\/fr\\\/services\\\/trousses-de-joints\\\/#primaryimage\"},\"thumbnailUrl\":\"https:\\\/\\\/www.hitechseals.com\\\/wp-content\\\/uploads\\\/2025\\\/08\\\/kit_featured_image.jpg\",\"datePublished\":\"2025-06-24T15:48:00+00:00\",\"dateModified\":\"2026-04-09T21:22:33+00:00\",\"description\":\"Kits de joints personnalis\u00e9s pour v\u00e9rins hydrauliques, syst\u00e8mes pneumatiques et vannes. Joints toriques et joints regroup\u00e9s sous un seul num\u00e9ro de pi\u00e8ce pour une commande rapide.\",\"breadcrumb\":{\"@id\":\"https:\\\/\\\/www.hitechseals.com\\\/fr\\\/services\\\/trousses-de-joints\\\/#breadcrumb\"},\"inLanguage\":\"fr-CA\",\"potentialAction\":[{\"@type\":\"ReadAction\",\"target\":[\"https:\\\/\\\/www.hitechseals.com\\\/fr\\\/services\\\/trousses-de-joints\\\/\"]}]},{\"@type\":\"ImageObject\",\"inLanguage\":\"fr-CA\",\"@id\":\"https:\\\/\\\/www.hitechseals.com\\\/fr\\\/services\\\/trousses-de-joints\\\/#primaryimage\",\"url\":\"https:\\\/\\\/www.hitechseals.com\\\/wp-content\\\/uploads\\\/2025\\\/08\\\/kit_featured_image.jpg\",\"contentUrl\":\"https:\\\/\\\/www.hitechseals.com\\\/wp-content\\\/uploads\\\/2025\\\/08\\\/kit_featured_image.jpg\",\"width\":493,\"height\":271},{\"@type\":\"BreadcrumbList\",\"@id\":\"https:\\\/\\\/www.hitechseals.com\\\/fr\\\/services\\\/trousses-de-joints\\\/#breadcrumb\",\"itemListElement\":[{\"@type\":\"ListItem\",\"position\":1,\"name\":\"Home\",\"item\":\"https:\\\/\\\/www.hitechseals.com\\\/fr\\\/accueil\\\/\"},{\"@type\":\"ListItem\",\"position\":2,\"name\":\"Services\",\"item\":\"https:\\\/\\\/www.hitechseals.com\\\/fr\\\/services\\\/\"},{\"@type\":\"ListItem\",\"position\":3,\"name\":\"Kits de joints\"}]},{\"@type\":\"WebSite\",\"@id\":\"https:\\\/\\\/www.hitechseals.com\\\/fr\\\/#website\",\"url\":\"https:\\\/\\\/www.hitechseals.com\\\/fr\\\/\",\"name\":\"Hi-Tech Seals\",\"description\":\"\",\"potentialAction\":[{\"@type\":\"SearchAction\",\"target\":{\"@type\":\"EntryPoint\",\"urlTemplate\":\"https:\\\/\\\/www.hitechseals.com\\\/fr\\\/?s={search_term_string}\"},\"query-input\":{\"@type\":\"PropertyValueSpecification\",\"valueRequired\":true,\"valueName\":\"search_term_string\"}}],\"inLanguage\":\"fr-CA\"}]}<\/script>\n<!-- \/ Yoast SEO plugin. -->","yoast_head_json":{"title":"Kits de joints personnalis\u00e9s | Kits de joints hydrauliques et industriels | Hi-Tech Seals","description":"Kits de joints personnalis\u00e9s pour v\u00e9rins hydrauliques, syst\u00e8mes pneumatiques et vannes. Joints toriques et joints regroup\u00e9s sous un seul num\u00e9ro de pi\u00e8ce pour une commande rapide.","robots":{"index":"index","follow":"follow","max-snippet":"max-snippet:-1","max-image-preview":"max-image-preview:large","max-video-preview":"max-video-preview:-1"},"canonical":"https:\/\/www.hitechseals.com\/fr\/services\/trousses-de-joints\/","og_locale":"fr_CA","og_type":"article","og_title":"Kits de joints personnalis\u00e9s | Kits de joints hydrauliques et industriels | Hi-Tech Seals","og_description":"Kits de joints personnalis\u00e9s pour v\u00e9rins hydrauliques, syst\u00e8mes pneumatiques et vannes. Joints toriques et joints regroup\u00e9s sous un seul num\u00e9ro de pi\u00e8ce pour une commande rapide.","og_url":"https:\/\/www.hitechseals.com\/fr\/services\/trousses-de-joints\/","og_site_name":"Hi-Tech Seals","article_modified_time":"2026-04-09T21:22:33+00:00","og_image":[{"width":493,"height":271,"url":"https:\/\/www.hitechseals.com\/wp-content\/uploads\/2025\/08\/kit_featured_image.jpg","type":"image\/jpeg"}],"twitter_card":"summary_large_image","twitter_misc":{"Estimation du temps de lecture":"1 minute"},"schema":{"@context":"https:\/\/schema.org","@graph":[{"@type":"WebPage","@id":"https:\/\/www.hitechseals.com\/fr\/services\/trousses-de-joints\/","url":"https:\/\/www.hitechseals.com\/fr\/services\/trousses-de-joints\/","name":"Kits de joints personnalis\u00e9s | Kits de joints hydrauliques et industriels | Hi-Tech Seals","isPartOf":{"@id":"https:\/\/www.hitechseals.com\/fr\/#website"},"primaryImageOfPage":{"@id":"https:\/\/www.hitechseals.com\/fr\/services\/trousses-de-joints\/#primaryimage"},"image":{"@id":"https:\/\/www.hitechseals.com\/fr\/services\/trousses-de-joints\/#primaryimage"},"thumbnailUrl":"https:\/\/www.hitechseals.com\/wp-content\/uploads\/2025\/08\/kit_featured_image.jpg","datePublished":"2025-06-24T15:48:00+00:00","dateModified":"2026-04-09T21:22:33+00:00","description":"Kits de joints personnalis\u00e9s pour v\u00e9rins hydrauliques, syst\u00e8mes pneumatiques et vannes. Joints toriques et joints regroup\u00e9s sous un seul num\u00e9ro de pi\u00e8ce pour une commande rapide.","breadcrumb":{"@id":"https:\/\/www.hitechseals.com\/fr\/services\/trousses-de-joints\/#breadcrumb"},"inLanguage":"fr-CA","potentialAction":[{"@type":"ReadAction","target":["https:\/\/www.hitechseals.com\/fr\/services\/trousses-de-joints\/"]}]},{"@type":"ImageObject","inLanguage":"fr-CA","@id":"https:\/\/www.hitechseals.com\/fr\/services\/trousses-de-joints\/#primaryimage","url":"https:\/\/www.hitechseals.com\/wp-content\/uploads\/2025\/08\/kit_featured_image.jpg","contentUrl":"https:\/\/www.hitechseals.com\/wp-content\/uploads\/2025\/08\/kit_featured_image.jpg","width":493,"height":271},{"@type":"BreadcrumbList","@id":"https:\/\/www.hitechseals.com\/fr\/services\/trousses-de-joints\/#breadcrumb","itemListElement":[{"@type":"ListItem","position":1,"name":"Home","item":"https:\/\/www.hitechseals.com\/fr\/accueil\/"},{"@type":"ListItem","position":2,"name":"Services","item":"https:\/\/www.hitechseals.com\/fr\/services\/"},{"@type":"ListItem","position":3,"name":"Kits de joints"}]},{"@type":"WebSite","@id":"https:\/\/www.hitechseals.com\/fr\/#website","url":"https:\/\/www.hitechseals.com\/fr\/","name":"Hi-Tech Seals","description":"","potentialAction":[{"@type":"SearchAction","target":{"@type":"EntryPoint","urlTemplate":"https:\/\/www.hitechseals.com\/fr\/?s={search_term_string}"},"query-input":{"@type":"PropertyValueSpecification","valueRequired":true,"valueName":"search_term_string"}}],"inLanguage":"fr-CA"}]}},"_links":{"self":[{"href":"https:\/\/www.hitechseals.com\/fr\/wp-json\/wp\/v2\/pages\/3747","targetHints":{"allow":["GET"]}}],"collection":[{"href":"https:\/\/www.hitechseals.com\/fr\/wp-json\/wp\/v2\/pages"}],"about":[{"href":"https:\/\/www.hitechseals.com\/fr\/wp-json\/wp\/v2\/types\/page"}],"author":[{"embeddable":true,"href":"https:\/\/www.hitechseals.com\/fr\/wp-json\/wp\/v2\/users\/1"}],"replies":[{"embeddable":true,"href":"https:\/\/www.hitechseals.com\/fr\/wp-json\/wp\/v2\/comments?post=3747"}],"version-history":[{"count":5,"href":"https:\/\/www.hitechseals.com\/fr\/wp-json\/wp\/v2\/pages\/3747\/revisions"}],"predecessor-version":[{"id":6342,"href":"https:\/\/www.hitechseals.com\/fr\/wp-json\/wp\/v2\/pages\/3747\/revisions\/6342"}],"up":[{"embeddable":true,"href":"https:\/\/www.hitechseals.com\/fr\/wp-json\/wp\/v2\/pages\/3946"}],"wp:featuredmedia":[{"embeddable":true,"href":"https:\/\/www.hitechseals.com\/fr\/wp-json\/wp\/v2\/media\/3751"}],"wp:attachment":[{"href":"https:\/\/www.hitechseals.com\/fr\/wp-json\/wp\/v2\/media?parent=3747"}],"curies":[{"name":"wp","href":"https:\/\/api.w.org\/{rel}","templated":true}]}}