{"id":3754,"date":"2025-06-24T09:33:47","date_gmt":"2025-06-24T15:33:47","guid":{"rendered":"https:\/\/www.hitechseals.com\/gravure-laser\/"},"modified":"2025-12-30T16:59:57","modified_gmt":"2025-12-30T23:59:57","slug":"gravure-laser","status":"publish","type":"page","link":"https:\/\/www.hitechseals.com\/fr\/services\/gravure-laser\/","title":{"rendered":"Gravure laser"},"content":{"rendered":"<div class=\"wpb-content-wrapper\">[vc_row sm=\u00a0\u00bb40&Prime; md=\u00a0\u00bb60&Prime; lg=\u00a0\u00bb100&Prime; el_class=\u00a0\u00bbjustify-content-between\u00a0\u00bb][vc_column offset=\u00a0\u00bbvc_col-lg-5&Prime; el_class=\u00a0\u00bbflex-direction-column order-lg-2&Prime;][vc_single_image image=\u00a0\u00bb3756&Prime; img_size=\u00a0\u00bbfull\u00a0\u00bb alignment=\u00a0\u00bbcenter\u00a0\u00bb css=\u00a0\u00bb\u00a0\u00bb el_class=\u00a0\u00bbpb-40 pb-lg-0 order-lg-2&Prime;][web3_vc_btns class=\u00a0\u00bbobj-content order-lg-1 pb-40&Prime; items=\u00a0\u00bb%5B%7B%22icon_name%22%3A%22&#8212;%22%2C%22vc_link%22%3A%22url%3Ahttps%253A%252F%252Fwww.hitechseals.com%252Fwp-content%252Fuploads%252F2025%252F06%252FLaser_Engraving_Flyer_ENG.pdf%7Ctitle%3ADownload%2520Laser%2520Engraving%2520Flyer%2520%25E2%2580%2594%2520English%2520%22%7D%2C%7B%22icon_name%22%3A%22&#8212;%22%2C%22vc_link%22%3A%22url%3Ahttps%253A%252F%252Fwww.hitechseals.com%252Fwp-content%252Fuploads%252F2025%252F06%252FLaser_Engraving_Flyer_FR.pdf%7Ctitle%3ADownload%2520Laser%2520Engraving%2520Flyer%2520%25E2%2580%2594%2520Fran%25C3%25A7ais%22%7D%5D\u00a0\u00bb][\/web3_vc_btns][\/vc_column][vc_column offset=\u00a0\u00bbvc_col-lg-6&Prime; el_class=\u00a0\u00bborder-lg-1&Prime;][web3_vc_content class=\u00a0\u00bbobj-content pb-40 \u00a0\u00bb sm=\u00a0\u00bb\u00a0\u00bb md=\u00a0\u00bb\u00a0\u00bb lg=\u00a0\u00bb\u00a0\u00bb]De plus en plus d&rsquo;entreprises cherchent \u00e0 faire apposer des informations sp\u00e9cifiques ou des marques d&rsquo;identification sur leurs pi\u00e8ces. Ces marques facilitent la tra\u00e7abilit\u00e9, l&rsquo;identification des produits, l&rsquo;image de marque et simplifient le processus de recommande. \r\n\r\nNotre machine de gravure laser permet aux clients de graver le nom de leur entreprise, le num\u00e9ro de pi\u00e8ce, les informations d&rsquo;application, le logo et d&rsquo;autres identifiants importants sur les pi\u00e8ces. Elle est capable de graver la plupart des mat\u00e9riaux plastiques, en caoutchouc et m\u00e9talliques. Le faisceau laser focalis\u00e9 grave des marques sans endommagement et faciles \u00e0 lire sur une surface d&rsquo;aussi petite taille que 3 mm de hauteur.  [\/web3_vc_content][web3_vc_list_icon_texts sm=\u00a0\u00bb\u00a0\u00bb md=\u00a0\u00bb\u00a0\u00bb lg=\u00a0\u00bb\u00a0\u00bb title=\u00a0\u00bbAvantages de la gravure laser\u00a0\u00bb items=\u00a0\u00bb%5B%7B%22icon_name%22%3A%22icon_Check_Circle%22%2C%22title%22%3A%22Improve%20the%20re-ordering%20process%20for%20staff%20and%20customers%20alike%22%7D%2C%7B%22icon_name%22%3A%22icon_Check_Circle%22%2C%22title%22%3A%22Assists%20with%20product%20traceability%22%7D%2C%7B%22icon_name%22%3A%22icon_Check_Circle%22%2C%22title%22%3A%22Capable%20of%20engraving%20on%20flat%20and%20round%20surfaces%20without%20distorting%20the%20text%22%7D%2C%7B%22icon_name%22%3A%22icon_Check_Circle%22%2C%22title%22%3A%22Increases%20brand%20exposure%22%7D%2C%7B%22icon_name%22%3A%22icon_Check_Circle%22%2C%22title%22%3A%22Locks%20in%20proprietary%20part%20ordering%22%7D%5D\u00a0\u00bb][\/web3_vc_list_icon_texts][\/vc_column][\/vc_row]<\/div>","protected":false},"excerpt":{"rendered":"<p>[vc_row sm=\u00a0\u00bb40&Prime; md=\u00a0\u00bb60&Prime; lg=\u00a0\u00bb100&Prime; el_class=\u00a0\u00bbjustify-content-between\u00a0\u00bb][vc_column offset=\u00a0\u00bbvc_col-lg-5&Prime; el_class=\u00a0\u00bbflex-direction-column order-lg-2&Prime;][vc_single_image image=\u00a0\u00bb3756&Prime; img_size=\u00a0\u00bbfull\u00a0\u00bb alignment=\u00a0\u00bbcenter\u00a0\u00bb css=\u00a0\u00bb\u00a0\u00bb el_class=\u00a0\u00bbpb-40 pb-lg-0 order-lg-2&Prime;][web3_vc_btns class=\u00a0\u00bbobj-content order-lg-1 pb-40&Prime; items=\u00a0\u00bb%5B%7B%22icon_name%22%3A%22&#8212;%22%2C%22vc_link%22%3A%22url%3Ahttps%253A%252F%252Fwww.hitechseals.com%252Fwp-content%252Fuploads%252F2025%252F06%252FLaser_Engraving_Flyer_ENG.pdf%7Ctitle%3ADownload%2520Laser%2520Engraving%2520Flyer%2520%25E2%2580%2594%2520English%2520%22%7D%2C%7B%22icon_name%22%3A%22&#8212;%22%2C%22vc_link%22%3A%22url%3Ahttps%253A%252F%252Fwww.hitechseals.com%252Fwp-content%252Fuploads%252F2025%252F06%252FLaser_Engraving_Flyer_FR.pdf%7Ctitle%3ADownload%2520Laser%2520Engraving%2520Flyer%2520%25E2%2580%2594%2520Fran%25C3%25A7ais%22%7D%5D\u00a0\u00bb][\/web3_vc_btns][\/vc_column][vc_column offset=\u00a0\u00bbvc_col-lg-6&Prime; el_class=\u00a0\u00bborder-lg-1&Prime;][web3_vc_content class=\u00a0\u00bbobj-content&hellip;<\/p>\n","protected":false},"author":1,"featured_media":3757,"parent":3946,"menu_order":2,"comment_status":"closed","ping_status":"closed","template":"","meta":{"_acf_changed":false,"footnotes":""},"class_list":["post-3754","page","type-page","status-publish","has-post-thumbnail","hentry"],"acf":[],"yoast_head":"<!-- This site is optimized with the Yoast SEO plugin v27.4 - https:\/\/yoast.com\/product\/yoast-seo-wordpress\/ -->\n<title>Gravure laser - Hi-Tech Seals<\/title>\n<meta name=\"robots\" content=\"index, follow, max-snippet:-1, max-image-preview:large, max-video-preview:-1\" \/>\n<link rel=\"canonical\" href=\"https:\/\/www.hitechseals.com\/fr\/services\/gravure-laser\/\" \/>\n<meta property=\"og:locale\" content=\"fr_CA\" \/>\n<meta property=\"og:type\" content=\"article\" \/>\n<meta property=\"og:title\" content=\"Gravure laser - Hi-Tech Seals\" \/>\n<meta property=\"og:description\" content=\"[vc_row sm=\u00a0\u00bb40&Prime; md=\u00a0\u00bb60&Prime; lg=\u00a0\u00bb100&Prime; el_class=\u00a0\u00bbjustify-content-between\u00a0\u00bb][vc_column offset=\u00a0\u00bbvc_col-lg-5&Prime; el_class=\u00a0\u00bbflex-direction-column order-lg-2&Prime;][vc_single_image image=\u00a0\u00bb3756&Prime; img_size=\u00a0\u00bbfull\u00a0\u00bb alignment=\u00a0\u00bbcenter\u00a0\u00bb css=\u00a0\u00bb\u00a0\u00bb el_class=\u00a0\u00bbpb-40 pb-lg-0 order-lg-2&Prime;][web3_vc_btns class=\u00a0\u00bbobj-content order-lg-1 pb-40&Prime; items=\u00a0\u00bb%5B%7B%22icon_name%22%3A%22&#8212;%22%2C%22vc_link%22%3A%22url%3Ahttps%253A%252F%252Fwww.hitechseals.com%252Fwp-content%252Fuploads%252F2025%252F06%252FLaser_Engraving_Flyer_ENG.pdf%7Ctitle%3ADownload%2520Laser%2520Engraving%2520Flyer%2520%25E2%2580%2594%2520English%2520%22%7D%2C%7B%22icon_name%22%3A%22&#8212;%22%2C%22vc_link%22%3A%22url%3Ahttps%253A%252F%252Fwww.hitechseals.com%252Fwp-content%252Fuploads%252F2025%252F06%252FLaser_Engraving_Flyer_FR.pdf%7Ctitle%3ADownload%2520Laser%2520Engraving%2520Flyer%2520%25E2%2580%2594%2520Fran%25C3%25A7ais%22%7D%5D\u00a0\u00bb][\/web3_vc_btns][\/vc_column][vc_column offset=\u00a0\u00bbvc_col-lg-6&Prime; el_class=\u00a0\u00bborder-lg-1&Prime;][web3_vc_content class=\u00a0\u00bbobj-content&hellip;\" \/>\n<meta property=\"og:url\" content=\"https:\/\/www.hitechseals.com\/fr\/services\/gravure-laser\/\" \/>\n<meta property=\"og:site_name\" content=\"Hi-Tech Seals\" \/>\n<meta property=\"article:modified_time\" content=\"2025-12-30T23:59:57+00:00\" \/>\n<meta property=\"og:image\" content=\"https:\/\/www.hitechseals.com\/wp-content\/uploads\/2025\/08\/laser.jpg\" \/>\n\t<meta property=\"og:image:width\" content=\"493\" \/>\n\t<meta property=\"og:image:height\" content=\"271\" \/>\n\t<meta property=\"og:image:type\" content=\"image\/jpeg\" \/>\n<meta name=\"twitter:card\" content=\"summary_large_image\" \/>\n<meta name=\"twitter:label1\" content=\"Estimation du temps de lecture\" \/>\n\t<meta name=\"twitter:data1\" content=\"2 minutes\" \/>\n<script type=\"application\/ld+json\" class=\"yoast-schema-graph\">{\"@context\":\"https:\\\/\\\/schema.org\",\"@graph\":[{\"@type\":\"WebPage\",\"@id\":\"https:\\\/\\\/www.hitechseals.com\\\/fr\\\/services\\\/gravure-laser\\\/\",\"url\":\"https:\\\/\\\/www.hitechseals.com\\\/fr\\\/services\\\/gravure-laser\\\/\",\"name\":\"Gravure laser - Hi-Tech Seals\",\"isPartOf\":{\"@id\":\"https:\\\/\\\/www.hitechseals.com\\\/fr\\\/#website\"},\"primaryImageOfPage\":{\"@id\":\"https:\\\/\\\/www.hitechseals.com\\\/fr\\\/services\\\/gravure-laser\\\/#primaryimage\"},\"image\":{\"@id\":\"https:\\\/\\\/www.hitechseals.com\\\/fr\\\/services\\\/gravure-laser\\\/#primaryimage\"},\"thumbnailUrl\":\"https:\\\/\\\/www.hitechseals.com\\\/wp-content\\\/uploads\\\/2025\\\/08\\\/laser.jpg\",\"datePublished\":\"2025-06-24T15:33:47+00:00\",\"dateModified\":\"2025-12-30T23:59:57+00:00\",\"breadcrumb\":{\"@id\":\"https:\\\/\\\/www.hitechseals.com\\\/fr\\\/services\\\/gravure-laser\\\/#breadcrumb\"},\"inLanguage\":\"fr-CA\",\"potentialAction\":[{\"@type\":\"ReadAction\",\"target\":[\"https:\\\/\\\/www.hitechseals.com\\\/fr\\\/services\\\/gravure-laser\\\/\"]}]},{\"@type\":\"ImageObject\",\"inLanguage\":\"fr-CA\",\"@id\":\"https:\\\/\\\/www.hitechseals.com\\\/fr\\\/services\\\/gravure-laser\\\/#primaryimage\",\"url\":\"https:\\\/\\\/www.hitechseals.com\\\/wp-content\\\/uploads\\\/2025\\\/08\\\/laser.jpg\",\"contentUrl\":\"https:\\\/\\\/www.hitechseals.com\\\/wp-content\\\/uploads\\\/2025\\\/08\\\/laser.jpg\",\"width\":493,\"height\":271},{\"@type\":\"BreadcrumbList\",\"@id\":\"https:\\\/\\\/www.hitechseals.com\\\/fr\\\/services\\\/gravure-laser\\\/#breadcrumb\",\"itemListElement\":[{\"@type\":\"ListItem\",\"position\":1,\"name\":\"Home\",\"item\":\"https:\\\/\\\/www.hitechseals.com\\\/fr\\\/accueil\\\/\"},{\"@type\":\"ListItem\",\"position\":2,\"name\":\"Services\",\"item\":\"https:\\\/\\\/www.hitechseals.com\\\/fr\\\/services\\\/\"},{\"@type\":\"ListItem\",\"position\":3,\"name\":\"Gravure laser\"}]},{\"@type\":\"WebSite\",\"@id\":\"https:\\\/\\\/www.hitechseals.com\\\/fr\\\/#website\",\"url\":\"https:\\\/\\\/www.hitechseals.com\\\/fr\\\/\",\"name\":\"Hi-Tech Seals\",\"description\":\"\",\"potentialAction\":[{\"@type\":\"SearchAction\",\"target\":{\"@type\":\"EntryPoint\",\"urlTemplate\":\"https:\\\/\\\/www.hitechseals.com\\\/fr\\\/?s={search_term_string}\"},\"query-input\":{\"@type\":\"PropertyValueSpecification\",\"valueRequired\":true,\"valueName\":\"search_term_string\"}}],\"inLanguage\":\"fr-CA\"}]}<\/script>\n<!-- \/ Yoast SEO plugin. -->","yoast_head_json":{"title":"Gravure laser - Hi-Tech Seals","robots":{"index":"index","follow":"follow","max-snippet":"max-snippet:-1","max-image-preview":"max-image-preview:large","max-video-preview":"max-video-preview:-1"},"canonical":"https:\/\/www.hitechseals.com\/fr\/services\/gravure-laser\/","og_locale":"fr_CA","og_type":"article","og_title":"Gravure laser - Hi-Tech Seals","og_description":"[vc_row sm=\u00a0\u00bb40&Prime; md=\u00a0\u00bb60&Prime; lg=\u00a0\u00bb100&Prime; el_class=\u00a0\u00bbjustify-content-between\u00a0\u00bb][vc_column offset=\u00a0\u00bbvc_col-lg-5&Prime; el_class=\u00a0\u00bbflex-direction-column order-lg-2&Prime;][vc_single_image image=\u00a0\u00bb3756&Prime; img_size=\u00a0\u00bbfull\u00a0\u00bb alignment=\u00a0\u00bbcenter\u00a0\u00bb css=\u00a0\u00bb\u00a0\u00bb el_class=\u00a0\u00bbpb-40 pb-lg-0 order-lg-2&Prime;][web3_vc_btns class=\u00a0\u00bbobj-content order-lg-1 pb-40&Prime; items=\u00a0\u00bb%5B%7B%22icon_name%22%3A%22&#8212;%22%2C%22vc_link%22%3A%22url%3Ahttps%253A%252F%252Fwww.hitechseals.com%252Fwp-content%252Fuploads%252F2025%252F06%252FLaser_Engraving_Flyer_ENG.pdf%7Ctitle%3ADownload%2520Laser%2520Engraving%2520Flyer%2520%25E2%2580%2594%2520English%2520%22%7D%2C%7B%22icon_name%22%3A%22&#8212;%22%2C%22vc_link%22%3A%22url%3Ahttps%253A%252F%252Fwww.hitechseals.com%252Fwp-content%252Fuploads%252F2025%252F06%252FLaser_Engraving_Flyer_FR.pdf%7Ctitle%3ADownload%2520Laser%2520Engraving%2520Flyer%2520%25E2%2580%2594%2520Fran%25C3%25A7ais%22%7D%5D\u00a0\u00bb][\/web3_vc_btns][\/vc_column][vc_column offset=\u00a0\u00bbvc_col-lg-6&Prime; el_class=\u00a0\u00bborder-lg-1&Prime;][web3_vc_content class=\u00a0\u00bbobj-content&hellip;","og_url":"https:\/\/www.hitechseals.com\/fr\/services\/gravure-laser\/","og_site_name":"Hi-Tech Seals","article_modified_time":"2025-12-30T23:59:57+00:00","og_image":[{"width":493,"height":271,"url":"https:\/\/www.hitechseals.com\/wp-content\/uploads\/2025\/08\/laser.jpg","type":"image\/jpeg"}],"twitter_card":"summary_large_image","twitter_misc":{"Estimation du temps de lecture":"2 minutes"},"schema":{"@context":"https:\/\/schema.org","@graph":[{"@type":"WebPage","@id":"https:\/\/www.hitechseals.com\/fr\/services\/gravure-laser\/","url":"https:\/\/www.hitechseals.com\/fr\/services\/gravure-laser\/","name":"Gravure laser - Hi-Tech Seals","isPartOf":{"@id":"https:\/\/www.hitechseals.com\/fr\/#website"},"primaryImageOfPage":{"@id":"https:\/\/www.hitechseals.com\/fr\/services\/gravure-laser\/#primaryimage"},"image":{"@id":"https:\/\/www.hitechseals.com\/fr\/services\/gravure-laser\/#primaryimage"},"thumbnailUrl":"https:\/\/www.hitechseals.com\/wp-content\/uploads\/2025\/08\/laser.jpg","datePublished":"2025-06-24T15:33:47+00:00","dateModified":"2025-12-30T23:59:57+00:00","breadcrumb":{"@id":"https:\/\/www.hitechseals.com\/fr\/services\/gravure-laser\/#breadcrumb"},"inLanguage":"fr-CA","potentialAction":[{"@type":"ReadAction","target":["https:\/\/www.hitechseals.com\/fr\/services\/gravure-laser\/"]}]},{"@type":"ImageObject","inLanguage":"fr-CA","@id":"https:\/\/www.hitechseals.com\/fr\/services\/gravure-laser\/#primaryimage","url":"https:\/\/www.hitechseals.com\/wp-content\/uploads\/2025\/08\/laser.jpg","contentUrl":"https:\/\/www.hitechseals.com\/wp-content\/uploads\/2025\/08\/laser.jpg","width":493,"height":271},{"@type":"BreadcrumbList","@id":"https:\/\/www.hitechseals.com\/fr\/services\/gravure-laser\/#breadcrumb","itemListElement":[{"@type":"ListItem","position":1,"name":"Home","item":"https:\/\/www.hitechseals.com\/fr\/accueil\/"},{"@type":"ListItem","position":2,"name":"Services","item":"https:\/\/www.hitechseals.com\/fr\/services\/"},{"@type":"ListItem","position":3,"name":"Gravure laser"}]},{"@type":"WebSite","@id":"https:\/\/www.hitechseals.com\/fr\/#website","url":"https:\/\/www.hitechseals.com\/fr\/","name":"Hi-Tech Seals","description":"","potentialAction":[{"@type":"SearchAction","target":{"@type":"EntryPoint","urlTemplate":"https:\/\/www.hitechseals.com\/fr\/?s={search_term_string}"},"query-input":{"@type":"PropertyValueSpecification","valueRequired":true,"valueName":"search_term_string"}}],"inLanguage":"fr-CA"}]}},"_links":{"self":[{"href":"https:\/\/www.hitechseals.com\/fr\/wp-json\/wp\/v2\/pages\/3754","targetHints":{"allow":["GET"]}}],"collection":[{"href":"https:\/\/www.hitechseals.com\/fr\/wp-json\/wp\/v2\/pages"}],"about":[{"href":"https:\/\/www.hitechseals.com\/fr\/wp-json\/wp\/v2\/types\/page"}],"author":[{"embeddable":true,"href":"https:\/\/www.hitechseals.com\/fr\/wp-json\/wp\/v2\/users\/1"}],"replies":[{"embeddable":true,"href":"https:\/\/www.hitechseals.com\/fr\/wp-json\/wp\/v2\/comments?post=3754"}],"version-history":[{"count":5,"href":"https:\/\/www.hitechseals.com\/fr\/wp-json\/wp\/v2\/pages\/3754\/revisions"}],"predecessor-version":[{"id":5419,"href":"https:\/\/www.hitechseals.com\/fr\/wp-json\/wp\/v2\/pages\/3754\/revisions\/5419"}],"up":[{"embeddable":true,"href":"https:\/\/www.hitechseals.com\/fr\/wp-json\/wp\/v2\/pages\/3946"}],"wp:featuredmedia":[{"embeddable":true,"href":"https:\/\/www.hitechseals.com\/fr\/wp-json\/wp\/v2\/media\/3757"}],"wp:attachment":[{"href":"https:\/\/www.hitechseals.com\/fr\/wp-json\/wp\/v2\/media?parent=3754"}],"curies":[{"name":"wp","href":"https:\/\/api.w.org\/{rel}","templated":true}]}}