{"id":3761,"date":"2025-06-23T15:27:34","date_gmt":"2025-06-23T21:27:34","guid":{"rendered":"https:\/\/www.hitechseals.com\/revetement-ptfe-colore\/"},"modified":"2025-12-30T16:59:51","modified_gmt":"2025-12-30T23:59:51","slug":"revetement-ptfe-colore","status":"publish","type":"page","link":"https:\/\/www.hitechseals.com\/fr\/services\/revetement-ptfe-colore\/","title":{"rendered":"Rev\u00eatement PTFE color\u00e9"},"content":{"rendered":"<div class=\"wpb-content-wrapper\">[vc_row sm=\u00a0\u00bb40&Prime; md=\u00a0\u00bb60&Prime; lg=\u00a0\u00bb100&Prime; lgb=\u00a0\u00bb0&Prime; el_class=\u00a0\u00bbjustify-content-between\u00a0\u00bb][vc_column offset=\u00a0\u00bbvc_col-lg-5&Prime; el_class=\u00a0\u00bborder-lg-2&Prime;][web3_vc_btns class=\u00a0\u00bbobj-content pb-40&Prime; items=\u00a0\u00bb%5B%7B%22icon_name%22%3A%22&#8212;%22%2C%22vc_link%22%3A%22url%3Ahttps%253A%252F%252Fwww.hitechseals.com%252Fwp-content%252Fuploads%252F2025%252F06%252FPTFE-Coating-4.pdf%7Ctitle%3ADownload%2520PTFE%2520Coating%2520Brochure%2520%25E2%2580%2594%2520English%22%7D%5D\u00a0\u00bb][\/web3_vc_btns][\/vc_column][vc_column offset=\u00a0\u00bbvc_col-lg-6&Prime; el_class=\u00a0\u00bborder-lg-1&Prime;][web3_vc_content sm=\u00a0\u00bb\u00a0\u00bb md=\u00a0\u00bb\u00a0\u00bb lg=\u00a0\u00bb\u00a0\u00bb title=\u00a0\u00bbJoints toriques rev\u00eatus de PTFE\u00a0\u00bb]Hi-Tech Joints propose un service de rev\u00eatement en PTFE. Le rev\u00eatement des joints en PTFE color\u00e9 est excellent \u00e0 des fins d&rsquo;identification. Identifiez rapidement et facilement que le joint correct a \u00e9t\u00e9 install\u00e9 dans votre application. Les couleurs peuvent indiquer la diff\u00e9rence entre des tailles et\/ou des mat\u00e9riaux similaires.[\/web3_vc_content][web3_vc_list_icon_texts sm=\u00a0\u00bb40&Prime; smb=\u00a0\u00bb0&Prime; md=\u00a0\u00bb60&Prime; mdb=\u00a0\u00bb0&Prime; lg=\u00a0\u00bb40&Prime; lgb=\u00a0\u00bb0&Prime; title=\u00a0\u00bbAvantages suppl\u00e9mentaires du rev\u00eatement PTFE\u00a0\u00bb items=\u00a0\u00bb%5B%7B%22icon_name%22%3A%22icon_Check_Circle%22%2C%22title%22%3A%22PTFE%20has%20a%20coefficient%20of%20friction%20of%200.06-0.10%2C%20which%20increases%20the%20ease%20of%20installation%20and%20reducing%20wear%22%7D%2C%7B%22icon_name%22%3A%22icon_Check_Circle%22%2C%22title%22%3A%22Reduces%20the%20need%20for%20messy%20O-Ring%20lubricants%20which%20can%20cause%20contamination%22%7D%5D\u00a0\u00bb][\/web3_vc_list_icon_texts][\/vc_column][\/vc_row][vc_row][vc_column][web3_vc_db_profiles output_src=\u00a0\u00bbcustom\u00a0\u00bb sm=\u00a0\u00bb40&Prime; md=\u00a0\u00bb60&Prime; lg=\u00a0\u00bb60&Prime; lgb=\u00a0\u00bb100&Prime; title=\u00a0\u00bbCouleurs disponibles\u00a0\u00bb items=\u00a0\u00bb%5B%7B%22attach_image%22%3A%221030%22%2C%22title%22%3A%22Black%22%2C%22class%22%3A%22col-12%20col-md-6%20col-lg-4%20col-xl-20%20text-center%22%7D%2C%7B%22attach_image%22%3A%221032%22%2C%22title%22%3A%22Clear%22%2C%22class%22%3A%22col-12%20col-md-6%20col-lg-4%20col-xl-20%20text-center%22%7D%2C%7B%22attach_image%22%3A%221035%22%2C%22title%22%3A%22Grey%22%2C%22class%22%3A%22col-12%20col-md-6%20col-lg-4%20col-xl-20%20text-center%22%7D%2C%7B%22attach_image%22%3A%221042%22%2C%22title%22%3A%22Purple%22%2C%22class%22%3A%22col-12%20col-md-6%20col-lg-4%20col-xl-20%20text-center%22%7D%2C%7B%22attach_image%22%3A%221041%22%2C%22title%22%3A%22Pink%22%2C%22class%22%3A%22col-12%20col-md-6%20col-lg-4%20col-xl-20%20text-center%22%7D%2C%7B%22attach_image%22%3A%221033%22%2C%22title%22%3A%22Dark%20Blue%22%2C%22class%22%3A%22col-12%20col-md-6%20col-lg-4%20col-xl-20%20text-center%22%7D%2C%7B%22attach_image%22%3A%221038%22%2C%22title%22%3A%22Medium%20Blue%22%2C%22class%22%3A%22col-12%20col-md-6%20col-lg-4%20col-xl-20%20text-center%22%7D%2C%7B%22attach_image%22%3A%221036%22%2C%22title%22%3A%22Light%20Blue%22%2C%22class%22%3A%22col-12%20col-md-6%20col-lg-4%20col-xl-20%20text-center%22%7D%2C%7B%22attach_image%22%3A%221031%22%2C%22title%22%3A%22Brown%22%2C%22class%22%3A%22col-12%20col-md-6%20col-lg-4%20col-xl-20%20text-center%22%7D%2C%7B%22attach_image%22%3A%221043%22%2C%22title%22%3A%22Red%22%2C%22class%22%3A%22col-12%20col-md-6%20col-lg-4%20col-xl-20%20text-center%22%7D%2C%7B%22attach_image%22%3A%221040%22%2C%22title%22%3A%22Orange%22%2C%22class%22%3A%22col-12%20col-md-6%20col-lg-4%20col-xl-20%20text-center%22%7D%2C%7B%22attach_image%22%3A%221044%22%2C%22title%22%3A%22Yellow%22%2C%22class%22%3A%22col-12%20col-md-6%20col-lg-4%20col-xl-20%20text-center%22%7D%2C%7B%22attach_image%22%3A%221034%22%2C%22title%22%3A%22Dark%20Green%22%2C%22class%22%3A%22col-12%20col-md-6%20col-lg-4%20col-xl-20%20text-center%22%7D%2C%7B%22attach_image%22%3A%221039%22%2C%22title%22%3A%22Medium%20Green%22%2C%22class%22%3A%22col-12%20col-md-6%20col-lg-4%20col-xl-20%20text-center%22%7D%2C%7B%22attach_image%22%3A%221037%22%2C%22title%22%3A%22Light%20Green%22%2C%22class%22%3A%22col-12%20col-md-6%20col-lg-4%20col-xl-20%20text-center%22%7D%5D\u00a0\u00bb][\/web3_vc_db_profiles][\/vc_column][\/vc_row]<\/div>","protected":false},"excerpt":{"rendered":"<p>[vc_row sm=\u00a0\u00bb40&Prime; md=\u00a0\u00bb60&Prime; lg=\u00a0\u00bb100&Prime; lgb=\u00a0\u00bb0&Prime; el_class=\u00a0\u00bbjustify-content-between\u00a0\u00bb][vc_column offset=\u00a0\u00bbvc_col-lg-5&Prime; el_class=\u00a0\u00bborder-lg-2&Prime;][web3_vc_btns class=\u00a0\u00bbobj-content pb-40&Prime; items=\u00a0\u00bb%5B%7B%22icon_name%22%3A%22&#8212;%22%2C%22vc_link%22%3A%22url%3Ahttps%253A%252F%252Fwww.hitechseals.com%252Fwp-content%252Fuploads%252F2025%252F06%252FPTFE-Coating-4.pdf%7Ctitle%3ADownload%2520PTFE%2520Coating%2520Brochure%2520%25E2%2580%2594%2520English%22%7D%5D\u00a0\u00bb][\/web3_vc_btns][\/vc_column][vc_column offset=\u00a0\u00bbvc_col-lg-6&Prime; el_class=\u00a0\u00bborder-lg-1&Prime;][web3_vc_content sm=\u00a0\u00bb\u00a0\u00bb md=\u00a0\u00bb\u00a0\u00bb lg=\u00a0\u00bb\u00a0\u00bb title=\u00a0\u00bbJoints toriques rev\u00eatus de PTFE\u00a0\u00bb]Hi-Tech Joints&hellip;<\/p>\n","protected":false},"author":1,"featured_media":3777,"parent":3946,"menu_order":3,"comment_status":"closed","ping_status":"closed","template":"","meta":{"_acf_changed":false,"footnotes":""},"class_list":["post-3761","page","type-page","status-publish","has-post-thumbnail","hentry"],"acf":[],"yoast_head":"<!-- This site is optimized with the Yoast SEO plugin v27.4 - https:\/\/yoast.com\/product\/yoast-seo-wordpress\/ -->\n<title>Rev\u00eatement PTFE color\u00e9 - Hi-Tech Seals<\/title>\n<meta name=\"robots\" content=\"index, follow, max-snippet:-1, max-image-preview:large, max-video-preview:-1\" \/>\n<link rel=\"canonical\" href=\"https:\/\/www.hitechseals.com\/fr\/services\/revetement-ptfe-colore\/\" \/>\n<meta property=\"og:locale\" content=\"fr_CA\" \/>\n<meta property=\"og:type\" content=\"article\" \/>\n<meta property=\"og:title\" content=\"Rev\u00eatement PTFE color\u00e9 - Hi-Tech Seals\" \/>\n<meta property=\"og:description\" content=\"[vc_row sm=\u00a0\u00bb40&Prime; md=\u00a0\u00bb60&Prime; lg=\u00a0\u00bb100&Prime; lgb=\u00a0\u00bb0&Prime; el_class=\u00a0\u00bbjustify-content-between\u00a0\u00bb][vc_column offset=\u00a0\u00bbvc_col-lg-5&Prime; el_class=\u00a0\u00bborder-lg-2&Prime;][web3_vc_btns class=\u00a0\u00bbobj-content pb-40&Prime; items=\u00a0\u00bb%5B%7B%22icon_name%22%3A%22&#8212;%22%2C%22vc_link%22%3A%22url%3Ahttps%253A%252F%252Fwww.hitechseals.com%252Fwp-content%252Fuploads%252F2025%252F06%252FPTFE-Coating-4.pdf%7Ctitle%3ADownload%2520PTFE%2520Coating%2520Brochure%2520%25E2%2580%2594%2520English%22%7D%5D\u00a0\u00bb][\/web3_vc_btns][\/vc_column][vc_column offset=\u00a0\u00bbvc_col-lg-6&Prime; el_class=\u00a0\u00bborder-lg-1&Prime;][web3_vc_content sm=\u00a0\u00bb\u00a0\u00bb md=\u00a0\u00bb\u00a0\u00bb lg=\u00a0\u00bb\u00a0\u00bb title=\u00a0\u00bbJoints toriques rev\u00eatus de PTFE\u00a0\u00bb]Hi-Tech Joints&hellip;\" \/>\n<meta property=\"og:url\" content=\"https:\/\/www.hitechseals.com\/fr\/services\/revetement-ptfe-colore\/\" \/>\n<meta property=\"og:site_name\" content=\"Hi-Tech Seals\" \/>\n<meta property=\"article:modified_time\" content=\"2025-12-30T23:59:51+00:00\" \/>\n<meta property=\"og:image\" content=\"https:\/\/www.hitechseals.com\/wp-content\/uploads\/2025\/08\/colour_coated_orings.jpg\" \/>\n\t<meta property=\"og:image:width\" content=\"493\" \/>\n\t<meta property=\"og:image:height\" content=\"271\" \/>\n\t<meta property=\"og:image:type\" content=\"image\/jpeg\" \/>\n<meta name=\"twitter:card\" content=\"summary_large_image\" \/>\n<meta name=\"twitter:label1\" content=\"Estimation du temps de lecture\" \/>\n\t<meta name=\"twitter:data1\" content=\"3 minutes\" \/>\n<script type=\"application\/ld+json\" class=\"yoast-schema-graph\">{\"@context\":\"https:\\\/\\\/schema.org\",\"@graph\":[{\"@type\":\"WebPage\",\"@id\":\"https:\\\/\\\/www.hitechseals.com\\\/fr\\\/services\\\/revetement-ptfe-colore\\\/\",\"url\":\"https:\\\/\\\/www.hitechseals.com\\\/fr\\\/services\\\/revetement-ptfe-colore\\\/\",\"name\":\"Rev\u00eatement PTFE color\u00e9 - Hi-Tech Seals\",\"isPartOf\":{\"@id\":\"https:\\\/\\\/www.hitechseals.com\\\/fr\\\/#website\"},\"primaryImageOfPage\":{\"@id\":\"https:\\\/\\\/www.hitechseals.com\\\/fr\\\/services\\\/revetement-ptfe-colore\\\/#primaryimage\"},\"image\":{\"@id\":\"https:\\\/\\\/www.hitechseals.com\\\/fr\\\/services\\\/revetement-ptfe-colore\\\/#primaryimage\"},\"thumbnailUrl\":\"https:\\\/\\\/www.hitechseals.com\\\/wp-content\\\/uploads\\\/2025\\\/08\\\/colour_coated_orings.jpg\",\"datePublished\":\"2025-06-23T21:27:34+00:00\",\"dateModified\":\"2025-12-30T23:59:51+00:00\",\"breadcrumb\":{\"@id\":\"https:\\\/\\\/www.hitechseals.com\\\/fr\\\/services\\\/revetement-ptfe-colore\\\/#breadcrumb\"},\"inLanguage\":\"fr-CA\",\"potentialAction\":[{\"@type\":\"ReadAction\",\"target\":[\"https:\\\/\\\/www.hitechseals.com\\\/fr\\\/services\\\/revetement-ptfe-colore\\\/\"]}]},{\"@type\":\"ImageObject\",\"inLanguage\":\"fr-CA\",\"@id\":\"https:\\\/\\\/www.hitechseals.com\\\/fr\\\/services\\\/revetement-ptfe-colore\\\/#primaryimage\",\"url\":\"https:\\\/\\\/www.hitechseals.com\\\/wp-content\\\/uploads\\\/2025\\\/08\\\/colour_coated_orings.jpg\",\"contentUrl\":\"https:\\\/\\\/www.hitechseals.com\\\/wp-content\\\/uploads\\\/2025\\\/08\\\/colour_coated_orings.jpg\",\"width\":493,\"height\":271},{\"@type\":\"BreadcrumbList\",\"@id\":\"https:\\\/\\\/www.hitechseals.com\\\/fr\\\/services\\\/revetement-ptfe-colore\\\/#breadcrumb\",\"itemListElement\":[{\"@type\":\"ListItem\",\"position\":1,\"name\":\"Home\",\"item\":\"https:\\\/\\\/www.hitechseals.com\\\/fr\\\/accueil\\\/\"},{\"@type\":\"ListItem\",\"position\":2,\"name\":\"Services\",\"item\":\"https:\\\/\\\/www.hitechseals.com\\\/fr\\\/services\\\/\"},{\"@type\":\"ListItem\",\"position\":3,\"name\":\"Rev\u00eatement PTFE color\u00e9\"}]},{\"@type\":\"WebSite\",\"@id\":\"https:\\\/\\\/www.hitechseals.com\\\/fr\\\/#website\",\"url\":\"https:\\\/\\\/www.hitechseals.com\\\/fr\\\/\",\"name\":\"Hi-Tech Seals\",\"description\":\"\",\"potentialAction\":[{\"@type\":\"SearchAction\",\"target\":{\"@type\":\"EntryPoint\",\"urlTemplate\":\"https:\\\/\\\/www.hitechseals.com\\\/fr\\\/?s={search_term_string}\"},\"query-input\":{\"@type\":\"PropertyValueSpecification\",\"valueRequired\":true,\"valueName\":\"search_term_string\"}}],\"inLanguage\":\"fr-CA\"}]}<\/script>\n<!-- \/ Yoast SEO plugin. -->","yoast_head_json":{"title":"Rev\u00eatement PTFE color\u00e9 - Hi-Tech Seals","robots":{"index":"index","follow":"follow","max-snippet":"max-snippet:-1","max-image-preview":"max-image-preview:large","max-video-preview":"max-video-preview:-1"},"canonical":"https:\/\/www.hitechseals.com\/fr\/services\/revetement-ptfe-colore\/","og_locale":"fr_CA","og_type":"article","og_title":"Rev\u00eatement PTFE color\u00e9 - Hi-Tech Seals","og_description":"[vc_row sm=\u00a0\u00bb40&Prime; md=\u00a0\u00bb60&Prime; lg=\u00a0\u00bb100&Prime; lgb=\u00a0\u00bb0&Prime; el_class=\u00a0\u00bbjustify-content-between\u00a0\u00bb][vc_column offset=\u00a0\u00bbvc_col-lg-5&Prime; el_class=\u00a0\u00bborder-lg-2&Prime;][web3_vc_btns class=\u00a0\u00bbobj-content pb-40&Prime; items=\u00a0\u00bb%5B%7B%22icon_name%22%3A%22&#8212;%22%2C%22vc_link%22%3A%22url%3Ahttps%253A%252F%252Fwww.hitechseals.com%252Fwp-content%252Fuploads%252F2025%252F06%252FPTFE-Coating-4.pdf%7Ctitle%3ADownload%2520PTFE%2520Coating%2520Brochure%2520%25E2%2580%2594%2520English%22%7D%5D\u00a0\u00bb][\/web3_vc_btns][\/vc_column][vc_column offset=\u00a0\u00bbvc_col-lg-6&Prime; el_class=\u00a0\u00bborder-lg-1&Prime;][web3_vc_content sm=\u00a0\u00bb\u00a0\u00bb md=\u00a0\u00bb\u00a0\u00bb lg=\u00a0\u00bb\u00a0\u00bb title=\u00a0\u00bbJoints toriques rev\u00eatus de PTFE\u00a0\u00bb]Hi-Tech Joints&hellip;","og_url":"https:\/\/www.hitechseals.com\/fr\/services\/revetement-ptfe-colore\/","og_site_name":"Hi-Tech Seals","article_modified_time":"2025-12-30T23:59:51+00:00","og_image":[{"width":493,"height":271,"url":"https:\/\/www.hitechseals.com\/wp-content\/uploads\/2025\/08\/colour_coated_orings.jpg","type":"image\/jpeg"}],"twitter_card":"summary_large_image","twitter_misc":{"Estimation du temps de lecture":"3 minutes"},"schema":{"@context":"https:\/\/schema.org","@graph":[{"@type":"WebPage","@id":"https:\/\/www.hitechseals.com\/fr\/services\/revetement-ptfe-colore\/","url":"https:\/\/www.hitechseals.com\/fr\/services\/revetement-ptfe-colore\/","name":"Rev\u00eatement PTFE color\u00e9 - Hi-Tech Seals","isPartOf":{"@id":"https:\/\/www.hitechseals.com\/fr\/#website"},"primaryImageOfPage":{"@id":"https:\/\/www.hitechseals.com\/fr\/services\/revetement-ptfe-colore\/#primaryimage"},"image":{"@id":"https:\/\/www.hitechseals.com\/fr\/services\/revetement-ptfe-colore\/#primaryimage"},"thumbnailUrl":"https:\/\/www.hitechseals.com\/wp-content\/uploads\/2025\/08\/colour_coated_orings.jpg","datePublished":"2025-06-23T21:27:34+00:00","dateModified":"2025-12-30T23:59:51+00:00","breadcrumb":{"@id":"https:\/\/www.hitechseals.com\/fr\/services\/revetement-ptfe-colore\/#breadcrumb"},"inLanguage":"fr-CA","potentialAction":[{"@type":"ReadAction","target":["https:\/\/www.hitechseals.com\/fr\/services\/revetement-ptfe-colore\/"]}]},{"@type":"ImageObject","inLanguage":"fr-CA","@id":"https:\/\/www.hitechseals.com\/fr\/services\/revetement-ptfe-colore\/#primaryimage","url":"https:\/\/www.hitechseals.com\/wp-content\/uploads\/2025\/08\/colour_coated_orings.jpg","contentUrl":"https:\/\/www.hitechseals.com\/wp-content\/uploads\/2025\/08\/colour_coated_orings.jpg","width":493,"height":271},{"@type":"BreadcrumbList","@id":"https:\/\/www.hitechseals.com\/fr\/services\/revetement-ptfe-colore\/#breadcrumb","itemListElement":[{"@type":"ListItem","position":1,"name":"Home","item":"https:\/\/www.hitechseals.com\/fr\/accueil\/"},{"@type":"ListItem","position":2,"name":"Services","item":"https:\/\/www.hitechseals.com\/fr\/services\/"},{"@type":"ListItem","position":3,"name":"Rev\u00eatement PTFE color\u00e9"}]},{"@type":"WebSite","@id":"https:\/\/www.hitechseals.com\/fr\/#website","url":"https:\/\/www.hitechseals.com\/fr\/","name":"Hi-Tech Seals","description":"","potentialAction":[{"@type":"SearchAction","target":{"@type":"EntryPoint","urlTemplate":"https:\/\/www.hitechseals.com\/fr\/?s={search_term_string}"},"query-input":{"@type":"PropertyValueSpecification","valueRequired":true,"valueName":"search_term_string"}}],"inLanguage":"fr-CA"}]}},"_links":{"self":[{"href":"https:\/\/www.hitechseals.com\/fr\/wp-json\/wp\/v2\/pages\/3761","targetHints":{"allow":["GET"]}}],"collection":[{"href":"https:\/\/www.hitechseals.com\/fr\/wp-json\/wp\/v2\/pages"}],"about":[{"href":"https:\/\/www.hitechseals.com\/fr\/wp-json\/wp\/v2\/types\/page"}],"author":[{"embeddable":true,"href":"https:\/\/www.hitechseals.com\/fr\/wp-json\/wp\/v2\/users\/1"}],"replies":[{"embeddable":true,"href":"https:\/\/www.hitechseals.com\/fr\/wp-json\/wp\/v2\/comments?post=3761"}],"version-history":[{"count":5,"href":"https:\/\/www.hitechseals.com\/fr\/wp-json\/wp\/v2\/pages\/3761\/revisions"}],"predecessor-version":[{"id":5312,"href":"https:\/\/www.hitechseals.com\/fr\/wp-json\/wp\/v2\/pages\/3761\/revisions\/5312"}],"up":[{"embeddable":true,"href":"https:\/\/www.hitechseals.com\/fr\/wp-json\/wp\/v2\/pages\/3946"}],"wp:featuredmedia":[{"embeddable":true,"href":"https:\/\/www.hitechseals.com\/fr\/wp-json\/wp\/v2\/media\/3777"}],"wp:attachment":[{"href":"https:\/\/www.hitechseals.com\/fr\/wp-json\/wp\/v2\/media?parent=3761"}],"curies":[{"name":"wp","href":"https:\/\/api.w.org\/{rel}","templated":true}]}}