{"id":3784,"date":"2025-06-24T15:19:53","date_gmt":"2025-06-24T21:19:53","guid":{"rendered":"https:\/\/www.hitechseals.com\/fabrication-durethane-coule\/"},"modified":"2026-04-20T13:16:48","modified_gmt":"2026-04-20T19:16:48","slug":"fabrication-durethane-coule","status":"publish","type":"page","link":"https:\/\/www.hitechseals.com\/fr\/fabrication\/fabrication-durethane-coule\/","title":{"rendered":"Fabrication d&rsquo;ur\u00e9thane coul\u00e9"},"content":{"rendered":"<div class=\"wpb-content-wrapper\">[vc_row sm=\u00a0\u00bb40&Prime; md=\u00a0\u00bb60&Prime; mdb=\u00a0\u00bb40&Prime; lg=\u00a0\u00bb100&Prime; lgb=\u00a0\u00bb40&Prime; el_class=\u00a0\u00bbjustify-content-between\u00a0\u00bb][vc_column offset=\u00a0\u00bbvc_col-lg-6&Prime;][vc_single_image image=\u00a0\u00bb3786&Prime; img_size=\u00a0\u00bbfull\u00a0\u00bb css=\u00a0\u00bb\u00a0\u00bb el_class=\u00a0\u00bbpb-40&Prime;][\/vc_column][vc_column offset=\u00a0\u00bbvc_col-lg-5&Prime;][web3_vc_btns class=\u00a0\u00bbobj-content pb-40 pb-lg-0&Prime; items=\u00a0\u00bb%5B%7B%22icon_name%22%3A%22&#8212;%22%2C%22vc_link%22%3A%22url%3Ahttps%253A%252F%252Fwww.hitechseals.com%252Fwp-content%252Fuploads%252F2025%252F05%252FBoKure-Urethane_Brand_ENG.pdf%7Ctitle%3ADownload%2520BoKure%25E2%2584%25A2%2520Urethane%2520Brand%2520Flyer%2520%25E2%2580%2594%2520English%22%7D%2C%7B%22icon_name%22%3A%22&#8212;%22%2C%22vc_link%22%3A%22url%3Ahttps%253A%252F%252Fwww.hitechseals.com%252Fwp-content%252Fuploads%252F2025%252F05%252FBoKure-Urethane_Brand_FR.pdf%7Ctitle%3ADownload%2520BoKure%25E2%2584%25A2%2520Urethane%2520Brand%2520Flyer%2520%25E2%2580%2594%2520Fran%25C3%25A7ais%22%7D%5D\u00a0\u00bb][\/web3_vc_btns][\/vc_column][vc_column offset=\u00a0\u00bbvc_col-lg-6&Prime;][web3_vc_content sm=\u00a0\u00bb\u00a0\u00bb md=\u00a0\u00bb\u00a0\u00bb lg=\u00a0\u00bb\u00a0\u00bb]Les composants en ur\u00e9thane BoKure\u2122 sont produits en interne par notre division d&rsquo;ur\u00e9thane coul\u00e9. Notre \u00e9quipe se sp\u00e9cialise dans la conception, le d\u00e9veloppement et la fabrication de composants en ur\u00e9thane simples et complexes. Ces composants offrent d&rsquo;excellentes caract\u00e9ristiques de performance, contribuant \u00e0 prolonger la dur\u00e9e de vie des produits, \u00e0 augmenter le temps de fonctionnement des \u00e9quipements et \u00e0 r\u00e9duire les co\u00fbts de maintenance.   Le BoKure\u2122 peut \u00eatre coul\u00e9 dans pratiquement n\u2019importe quelle g\u00e9om\u00e9trie et duret\u00e9, avec des tol\u00e9rances pr\u00e9cises qui favorisent une conception, un prototypage et une production rapides.\r\n\r\nLes pi\u00e8ces en ur\u00e9thane BoKure\u2122 constituent une excellente alternative au caoutchouc, au plastique ou au m\u00e9tal, particuli\u00e8rement dans les applications o\u00f9 la r\u00e9sistance aux chocs, la protection contre la corrosion ou les performances d&rsquo;usure sont critiques. L&rsquo;ur\u00e9thane BoKure\u2122 est plus polyvalent et offre une r\u00e9sistance \u00e0 l&rsquo;usure significativement sup\u00e9rieure aux autres composants en caoutchouc et en plastique. \r\n\r\nNous fabriquons des composants standard et personnalis\u00e9s, notamment des joints, des rouleaux, des rev\u00eatements, des coussinets d\u2019impact, des tubes et d\u2019innombrables <a href=\"https:\/\/www.hitechseals.com\/fr\/brand\/bokure-urethane\/\">pi\u00e8ces en ur\u00e9thane BoKure\u2122<\/a>. Si n\u00e9cessaire, notre \u00e9quipe peut \u00e9galement effectuer de la r\u00e9tro-ing\u00e9nierie de composants avec de faibles co\u00fbts d\u2019outillage pour r\u00e9pondre aux exigences d\u2019applications sp\u00e9cifiques. [\/web3_vc_content][web3_vc_list_icon_texts sm=\u00a0\u00bb40&Prime; md=\u00a0\u00bb60&Prime; lg=\u00a0\u00bb40&Prime; items=\u00a0\u00bb%5B%7B%22icon_name%22%3A%22icon_Check_Circle%22%2C%22title%22%3A%22Superior%20abrasion%20and%20impact%20resistance%22%7D%2C%7B%22icon_name%22%3A%22icon_Check_Circle%22%2C%22title%22%3A%22Exceptional%20load%20bearing%20ability%22%7D%2C%7B%22icon_name%22%3A%22icon_Check_Circle%22%2C%22title%22%3A%22Excellent%20cracking%20and%20tear%20resistance%22%7D%2C%7B%22icon_name%22%3A%22icon_Check_Circle%22%2C%22title%22%3A%22Outstanding%20performance%20in%20elevated%20temperatures%22%7D%2C%7B%22icon_name%22%3A%22icon_Check_Circle%22%2C%22title%22%3A%22Remarkable%20low-temperature%20flexibility%22%7D%2C%7B%22icon_name%22%3A%22icon_Check_Circle%22%2C%22title%22%3A%22Outstanding%20resistance%20to%20a%20wide%20range%20of%20chemicals%22%7D%5D\u00a0\u00bb title=\u00a0\u00bbAvantages de l&rsquo;ur\u00e9thane BoKure\u2122\u00a0\u00bb][\/web3_vc_list_icon_texts][\/vc_column][vc_column offset=\u00a0\u00bbvc_col-lg-6&Prime;][vc_single_image image=\u00a0\u00bb3788&Prime; img_size=\u00a0\u00bbfull\u00a0\u00bb alignment=\u00a0\u00bbcenter\u00a0\u00bb css=\u00a0\u00bb\u00a0\u00bb el_class=\u00a0\u00bbpt-40&Prime;][\/vc_column][\/vc_row][vc_row][vc_column][web3_vc_content h=\u00a0\u00bbh4&Prime; sm=\u00a0\u00bb0&Prime; smb=\u00a0\u00bb40&Prime; md=\u00a0\u00bb0&Prime; mdb=\u00a0\u00bb60&Prime; lg=\u00a0\u00bb\u00a0\u00bb title=\u00a0\u00bbCompos\u00e9s d&rsquo;ur\u00e9thane BoKure\u2122\u00a0\u00bb]Les compos\u00e9s d&rsquo;ur\u00e9thane BoKure\u2122 sont formul\u00e9s avec des r\u00e9sines haute performance, des agents de durcissement et des additifs, chacun \u00e9tant con\u00e7u pour offrir des avantages et des capacit\u00e9s distincts. Notre gamme comprend deux types principaux d&rsquo;ur\u00e9thane : poly\u00e9ther et polyester. Nous pouvons vous aider \u00e0 s\u00e9lectionner le compos\u00e9 optimal pour r\u00e9pondre aux exigences d&rsquo;application et aux demandes environnementales.  \r\n<h4>Durom\u00e8tres<\/h4>\r\nLes composants en ur\u00e9thane BoKure\u2122 sont propos\u00e9s dans une large gamme de duret\u00e9s, allant d&rsquo;une texture aussi souple qu&rsquo;une gomme \u00e0 une duret\u00e9 comparable \u00e0 celle d&rsquo;une boule de bowling. Hi-Tech Seals peut maintenir la robustesse et la r\u00e9silience de l&rsquo;ur\u00e9thane tout en fabriquant des composants pour les durom\u00e8tres Shore A et Shore D. Nos capacit\u00e9s internes nous permettent de fabriquer des composants en ur\u00e9thane \u00e0 double duret\u00e9.  \r\n\r\n<img loading=\"lazy\" decoding=\"async\" class=\"alignnone wp-image-1140 size-full\" src=\"https:\/\/www.hitechseals.com\/wp-content\/uploads\/2025\/06\/hitechseals.figure.Manufacturing.14.png\" alt=\"\" width=\"1055\" height=\"64\" srcset=\"https:\/\/www.hitechseals.com\/wp-content\/uploads\/2025\/06\/hitechseals.figure.Manufacturing.14.png 1055w, https:\/\/www.hitechseals.com\/wp-content\/uploads\/2025\/06\/hitechseals.figure.Manufacturing.14-300x18.png 300w, https:\/\/www.hitechseals.com\/wp-content\/uploads\/2025\/06\/hitechseals.figure.Manufacturing.14-1024x62.png 1024w, https:\/\/www.hitechseals.com\/wp-content\/uploads\/2025\/06\/hitechseals.figure.Manufacturing.14-768x47.png 768w, https:\/\/www.hitechseals.com\/wp-content\/uploads\/2025\/06\/hitechseals.figure.Manufacturing.14-848x51.png 848w, https:\/\/www.hitechseals.com\/wp-content\/uploads\/2025\/06\/hitechseals.figure.Manufacturing.14-600x36.png 600w\" sizes=\"auto, (max-width: 1055px) 100vw, 1055px\" \/>[\/web3_vc_content][\/vc_column][\/vc_row][vc_row][vc_column][web3_vc_db_profiles output_src=\u00a0\u00bbcustom\u00a0\u00bb h=\u00a0\u00bbh4&Prime; class=\u00a0\u00bbobj-content compressed-header\u00a0\u00bb sm=\u00a0\u00bb\u00a0\u00bb md=\u00a0\u00bb\u00a0\u00bb lg=\u00a0\u00bb\u00a0\u00bb title=\u00a0\u00bbIncorporation de quincaillerie m\u00e9tallique\u00a0\u00bb items=\u00a0\u00bb%5B%7B%22attach_image%22%3A%221142%22%2C%22title%22%3A%22Metal%20Threads%22%2C%22body%22%3A%22TWV0YWwlMjB0aHJlYWRzJTIwY2FuJTIwYmUlMjBpbmNvcnBvcmF0ZWQlMjBpbnRvJTIweW91ciUyMHVyZXRoYW5lJTIwY29tcG9uZW50LiUyME1ldGFsJTIwdGhyZWFkcyUyMHdpbGwlMjBhbGxvdyUyMHRoZSUyMHVyZXRoYW5lJTIwY29tcG9uZW50JTIwdG8lMjBiZSUyMHNjcmV3ZWQlMjBpbnRvJTIwcGxhY2Uu%22%2C%22class%22%3A%22col-12%20col-md-6%20col-lg-4%20side%22%7D%2C%7B%22attach_image%22%3A%221143%22%2C%22title%22%3A%22Square%20Cut%20Ring%22%2C%22body%22%3A%22Q3JlYXRlJTIwc3BsaXQlMjBwYXJ0cyUyMGJ5JTIwaW5jb3Jwb3JhdGluZyUyMG1ldGFsJTIwc3R1ZHMlMjBpbnRvJTIweW91ciUyMHVyZXRoYW5lJTIwY29tcG9uZW50LiUyMEhpLVRlY2glMjBTZWFscyUyMGNhbiUyMG1hbnVmYWN0dXJlJTIwY29tcG9uZW50cyUyMGluJTIwdHdvJTIwcGllY2VzLiUyME9uJTIwb25lJTIwb2YlMjB0aGUlMjBjb21wb25lbnRzJTIwd2UlMjBjYW4lMjBtb3VsZCUyMGluJTIwYSUyMHN0dWQlMjB0aGF0JTIwd2lsbCUyMGluc2VydCUyMHRocm91Z2glMjB0aGUlMjBvdGhlciUyMGNvbXBvbmVudC4lMjBTcGxpdCUyMHBhcnRzJTIwYWxsb3clMjBmb3IlMjBlYXN5JTIwaW5zdGFsbGF0aW9uJTIwd2l0aG91dCUyMHRoZSUyMHRyb3VibGUlMjBvZiUyMGRpc2Fzc2VtYmxpbmclMjB0aGUlMjBtYWNoaW5lcnku%22%2C%22class%22%3A%22col-12%20col-md-6%20col-lg-4%20side%22%7D%2C%7B%22attach_image%22%3A%221144%22%2C%22title%22%3A%22Quad%20Ring%22%2C%22body%22%3A%22SW5jb3Jwb3JhdGUlMjBhJTIwcmlnaWQlMjBtZXRhbCUyMHN1cHBvcnQlMjBzdHJ1Y3R1cmUlMjB3aXRoaW4lMjB0aGUlMjB1cmV0aGFuZS4lMjBUaGUlMjBtZXRhbCUyMGhhcmR3YXJlJTIwYWxsb3dzJTIwdGhlJTIwdXJldGhhbmUlMjB0byUyMGJlbmVmaXQlMjBmcm9tJTIwdGhlJTIwc3RyZW5ndGglMjBvZiUyMHRoZSUyMG1ldGFsJTIwd2hpbGUlMjBleGhpYml0aW5nJTIwdGhlJTIwcHJvcGVydGllcyUyMG9mJTIwYSUyMHVyZXRoYW5lLg%3D%3D%22%2C%22class%22%3A%22col-12%20col-md-6%20col-lg-4%20side%22%7D%5D\u00a0\u00bb]Hi-Tech Seals peut incorporer des \u00e9l\u00e9ments m\u00e9talliques dans vos composants en ur\u00e9thane.\r\nCette capacit\u00e9 nous permet d&rsquo;offrir trois opportunit\u00e9s cl\u00e9s :[\/web3_vc_db_profiles][\/vc_column][\/vc_row][vc_row content_placement=\u00a0\u00bbmiddle\u00a0\u00bb sm=\u00a0\u00bb40&Prime; md=\u00a0\u00bb60&Prime; lg=\u00a0\u00bb100&Prime;][vc_column offset=\u00a0\u00bbvc_col-md-6&Prime; el_class=\u00a0\u00bborder-md-2&Prime;][vc_single_image image=\u00a0\u00bb3795&Prime; img_size=\u00a0\u00bbfull\u00a0\u00bb alignment=\u00a0\u00bbcenter\u00a0\u00bb css=\u00a0\u00bb\u00a0\u00bb el_class=\u00a0\u00bbpb-40 pb-md-0&Prime;][\/vc_column][vc_column offset=\u00a0\u00bbvc_col-md-6&Prime; el_class=\u00a0\u00bborder-md-1&Prime;][web3_vc_content h=\u00a0\u00bbh4&Prime; sm=\u00a0\u00bb\u00a0\u00bb md=\u00a0\u00bb\u00a0\u00bb lg=\u00a0\u00bb\u00a0\u00bb title=\u00a0\u00bbSurmoulage\u00a0\u00bb]Hi-Tech Seals propose un service de surmoulage comme moyen de recycler les pi\u00e8ces us\u00e9es. Le surmoulage est \u00e9conomique et respectueux de l&rsquo;environnement. Le processus de surmoulage prolonge la dur\u00e9e de vie des composants existants en caoutchouc et en plastique en rempla\u00e7ant la zone us\u00e9e de la pi\u00e8ce par un m\u00e9lange d&rsquo;ur\u00e9thane. Gr\u00e2ce \u00e0 la r\u00e9sistance \u00e0 l&rsquo;usure et \u00e0 la capacit\u00e9 de charge am\u00e9lior\u00e9es de l&rsquo;ur\u00e9thane BoKure\u2122, les composants surmoul\u00e9s peuvent m\u00eame surpasser de nombreux composants OEM.   \r\n\r\nSi un \u00e9chantillon du composant est disponible, Hi-Tech Seals l&rsquo;utilisera pour cr\u00e9er le moule. Si aucun \u00e9chantillon n&rsquo;est disponible, un moule peut \u00eatre form\u00e9 \u00e0 partir d&rsquo;une pi\u00e8ce cr\u00e9\u00e9e sur notre imprimante 3D ou fabriqu\u00e9e par notre machine CNC. Une fois le moule cr\u00e9\u00e9, le composant us\u00e9 est plac\u00e9 dans la position appropri\u00e9e, et le m\u00e9lange d&rsquo;ur\u00e9thane remplit l&rsquo;espace vide dans le moule.  [\/web3_vc_content][\/vc_column][\/vc_row][vc_row content_placement=\u00a0\u00bbmiddle\u00a0\u00bb sm=\u00a0\u00bb0&Prime; smb=\u00a0\u00bb40&Prime; md=\u00a0\u00bb0&Prime; mdb=\u00a0\u00bb60&Prime; lg=\u00a0\u00bb0&Prime; lgb=\u00a0\u00bb100&Prime;][vc_column offset=\u00a0\u00bbvc_col-md-6&Prime;][vc_single_image image=\u00a0\u00bb3796&Prime; img_size=\u00a0\u00bbfull\u00a0\u00bb alignment=\u00a0\u00bbcenter\u00a0\u00bb css=\u00a0\u00bb\u00a0\u00bb el_class=\u00a0\u00bbpb-40 pb-md-0&Prime;][\/vc_column][vc_column offset=\u00a0\u00bbvc_col-md-6&Prime;][web3_vc_content h=\u00a0\u00bbh4&Prime; sm=\u00a0\u00bb\u00a0\u00bb md=\u00a0\u00bb\u00a0\u00bb lg=\u00a0\u00bb\u00a0\u00bb title=\u00a0\u00bbCouleurs personnalis\u00e9es et marques d&rsquo;identification\u00a0\u00bb]Nous pouvons fabriquer des composants en ur\u00e9thane dans des couleurs personnalis\u00e9es et inclure des logos, des num\u00e9ros de pi\u00e8ce et des dimensions pour une reconnaissance de marque am\u00e9lior\u00e9e et une tra\u00e7abilit\u00e9 facile des pi\u00e8ces propri\u00e9taires.[\/web3_vc_content][\/vc_column][\/vc_row]<\/div>","protected":false},"excerpt":{"rendered":"<p>[vc_row sm=\u00a0\u00bb40&Prime; md=\u00a0\u00bb60&Prime; mdb=\u00a0\u00bb40&Prime; lg=\u00a0\u00bb100&Prime; lgb=\u00a0\u00bb40&Prime; el_class=\u00a0\u00bbjustify-content-between\u00a0\u00bb][vc_column offset=\u00a0\u00bbvc_col-lg-6&Prime;][vc_single_image image=\u00a0\u00bb3786&Prime; img_size=\u00a0\u00bbfull\u00a0\u00bb css=\u00a0\u00bb\u00a0\u00bb el_class=\u00a0\u00bbpb-40&Prime;][\/vc_column][vc_column offset=\u00a0\u00bbvc_col-lg-5&Prime;][web3_vc_btns class=\u00a0\u00bbobj-content pb-40 pb-lg-0&Prime; items=\u00a0\u00bb%5B%7B%22icon_name%22%3A%22&#8212;%22%2C%22vc_link%22%3A%22url%3Ahttps%253A%252F%252Fwww.hitechseals.com%252Fwp-content%252Fuploads%252F2025%252F05%252FBoKure-Urethane_Brand_ENG.pdf%7Ctitle%3ADownload%2520BoKure%25E2%2584%25A2%2520Urethane%2520Brand%2520Flyer%2520%25E2%2580%2594%2520English%22%7D%2C%7B%22icon_name%22%3A%22&#8212;%22%2C%22vc_link%22%3A%22url%3Ahttps%253A%252F%252Fwww.hitechseals.com%252Fwp-content%252Fuploads%252F2025%252F05%252FBoKure-Urethane_Brand_FR.pdf%7Ctitle%3ADownload%2520BoKure%25E2%2584%25A2%2520Urethane%2520Brand%2520Flyer%2520%25E2%2580%2594%2520Fran%25C3%25A7ais%22%7D%5D\u00a0\u00bb][\/web3_vc_btns][\/vc_column][vc_column offset=\u00a0\u00bbvc_col-lg-6&Prime;][web3_vc_content sm=\u00a0\u00bb\u00a0\u00bb md=\u00a0\u00bb\u00a0\u00bb lg=\u00a0\u00bb\u00a0\u00bb]Les composants&hellip;<\/p>\n","protected":false},"author":1,"featured_media":3797,"parent":3948,"menu_order":2,"comment_status":"closed","ping_status":"closed","template":"","meta":{"_acf_changed":false,"footnotes":""},"class_list":["post-3784","page","type-page","status-publish","has-post-thumbnail","hentry"],"acf":[],"yoast_head":"<!-- This site is optimized with the Yoast SEO plugin v27.4 - https:\/\/yoast.com\/product\/yoast-seo-wordpress\/ -->\n<title>Fabrication d&#039;ur\u00e9thane coul\u00e9 - Hi-Tech Seals<\/title>\n<meta name=\"robots\" content=\"index, follow, max-snippet:-1, max-image-preview:large, max-video-preview:-1\" \/>\n<link rel=\"canonical\" href=\"https:\/\/www.hitechseals.com\/fr\/fabrication\/fabrication-durethane-coule\/\" \/>\n<meta property=\"og:locale\" content=\"fr_CA\" \/>\n<meta property=\"og:type\" content=\"article\" \/>\n<meta property=\"og:title\" content=\"Fabrication d&#039;ur\u00e9thane coul\u00e9 - Hi-Tech Seals\" \/>\n<meta property=\"og:description\" content=\"[vc_row sm=\u00a0\u00bb40&Prime; md=\u00a0\u00bb60&Prime; mdb=\u00a0\u00bb40&Prime; lg=\u00a0\u00bb100&Prime; lgb=\u00a0\u00bb40&Prime; el_class=\u00a0\u00bbjustify-content-between\u00a0\u00bb][vc_column offset=\u00a0\u00bbvc_col-lg-6&Prime;][vc_single_image image=\u00a0\u00bb3786&Prime; img_size=\u00a0\u00bbfull\u00a0\u00bb css=\u00a0\u00bb\u00a0\u00bb el_class=\u00a0\u00bbpb-40&Prime;][\/vc_column][vc_column offset=\u00a0\u00bbvc_col-lg-5&Prime;][web3_vc_btns class=\u00a0\u00bbobj-content pb-40 pb-lg-0&Prime; items=\u00a0\u00bb%5B%7B%22icon_name%22%3A%22&#8212;%22%2C%22vc_link%22%3A%22url%3Ahttps%253A%252F%252Fwww.hitechseals.com%252Fwp-content%252Fuploads%252F2025%252F05%252FBoKure-Urethane_Brand_ENG.pdf%7Ctitle%3ADownload%2520BoKure%25E2%2584%25A2%2520Urethane%2520Brand%2520Flyer%2520%25E2%2580%2594%2520English%22%7D%2C%7B%22icon_name%22%3A%22&#8212;%22%2C%22vc_link%22%3A%22url%3Ahttps%253A%252F%252Fwww.hitechseals.com%252Fwp-content%252Fuploads%252F2025%252F05%252FBoKure-Urethane_Brand_FR.pdf%7Ctitle%3ADownload%2520BoKure%25E2%2584%25A2%2520Urethane%2520Brand%2520Flyer%2520%25E2%2580%2594%2520Fran%25C3%25A7ais%22%7D%5D\u00a0\u00bb][\/web3_vc_btns][\/vc_column][vc_column offset=\u00a0\u00bbvc_col-lg-6&Prime;][web3_vc_content sm=\u00a0\u00bb\u00a0\u00bb md=\u00a0\u00bb\u00a0\u00bb lg=\u00a0\u00bb\u00a0\u00bb]Les composants&hellip;\" \/>\n<meta property=\"og:url\" content=\"https:\/\/www.hitechseals.com\/fr\/fabrication\/fabrication-durethane-coule\/\" \/>\n<meta property=\"og:site_name\" content=\"Hi-Tech Seals\" \/>\n<meta property=\"article:modified_time\" content=\"2026-04-20T19:16:48+00:00\" \/>\n<meta property=\"og:image\" content=\"https:\/\/www.hitechseals.com\/wp-content\/uploads\/2025\/08\/Untitled-1.jpg\" \/>\n\t<meta property=\"og:image:width\" content=\"493\" \/>\n\t<meta property=\"og:image:height\" content=\"271\" \/>\n\t<meta property=\"og:image:type\" content=\"image\/jpeg\" \/>\n<meta name=\"twitter:card\" content=\"summary_large_image\" \/>\n<meta name=\"twitter:label1\" content=\"Estimation du temps de lecture\" \/>\n\t<meta name=\"twitter:data1\" content=\"6 minutes\" \/>\n<script type=\"application\/ld+json\" class=\"yoast-schema-graph\">{\"@context\":\"https:\\\/\\\/schema.org\",\"@graph\":[{\"@type\":\"WebPage\",\"@id\":\"https:\\\/\\\/www.hitechseals.com\\\/fr\\\/fabrication\\\/fabrication-durethane-coule\\\/\",\"url\":\"https:\\\/\\\/www.hitechseals.com\\\/fr\\\/fabrication\\\/fabrication-durethane-coule\\\/\",\"name\":\"Fabrication d'ur\u00e9thane coul\u00e9 - Hi-Tech Seals\",\"isPartOf\":{\"@id\":\"https:\\\/\\\/www.hitechseals.com\\\/fr\\\/#website\"},\"primaryImageOfPage\":{\"@id\":\"https:\\\/\\\/www.hitechseals.com\\\/fr\\\/fabrication\\\/fabrication-durethane-coule\\\/#primaryimage\"},\"image\":{\"@id\":\"https:\\\/\\\/www.hitechseals.com\\\/fr\\\/fabrication\\\/fabrication-durethane-coule\\\/#primaryimage\"},\"thumbnailUrl\":\"https:\\\/\\\/www.hitechseals.com\\\/wp-content\\\/uploads\\\/2025\\\/08\\\/Untitled-1.jpg\",\"datePublished\":\"2025-06-24T21:19:53+00:00\",\"dateModified\":\"2026-04-20T19:16:48+00:00\",\"breadcrumb\":{\"@id\":\"https:\\\/\\\/www.hitechseals.com\\\/fr\\\/fabrication\\\/fabrication-durethane-coule\\\/#breadcrumb\"},\"inLanguage\":\"fr-CA\",\"potentialAction\":[{\"@type\":\"ReadAction\",\"target\":[\"https:\\\/\\\/www.hitechseals.com\\\/fr\\\/fabrication\\\/fabrication-durethane-coule\\\/\"]}]},{\"@type\":\"ImageObject\",\"inLanguage\":\"fr-CA\",\"@id\":\"https:\\\/\\\/www.hitechseals.com\\\/fr\\\/fabrication\\\/fabrication-durethane-coule\\\/#primaryimage\",\"url\":\"https:\\\/\\\/www.hitechseals.com\\\/wp-content\\\/uploads\\\/2025\\\/08\\\/Untitled-1.jpg\",\"contentUrl\":\"https:\\\/\\\/www.hitechseals.com\\\/wp-content\\\/uploads\\\/2025\\\/08\\\/Untitled-1.jpg\",\"width\":493,\"height\":271},{\"@type\":\"BreadcrumbList\",\"@id\":\"https:\\\/\\\/www.hitechseals.com\\\/fr\\\/fabrication\\\/fabrication-durethane-coule\\\/#breadcrumb\",\"itemListElement\":[{\"@type\":\"ListItem\",\"position\":1,\"name\":\"Home\",\"item\":\"https:\\\/\\\/www.hitechseals.com\\\/fr\\\/accueil\\\/\"},{\"@type\":\"ListItem\",\"position\":2,\"name\":\"Fabrication\",\"item\":\"https:\\\/\\\/www.hitechseals.com\\\/fr\\\/fabrication\\\/\"},{\"@type\":\"ListItem\",\"position\":3,\"name\":\"Fabrication d&#8217;ur\u00e9thane coul\u00e9\"}]},{\"@type\":\"WebSite\",\"@id\":\"https:\\\/\\\/www.hitechseals.com\\\/fr\\\/#website\",\"url\":\"https:\\\/\\\/www.hitechseals.com\\\/fr\\\/\",\"name\":\"Hi-Tech Seals\",\"description\":\"\",\"potentialAction\":[{\"@type\":\"SearchAction\",\"target\":{\"@type\":\"EntryPoint\",\"urlTemplate\":\"https:\\\/\\\/www.hitechseals.com\\\/fr\\\/?s={search_term_string}\"},\"query-input\":{\"@type\":\"PropertyValueSpecification\",\"valueRequired\":true,\"valueName\":\"search_term_string\"}}],\"inLanguage\":\"fr-CA\"}]}<\/script>\n<!-- \/ Yoast SEO plugin. -->","yoast_head_json":{"title":"Fabrication d'ur\u00e9thane coul\u00e9 - Hi-Tech Seals","robots":{"index":"index","follow":"follow","max-snippet":"max-snippet:-1","max-image-preview":"max-image-preview:large","max-video-preview":"max-video-preview:-1"},"canonical":"https:\/\/www.hitechseals.com\/fr\/fabrication\/fabrication-durethane-coule\/","og_locale":"fr_CA","og_type":"article","og_title":"Fabrication d'ur\u00e9thane coul\u00e9 - Hi-Tech Seals","og_description":"[vc_row sm=\u00a0\u00bb40&Prime; md=\u00a0\u00bb60&Prime; mdb=\u00a0\u00bb40&Prime; lg=\u00a0\u00bb100&Prime; lgb=\u00a0\u00bb40&Prime; el_class=\u00a0\u00bbjustify-content-between\u00a0\u00bb][vc_column offset=\u00a0\u00bbvc_col-lg-6&Prime;][vc_single_image image=\u00a0\u00bb3786&Prime; img_size=\u00a0\u00bbfull\u00a0\u00bb css=\u00a0\u00bb\u00a0\u00bb el_class=\u00a0\u00bbpb-40&Prime;][\/vc_column][vc_column offset=\u00a0\u00bbvc_col-lg-5&Prime;][web3_vc_btns class=\u00a0\u00bbobj-content pb-40 pb-lg-0&Prime; items=\u00a0\u00bb%5B%7B%22icon_name%22%3A%22&#8212;%22%2C%22vc_link%22%3A%22url%3Ahttps%253A%252F%252Fwww.hitechseals.com%252Fwp-content%252Fuploads%252F2025%252F05%252FBoKure-Urethane_Brand_ENG.pdf%7Ctitle%3ADownload%2520BoKure%25E2%2584%25A2%2520Urethane%2520Brand%2520Flyer%2520%25E2%2580%2594%2520English%22%7D%2C%7B%22icon_name%22%3A%22&#8212;%22%2C%22vc_link%22%3A%22url%3Ahttps%253A%252F%252Fwww.hitechseals.com%252Fwp-content%252Fuploads%252F2025%252F05%252FBoKure-Urethane_Brand_FR.pdf%7Ctitle%3ADownload%2520BoKure%25E2%2584%25A2%2520Urethane%2520Brand%2520Flyer%2520%25E2%2580%2594%2520Fran%25C3%25A7ais%22%7D%5D\u00a0\u00bb][\/web3_vc_btns][\/vc_column][vc_column offset=\u00a0\u00bbvc_col-lg-6&Prime;][web3_vc_content sm=\u00a0\u00bb\u00a0\u00bb md=\u00a0\u00bb\u00a0\u00bb lg=\u00a0\u00bb\u00a0\u00bb]Les composants&hellip;","og_url":"https:\/\/www.hitechseals.com\/fr\/fabrication\/fabrication-durethane-coule\/","og_site_name":"Hi-Tech Seals","article_modified_time":"2026-04-20T19:16:48+00:00","og_image":[{"width":493,"height":271,"url":"https:\/\/www.hitechseals.com\/wp-content\/uploads\/2025\/08\/Untitled-1.jpg","type":"image\/jpeg"}],"twitter_card":"summary_large_image","twitter_misc":{"Estimation du temps de lecture":"6 minutes"},"schema":{"@context":"https:\/\/schema.org","@graph":[{"@type":"WebPage","@id":"https:\/\/www.hitechseals.com\/fr\/fabrication\/fabrication-durethane-coule\/","url":"https:\/\/www.hitechseals.com\/fr\/fabrication\/fabrication-durethane-coule\/","name":"Fabrication d'ur\u00e9thane coul\u00e9 - Hi-Tech Seals","isPartOf":{"@id":"https:\/\/www.hitechseals.com\/fr\/#website"},"primaryImageOfPage":{"@id":"https:\/\/www.hitechseals.com\/fr\/fabrication\/fabrication-durethane-coule\/#primaryimage"},"image":{"@id":"https:\/\/www.hitechseals.com\/fr\/fabrication\/fabrication-durethane-coule\/#primaryimage"},"thumbnailUrl":"https:\/\/www.hitechseals.com\/wp-content\/uploads\/2025\/08\/Untitled-1.jpg","datePublished":"2025-06-24T21:19:53+00:00","dateModified":"2026-04-20T19:16:48+00:00","breadcrumb":{"@id":"https:\/\/www.hitechseals.com\/fr\/fabrication\/fabrication-durethane-coule\/#breadcrumb"},"inLanguage":"fr-CA","potentialAction":[{"@type":"ReadAction","target":["https:\/\/www.hitechseals.com\/fr\/fabrication\/fabrication-durethane-coule\/"]}]},{"@type":"ImageObject","inLanguage":"fr-CA","@id":"https:\/\/www.hitechseals.com\/fr\/fabrication\/fabrication-durethane-coule\/#primaryimage","url":"https:\/\/www.hitechseals.com\/wp-content\/uploads\/2025\/08\/Untitled-1.jpg","contentUrl":"https:\/\/www.hitechseals.com\/wp-content\/uploads\/2025\/08\/Untitled-1.jpg","width":493,"height":271},{"@type":"BreadcrumbList","@id":"https:\/\/www.hitechseals.com\/fr\/fabrication\/fabrication-durethane-coule\/#breadcrumb","itemListElement":[{"@type":"ListItem","position":1,"name":"Home","item":"https:\/\/www.hitechseals.com\/fr\/accueil\/"},{"@type":"ListItem","position":2,"name":"Fabrication","item":"https:\/\/www.hitechseals.com\/fr\/fabrication\/"},{"@type":"ListItem","position":3,"name":"Fabrication d&#8217;ur\u00e9thane coul\u00e9"}]},{"@type":"WebSite","@id":"https:\/\/www.hitechseals.com\/fr\/#website","url":"https:\/\/www.hitechseals.com\/fr\/","name":"Hi-Tech Seals","description":"","potentialAction":[{"@type":"SearchAction","target":{"@type":"EntryPoint","urlTemplate":"https:\/\/www.hitechseals.com\/fr\/?s={search_term_string}"},"query-input":{"@type":"PropertyValueSpecification","valueRequired":true,"valueName":"search_term_string"}}],"inLanguage":"fr-CA"}]}},"_links":{"self":[{"href":"https:\/\/www.hitechseals.com\/fr\/wp-json\/wp\/v2\/pages\/3784","targetHints":{"allow":["GET"]}}],"collection":[{"href":"https:\/\/www.hitechseals.com\/fr\/wp-json\/wp\/v2\/pages"}],"about":[{"href":"https:\/\/www.hitechseals.com\/fr\/wp-json\/wp\/v2\/types\/page"}],"author":[{"embeddable":true,"href":"https:\/\/www.hitechseals.com\/fr\/wp-json\/wp\/v2\/users\/1"}],"replies":[{"embeddable":true,"href":"https:\/\/www.hitechseals.com\/fr\/wp-json\/wp\/v2\/comments?post=3784"}],"version-history":[{"count":5,"href":"https:\/\/www.hitechseals.com\/fr\/wp-json\/wp\/v2\/pages\/3784\/revisions"}],"predecessor-version":[{"id":6481,"href":"https:\/\/www.hitechseals.com\/fr\/wp-json\/wp\/v2\/pages\/3784\/revisions\/6481"}],"up":[{"embeddable":true,"href":"https:\/\/www.hitechseals.com\/fr\/wp-json\/wp\/v2\/pages\/3948"}],"wp:featuredmedia":[{"embeddable":true,"href":"https:\/\/www.hitechseals.com\/fr\/wp-json\/wp\/v2\/media\/3797"}],"wp:attachment":[{"href":"https:\/\/www.hitechseals.com\/fr\/wp-json\/wp\/v2\/media?parent=3784"}],"curies":[{"name":"wp","href":"https:\/\/api.w.org\/{rel}","templated":true}]}}