{"id":3785,"date":"2025-06-23T14:57:21","date_gmt":"2025-06-23T20:57:21","guid":{"rendered":"https:\/\/www.hitechseals.com\/produits-moules-sur-mesure\/"},"modified":"2026-04-08T13:16:06","modified_gmt":"2026-04-08T19:16:06","slug":"produits-moules-sur-mesure","status":"publish","type":"page","link":"https:\/\/www.hitechseals.com\/fr\/fabrication\/produits-moules-sur-mesure\/","title":{"rendered":"Produits moul\u00e9s sur mesure"},"content":{"rendered":"<div class=\"wpb-content-wrapper\">[vc_row content_placement=\u00a0\u00bbmiddle\u00a0\u00bb el_class=\u00a0\u00bbpb-40 pb-md-20 pb-lg-60&Prime;][vc_column el_class=\u00a0\u00bbcol-xxxl-6&Prime;][web3_vc_content class=\u00a0\u00bbobj-content pb-xxxl-0&Prime; sm=\u00a0\u00bb40&Prime; md=\u00a0\u00bb60&Prime; lg=\u00a0\u00bb100&Prime;]Nous collaborons avec nos clients de la conception \u00e0 la production de composants moul\u00e9s sup\u00e9rieurs depuis plus de 34 ans. Gr\u00e2ce \u00e0 notre exp\u00e9rience et \u00e0 notre vaste gamme de capacit\u00e9s, nous pouvons fournir des pi\u00e8ces haute performance pour les applications uniques de nos clients. Nous sommes en mesure de lier nos mat\u00e9riaux en caoutchouc au m\u00e9tal et au PTFE.\r\n<h4>Pi\u00e8ces li\u00e9es caoutchouc-m\u00e9tal<\/h4>\r\nNous proposons des solutions de liaison \u00e9lastom\u00e8re-m\u00e9tal qui r\u00e9pondent et d\u00e9passent les exigences de nos clients. Nos professionnels exp\u00e9riment\u00e9s vous assistent dans la conception et la s\u00e9lection des mat\u00e9riaux pour vos composants. Notre objectif final est de fournir une solution qui prolonge le temps de fonctionnement du produit et r\u00e9duit les co\u00fbts de maintenance.\r\n<h4>Produits li\u00e9s caoutchouc-PTFE<\/h4>\r\nLe PTFE est reconnu comme un mat\u00e9riau antiadh\u00e9sif, avec une excellente r\u00e9sistance chimique et de faibles capacit\u00e9s de friction. Cela rend difficile sa liaison avec d&rsquo;autres \u00e9lastom\u00e8res et mat\u00e9riaux. Nous avons relev\u00e9 le d\u00e9fi et mis en \u0153uvre une m\u00e9thode \u00e9prouv\u00e9e qui cr\u00e9e une liaison durable et de longue dur\u00e9e entre les mat\u00e9riaux. Nous pouvons lier une gamme d&rsquo;\u00e9lastom\u00e8res incluant le nitrile, le nitrile hydrog\u00e9n\u00e9, l&rsquo;EPDM, le fluorocarbone et le silicone, au PTFE vierge et renforc\u00e9.\r\n\r\nLes autres capacit\u00e9s de moulage de caoutchouc que nous proposons incluent le renforcement des mat\u00e9riaux en caoutchouc avec du tissu et l&rsquo;incorporation d&rsquo;inserts m\u00e9talliques dans les composants.[\/web3_vc_content][\/vc_column][vc_column el_class=\u00a0\u00bbcol-xxxl-6&Prime;][vc_single_image image=\u00a0\u00bb3787&Prime; img_size=\u00a0\u00bbfull\u00a0\u00bb alignment=\u00a0\u00bbcenter\u00a0\u00bb css=\u00a0\u00bb\u00a0\u00bb][\/vc_column][\/vc_row][vc_row][vc_column][web3_vc_db_profiles output_src=\u00a0\u00bbcustom\u00a0\u00bb class=\u00a0\u00bbobj-content py-40 py-md-60 pt-lg-0 pb-lg-100&Prime; sm=\u00a0\u00bb\u00a0\u00bb md=\u00a0\u00bb\u00a0\u00bb lg=\u00a0\u00bb\u00a0\u00bb items=\u00a0\u00bb%5B%7B%22body%22%3A%22Tml0cmlsZSUwQUh5ZHJvZ2VuYXRlZCUyME5pdHJpbGUlMjAlMjhITkJSJTJDJTIwSFNOJTI5JTBBVml0b24lRTIlODQlQTIlMkZGbHVvcm9jYXJib24lMEFFdGh5bGVuZSUyMFByb3B5bGVuZSUyMCUyOEVQRE0lMjklMEFBZmxhcyVDMiVBRSUyMEZFUE0lMEFTaWxpY29uZSUwQVBlcmZsdW9yb2VsYXN0b21lciUwQUZsdW9yb3NpbGljb25l%22%2C%22class%22%3A%22col-12%20col-md-auto%22%7D%5D\u00a0\u00bb title=\u00a0\u00bbMat\u00e9riaux\u00a0\u00bb]Nous proposons une vaste s\u00e9lection de mat\u00e9riaux en caoutchouc haute performance qui r\u00e9pondent aux exigences d&rsquo;application des clients. Les mat\u00e9riaux de moulage de caoutchouc courants incluent :[\/web3_vc_db_profiles][\/vc_column][\/vc_row]<\/div>","protected":false},"excerpt":{"rendered":"<p>[vc_row content_placement=\u00a0\u00bbmiddle\u00a0\u00bb el_class=\u00a0\u00bbpb-40 pb-md-20 pb-lg-60&Prime;][vc_column el_class=\u00a0\u00bbcol-xxxl-6&Prime;][web3_vc_content class=\u00a0\u00bbobj-content pb-xxxl-0&Prime; sm=\u00a0\u00bb40&Prime; md=\u00a0\u00bb60&Prime; lg=\u00a0\u00bb100&Prime;]Nous collaborons avec nos clients de la conception \u00e0 la production de&hellip;<\/p>\n","protected":false},"author":1,"featured_media":5016,"parent":3948,"menu_order":4,"comment_status":"closed","ping_status":"closed","template":"","meta":{"_acf_changed":false,"footnotes":""},"class_list":["post-3785","page","type-page","status-publish","has-post-thumbnail","hentry"],"acf":[],"yoast_head":"<!-- This site is optimized with the Yoast SEO plugin v27.4 - https:\/\/yoast.com\/product\/yoast-seo-wordpress\/ -->\n<title>Pi\u00e8ces en caoutchouc moul\u00e9es sur mesure | Hi-Tech Joints Canada &amp; USA<\/title>\n<meta name=\"description\" content=\"Pi\u00e8ces en caoutchouc moul\u00e9es sur mesure pour les applications p\u00e9troli\u00e8res et gazi\u00e8res, industrielles et OEM. Joints BOP, soufflets de moteur de boue, diaphragmes et plus encore. Contactez Hi-Tech Seals.\" \/>\n<meta name=\"robots\" content=\"index, follow, max-snippet:-1, max-image-preview:large, max-video-preview:-1\" \/>\n<link rel=\"canonical\" href=\"https:\/\/www.hitechseals.com\/fr\/fabrication\/produits-moules-sur-mesure\/\" \/>\n<meta property=\"og:locale\" content=\"fr_CA\" \/>\n<meta property=\"og:type\" content=\"article\" \/>\n<meta property=\"og:title\" content=\"Pi\u00e8ces en caoutchouc moul\u00e9es sur mesure | Hi-Tech Joints Canada &amp; USA\" \/>\n<meta property=\"og:description\" content=\"Pi\u00e8ces en caoutchouc moul\u00e9es sur mesure pour les applications p\u00e9troli\u00e8res et gazi\u00e8res, industrielles et OEM. Joints BOP, soufflets de moteur de boue, diaphragmes et plus encore. Contactez Hi-Tech Seals.\" \/>\n<meta property=\"og:url\" content=\"https:\/\/www.hitechseals.com\/fr\/fabrication\/produits-moules-sur-mesure\/\" \/>\n<meta property=\"og:site_name\" content=\"Hi-Tech Seals\" \/>\n<meta property=\"article:modified_time\" content=\"2026-04-08T19:16:06+00:00\" \/>\n<meta property=\"og:image\" content=\"https:\/\/www.hitechseals.com\/wp-content\/uploads\/2025\/09\/Custom-moulded-e1760473128330.jpg\" \/>\n\t<meta property=\"og:image:width\" content=\"1400\" \/>\n\t<meta property=\"og:image:height\" content=\"350\" \/>\n\t<meta property=\"og:image:type\" content=\"image\/jpeg\" \/>\n<meta name=\"twitter:card\" content=\"summary_large_image\" \/>\n<meta name=\"twitter:label1\" content=\"Estimation du temps de lecture\" \/>\n\t<meta name=\"twitter:data1\" content=\"2 minutes\" \/>\n<script type=\"application\/ld+json\" class=\"yoast-schema-graph\">{\"@context\":\"https:\\\/\\\/schema.org\",\"@graph\":[{\"@type\":\"WebPage\",\"@id\":\"https:\\\/\\\/www.hitechseals.com\\\/fr\\\/fabrication\\\/produits-moules-sur-mesure\\\/\",\"url\":\"https:\\\/\\\/www.hitechseals.com\\\/fr\\\/fabrication\\\/produits-moules-sur-mesure\\\/\",\"name\":\"Pi\u00e8ces en caoutchouc moul\u00e9es sur mesure | Hi-Tech Joints Canada & USA\",\"isPartOf\":{\"@id\":\"https:\\\/\\\/www.hitechseals.com\\\/fr\\\/#website\"},\"primaryImageOfPage\":{\"@id\":\"https:\\\/\\\/www.hitechseals.com\\\/fr\\\/fabrication\\\/produits-moules-sur-mesure\\\/#primaryimage\"},\"image\":{\"@id\":\"https:\\\/\\\/www.hitechseals.com\\\/fr\\\/fabrication\\\/produits-moules-sur-mesure\\\/#primaryimage\"},\"thumbnailUrl\":\"https:\\\/\\\/www.hitechseals.com\\\/wp-content\\\/uploads\\\/2025\\\/09\\\/Custom-moulded-e1760473128330.jpg\",\"datePublished\":\"2025-06-23T20:57:21+00:00\",\"dateModified\":\"2026-04-08T19:16:06+00:00\",\"description\":\"Pi\u00e8ces en caoutchouc moul\u00e9es sur mesure pour les applications p\u00e9troli\u00e8res et gazi\u00e8res, industrielles et OEM. Joints BOP, soufflets de moteur de boue, diaphragmes et plus encore. Contactez Hi-Tech Seals.\",\"breadcrumb\":{\"@id\":\"https:\\\/\\\/www.hitechseals.com\\\/fr\\\/fabrication\\\/produits-moules-sur-mesure\\\/#breadcrumb\"},\"inLanguage\":\"fr-CA\",\"potentialAction\":[{\"@type\":\"ReadAction\",\"target\":[\"https:\\\/\\\/www.hitechseals.com\\\/fr\\\/fabrication\\\/produits-moules-sur-mesure\\\/\"]}]},{\"@type\":\"ImageObject\",\"inLanguage\":\"fr-CA\",\"@id\":\"https:\\\/\\\/www.hitechseals.com\\\/fr\\\/fabrication\\\/produits-moules-sur-mesure\\\/#primaryimage\",\"url\":\"https:\\\/\\\/www.hitechseals.com\\\/wp-content\\\/uploads\\\/2025\\\/09\\\/Custom-moulded-e1760473128330.jpg\",\"contentUrl\":\"https:\\\/\\\/www.hitechseals.com\\\/wp-content\\\/uploads\\\/2025\\\/09\\\/Custom-moulded-e1760473128330.jpg\",\"width\":1400,\"height\":350},{\"@type\":\"BreadcrumbList\",\"@id\":\"https:\\\/\\\/www.hitechseals.com\\\/fr\\\/fabrication\\\/produits-moules-sur-mesure\\\/#breadcrumb\",\"itemListElement\":[{\"@type\":\"ListItem\",\"position\":1,\"name\":\"Home\",\"item\":\"https:\\\/\\\/www.hitechseals.com\\\/fr\\\/accueil\\\/\"},{\"@type\":\"ListItem\",\"position\":2,\"name\":\"Fabrication\",\"item\":\"https:\\\/\\\/www.hitechseals.com\\\/fr\\\/fabrication\\\/\"},{\"@type\":\"ListItem\",\"position\":3,\"name\":\"Produits moul\u00e9s sur mesure\"}]},{\"@type\":\"WebSite\",\"@id\":\"https:\\\/\\\/www.hitechseals.com\\\/fr\\\/#website\",\"url\":\"https:\\\/\\\/www.hitechseals.com\\\/fr\\\/\",\"name\":\"Hi-Tech Seals\",\"description\":\"\",\"potentialAction\":[{\"@type\":\"SearchAction\",\"target\":{\"@type\":\"EntryPoint\",\"urlTemplate\":\"https:\\\/\\\/www.hitechseals.com\\\/fr\\\/?s={search_term_string}\"},\"query-input\":{\"@type\":\"PropertyValueSpecification\",\"valueRequired\":true,\"valueName\":\"search_term_string\"}}],\"inLanguage\":\"fr-CA\"}]}<\/script>\n<!-- \/ Yoast SEO plugin. -->","yoast_head_json":{"title":"Pi\u00e8ces en caoutchouc moul\u00e9es sur mesure | Hi-Tech Joints Canada & USA","description":"Pi\u00e8ces en caoutchouc moul\u00e9es sur mesure pour les applications p\u00e9troli\u00e8res et gazi\u00e8res, industrielles et OEM. Joints BOP, soufflets de moteur de boue, diaphragmes et plus encore. Contactez Hi-Tech Seals.","robots":{"index":"index","follow":"follow","max-snippet":"max-snippet:-1","max-image-preview":"max-image-preview:large","max-video-preview":"max-video-preview:-1"},"canonical":"https:\/\/www.hitechseals.com\/fr\/fabrication\/produits-moules-sur-mesure\/","og_locale":"fr_CA","og_type":"article","og_title":"Pi\u00e8ces en caoutchouc moul\u00e9es sur mesure | Hi-Tech Joints Canada & USA","og_description":"Pi\u00e8ces en caoutchouc moul\u00e9es sur mesure pour les applications p\u00e9troli\u00e8res et gazi\u00e8res, industrielles et OEM. Joints BOP, soufflets de moteur de boue, diaphragmes et plus encore. Contactez Hi-Tech Seals.","og_url":"https:\/\/www.hitechseals.com\/fr\/fabrication\/produits-moules-sur-mesure\/","og_site_name":"Hi-Tech Seals","article_modified_time":"2026-04-08T19:16:06+00:00","og_image":[{"width":1400,"height":350,"url":"https:\/\/www.hitechseals.com\/wp-content\/uploads\/2025\/09\/Custom-moulded-e1760473128330.jpg","type":"image\/jpeg"}],"twitter_card":"summary_large_image","twitter_misc":{"Estimation du temps de lecture":"2 minutes"},"schema":{"@context":"https:\/\/schema.org","@graph":[{"@type":"WebPage","@id":"https:\/\/www.hitechseals.com\/fr\/fabrication\/produits-moules-sur-mesure\/","url":"https:\/\/www.hitechseals.com\/fr\/fabrication\/produits-moules-sur-mesure\/","name":"Pi\u00e8ces en caoutchouc moul\u00e9es sur mesure | Hi-Tech Joints Canada & USA","isPartOf":{"@id":"https:\/\/www.hitechseals.com\/fr\/#website"},"primaryImageOfPage":{"@id":"https:\/\/www.hitechseals.com\/fr\/fabrication\/produits-moules-sur-mesure\/#primaryimage"},"image":{"@id":"https:\/\/www.hitechseals.com\/fr\/fabrication\/produits-moules-sur-mesure\/#primaryimage"},"thumbnailUrl":"https:\/\/www.hitechseals.com\/wp-content\/uploads\/2025\/09\/Custom-moulded-e1760473128330.jpg","datePublished":"2025-06-23T20:57:21+00:00","dateModified":"2026-04-08T19:16:06+00:00","description":"Pi\u00e8ces en caoutchouc moul\u00e9es sur mesure pour les applications p\u00e9troli\u00e8res et gazi\u00e8res, industrielles et OEM. Joints BOP, soufflets de moteur de boue, diaphragmes et plus encore. Contactez Hi-Tech Seals.","breadcrumb":{"@id":"https:\/\/www.hitechseals.com\/fr\/fabrication\/produits-moules-sur-mesure\/#breadcrumb"},"inLanguage":"fr-CA","potentialAction":[{"@type":"ReadAction","target":["https:\/\/www.hitechseals.com\/fr\/fabrication\/produits-moules-sur-mesure\/"]}]},{"@type":"ImageObject","inLanguage":"fr-CA","@id":"https:\/\/www.hitechseals.com\/fr\/fabrication\/produits-moules-sur-mesure\/#primaryimage","url":"https:\/\/www.hitechseals.com\/wp-content\/uploads\/2025\/09\/Custom-moulded-e1760473128330.jpg","contentUrl":"https:\/\/www.hitechseals.com\/wp-content\/uploads\/2025\/09\/Custom-moulded-e1760473128330.jpg","width":1400,"height":350},{"@type":"BreadcrumbList","@id":"https:\/\/www.hitechseals.com\/fr\/fabrication\/produits-moules-sur-mesure\/#breadcrumb","itemListElement":[{"@type":"ListItem","position":1,"name":"Home","item":"https:\/\/www.hitechseals.com\/fr\/accueil\/"},{"@type":"ListItem","position":2,"name":"Fabrication","item":"https:\/\/www.hitechseals.com\/fr\/fabrication\/"},{"@type":"ListItem","position":3,"name":"Produits moul\u00e9s sur mesure"}]},{"@type":"WebSite","@id":"https:\/\/www.hitechseals.com\/fr\/#website","url":"https:\/\/www.hitechseals.com\/fr\/","name":"Hi-Tech Seals","description":"","potentialAction":[{"@type":"SearchAction","target":{"@type":"EntryPoint","urlTemplate":"https:\/\/www.hitechseals.com\/fr\/?s={search_term_string}"},"query-input":{"@type":"PropertyValueSpecification","valueRequired":true,"valueName":"search_term_string"}}],"inLanguage":"fr-CA"}]}},"_links":{"self":[{"href":"https:\/\/www.hitechseals.com\/fr\/wp-json\/wp\/v2\/pages\/3785","targetHints":{"allow":["GET"]}}],"collection":[{"href":"https:\/\/www.hitechseals.com\/fr\/wp-json\/wp\/v2\/pages"}],"about":[{"href":"https:\/\/www.hitechseals.com\/fr\/wp-json\/wp\/v2\/types\/page"}],"author":[{"embeddable":true,"href":"https:\/\/www.hitechseals.com\/fr\/wp-json\/wp\/v2\/users\/1"}],"replies":[{"embeddable":true,"href":"https:\/\/www.hitechseals.com\/fr\/wp-json\/wp\/v2\/comments?post=3785"}],"version-history":[{"count":5,"href":"https:\/\/www.hitechseals.com\/fr\/wp-json\/wp\/v2\/pages\/3785\/revisions"}],"predecessor-version":[{"id":6234,"href":"https:\/\/www.hitechseals.com\/fr\/wp-json\/wp\/v2\/pages\/3785\/revisions\/6234"}],"up":[{"embeddable":true,"href":"https:\/\/www.hitechseals.com\/fr\/wp-json\/wp\/v2\/pages\/3948"}],"wp:featuredmedia":[{"embeddable":true,"href":"https:\/\/www.hitechseals.com\/fr\/wp-json\/wp\/v2\/media\/5016"}],"wp:attachment":[{"href":"https:\/\/www.hitechseals.com\/fr\/wp-json\/wp\/v2\/media?parent=3785"}],"curies":[{"name":"wp","href":"https:\/\/api.w.org\/{rel}","templated":true}]}}