{"id":3801,"date":"2025-06-23T12:16:38","date_gmt":"2025-06-23T18:16:38","guid":{"rendered":"https:\/\/www.hitechseals.com\/joints-toriques-episses-et-vulcanises\/"},"modified":"2025-12-30T17:00:04","modified_gmt":"2025-12-31T00:00:04","slug":"joints-toriques-episses-et-vulcanises","status":"publish","type":"page","link":"https:\/\/www.hitechseals.com\/fr\/fabrication\/joints-toriques-episses-et-vulcanises\/","title":{"rendered":"Joints toriques \u00e9piss\u00e9s et vulcanis\u00e9s"},"content":{"rendered":"<div class=\"wpb-content-wrapper\">[vc_row el_class=\u00a0\u00bbpb-40 pb-md-20 pb-lg-60 justify-content-between\u00a0\u00bb][vc_column offset=\u00a0\u00bbvc_col-lg-5&Prime; el_class=\u00a0\u00bborder-lg-2 d-lg-flex flex-direction-column pt-40 py-lg-100&Prime;][vc_single_image image=\u00a0\u00bb3802&Prime; img_size=\u00a0\u00bbfull\u00a0\u00bb alignment=\u00a0\u00bbcenter\u00a0\u00bb css=\u00a0\u00bb\u00a0\u00bb el_class=\u00a0\u00bborder-lg-2&Prime;][web3_vc_btns class=\u00a0\u00bbobj-content pt-40 pt-lg-0 pb-lg-40 order-lg-1&Prime; items=\u00a0\u00bb%5B%7B%22icon_name%22%3A%22&#8212;%22%2C%22vc_link%22%3A%22url%3Ahttps%253A%252F%252Fwww.hitechseals.com%252Fwp-content%252Fuploads%252F2025%252F06%252FSpliced_and_Vulcanized_O-Rings_flyer_eng-1.pdf%7Ctitle%3ADownload%2520Spliced%2520%2526%2520Vulcanized%2520O-Rings%2520Flyer%2520%25E2%2580%2594%2520English%7Ctarget%3A_blank%22%7D%2C%7B%22icon_name%22%3A%22&#8212;%22%2C%22vc_link%22%3A%22url%3Ahttps%253A%252F%252Fwww.hitechseals.com%252Fwp-content%252Fuploads%252F2025%252F06%252FSpliced_and_Vulcanized_O-Rings_flyer_fr-1.pdf%7Ctitle%3ADownload%2520Spliced%2520%2526%2520Vulcanized%2520O-Rings%2520Flyer%2520%25E2%2580%2594%2520French%7Ctarget%3A_blank%22%7D%5D\u00a0\u00bb][\/web3_vc_btns][\/vc_column][vc_column offset=\u00a0\u00bbvc_col-lg-6&Prime; el_class=\u00a0\u00bborder-lg-1&Prime;][web3_vc_content sm=\u00a0\u00bb40&Prime; md=\u00a0\u00bb60&Prime; mdb=\u00a0\u00bb40&Prime; lg=\u00a0\u00bb100&Prime; lgb=\u00a0\u00bb40&Prime;]Hi-Tech Seals propose des joints toriques \u00e9piss\u00e9s et vulcanis\u00e9s en profils standard et carr\u00e9s, avec plusieurs sections transversales et diff\u00e9rents mat\u00e9riaux. Nous proposons \u00e9galement des profils de joints quadrilobes sur demande. Les clients peuvent acheter notre cordon de joint torique en longueurs coup\u00e9es, en kits d&rsquo;\u00e9pissage ou par le biais de notre service interne d&rsquo;\u00e9pissage et de vulcanisation.\r\n\r\nLes joints toriques \u00e9piss\u00e9s et vulcanis\u00e9s sont fabriqu\u00e9s en coupant du cordon extrud\u00e9 en longueurs puis en les assemblant (\u00e9pissage). Les extr\u00e9mit\u00e9s sont \u00e9piss\u00e9es en appliquant un agent de liaison activ\u00e9 par la chaleur et en les pla\u00e7ant dans une matrice pendant une dur\u00e9e sp\u00e9cifique. Ce processus forme une connexion mol\u00e9culaire pour obtenir une liaison solide.\r\n\r\nLes joints toriques \u00e9piss\u00e9s et vulcanis\u00e9s constituent d&rsquo;excellents remplacements pour tout joint torique statique de taille unique, r\u00e9sistant jusqu&rsquo;\u00e0 environ 1 200 psi. Ils sont utilis\u00e9s dans diverses industries notamment l&rsquo;automobile, le transport, la construction, la transformation alimentaire, la production d&rsquo;\u00e9nergie et bien d&rsquo;autres.[\/web3_vc_content][web3_vc_list_icon_texts sm=\u00a0\u00bb\u00a0\u00bb md=\u00a0\u00bb\u00a0\u00bb lg=\u00a0\u00bb\u00a0\u00bb title=\u00a0\u00bbAvantages de l&rsquo;\u00e9pissage et de la vulcanisation\u00a0\u00bb items=\u00a0\u00bb%5B%7B%22icon_name%22%3A%22icon_Check_Circle%22%2C%22title%22%3A%22Strong%20consistent%20bond%20quality%22%7D%2C%7B%22icon_name%22%3A%22icon_Check_Circle%22%2C%22title%22%3A%22Available%20in%20a%20wide%20range%20of%20materials%22%7D%2C%7B%22icon_name%22%3A%22icon_Check_Circle%22%2C%22title%22%3A%22No%20tooling%20costs%22%7D%2C%7B%22icon_name%22%3A%22icon_Check_Circle%22%2C%22title%22%3A%22Quick%20turnaround%20times%22%7D%2C%7B%22icon_name%22%3A%22icon_Check_Circle%22%2C%22title%22%3A%22Ability%20to%20accommodate%20large%20diameters%20and%20custom%2C%20non-standard%20sizes.%22%7D%5D\u00a0\u00bb][\/web3_vc_list_icon_texts][\/vc_column][\/vc_row][vc_row][vc_column][web3_vc_db_profiles output_src=\u00a0\u00bbcustom\u00a0\u00bb class=\u00a0\u00bbobj-content pb-40&Prime; sm=\u00a0\u00bb\u00a0\u00bb md=\u00a0\u00bb\u00a0\u00bb lg=\u00a0\u00bb\u00a0\u00bb items=\u00a0\u00bb%5B%7B%22body%22%3A%22Tml0cmlsZSUwQUh5ZHJvZ2VuYXRlZCUyME5pdHJpbGUlMEFWaXRvbiVFMiU4NCVBMiUyRkZsdW9yb2NhcmJvbiUwQUFmbGFzJUMyJUFFJTIwRkVQTSUyMCUwQUV0aHlsZW5lJTIwUHJvcHlsZW5lJTIwJTI4RVBETSUyOSUwQU5lb3ByZW5lJTJGQ2hsb3JvcHJlbmUlMEFTaWxpY29uZSUwQQ%3D%3D%22%2C%22class%22%3A%22col-12%20col-md-auto%22%7D%5D\u00a0\u00bb title=\u00a0\u00bbMat\u00e9riaux\u00a0\u00bb]Choisissez parmi une gamme diversifi\u00e9e de mat\u00e9riaux en caoutchouc haute performance adapt\u00e9s \u00e0 diverses applications. Les mat\u00e9riaux courants incluent, sans s&rsquo;y limiter :[\/web3_vc_db_profiles][\/vc_column][\/vc_row][vc_row][vc_column][web3_vc_content sm=\u00a0\u00bb40&Prime; md=\u00a0\u00bb60&Prime; lg=\u00a0\u00bb100&Prime; title=\u00a0\u00bbAu-del\u00e0 des joints toriques\u00a0\u00bb]Notre expertise en \u00e9pissage et vulcanisation s&rsquo;\u00e9tend au-del\u00e0 des joints toriques aux garnitures et autres produits d&rsquo;\u00e9tanch\u00e9it\u00e9. Tous les produits vulcanis\u00e9s b\u00e9n\u00e9ficient de la m\u00eame pr\u00e9cision que nous appliquons \u00e0 nos joints toriques vulcanis\u00e9s. Cela garantit une liaison de haute qualit\u00e9 et sup\u00e9rieure adapt\u00e9e \u00e0 diverses applications. Notre gamme de capacit\u00e9s de vulcanisation avanc\u00e9es inclut, sans s&rsquo;y limiter :\r\n<ul>\r\n \t<li>Profils extrud\u00e9s<\/li>\r\n \t<li>Joints d&rsquo;\u00e9tanch\u00e9it\u00e9<\/li>\r\n \t<li>Joints rotatifs divis\u00e9s<\/li>\r\n \t<li>Liaison caoutchouc-m\u00e9tal<\/li>\r\n \t<li>Joints toriques encapsul\u00e9s<\/li>\r\n \t<li>Tubes industriels<\/li>\r\n \t<li>Produits moul\u00e9s en continu<\/li>\r\n \t<li>Autres services de liaison<\/li>\r\n<\/ul>\r\n[\/web3_vc_content][\/vc_column][\/vc_row][vc_row][vc_column][web3_vc_db_calc_cut_length class=\u00a0\u00bbobj-content pb-4o pb-md-60 pb-lg-100&Prime; sm=\u00a0\u00bb\u00a0\u00bb md=\u00a0\u00bb\u00a0\u00bb lg=\u00a0\u00bb\u00a0\u00bb title=\u00a0\u00bbCalculateur de longueur de coupe\u00a0\u00bb items=\u00a0\u00bb%5B%7B%22title%22%3A%22Cut%20Length%20%7C%7Cusing%20ID%22%2C%22calc_using%22%3A%22id%22%2C%22calc_formula%22%3A%22Rm9ybXVsYSUzQSUyMCU3QiU3QiUyOCUyMElEJTIwJTJCJTIwQ1MlMjAlMjklMjAlQzMlOTclMjAzLjE0MTU5MjY1JTdEJTdE%22%7D%2C%7B%22title%22%3A%22Cut%20Length%20%7C%7Cusing%20OD%22%2C%22calc_using%22%3A%22od%22%2C%22calc_formula%22%3A%22Rm9ybXVsYSUzQSUyMCU3QiU3QiUyOCUyME9EJTIwLSUyMENTJTIwJTI5JTIwJUMzJTk3JTIwMy4xNDE1OTI2NSU3RCU3RA%3D%3D%22%7D%5D\u00a0\u00bb][\/vc_column][\/vc_row]<\/div>","protected":false},"excerpt":{"rendered":"<p>[vc_row el_class=\u00a0\u00bbpb-40 pb-md-20 pb-lg-60 justify-content-between\u00a0\u00bb][vc_column offset=\u00a0\u00bbvc_col-lg-5&Prime; el_class=\u00a0\u00bborder-lg-2 d-lg-flex flex-direction-column pt-40 py-lg-100&Prime;][vc_single_image image=\u00a0\u00bb3802&Prime; img_size=\u00a0\u00bbfull\u00a0\u00bb alignment=\u00a0\u00bbcenter\u00a0\u00bb css=\u00a0\u00bb\u00a0\u00bb el_class=\u00a0\u00bborder-lg-2&Prime;][web3_vc_btns class=\u00a0\u00bbobj-content pt-40 pt-lg-0 pb-lg-40 order-lg-1&Prime; items=\u00a0\u00bb%5B%7B%22icon_name%22%3A%22&#8212;%22%2C%22vc_link%22%3A%22url%3Ahttps%253A%252F%252Fwww.hitechseals.com%252Fwp-content%252Fuploads%252F2025%252F06%252FSpliced_and_Vulcanized_O-Rings_flyer_eng-1.pdf%7Ctitle%3ADownload%2520Spliced%2520%2526%2520Vulcanized%2520O-Rings%2520Flyer%2520%25E2%2580%2594%2520English%7Ctarget%3A_blank%22%7D%2C%7B%22icon_name%22%3A%22&#8212;%22%2C%22vc_link%22%3A%22url%3Ahttps%253A%252F%252Fwww.hitechseals.com%252Fwp-content%252Fuploads%252F2025%252F06%252FSpliced_and_Vulcanized_O-Rings_flyer_fr-1.pdf%7Ctitle%3ADownload%2520Spliced%2520%2526%2520Vulcanized%2520O-Rings%2520Flyer%2520%25E2%2580%2594%2520French%7Ctarget%3A_blank%22%7D%5D\u00a0\u00bb][\/web3_vc_btns][\/vc_column][vc_column&hellip;<\/p>\n","protected":false},"author":1,"featured_media":3805,"parent":3948,"menu_order":3,"comment_status":"closed","ping_status":"closed","template":"","meta":{"_acf_changed":false,"footnotes":""},"class_list":["post-3801","page","type-page","status-publish","has-post-thumbnail","hentry"],"acf":[],"yoast_head":"<!-- This site is optimized with the Yoast SEO plugin v27.4 - https:\/\/yoast.com\/product\/yoast-seo-wordpress\/ -->\n<title>Joints toriques \u00e9piss\u00e9s et vulcanis\u00e9s - Hi-Tech Seals<\/title>\n<meta name=\"robots\" content=\"index, follow, max-snippet:-1, max-image-preview:large, max-video-preview:-1\" \/>\n<link rel=\"canonical\" href=\"https:\/\/www.hitechseals.com\/fr\/fabrication\/joints-toriques-episses-et-vulcanises\/\" \/>\n<meta property=\"og:locale\" content=\"fr_CA\" \/>\n<meta property=\"og:type\" content=\"article\" \/>\n<meta property=\"og:title\" content=\"Joints toriques \u00e9piss\u00e9s et vulcanis\u00e9s - Hi-Tech Seals\" \/>\n<meta property=\"og:description\" content=\"[vc_row el_class=\u00a0\u00bbpb-40 pb-md-20 pb-lg-60 justify-content-between\u00a0\u00bb][vc_column offset=\u00a0\u00bbvc_col-lg-5&Prime; el_class=\u00a0\u00bborder-lg-2 d-lg-flex flex-direction-column pt-40 py-lg-100&Prime;][vc_single_image image=\u00a0\u00bb3802&Prime; img_size=\u00a0\u00bbfull\u00a0\u00bb alignment=\u00a0\u00bbcenter\u00a0\u00bb css=\u00a0\u00bb\u00a0\u00bb el_class=\u00a0\u00bborder-lg-2&Prime;][web3_vc_btns class=\u00a0\u00bbobj-content pt-40 pt-lg-0 pb-lg-40 order-lg-1&Prime; items=\u00a0\u00bb%5B%7B%22icon_name%22%3A%22&#8212;%22%2C%22vc_link%22%3A%22url%3Ahttps%253A%252F%252Fwww.hitechseals.com%252Fwp-content%252Fuploads%252F2025%252F06%252FSpliced_and_Vulcanized_O-Rings_flyer_eng-1.pdf%7Ctitle%3ADownload%2520Spliced%2520%2526%2520Vulcanized%2520O-Rings%2520Flyer%2520%25E2%2580%2594%2520English%7Ctarget%3A_blank%22%7D%2C%7B%22icon_name%22%3A%22&#8212;%22%2C%22vc_link%22%3A%22url%3Ahttps%253A%252F%252Fwww.hitechseals.com%252Fwp-content%252Fuploads%252F2025%252F06%252FSpliced_and_Vulcanized_O-Rings_flyer_fr-1.pdf%7Ctitle%3ADownload%2520Spliced%2520%2526%2520Vulcanized%2520O-Rings%2520Flyer%2520%25E2%2580%2594%2520French%7Ctarget%3A_blank%22%7D%5D\u00a0\u00bb][\/web3_vc_btns][\/vc_column][vc_column&hellip;\" \/>\n<meta property=\"og:url\" content=\"https:\/\/www.hitechseals.com\/fr\/fabrication\/joints-toriques-episses-et-vulcanises\/\" \/>\n<meta property=\"og:site_name\" content=\"Hi-Tech Seals\" \/>\n<meta property=\"article:modified_time\" content=\"2025-12-31T00:00:04+00:00\" \/>\n<meta property=\"og:image\" content=\"https:\/\/www.hitechseals.com\/wp-content\/uploads\/2025\/08\/sandv.jpg\" \/>\n\t<meta property=\"og:image:width\" content=\"1920\" \/>\n\t<meta property=\"og:image:height\" content=\"1440\" \/>\n\t<meta property=\"og:image:type\" content=\"image\/jpeg\" \/>\n<meta name=\"twitter:card\" content=\"summary_large_image\" \/>\n<meta name=\"twitter:label1\" content=\"Estimation du temps de lecture\" \/>\n\t<meta name=\"twitter:data1\" content=\"4 minutes\" \/>\n<script type=\"application\/ld+json\" class=\"yoast-schema-graph\">{\"@context\":\"https:\\\/\\\/schema.org\",\"@graph\":[{\"@type\":\"WebPage\",\"@id\":\"https:\\\/\\\/www.hitechseals.com\\\/fr\\\/fabrication\\\/joints-toriques-episses-et-vulcanises\\\/\",\"url\":\"https:\\\/\\\/www.hitechseals.com\\\/fr\\\/fabrication\\\/joints-toriques-episses-et-vulcanises\\\/\",\"name\":\"Joints toriques \u00e9piss\u00e9s et vulcanis\u00e9s - Hi-Tech Seals\",\"isPartOf\":{\"@id\":\"https:\\\/\\\/www.hitechseals.com\\\/fr\\\/#website\"},\"primaryImageOfPage\":{\"@id\":\"https:\\\/\\\/www.hitechseals.com\\\/fr\\\/fabrication\\\/joints-toriques-episses-et-vulcanises\\\/#primaryimage\"},\"image\":{\"@id\":\"https:\\\/\\\/www.hitechseals.com\\\/fr\\\/fabrication\\\/joints-toriques-episses-et-vulcanises\\\/#primaryimage\"},\"thumbnailUrl\":\"https:\\\/\\\/www.hitechseals.com\\\/wp-content\\\/uploads\\\/2025\\\/08\\\/sandv.jpg\",\"datePublished\":\"2025-06-23T18:16:38+00:00\",\"dateModified\":\"2025-12-31T00:00:04+00:00\",\"breadcrumb\":{\"@id\":\"https:\\\/\\\/www.hitechseals.com\\\/fr\\\/fabrication\\\/joints-toriques-episses-et-vulcanises\\\/#breadcrumb\"},\"inLanguage\":\"fr-CA\",\"potentialAction\":[{\"@type\":\"ReadAction\",\"target\":[\"https:\\\/\\\/www.hitechseals.com\\\/fr\\\/fabrication\\\/joints-toriques-episses-et-vulcanises\\\/\"]}]},{\"@type\":\"ImageObject\",\"inLanguage\":\"fr-CA\",\"@id\":\"https:\\\/\\\/www.hitechseals.com\\\/fr\\\/fabrication\\\/joints-toriques-episses-et-vulcanises\\\/#primaryimage\",\"url\":\"https:\\\/\\\/www.hitechseals.com\\\/wp-content\\\/uploads\\\/2025\\\/08\\\/sandv.jpg\",\"contentUrl\":\"https:\\\/\\\/www.hitechseals.com\\\/wp-content\\\/uploads\\\/2025\\\/08\\\/sandv.jpg\",\"width\":1920,\"height\":1440},{\"@type\":\"BreadcrumbList\",\"@id\":\"https:\\\/\\\/www.hitechseals.com\\\/fr\\\/fabrication\\\/joints-toriques-episses-et-vulcanises\\\/#breadcrumb\",\"itemListElement\":[{\"@type\":\"ListItem\",\"position\":1,\"name\":\"Home\",\"item\":\"https:\\\/\\\/www.hitechseals.com\\\/fr\\\/accueil\\\/\"},{\"@type\":\"ListItem\",\"position\":2,\"name\":\"Fabrication\",\"item\":\"https:\\\/\\\/www.hitechseals.com\\\/fr\\\/fabrication\\\/\"},{\"@type\":\"ListItem\",\"position\":3,\"name\":\"Joints toriques \u00e9piss\u00e9s et vulcanis\u00e9s\"}]},{\"@type\":\"WebSite\",\"@id\":\"https:\\\/\\\/www.hitechseals.com\\\/fr\\\/#website\",\"url\":\"https:\\\/\\\/www.hitechseals.com\\\/fr\\\/\",\"name\":\"Hi-Tech Seals\",\"description\":\"\",\"potentialAction\":[{\"@type\":\"SearchAction\",\"target\":{\"@type\":\"EntryPoint\",\"urlTemplate\":\"https:\\\/\\\/www.hitechseals.com\\\/fr\\\/?s={search_term_string}\"},\"query-input\":{\"@type\":\"PropertyValueSpecification\",\"valueRequired\":true,\"valueName\":\"search_term_string\"}}],\"inLanguage\":\"fr-CA\"}]}<\/script>\n<!-- \/ Yoast SEO plugin. -->","yoast_head_json":{"title":"Joints toriques \u00e9piss\u00e9s et vulcanis\u00e9s - Hi-Tech Seals","robots":{"index":"index","follow":"follow","max-snippet":"max-snippet:-1","max-image-preview":"max-image-preview:large","max-video-preview":"max-video-preview:-1"},"canonical":"https:\/\/www.hitechseals.com\/fr\/fabrication\/joints-toriques-episses-et-vulcanises\/","og_locale":"fr_CA","og_type":"article","og_title":"Joints toriques \u00e9piss\u00e9s et vulcanis\u00e9s - Hi-Tech Seals","og_description":"[vc_row el_class=\u00a0\u00bbpb-40 pb-md-20 pb-lg-60 justify-content-between\u00a0\u00bb][vc_column offset=\u00a0\u00bbvc_col-lg-5&Prime; el_class=\u00a0\u00bborder-lg-2 d-lg-flex flex-direction-column pt-40 py-lg-100&Prime;][vc_single_image image=\u00a0\u00bb3802&Prime; img_size=\u00a0\u00bbfull\u00a0\u00bb alignment=\u00a0\u00bbcenter\u00a0\u00bb css=\u00a0\u00bb\u00a0\u00bb el_class=\u00a0\u00bborder-lg-2&Prime;][web3_vc_btns class=\u00a0\u00bbobj-content pt-40 pt-lg-0 pb-lg-40 order-lg-1&Prime; items=\u00a0\u00bb%5B%7B%22icon_name%22%3A%22&#8212;%22%2C%22vc_link%22%3A%22url%3Ahttps%253A%252F%252Fwww.hitechseals.com%252Fwp-content%252Fuploads%252F2025%252F06%252FSpliced_and_Vulcanized_O-Rings_flyer_eng-1.pdf%7Ctitle%3ADownload%2520Spliced%2520%2526%2520Vulcanized%2520O-Rings%2520Flyer%2520%25E2%2580%2594%2520English%7Ctarget%3A_blank%22%7D%2C%7B%22icon_name%22%3A%22&#8212;%22%2C%22vc_link%22%3A%22url%3Ahttps%253A%252F%252Fwww.hitechseals.com%252Fwp-content%252Fuploads%252F2025%252F06%252FSpliced_and_Vulcanized_O-Rings_flyer_fr-1.pdf%7Ctitle%3ADownload%2520Spliced%2520%2526%2520Vulcanized%2520O-Rings%2520Flyer%2520%25E2%2580%2594%2520French%7Ctarget%3A_blank%22%7D%5D\u00a0\u00bb][\/web3_vc_btns][\/vc_column][vc_column&hellip;","og_url":"https:\/\/www.hitechseals.com\/fr\/fabrication\/joints-toriques-episses-et-vulcanises\/","og_site_name":"Hi-Tech Seals","article_modified_time":"2025-12-31T00:00:04+00:00","og_image":[{"width":1920,"height":1440,"url":"https:\/\/www.hitechseals.com\/wp-content\/uploads\/2025\/08\/sandv.jpg","type":"image\/jpeg"}],"twitter_card":"summary_large_image","twitter_misc":{"Estimation du temps de lecture":"4 minutes"},"schema":{"@context":"https:\/\/schema.org","@graph":[{"@type":"WebPage","@id":"https:\/\/www.hitechseals.com\/fr\/fabrication\/joints-toriques-episses-et-vulcanises\/","url":"https:\/\/www.hitechseals.com\/fr\/fabrication\/joints-toriques-episses-et-vulcanises\/","name":"Joints toriques \u00e9piss\u00e9s et vulcanis\u00e9s - Hi-Tech Seals","isPartOf":{"@id":"https:\/\/www.hitechseals.com\/fr\/#website"},"primaryImageOfPage":{"@id":"https:\/\/www.hitechseals.com\/fr\/fabrication\/joints-toriques-episses-et-vulcanises\/#primaryimage"},"image":{"@id":"https:\/\/www.hitechseals.com\/fr\/fabrication\/joints-toriques-episses-et-vulcanises\/#primaryimage"},"thumbnailUrl":"https:\/\/www.hitechseals.com\/wp-content\/uploads\/2025\/08\/sandv.jpg","datePublished":"2025-06-23T18:16:38+00:00","dateModified":"2025-12-31T00:00:04+00:00","breadcrumb":{"@id":"https:\/\/www.hitechseals.com\/fr\/fabrication\/joints-toriques-episses-et-vulcanises\/#breadcrumb"},"inLanguage":"fr-CA","potentialAction":[{"@type":"ReadAction","target":["https:\/\/www.hitechseals.com\/fr\/fabrication\/joints-toriques-episses-et-vulcanises\/"]}]},{"@type":"ImageObject","inLanguage":"fr-CA","@id":"https:\/\/www.hitechseals.com\/fr\/fabrication\/joints-toriques-episses-et-vulcanises\/#primaryimage","url":"https:\/\/www.hitechseals.com\/wp-content\/uploads\/2025\/08\/sandv.jpg","contentUrl":"https:\/\/www.hitechseals.com\/wp-content\/uploads\/2025\/08\/sandv.jpg","width":1920,"height":1440},{"@type":"BreadcrumbList","@id":"https:\/\/www.hitechseals.com\/fr\/fabrication\/joints-toriques-episses-et-vulcanises\/#breadcrumb","itemListElement":[{"@type":"ListItem","position":1,"name":"Home","item":"https:\/\/www.hitechseals.com\/fr\/accueil\/"},{"@type":"ListItem","position":2,"name":"Fabrication","item":"https:\/\/www.hitechseals.com\/fr\/fabrication\/"},{"@type":"ListItem","position":3,"name":"Joints toriques \u00e9piss\u00e9s et vulcanis\u00e9s"}]},{"@type":"WebSite","@id":"https:\/\/www.hitechseals.com\/fr\/#website","url":"https:\/\/www.hitechseals.com\/fr\/","name":"Hi-Tech Seals","description":"","potentialAction":[{"@type":"SearchAction","target":{"@type":"EntryPoint","urlTemplate":"https:\/\/www.hitechseals.com\/fr\/?s={search_term_string}"},"query-input":{"@type":"PropertyValueSpecification","valueRequired":true,"valueName":"search_term_string"}}],"inLanguage":"fr-CA"}]}},"_links":{"self":[{"href":"https:\/\/www.hitechseals.com\/fr\/wp-json\/wp\/v2\/pages\/3801","targetHints":{"allow":["GET"]}}],"collection":[{"href":"https:\/\/www.hitechseals.com\/fr\/wp-json\/wp\/v2\/pages"}],"about":[{"href":"https:\/\/www.hitechseals.com\/fr\/wp-json\/wp\/v2\/types\/page"}],"author":[{"embeddable":true,"href":"https:\/\/www.hitechseals.com\/fr\/wp-json\/wp\/v2\/users\/1"}],"replies":[{"embeddable":true,"href":"https:\/\/www.hitechseals.com\/fr\/wp-json\/wp\/v2\/comments?post=3801"}],"version-history":[{"count":5,"href":"https:\/\/www.hitechseals.com\/fr\/wp-json\/wp\/v2\/pages\/3801\/revisions"}],"predecessor-version":[{"id":5421,"href":"https:\/\/www.hitechseals.com\/fr\/wp-json\/wp\/v2\/pages\/3801\/revisions\/5421"}],"up":[{"embeddable":true,"href":"https:\/\/www.hitechseals.com\/fr\/wp-json\/wp\/v2\/pages\/3948"}],"wp:featuredmedia":[{"embeddable":true,"href":"https:\/\/www.hitechseals.com\/fr\/wp-json\/wp\/v2\/media\/3805"}],"wp:attachment":[{"href":"https:\/\/www.hitechseals.com\/fr\/wp-json\/wp\/v2\/media?parent=3801"}],"curies":[{"name":"wp","href":"https:\/\/api.w.org\/{rel}","templated":true}]}}