{"id":3811,"date":"2025-06-24T13:39:50","date_gmt":"2025-06-24T19:39:50","guid":{"rendered":"https:\/\/www.hitechseals.com\/usinage-rapide-de-joints\/"},"modified":"2026-01-29T13:11:01","modified_gmt":"2026-01-29T20:11:01","slug":"usinage-rapide-de-joints","status":"publish","type":"page","link":"https:\/\/www.hitechseals.com\/fr\/fabrication\/usinage-rapide-de-joints\/","title":{"rendered":"Usinage Rapid Gasket"},"content":{"rendered":"<div class=\"wpb-content-wrapper\">[vc_row sm=\u00a0\u00bb40&Prime; md=\u00a0\u00bb60&Prime; mdb=\u00a0\u00bb40&Prime; lg=\u00a0\u00bb100&Prime; lgb=\u00a0\u00bb40&Prime; el_class=\u00a0\u00bbjustify-content-between\u00a0\u00bb][vc_column offset=\u00a0\u00bbvc_col-lg-6&Prime;][vc_single_image image=\u00a0\u00bb3813&Prime; img_size=\u00a0\u00bbfull\u00a0\u00bb css=\u00a0\u00bb\u00a0\u00bb el_class=\u00a0\u00bbpb-40&Prime;][\/vc_column][vc_column offset=\u00a0\u00bbvc_col-lg-5&Prime;][web3_vc_btns class=\u00a0\u00bbobj-content pb-40 pb-lg-0&Prime; items=\u00a0\u00bb%5B%7B%22icon_name%22%3A%22&#8212;%22%2C%22vc_link%22%3A%22url%3Ahttps%253A%252F%252Fwww.hitechseals.com%252Fwp-content%252Fuploads%252F2026%252F01%252FGasket_Catalogue_-VOL_4.pdf%7Ctitle%3ADownload%2520Gasket%2520Catalogue%22%7D%5D\u00a0\u00bb][\/web3_vc_btns][\/vc_column][vc_column offset=\u00a0\u00bbvc_col-lg-6&Prime;][web3_vc_content sm=\u00a0\u00bb\u00a0\u00bb md=\u00a0\u00bb\u00a0\u00bb lg=\u00a0\u00bb\u00a0\u00bb]Rapid Gasket est notre service interne de fabrication de joints en \u00e9lastom\u00e8re, plastique et feuille comprim\u00e9e. Notre \u00e9quipe utilise des \u00e9quipements de pointe pour mesurer et fabriquer des joints qui r\u00e9pondent et d\u00e9passent les exigences d&rsquo;application de nos clients. Des joints standard ou sur mesure peuvent \u00eatre produits \u00e0 partir d&rsquo;\u00e9chantillons fournis par le client, de dessins ou de dimensions de bride. Les joints d\u00e9coup\u00e9s permettent aux clients d&rsquo;\u00e9conomiser les longs d\u00e9lais de livraison et les co\u00fbts \u00e9lev\u00e9s d&rsquo;outillage ou de moulage. Pour plus de commodit\u00e9, nous conservons en dossier les dessins de joints des clients et les sp\u00e9cifications associ\u00e9es pour faciliter les recommandes rapides.    [\/web3_vc_content][web3_vc_list_icon_texts sm=\u00a0\u00bb40&Prime; md=\u00a0\u00bb60&Prime; lg=\u00a0\u00bb40&Prime; items=\u00a0\u00bb%5B%7B%22icon_name%22%3A%22icon_Check_Circle%22%2C%22title%22%3A%22Precision%20Measurement%20Process%22%7D%2C%7B%22icon_name%22%3A%22icon_Check_Circle%22%2C%22title%22%3A%22Custom%20Design%20Solutions%22%7D%2C%7B%22icon_name%22%3A%22icon_Check_Circle%22%2C%22title%22%3A%22Advanced%20Manufacturing%20Technology%22%7D%2C%7B%22icon_name%22%3A%22icon_Check_Circle%22%2C%22title%22%3A%22Extensive%20Stock%20of%20Materials%22%7D%2C%7B%22icon_name%22%3A%22icon_Check_Circle%22%2C%22title%22%3A%22Strict%20Quality%20Procedures%22%7D%2C%7B%22icon_name%22%3A%22icon_Check_Circle%22%2C%22title%22%3A%22Quick%20Turnaround%20Times%22%7D%2C%7B%22icon_name%22%3A%22icon_Check_Circle%22%2C%22title%22%3A%22Engineering%20and%20Drafting%20Support%22%7D%2C%7B%22icon_name%22%3A%22icon_Check_Circle%22%2C%22title%22%3A%22Easy%20Reordering%22%7D%5D\u00a0\u00bb title=\u00a0\u00bbAvantages de Rapid Gasket\u00a0\u00bb][\/web3_vc_list_icon_texts][\/vc_column][vc_column offset=\u00a0\u00bbvc_col-lg-6&Prime;][vc_single_image image=\u00a0\u00bb3814&Prime; img_size=\u00a0\u00bbfull\u00a0\u00bb alignment=\u00a0\u00bbcenter\u00a0\u00bb css=\u00a0\u00bb\u00a0\u00bb el_class=\u00a0\u00bbpt-40&Prime;][\/vc_column][\/vc_row][vc_row][vc_column][web3_vc_content h=\u00a0\u00bbh4&Prime; sm=\u00a0\u00bb0&Prime; smb=\u00a0\u00bb40&Prime; md=\u00a0\u00bb0&Prime; mdb=\u00a0\u00bb60&Prime; lg=\u00a0\u00bb\u00a0\u00bb title=\u00a0\u00bbJoints d&rsquo;\u00e9tanch\u00e9it\u00e9 sur mesure\u00a0\u00bb]Nous pouvons fabriquer des joints d\u00e9coup\u00e9s sur mesure pour r\u00e9pondre aux exigences uniques de forme et de taille de nos clients. Lorsqu&rsquo;un \u00e9chantillon est fourni, notre \u00e9quipe peut effectuer une r\u00e9tro-ing\u00e9nierie des dimensions en utilisant notre LaserQC\u00ae. Notre LaserQC\u00ae nous permet d&rsquo;effectuer une r\u00e9tro-ing\u00e9nierie d&rsquo;\u00e9chantillons, de dessins ou de dimensions de bride. Le laser scanne et traite la conception en quelques secondes, produisant un dessin de joint que notre \u00e9quipe de dessin affine pour optimiser les tol\u00e9rances avant la production.   [\/web3_vc_content][\/vc_column][\/vc_row][vc_row vc_contrast=\u00a0\u00bblight\u00a0\u00bb content_placement=\u00a0\u00bbmiddle\u00a0\u00bb el_class=\u00a0\u00bbbg-primary no-gutters\u00a0\u00bb][vc_column el_class=\u00a0\u00bborder-md-2&Prime; offset=\u00a0\u00bbvc_col-md-5&Prime;][vc_single_image image=\u00a0\u00bb3815&Prime; img_size=\u00a0\u00bbfull\u00a0\u00bb css=\u00a0\u00bb\u00a0\u00bb][\/vc_column][vc_column el_class=\u00a0\u00bborder-md-1&Prime; offset=\u00a0\u00bbvc_col-md-7&Prime;][web3_vc_content sm=\u00a0\u00bb40&Prime; md=\u00a0\u00bb60&Prime; lg=\u00a0\u00bb\u00a0\u00bb sm_x=\u00a0\u00bb15&Prime; md_x=\u00a0\u00bb30&Prime; xl_x=\u00a0\u00bb60&Prime; title=\u00a0\u00bbProcessus de fabrication avanc\u00e9\u00a0\u00bb]Nous utilisons une technologie de d\u00e9coupe au couteau avanc\u00e9e pour produire des joints allant de conceptions standard \u00e0 complexes et des solutions d\u00e9coup\u00e9es sur mesure, toutes avec des bords propres et finis et sans marques de compression. La surface de d\u00e9coupe peut accommoder des mat\u00e9riaux en feuille jusqu&rsquo;\u00e0 60\u02ee x 120\u02ee. Pour les joints qui d\u00e9passent la surface de d\u00e9coupe, nous pouvons utiliser des techniques de queue d&rsquo;aronde ou de refendage.  [\/web3_vc_content][\/vc_column][\/vc_row][vc_row][vc_column][web3_vc_db_profiles output_src=\u00a0\u00bbcustom\u00a0\u00bb h=\u00a0\u00bbh4&Prime; sm=\u00a0\u00bb40&Prime; md=\u00a0\u00bb60&Prime; lg=\u00a0\u00bb100&Prime; title=\u00a0\u00bbMat\u00e9riaux\u00a0\u00bb items=\u00a0\u00bb%5B%7B%22title%22%3A%22Rubber%20and%20Plastic%20Sheet%22%2C%22body%22%3A%22UnlGbG9yJUUyJTg0JUEyJTIwUkY0MCUyQyUyMFJlZCUyMFJ1YmJlciUyMCUyOEJ1bmEtUyUyOSUyQyUyME5lb3ByZW5lJTJDJTIwU2lsaWNvbmUlMkMlMjBOaXRyaWxlJTJDJTIwSHlkcm9nZW5hdGVkJTIwTml0cmlsZSUyQyUyMENvcmslMkZOaXRyaWxlJTJDJTIwRmx1b3JvY2FyYm9uJTJDJTIwRVBETSUyQyUyME5lby1OeWxvbiUyQyUyMFBURkUlMkMlMjBVSE1XLVBFJTBBJTBBVGhpY2tuZXNzJTNBJTIwMSUyRjY0JTIyJTJDJTIwMSUyRjMyJTIyJTJDJTIwMSUyRjE2JTIyJTJDJTIwMSUyRjglMjIlMkMlMjAzJTJGMTYlMjIlMkMlMjAxJTJGNCUyMiVFMiU4MCVBOFNoZWV0JTIwU2l6ZSUzQSUyMDUlMjclMjB4JTIwNjYlMjc%3D%22%2C%22class%22%3A%22col-12%20col-md-6%20col-lg-3%22%7D%2C%7B%22title%22%3A%22Composite%20Flexible%20Graphite%22%2C%22body%22%3A%22R3JhZmlsaXQlQzIlQUUlM0IlMjBTRiUyQyUyMEdyYWZpbGl0JUMyJUFFJTIwU0wlMkMlMjBHcmFmaWxpdCVDMiVBRSUyMFNQJTBBJTBBVGhpY2tuZXNzJTNBJTIwMSUyRjY0JTIyJTJDJTIwMSUyRjMyJTIyJTJDJTIwMSUyRjE2JTIyJTJDJTIwMSUyRjglRTIlODAlQThTaGVldCUyMFNpemUlM0ElMjA1JTI3JTIweCUyMDUlMjc%3D%22%2C%22class%22%3A%22col-12%20col-md-6%20col-lg-3%22%7D%2C%7B%22title%22%3A%22Composite%20Non-Asbestos%22%2C%22body%22%3A%22QXJhTGl0ZSVFMiU4NCVBMiUyMENvbXByZXNzZWQlMjBTaGVldCVFMiU4MCVBOEJBLVUlMkMlMjBCQS01MCUyQyUyMEJBLUNGJTBBJTBBVGhpY2tuZXNzJTNBJTIwMSUyRjY0JTIyJTJDJTIwMSUyRjMyJTIyJTJDJTIwMSUyRjE2JTIyJTJDJTIwMSUyRjglMjIlRTIlODAlQThTaGVldCUyMFNpemUlM0ElMjAzJTI3JTIweCUyMDMlMjclMkMlMjA1JTI3JTIweCUyMDUlMjclMkMlMjA1JTI3JTIweCUyMDE1JTI3JTBBJTBBQkFDRi00MDAwJUUyJTgwJUE4U2hlZXQlMjBTaXplJTNBJTIwNSUyNyUyMHglMjA1JTI3JTJDJTIwNSUyNyUyMHglMjAxNSUyNw%3D%3D%22%2C%22class%22%3A%22col-12%20col-md-6%20col-lg-3%22%7D%2C%7B%22title%22%3A%22Metal%22%2C%22body%22%3A%22TWlsZCUyMFN0ZWVsJTJDJTIwU3RhaW5sZXNzJTIwU3RlZWwlMjAzMDQlMkMlMjBTdGFpbmxlc3MlMjBTdGVlbCUyMDMxNkwlMkMlMjBBbHVtaW51bSUyQyUyMENvcHBlciUwQSUwQVRoaWNrbmVzcyUzQSUyMDElMkYzMiUyMiUyQyUyMDElMkYxNiUyMiUyQyUyMDElMkY4JTIyJTJDJTIwMSUyRjQlMjIlMkMlMjAxJTJGMiUyMiUyQyUyMDMlMkY0JTIyJTJDJTBBMSUyMiUyQyUyMDEtMSUyRjQlMjIlMkMlMjAxLTElMkYyJTIyJTJDJTIwMS0zJTJGNCUyMiUyQyUyMDIlMjIlMEElRTIlODAlQThTaGVldCUyMFNpemUlM0ElMjA0JTI3JTIweCUyMDglMjclMkMlMjA1JTI3JTIweCUyMDEwJTI3%22%2C%22class%22%3A%22col-12%20col-md-6%20col-lg-3%22%7D%5D\u00a0\u00bb]Rapid Gasket stocke un large inventaire de mat\u00e9riaux de feuilles de joints en caoutchouc, plastique et composite dans diverses tailles et \u00e9paisseurs allant de 1\/64\u02ee \u00e0 1\/4\u02ee. Si n\u00e9cessaire, nous pouvons fournir des conseils pour choisir le mat\u00e9riau id\u00e9al pour une application. [\/web3_vc_db_profiles][\/vc_column][\/vc_row][vc_row][vc_column][web3_vc_btns style=\u00a0\u00bbalign-left\u00a0\u00bb class=\u00a0\u00bbobj-content pb-40 pb-md-60 pb-lg-100&Prime; title=\u00a0\u00bbFormulaires de mesure de joints\u00a0\u00bb items=\u00a0\u00bb%5B%7B%22icon_name%22%3A%22icon_Gasket_01%22%2C%22vc_link%22%3A%22url%3Ahttps%253A%252F%252Fwww.hitechseals.com%252Fwp-content%252Fuploads%252F2025%252F06%252FRound-Gasket-Measurement-Form.pdf%7Ctitle%3ARound%2520Gasket%2520Measurement%2520Form%22%7D%2C%7B%22icon_name%22%3A%22icon_Gasket_02%22%2C%22vc_link%22%3A%22url%3Ahttps%253A%252F%252Fwww.hitechseals.com%252Fwp-content%252Fuploads%252F2025%252F06%252FD-Style-Half-Circle-Gasket-Measurement-Form.pdf%7Ctitle%3AD-Style%2520%252F%2520Half%2520Circle%2520Gasket%2520Measurement%2520Form%22%7D%2C%7B%22icon_name%22%3A%22icon_Gasket_03%22%2C%22vc_link%22%3A%22url%3Ahttps%253A%252F%252Fwww.hitechseals.com%252Fwp-content%252Fuploads%252F2025%252F06%252FFiretube-Obround-Gasket-Measurement-Form.pdf%7Ctitle%3AFiretube%2520%252F%2520Obround%2520Gasket%2520Measurement%2520Form%22%7D%2C%7B%22icon_name%22%3A%22icon_Gasket_04%22%2C%22vc_link%22%3A%22url%3Ahttps%253A%252F%252Fwww.hitechseals.com%252Fwp-content%252Fuploads%252F2025%252F06%252FSquare-Rectangle-Gasket-Measurement-Form.pdf%7Ctitle%3ASquare%2520%252F%2520Rectangle%2520Gasket%2520Measurement%2520Form%22%7D%2C%7B%22icon_name%22%3A%22icon_Gasket_05%22%2C%22vc_link%22%3A%22url%3Ahttps%253A%252F%252Fwww.hitechseals.com%252Fwp-content%252Fuploads%252F2025%252F06%252FHTS-Gasket-Measurement-Sheet-Elongated-D-Style.pdf%7Ctitle%3AElongated%2520D-Style%2520Gasket%2520Measurement%2520Form%22%7D%5D\u00a0\u00bb]Si vous fournissez des dimensions, veuillez compl\u00e9ter la fiche de mesure de joint personnalis\u00e9 appropri\u00e9e list\u00e9e ci-dessous.[\/web3_vc_btns][\/vc_column][\/vc_row]<\/div>","protected":false},"excerpt":{"rendered":"<p>[vc_row sm=\u00a0\u00bb40&Prime; md=\u00a0\u00bb60&Prime; mdb=\u00a0\u00bb40&Prime; lg=\u00a0\u00bb100&Prime; lgb=\u00a0\u00bb40&Prime; el_class=\u00a0\u00bbjustify-content-between\u00a0\u00bb][vc_column offset=\u00a0\u00bbvc_col-lg-6&Prime;][vc_single_image image=\u00a0\u00bb3813&Prime; img_size=\u00a0\u00bbfull\u00a0\u00bb css=\u00a0\u00bb\u00a0\u00bb el_class=\u00a0\u00bbpb-40&Prime;][\/vc_column][vc_column offset=\u00a0\u00bbvc_col-lg-5&Prime;][web3_vc_btns class=\u00a0\u00bbobj-content pb-40 pb-lg-0&Prime; items=\u00a0\u00bb%5B%7B%22icon_name%22%3A%22&#8212;%22%2C%22vc_link%22%3A%22url%3Ahttps%253A%252F%252Fwww.hitechseals.com%252Fwp-content%252Fuploads%252F2026%252F01%252FGasket_Catalogue_-VOL_4.pdf%7Ctitle%3ADownload%2520Gasket%2520Catalogue%22%7D%5D\u00a0\u00bb][\/web3_vc_btns][\/vc_column][vc_column offset=\u00a0\u00bbvc_col-lg-6&Prime;][web3_vc_content sm=\u00a0\u00bb\u00a0\u00bb md=\u00a0\u00bb\u00a0\u00bb lg=\u00a0\u00bb\u00a0\u00bb]Rapid Gasket&hellip;<\/p>\n","protected":false},"author":1,"featured_media":3816,"parent":3948,"menu_order":1,"comment_status":"closed","ping_status":"closed","template":"","meta":{"_acf_changed":false,"footnotes":""},"class_list":["post-3811","page","type-page","status-publish","has-post-thumbnail","hentry"],"acf":[],"yoast_head":"<!-- This site is optimized with the Yoast SEO plugin v27.4 - https:\/\/yoast.com\/product\/yoast-seo-wordpress\/ -->\n<title>Usinage Rapid Gasket - Hi-Tech Seals<\/title>\n<meta name=\"robots\" content=\"index, follow, max-snippet:-1, max-image-preview:large, max-video-preview:-1\" \/>\n<link rel=\"canonical\" href=\"https:\/\/www.hitechseals.com\/fr\/fabrication\/usinage-rapide-de-joints\/\" \/>\n<meta property=\"og:locale\" content=\"fr_CA\" \/>\n<meta property=\"og:type\" content=\"article\" \/>\n<meta property=\"og:title\" content=\"Usinage Rapid Gasket - Hi-Tech Seals\" \/>\n<meta property=\"og:description\" content=\"[vc_row sm=\u00a0\u00bb40&Prime; md=\u00a0\u00bb60&Prime; mdb=\u00a0\u00bb40&Prime; lg=\u00a0\u00bb100&Prime; lgb=\u00a0\u00bb40&Prime; el_class=\u00a0\u00bbjustify-content-between\u00a0\u00bb][vc_column offset=\u00a0\u00bbvc_col-lg-6&Prime;][vc_single_image image=\u00a0\u00bb3813&Prime; img_size=\u00a0\u00bbfull\u00a0\u00bb css=\u00a0\u00bb\u00a0\u00bb el_class=\u00a0\u00bbpb-40&Prime;][\/vc_column][vc_column offset=\u00a0\u00bbvc_col-lg-5&Prime;][web3_vc_btns class=\u00a0\u00bbobj-content pb-40 pb-lg-0&Prime; items=\u00a0\u00bb%5B%7B%22icon_name%22%3A%22&#8212;%22%2C%22vc_link%22%3A%22url%3Ahttps%253A%252F%252Fwww.hitechseals.com%252Fwp-content%252Fuploads%252F2026%252F01%252FGasket_Catalogue_-VOL_4.pdf%7Ctitle%3ADownload%2520Gasket%2520Catalogue%22%7D%5D\u00a0\u00bb][\/web3_vc_btns][\/vc_column][vc_column offset=\u00a0\u00bbvc_col-lg-6&Prime;][web3_vc_content sm=\u00a0\u00bb\u00a0\u00bb md=\u00a0\u00bb\u00a0\u00bb lg=\u00a0\u00bb\u00a0\u00bb]Rapid Gasket&hellip;\" \/>\n<meta property=\"og:url\" content=\"https:\/\/www.hitechseals.com\/fr\/fabrication\/usinage-rapide-de-joints\/\" \/>\n<meta property=\"og:site_name\" content=\"Hi-Tech Seals\" \/>\n<meta property=\"article:modified_time\" content=\"2026-01-29T20:11:01+00:00\" \/>\n<meta property=\"og:image\" content=\"https:\/\/www.hitechseals.com\/wp-content\/uploads\/2025\/08\/hitechseals.figure.01.jpg\" \/>\n\t<meta property=\"og:image:width\" content=\"490\" \/>\n\t<meta property=\"og:image:height\" content=\"270\" \/>\n\t<meta property=\"og:image:type\" content=\"image\/jpeg\" \/>\n<meta name=\"twitter:card\" content=\"summary_large_image\" \/>\n<meta name=\"twitter:label1\" content=\"Estimation du temps de lecture\" \/>\n\t<meta name=\"twitter:data1\" content=\"5 minutes\" \/>\n<script type=\"application\/ld+json\" class=\"yoast-schema-graph\">{\"@context\":\"https:\\\/\\\/schema.org\",\"@graph\":[{\"@type\":\"WebPage\",\"@id\":\"https:\\\/\\\/www.hitechseals.com\\\/fr\\\/fabrication\\\/usinage-rapide-de-joints\\\/\",\"url\":\"https:\\\/\\\/www.hitechseals.com\\\/fr\\\/fabrication\\\/usinage-rapide-de-joints\\\/\",\"name\":\"Usinage Rapid Gasket - Hi-Tech Seals\",\"isPartOf\":{\"@id\":\"https:\\\/\\\/www.hitechseals.com\\\/fr\\\/#website\"},\"primaryImageOfPage\":{\"@id\":\"https:\\\/\\\/www.hitechseals.com\\\/fr\\\/fabrication\\\/usinage-rapide-de-joints\\\/#primaryimage\"},\"image\":{\"@id\":\"https:\\\/\\\/www.hitechseals.com\\\/fr\\\/fabrication\\\/usinage-rapide-de-joints\\\/#primaryimage\"},\"thumbnailUrl\":\"https:\\\/\\\/www.hitechseals.com\\\/wp-content\\\/uploads\\\/2025\\\/08\\\/hitechseals.figure.01.jpg\",\"datePublished\":\"2025-06-24T19:39:50+00:00\",\"dateModified\":\"2026-01-29T20:11:01+00:00\",\"breadcrumb\":{\"@id\":\"https:\\\/\\\/www.hitechseals.com\\\/fr\\\/fabrication\\\/usinage-rapide-de-joints\\\/#breadcrumb\"},\"inLanguage\":\"fr-CA\",\"potentialAction\":[{\"@type\":\"ReadAction\",\"target\":[\"https:\\\/\\\/www.hitechseals.com\\\/fr\\\/fabrication\\\/usinage-rapide-de-joints\\\/\"]}]},{\"@type\":\"ImageObject\",\"inLanguage\":\"fr-CA\",\"@id\":\"https:\\\/\\\/www.hitechseals.com\\\/fr\\\/fabrication\\\/usinage-rapide-de-joints\\\/#primaryimage\",\"url\":\"https:\\\/\\\/www.hitechseals.com\\\/wp-content\\\/uploads\\\/2025\\\/08\\\/hitechseals.figure.01.jpg\",\"contentUrl\":\"https:\\\/\\\/www.hitechseals.com\\\/wp-content\\\/uploads\\\/2025\\\/08\\\/hitechseals.figure.01.jpg\",\"width\":490,\"height\":270},{\"@type\":\"BreadcrumbList\",\"@id\":\"https:\\\/\\\/www.hitechseals.com\\\/fr\\\/fabrication\\\/usinage-rapide-de-joints\\\/#breadcrumb\",\"itemListElement\":[{\"@type\":\"ListItem\",\"position\":1,\"name\":\"Home\",\"item\":\"https:\\\/\\\/www.hitechseals.com\\\/fr\\\/accueil\\\/\"},{\"@type\":\"ListItem\",\"position\":2,\"name\":\"Fabrication\",\"item\":\"https:\\\/\\\/www.hitechseals.com\\\/fr\\\/fabrication\\\/\"},{\"@type\":\"ListItem\",\"position\":3,\"name\":\"Usinage Rapid Gasket\"}]},{\"@type\":\"WebSite\",\"@id\":\"https:\\\/\\\/www.hitechseals.com\\\/fr\\\/#website\",\"url\":\"https:\\\/\\\/www.hitechseals.com\\\/fr\\\/\",\"name\":\"Hi-Tech Seals\",\"description\":\"\",\"potentialAction\":[{\"@type\":\"SearchAction\",\"target\":{\"@type\":\"EntryPoint\",\"urlTemplate\":\"https:\\\/\\\/www.hitechseals.com\\\/fr\\\/?s={search_term_string}\"},\"query-input\":{\"@type\":\"PropertyValueSpecification\",\"valueRequired\":true,\"valueName\":\"search_term_string\"}}],\"inLanguage\":\"fr-CA\"}]}<\/script>\n<!-- \/ Yoast SEO plugin. -->","yoast_head_json":{"title":"Usinage Rapid Gasket - Hi-Tech Seals","robots":{"index":"index","follow":"follow","max-snippet":"max-snippet:-1","max-image-preview":"max-image-preview:large","max-video-preview":"max-video-preview:-1"},"canonical":"https:\/\/www.hitechseals.com\/fr\/fabrication\/usinage-rapide-de-joints\/","og_locale":"fr_CA","og_type":"article","og_title":"Usinage Rapid Gasket - Hi-Tech Seals","og_description":"[vc_row sm=\u00a0\u00bb40&Prime; md=\u00a0\u00bb60&Prime; mdb=\u00a0\u00bb40&Prime; lg=\u00a0\u00bb100&Prime; lgb=\u00a0\u00bb40&Prime; el_class=\u00a0\u00bbjustify-content-between\u00a0\u00bb][vc_column offset=\u00a0\u00bbvc_col-lg-6&Prime;][vc_single_image image=\u00a0\u00bb3813&Prime; img_size=\u00a0\u00bbfull\u00a0\u00bb css=\u00a0\u00bb\u00a0\u00bb el_class=\u00a0\u00bbpb-40&Prime;][\/vc_column][vc_column offset=\u00a0\u00bbvc_col-lg-5&Prime;][web3_vc_btns class=\u00a0\u00bbobj-content pb-40 pb-lg-0&Prime; items=\u00a0\u00bb%5B%7B%22icon_name%22%3A%22&#8212;%22%2C%22vc_link%22%3A%22url%3Ahttps%253A%252F%252Fwww.hitechseals.com%252Fwp-content%252Fuploads%252F2026%252F01%252FGasket_Catalogue_-VOL_4.pdf%7Ctitle%3ADownload%2520Gasket%2520Catalogue%22%7D%5D\u00a0\u00bb][\/web3_vc_btns][\/vc_column][vc_column offset=\u00a0\u00bbvc_col-lg-6&Prime;][web3_vc_content sm=\u00a0\u00bb\u00a0\u00bb md=\u00a0\u00bb\u00a0\u00bb lg=\u00a0\u00bb\u00a0\u00bb]Rapid Gasket&hellip;","og_url":"https:\/\/www.hitechseals.com\/fr\/fabrication\/usinage-rapide-de-joints\/","og_site_name":"Hi-Tech Seals","article_modified_time":"2026-01-29T20:11:01+00:00","og_image":[{"width":490,"height":270,"url":"https:\/\/www.hitechseals.com\/wp-content\/uploads\/2025\/08\/hitechseals.figure.01.jpg","type":"image\/jpeg"}],"twitter_card":"summary_large_image","twitter_misc":{"Estimation du temps de lecture":"5 minutes"},"schema":{"@context":"https:\/\/schema.org","@graph":[{"@type":"WebPage","@id":"https:\/\/www.hitechseals.com\/fr\/fabrication\/usinage-rapide-de-joints\/","url":"https:\/\/www.hitechseals.com\/fr\/fabrication\/usinage-rapide-de-joints\/","name":"Usinage Rapid Gasket - Hi-Tech Seals","isPartOf":{"@id":"https:\/\/www.hitechseals.com\/fr\/#website"},"primaryImageOfPage":{"@id":"https:\/\/www.hitechseals.com\/fr\/fabrication\/usinage-rapide-de-joints\/#primaryimage"},"image":{"@id":"https:\/\/www.hitechseals.com\/fr\/fabrication\/usinage-rapide-de-joints\/#primaryimage"},"thumbnailUrl":"https:\/\/www.hitechseals.com\/wp-content\/uploads\/2025\/08\/hitechseals.figure.01.jpg","datePublished":"2025-06-24T19:39:50+00:00","dateModified":"2026-01-29T20:11:01+00:00","breadcrumb":{"@id":"https:\/\/www.hitechseals.com\/fr\/fabrication\/usinage-rapide-de-joints\/#breadcrumb"},"inLanguage":"fr-CA","potentialAction":[{"@type":"ReadAction","target":["https:\/\/www.hitechseals.com\/fr\/fabrication\/usinage-rapide-de-joints\/"]}]},{"@type":"ImageObject","inLanguage":"fr-CA","@id":"https:\/\/www.hitechseals.com\/fr\/fabrication\/usinage-rapide-de-joints\/#primaryimage","url":"https:\/\/www.hitechseals.com\/wp-content\/uploads\/2025\/08\/hitechseals.figure.01.jpg","contentUrl":"https:\/\/www.hitechseals.com\/wp-content\/uploads\/2025\/08\/hitechseals.figure.01.jpg","width":490,"height":270},{"@type":"BreadcrumbList","@id":"https:\/\/www.hitechseals.com\/fr\/fabrication\/usinage-rapide-de-joints\/#breadcrumb","itemListElement":[{"@type":"ListItem","position":1,"name":"Home","item":"https:\/\/www.hitechseals.com\/fr\/accueil\/"},{"@type":"ListItem","position":2,"name":"Fabrication","item":"https:\/\/www.hitechseals.com\/fr\/fabrication\/"},{"@type":"ListItem","position":3,"name":"Usinage Rapid Gasket"}]},{"@type":"WebSite","@id":"https:\/\/www.hitechseals.com\/fr\/#website","url":"https:\/\/www.hitechseals.com\/fr\/","name":"Hi-Tech Seals","description":"","potentialAction":[{"@type":"SearchAction","target":{"@type":"EntryPoint","urlTemplate":"https:\/\/www.hitechseals.com\/fr\/?s={search_term_string}"},"query-input":{"@type":"PropertyValueSpecification","valueRequired":true,"valueName":"search_term_string"}}],"inLanguage":"fr-CA"}]}},"_links":{"self":[{"href":"https:\/\/www.hitechseals.com\/fr\/wp-json\/wp\/v2\/pages\/3811","targetHints":{"allow":["GET"]}}],"collection":[{"href":"https:\/\/www.hitechseals.com\/fr\/wp-json\/wp\/v2\/pages"}],"about":[{"href":"https:\/\/www.hitechseals.com\/fr\/wp-json\/wp\/v2\/types\/page"}],"author":[{"embeddable":true,"href":"https:\/\/www.hitechseals.com\/fr\/wp-json\/wp\/v2\/users\/1"}],"replies":[{"embeddable":true,"href":"https:\/\/www.hitechseals.com\/fr\/wp-json\/wp\/v2\/comments?post=3811"}],"version-history":[{"count":5,"href":"https:\/\/www.hitechseals.com\/fr\/wp-json\/wp\/v2\/pages\/3811\/revisions"}],"predecessor-version":[{"id":5731,"href":"https:\/\/www.hitechseals.com\/fr\/wp-json\/wp\/v2\/pages\/3811\/revisions\/5731"}],"up":[{"embeddable":true,"href":"https:\/\/www.hitechseals.com\/fr\/wp-json\/wp\/v2\/pages\/3948"}],"wp:featuredmedia":[{"embeddable":true,"href":"https:\/\/www.hitechseals.com\/fr\/wp-json\/wp\/v2\/media\/3816"}],"wp:attachment":[{"href":"https:\/\/www.hitechseals.com\/fr\/wp-json\/wp\/v2\/media?parent=3811"}],"curies":[{"name":"wp","href":"https:\/\/api.w.org\/{rel}","templated":true}]}}