{"id":3824,"date":"2025-06-24T12:48:58","date_gmt":"2025-06-24T18:48:58","guid":{"rendered":"https:\/\/www.hitechseals.com\/usinage-rapide-de-joints-2\/"},"modified":"2025-12-30T17:04:01","modified_gmt":"2025-12-31T00:04:01","slug":"usinage-rapide-de-joints-2","status":"publish","type":"page","link":"https:\/\/www.hitechseals.com\/fr\/fabrication\/usinage-rapide-de-joints-2\/","title":{"rendered":"Usinage Rapid Seal"},"content":{"rendered":"<div class=\"wpb-content-wrapper\">[vc_row sm=\u00a0\u00bb40&Prime; md=\u00a0\u00bb60&Prime; mdb=\u00a0\u00bb40&Prime; lg=\u00a0\u00bb100&Prime; lgb=\u00a0\u00bb40&Prime; el_class=\u00a0\u00bbjustify-content-between\u00a0\u00bb][vc_column offset=\u00a0\u00bbvc_col-lg-6&Prime;][vc_single_image image=\u00a0\u00bb3829&Prime; img_size=\u00a0\u00bbfull\u00a0\u00bb css=\u00a0\u00bb\u00a0\u00bb el_class=\u00a0\u00bbpb-40&Prime;][\/vc_column][vc_column offset=\u00a0\u00bbvc_col-lg-5&Prime;][web3_vc_btns class=\u00a0\u00bbobj-content pb-40 pb-lg-0&Prime; items=\u00a0\u00bb%5B%7B%22icon_name%22%3A%22&#8212;%22%7D%2C%7B%22icon_name%22%3A%22&#8212;%22%7D%5D\u00a0\u00bb][\/web3_vc_btns][\/vc_column][vc_column offset=\u00a0\u00bbvc_col-lg-6&Prime;][web3_vc_content sm=\u00a0\u00bb\u00a0\u00bb md=\u00a0\u00bb\u00a0\u00bb lg=\u00a0\u00bb\u00a0\u00bb]Rapid Seal est notre service interne d&rsquo;usinage d&rsquo;\u00e9lastom\u00e8res et de plastiques. Notre \u00e9quipe de sp\u00e9cialistes en \u00e9tanch\u00e9it\u00e9 peut rapidement concevoir et fabriquer des composants neufs, de remplacement et prototypes qui r\u00e9pondent aux exigences de nos clients. Les clients peuvent choisir parmi des profils standard pr\u00e9programm\u00e9s ou collaborer avec nos professionnels pour concevoir un composant sur mesure. Les pi\u00e8ces usin\u00e9es peuvent faire \u00e9conomiser du temps et de l&rsquo;argent aux entreprises, tout en \u00e9vitant les inconv\u00e9nients li\u00e9s \u00e0 la recherche de pi\u00e8ces difficiles \u00e0 trouver.   [\/web3_vc_content][web3_vc_list_icon_texts sm=\u00a0\u00bb40&Prime; md=\u00a0\u00bb60&Prime; lg=\u00a0\u00bb40&Prime; items=\u00a0\u00bb%5B%7B%22icon_name%22%3A%22icon_Check_Circle%22%2C%22title%22%3A%22Quick%20turnaround%20times%22%7D%2C%7B%22icon_name%22%3A%22icon_Check_Circle%22%2C%22title%22%3A%22No%20minimum%20quantities%22%7D%2C%7B%22icon_name%22%3A%22icon_Check_Circle%22%2C%22title%22%3A%22Extensive%20stock%20of%20elastomer%20%26%20plastic%20billets%20and%20tubes%22%7D%2C%7B%22icon_name%22%3A%22icon_Check_Circle%22%2C%22title%22%3A%22Over%20150%20pre-programmed%20profiles%22%7D%2C%7B%22icon_name%22%3A%22icon_Check_Circle%22%2C%22title%22%3A%22Custom-designed%20solutions%20to%20customer%20specifications%22%7D%2C%7B%22icon_name%22%3A%22icon_Check_Circle%22%2C%22title%22%3A%22Access%20to%20engineering%20and%20drafting%20services%22%7D%5D\u00a0\u00bb][\/web3_vc_list_icon_texts][\/vc_column][vc_column offset=\u00a0\u00bbvc_col-lg-5&Prime;][vc_single_image image=\u00a0\u00bb3827&Prime; img_size=\u00a0\u00bbfull\u00a0\u00bb alignment=\u00a0\u00bbcenter\u00a0\u00bb css=\u00a0\u00bb\u00a0\u00bb el_class=\u00a0\u00bbpt-40&Prime;][\/vc_column][\/vc_row][vc_row][vc_column][web3_vc_content style=\u00a0\u00bb5&Prime; sm=\u00a0\u00bb0&Prime; smb=\u00a0\u00bb40&Prime; md=\u00a0\u00bb0&Prime; mdb=\u00a0\u00bb60&Prime; lg=\u00a0\u00bb\u00a0\u00bb]\r\n<h4>Processus de fabrication<\/h4>\r\nRapid Seal nous permet d&rsquo;usiner rapidement des pi\u00e8ces prototypes pour nos clients sans l&rsquo;outillage co\u00fbteux associ\u00e9 aux prototypes moul\u00e9s. Pendant la phase de d\u00e9veloppement de nouveaux composants, plusieurs r\u00e9visions de conception sont souvent n\u00e9cessaires. Les clients peuvent acc\u00e9der \u00e0 nos \u00e9quipes exp\u00e9riment\u00e9es d&rsquo;ing\u00e9nierie, de dessin technique et d&rsquo;usinage pour un soutien suppl\u00e9mentaire en conception.  \r\n<h4>Usinage de pr\u00e9cision<\/h4>\r\nRapid Seal utilise une gamme diversifi\u00e9e d&rsquo;\u00e9quipements d&rsquo;usinage de pointe. Nous pouvons usiner des profils avec un DI aussi petit que \u00bc\u02ee (6 mm) jusqu&rsquo;\u00e0 un DE aussi grand que 29&Prime; (737 mm). Nous pouvons maintenir une pr\u00e9cision rigoureuse sur les composants usin\u00e9s \u00e9lastom\u00e8res et thermoplastiques. Nos \u00e9lastom\u00e8res usin\u00e9s sont disponibles dans des durom\u00e8tres de 70 \u00e0 95 Shore A. Nos capacit\u00e9s de tol\u00e9rance varient selon les dimensions des pi\u00e8ces.    [\/web3_vc_content][\/vc_column][\/vc_row][vc_row vc_contrast=\u00a0\u00bblight\u00a0\u00bb vc_update_mobile=\u00a0\u00bb1092&Prime;][vc_column][web3_vc_link_title_btn sm=\u00a0\u00bb40&Prime; md=\u00a0\u00bb60&Prime; lg=\u00a0\u00bb100&Prime; text_align_sm=\u00a0\u00bbcenter\u00a0\u00bb title=\u00a0\u00bbProfils Rapid Seal\u00a0\u00bb vc_link=\u00a0\u00bburl:https%3A%2F%2Fwww.hitechseals.com%2Fmanufacturing%2Frapid-seal-machining%2Frapid-seal-profiles%2F|title:View%20Our%20Profiles\u00a0\u00bb]Les clients ont acc\u00e8s \u00e0 plus de 150 profils Rapid Seal standard pr\u00e9programm\u00e9s. Nous pouvons \u00e9galement travailler avec les clients pour modifier les conceptions de profils standard afin d&rsquo;optimiser les performances d&rsquo;\u00e9tanch\u00e9it\u00e9. [\/web3_vc_link_title_btn][\/vc_column][\/vc_row][vc_row][vc_column][web3_vc_db_profiles output_src=\u00a0\u00bbcustom\u00a0\u00bb class=\u00a0\u00bbobj-content columns\u00a0\u00bb sm=\u00a0\u00bb40&Prime; md=\u00a0\u00bb60&Prime; lg=\u00a0\u00bb100&Prime; title=\u00a0\u00bbMat\u00e9riaux\u00a0\u00bb items=\u00a0\u00bb%5B%7B%22title%22%3A%22Elastomers%22%2C%22body%22%3A%22Tml0cmlsZSUwQUh5ZHJvZ2VuYXRlZCUyME5pdHJpbGUlMEFCb0t1cmUlRTIlODQlQTIlMjBVcmV0aGFuZSUwQUJvS3VyZSVFMiU4NCVBMiUyMEdIT1NUJTBBVml0b24lRTIlODQlQTIlMkZGbHVvcm9jYXJib24lMEFFdGh5bGVuZSUyMFByb3B5bGVuZSUyMCUyOEVQRE0lMjklMEFBZmxhcyVDMiVBRSUyMEZFUE0lMEFOZW9wcmVuZSUyRkNobG9yb3ByZW5lJTBBSHl0cmVsJUMyJUFF%22%2C%22class%22%3A%22col-12%20col-lg-auto%22%7D%2C%7B%22title%22%3A%22Plastics%22%2C%22body%22%3A%22JTNDdWwlM0UlMEElMjAlMDklM0NsaSUzRUthc1BleCVFMiU4NCVBMiUyMFBFRUslMEElRTIlODAlOTMlMjBWaXJnaW4lMEElRTIlODAlOTMlMjBDYXJib24lMjByZWluZm9yY2VkJTJDJTBBJUUyJTgwJTkzJTIwR2xhc3MlMjByZWluZm9yY2VkJTBBTnlsb24lMEFBY2V0YWwlMEFVSE1XLVBFJTBBRWtvbm9sJUMyJUFFJTBBVG9ybG9uJUMyJUFFJTJGUG9seWFtaWRlLWltaWRlJTBBVmVzcGVsJUMyJUFFJTBBRXJ0YWx5dGUlQzIlQUUlMkZQRVQtUCUzQyUyRmxpJTNFJTBBJTIwJTA5JTNDbGklM0VQb2x5cGhlbnlsZW5lJTIwU3VscGhpZGUlMjAlMjhQUFMlMjklMEFQVEZFJTBBJUUyJTgwJTkzJTIwVmlyZ2luJTJDJTBBJUUyJTgwJTkzJTIwQnJvbnplJTIwcmVpbmZvcmNlZCUwQSVFMiU4MCU5MyUyMENhcmJvbiUyMHJlaW5mb3JjZWQlMEElRTIlODAlOTMlMjBDYXJib24lMkZHcmFwaGl0ZSUyMHJlaW5mb3JjZWQlMEElRTIlODAlOTMlMjBHbGFzcyUyMHJlaW5mb3JjZWQlMEElRTIlODAlOTMlMjBNb2x5JTJGR2xhc3MlMjByZWluZm9yY2VkJTNDJTJGbGklM0UlMEElM0MlMkZ1bCUzRQ%3D%3D%22%2C%22class%22%3A%22col-12%20col-lg-auto%20columns%20columns-2%22%7D%5D\u00a0\u00bb]Nous stockons une gamme \u00e9tendue de compos\u00e9s \u00e9lastom\u00e8res et de mat\u00e9riaux plastiques. Cela nous permet de fournir des solutions usin\u00e9es sup\u00e9rieures qui optimisent les applications de nos clients. Nos mat\u00e9riaux sont disponibles dans une gamme de tailles de tubes et de billettes, nous permettant de r\u00e9duire les d\u00e9chets de mat\u00e9riaux et d&rsquo;\u00e9conomiser l&rsquo;argent de nos clients. Nos \u00e9lastom\u00e8res usin\u00e9s sont disponibles de 70 \u00e0 95 durom\u00e8tres sur l&rsquo;\u00e9chelle Shore A.   \r\n\r\n<strong>Besoin d&rsquo;aide pour identifier un mat\u00e9riau chimiquement compatible avec les fluides de votre application ?<\/strong>\r\n\r\nConsultez notre <a href=\"https:\/\/www.hitechseals.com\/fr\/ressources\/compatibilite-chimique\/\">outil de compatibilit\u00e9 chimique _i_arrow_<\/a>[\/web3_vc_db_profiles][\/vc_column][\/vc_row]<\/div>","protected":false},"excerpt":{"rendered":"<p>[vc_row sm=\u00a0\u00bb40&Prime; md=\u00a0\u00bb60&Prime; mdb=\u00a0\u00bb40&Prime; lg=\u00a0\u00bb100&Prime; lgb=\u00a0\u00bb40&Prime; el_class=\u00a0\u00bbjustify-content-between\u00a0\u00bb][vc_column offset=\u00a0\u00bbvc_col-lg-6&Prime;][vc_single_image image=\u00a0\u00bb3829&Prime; img_size=\u00a0\u00bbfull\u00a0\u00bb css=\u00a0\u00bb\u00a0\u00bb el_class=\u00a0\u00bbpb-40&Prime;][\/vc_column][vc_column offset=\u00a0\u00bbvc_col-lg-5&Prime;][web3_vc_btns class=\u00a0\u00bbobj-content pb-40 pb-lg-0&Prime; items=\u00a0\u00bb%5B%7B%22icon_name%22%3A%22&#8212;%22%7D%2C%7B%22icon_name%22%3A%22&#8212;%22%7D%5D\u00a0\u00bb][\/web3_vc_btns][\/vc_column][vc_column offset=\u00a0\u00bbvc_col-lg-6&Prime;][web3_vc_content sm=\u00a0\u00bb\u00a0\u00bb md=\u00a0\u00bb\u00a0\u00bb lg=\u00a0\u00bb\u00a0\u00bb]Rapid Seal&hellip;<\/p>\n","protected":false},"author":1,"featured_media":3830,"parent":3948,"menu_order":0,"comment_status":"closed","ping_status":"closed","template":"","meta":{"_acf_changed":false,"footnotes":""},"class_list":["post-3824","page","type-page","status-publish","has-post-thumbnail","hentry"],"acf":[],"yoast_head":"<!-- This site is optimized with the Yoast SEO plugin v27.4 - https:\/\/yoast.com\/product\/yoast-seo-wordpress\/ -->\n<title>Usinage Rapid Seal - Hi-Tech Seals<\/title>\n<meta name=\"robots\" content=\"index, follow, max-snippet:-1, max-image-preview:large, max-video-preview:-1\" \/>\n<link rel=\"canonical\" href=\"https:\/\/www.hitechseals.com\/fr\/fabrication\/usinage-rapide-de-joints-2\/\" \/>\n<meta property=\"og:locale\" content=\"fr_CA\" \/>\n<meta property=\"og:type\" content=\"article\" \/>\n<meta property=\"og:title\" content=\"Usinage Rapid Seal - Hi-Tech Seals\" \/>\n<meta property=\"og:description\" content=\"[vc_row sm=\u00a0\u00bb40&Prime; md=\u00a0\u00bb60&Prime; mdb=\u00a0\u00bb40&Prime; lg=\u00a0\u00bb100&Prime; lgb=\u00a0\u00bb40&Prime; el_class=\u00a0\u00bbjustify-content-between\u00a0\u00bb][vc_column offset=\u00a0\u00bbvc_col-lg-6&Prime;][vc_single_image image=\u00a0\u00bb3829&Prime; img_size=\u00a0\u00bbfull\u00a0\u00bb css=\u00a0\u00bb\u00a0\u00bb el_class=\u00a0\u00bbpb-40&Prime;][\/vc_column][vc_column offset=\u00a0\u00bbvc_col-lg-5&Prime;][web3_vc_btns class=\u00a0\u00bbobj-content pb-40 pb-lg-0&Prime; items=\u00a0\u00bb%5B%7B%22icon_name%22%3A%22&#8212;%22%7D%2C%7B%22icon_name%22%3A%22&#8212;%22%7D%5D\u00a0\u00bb][\/web3_vc_btns][\/vc_column][vc_column offset=\u00a0\u00bbvc_col-lg-6&Prime;][web3_vc_content sm=\u00a0\u00bb\u00a0\u00bb md=\u00a0\u00bb\u00a0\u00bb lg=\u00a0\u00bb\u00a0\u00bb]Rapid Seal&hellip;\" \/>\n<meta property=\"og:url\" content=\"https:\/\/www.hitechseals.com\/fr\/fabrication\/usinage-rapide-de-joints-2\/\" \/>\n<meta property=\"og:site_name\" content=\"Hi-Tech Seals\" \/>\n<meta property=\"article:modified_time\" content=\"2025-12-31T00:04:01+00:00\" \/>\n<meta property=\"og:image\" content=\"https:\/\/www.hitechseals.com\/wp-content\/uploads\/2025\/08\/rapid_seal.jpg\" \/>\n\t<meta property=\"og:image:width\" content=\"550\" \/>\n\t<meta property=\"og:image:height\" content=\"367\" \/>\n\t<meta property=\"og:image:type\" content=\"image\/jpeg\" \/>\n<meta name=\"twitter:card\" content=\"summary_large_image\" \/>\n<meta name=\"twitter:label1\" content=\"Estimation du temps de lecture\" \/>\n\t<meta name=\"twitter:data1\" content=\"4 minutes\" \/>\n<script type=\"application\/ld+json\" class=\"yoast-schema-graph\">{\"@context\":\"https:\\\/\\\/schema.org\",\"@graph\":[{\"@type\":\"WebPage\",\"@id\":\"https:\\\/\\\/www.hitechseals.com\\\/fr\\\/fabrication\\\/usinage-rapide-de-joints-2\\\/\",\"url\":\"https:\\\/\\\/www.hitechseals.com\\\/fr\\\/fabrication\\\/usinage-rapide-de-joints-2\\\/\",\"name\":\"Usinage Rapid Seal - Hi-Tech Seals\",\"isPartOf\":{\"@id\":\"https:\\\/\\\/www.hitechseals.com\\\/fr\\\/#website\"},\"primaryImageOfPage\":{\"@id\":\"https:\\\/\\\/www.hitechseals.com\\\/fr\\\/fabrication\\\/usinage-rapide-de-joints-2\\\/#primaryimage\"},\"image\":{\"@id\":\"https:\\\/\\\/www.hitechseals.com\\\/fr\\\/fabrication\\\/usinage-rapide-de-joints-2\\\/#primaryimage\"},\"thumbnailUrl\":\"https:\\\/\\\/www.hitechseals.com\\\/wp-content\\\/uploads\\\/2025\\\/08\\\/rapid_seal.jpg\",\"datePublished\":\"2025-06-24T18:48:58+00:00\",\"dateModified\":\"2025-12-31T00:04:01+00:00\",\"breadcrumb\":{\"@id\":\"https:\\\/\\\/www.hitechseals.com\\\/fr\\\/fabrication\\\/usinage-rapide-de-joints-2\\\/#breadcrumb\"},\"inLanguage\":\"fr-CA\",\"potentialAction\":[{\"@type\":\"ReadAction\",\"target\":[\"https:\\\/\\\/www.hitechseals.com\\\/fr\\\/fabrication\\\/usinage-rapide-de-joints-2\\\/\"]}]},{\"@type\":\"ImageObject\",\"inLanguage\":\"fr-CA\",\"@id\":\"https:\\\/\\\/www.hitechseals.com\\\/fr\\\/fabrication\\\/usinage-rapide-de-joints-2\\\/#primaryimage\",\"url\":\"https:\\\/\\\/www.hitechseals.com\\\/wp-content\\\/uploads\\\/2025\\\/08\\\/rapid_seal.jpg\",\"contentUrl\":\"https:\\\/\\\/www.hitechseals.com\\\/wp-content\\\/uploads\\\/2025\\\/08\\\/rapid_seal.jpg\",\"width\":550,\"height\":367},{\"@type\":\"BreadcrumbList\",\"@id\":\"https:\\\/\\\/www.hitechseals.com\\\/fr\\\/fabrication\\\/usinage-rapide-de-joints-2\\\/#breadcrumb\",\"itemListElement\":[{\"@type\":\"ListItem\",\"position\":1,\"name\":\"Home\",\"item\":\"https:\\\/\\\/www.hitechseals.com\\\/fr\\\/accueil\\\/\"},{\"@type\":\"ListItem\",\"position\":2,\"name\":\"Fabrication\",\"item\":\"https:\\\/\\\/www.hitechseals.com\\\/fr\\\/fabrication\\\/\"},{\"@type\":\"ListItem\",\"position\":3,\"name\":\"Usinage Rapid Seal\"}]},{\"@type\":\"WebSite\",\"@id\":\"https:\\\/\\\/www.hitechseals.com\\\/fr\\\/#website\",\"url\":\"https:\\\/\\\/www.hitechseals.com\\\/fr\\\/\",\"name\":\"Hi-Tech Seals\",\"description\":\"\",\"potentialAction\":[{\"@type\":\"SearchAction\",\"target\":{\"@type\":\"EntryPoint\",\"urlTemplate\":\"https:\\\/\\\/www.hitechseals.com\\\/fr\\\/?s={search_term_string}\"},\"query-input\":{\"@type\":\"PropertyValueSpecification\",\"valueRequired\":true,\"valueName\":\"search_term_string\"}}],\"inLanguage\":\"fr-CA\"}]}<\/script>\n<!-- \/ Yoast SEO plugin. -->","yoast_head_json":{"title":"Usinage Rapid Seal - Hi-Tech Seals","robots":{"index":"index","follow":"follow","max-snippet":"max-snippet:-1","max-image-preview":"max-image-preview:large","max-video-preview":"max-video-preview:-1"},"canonical":"https:\/\/www.hitechseals.com\/fr\/fabrication\/usinage-rapide-de-joints-2\/","og_locale":"fr_CA","og_type":"article","og_title":"Usinage Rapid Seal - Hi-Tech Seals","og_description":"[vc_row sm=\u00a0\u00bb40&Prime; md=\u00a0\u00bb60&Prime; mdb=\u00a0\u00bb40&Prime; lg=\u00a0\u00bb100&Prime; lgb=\u00a0\u00bb40&Prime; el_class=\u00a0\u00bbjustify-content-between\u00a0\u00bb][vc_column offset=\u00a0\u00bbvc_col-lg-6&Prime;][vc_single_image image=\u00a0\u00bb3829&Prime; img_size=\u00a0\u00bbfull\u00a0\u00bb css=\u00a0\u00bb\u00a0\u00bb el_class=\u00a0\u00bbpb-40&Prime;][\/vc_column][vc_column offset=\u00a0\u00bbvc_col-lg-5&Prime;][web3_vc_btns class=\u00a0\u00bbobj-content pb-40 pb-lg-0&Prime; items=\u00a0\u00bb%5B%7B%22icon_name%22%3A%22&#8212;%22%7D%2C%7B%22icon_name%22%3A%22&#8212;%22%7D%5D\u00a0\u00bb][\/web3_vc_btns][\/vc_column][vc_column offset=\u00a0\u00bbvc_col-lg-6&Prime;][web3_vc_content sm=\u00a0\u00bb\u00a0\u00bb md=\u00a0\u00bb\u00a0\u00bb lg=\u00a0\u00bb\u00a0\u00bb]Rapid Seal&hellip;","og_url":"https:\/\/www.hitechseals.com\/fr\/fabrication\/usinage-rapide-de-joints-2\/","og_site_name":"Hi-Tech Seals","article_modified_time":"2025-12-31T00:04:01+00:00","og_image":[{"width":550,"height":367,"url":"https:\/\/www.hitechseals.com\/wp-content\/uploads\/2025\/08\/rapid_seal.jpg","type":"image\/jpeg"}],"twitter_card":"summary_large_image","twitter_misc":{"Estimation du temps de lecture":"4 minutes"},"schema":{"@context":"https:\/\/schema.org","@graph":[{"@type":"WebPage","@id":"https:\/\/www.hitechseals.com\/fr\/fabrication\/usinage-rapide-de-joints-2\/","url":"https:\/\/www.hitechseals.com\/fr\/fabrication\/usinage-rapide-de-joints-2\/","name":"Usinage Rapid Seal - Hi-Tech Seals","isPartOf":{"@id":"https:\/\/www.hitechseals.com\/fr\/#website"},"primaryImageOfPage":{"@id":"https:\/\/www.hitechseals.com\/fr\/fabrication\/usinage-rapide-de-joints-2\/#primaryimage"},"image":{"@id":"https:\/\/www.hitechseals.com\/fr\/fabrication\/usinage-rapide-de-joints-2\/#primaryimage"},"thumbnailUrl":"https:\/\/www.hitechseals.com\/wp-content\/uploads\/2025\/08\/rapid_seal.jpg","datePublished":"2025-06-24T18:48:58+00:00","dateModified":"2025-12-31T00:04:01+00:00","breadcrumb":{"@id":"https:\/\/www.hitechseals.com\/fr\/fabrication\/usinage-rapide-de-joints-2\/#breadcrumb"},"inLanguage":"fr-CA","potentialAction":[{"@type":"ReadAction","target":["https:\/\/www.hitechseals.com\/fr\/fabrication\/usinage-rapide-de-joints-2\/"]}]},{"@type":"ImageObject","inLanguage":"fr-CA","@id":"https:\/\/www.hitechseals.com\/fr\/fabrication\/usinage-rapide-de-joints-2\/#primaryimage","url":"https:\/\/www.hitechseals.com\/wp-content\/uploads\/2025\/08\/rapid_seal.jpg","contentUrl":"https:\/\/www.hitechseals.com\/wp-content\/uploads\/2025\/08\/rapid_seal.jpg","width":550,"height":367},{"@type":"BreadcrumbList","@id":"https:\/\/www.hitechseals.com\/fr\/fabrication\/usinage-rapide-de-joints-2\/#breadcrumb","itemListElement":[{"@type":"ListItem","position":1,"name":"Home","item":"https:\/\/www.hitechseals.com\/fr\/accueil\/"},{"@type":"ListItem","position":2,"name":"Fabrication","item":"https:\/\/www.hitechseals.com\/fr\/fabrication\/"},{"@type":"ListItem","position":3,"name":"Usinage Rapid Seal"}]},{"@type":"WebSite","@id":"https:\/\/www.hitechseals.com\/fr\/#website","url":"https:\/\/www.hitechseals.com\/fr\/","name":"Hi-Tech Seals","description":"","potentialAction":[{"@type":"SearchAction","target":{"@type":"EntryPoint","urlTemplate":"https:\/\/www.hitechseals.com\/fr\/?s={search_term_string}"},"query-input":{"@type":"PropertyValueSpecification","valueRequired":true,"valueName":"search_term_string"}}],"inLanguage":"fr-CA"}]}},"_links":{"self":[{"href":"https:\/\/www.hitechseals.com\/fr\/wp-json\/wp\/v2\/pages\/3824","targetHints":{"allow":["GET"]}}],"collection":[{"href":"https:\/\/www.hitechseals.com\/fr\/wp-json\/wp\/v2\/pages"}],"about":[{"href":"https:\/\/www.hitechseals.com\/fr\/wp-json\/wp\/v2\/types\/page"}],"author":[{"embeddable":true,"href":"https:\/\/www.hitechseals.com\/fr\/wp-json\/wp\/v2\/users\/1"}],"replies":[{"embeddable":true,"href":"https:\/\/www.hitechseals.com\/fr\/wp-json\/wp\/v2\/comments?post=3824"}],"version-history":[{"count":5,"href":"https:\/\/www.hitechseals.com\/fr\/wp-json\/wp\/v2\/pages\/3824\/revisions"}],"predecessor-version":[{"id":5440,"href":"https:\/\/www.hitechseals.com\/fr\/wp-json\/wp\/v2\/pages\/3824\/revisions\/5440"}],"up":[{"embeddable":true,"href":"https:\/\/www.hitechseals.com\/fr\/wp-json\/wp\/v2\/pages\/3948"}],"wp:featuredmedia":[{"embeddable":true,"href":"https:\/\/www.hitechseals.com\/fr\/wp-json\/wp\/v2\/media\/3830"}],"wp:attachment":[{"href":"https:\/\/www.hitechseals.com\/fr\/wp-json\/wp\/v2\/media?parent=3824"}],"curies":[{"name":"wp","href":"https:\/\/api.w.org\/{rel}","templated":true}]}}