{"id":3834,"date":"2025-06-24T09:58:33","date_gmt":"2025-06-24T15:58:33","guid":{"rendered":"https:\/\/www.hitechseals.com\/etiquettes-personnalisees\/"},"modified":"2025-12-30T16:59:56","modified_gmt":"2025-12-30T23:59:56","slug":"etiquettes-personnalisees","status":"publish","type":"page","link":"https:\/\/www.hitechseals.com\/fr\/services\/etiquettes-personnalisees\/","title":{"rendered":"\u00c9tiquettes personnalis\u00e9es"},"content":{"rendered":"<div class=\"wpb-content-wrapper\">[vc_row sm=\u00a0\u00bb40&Prime; md=\u00a0\u00bb60&Prime; lg=\u00a0\u00bb100&Prime; el_class=\u00a0\u00bbjustify-content-between\u00a0\u00bb][vc_column offset=\u00a0\u00bbvc_col-lg-6&Prime;][web3_vc_content sm=\u00a0\u00bb\u00a0\u00bb md=\u00a0\u00bb\u00a0\u00bb lg=\u00a0\u00bb\u00a0\u00bb]Les sacs et les \u00e9tiquettes des produits contiennent g\u00e9n\u00e9ralement des informations importantes. Chez Hi-Tech Joints, nous pouvons personnaliser les \u00e9tiquettes pour inclure le logo de l&rsquo;entreprise, le num\u00e9ro de pi\u00e8ce, le mat\u00e9riau et d&rsquo;autres informations sur le produit et son application. Cela permet aux clients d&rsquo;\u00e9conomiser du temps et de l&rsquo;argent en \u00e9vitant d&rsquo;avoir \u00e0 r\u00e9-\u00e9tiqueter les produits une fois re\u00e7us.  \r\n\r\nLes \u00e9tiquettes personnalis\u00e9es peuvent aider le personnel et les clients \u00e0 r\u00e9duire les erreurs d&rsquo;installation et d&rsquo;inventaire gr\u00e2ce aux informations cl\u00e9s \u00e0 port\u00e9e de main. Elles sont \u00e9galement b\u00e9n\u00e9fiques lorsque le produit doit \u00eatre recommand\u00e9. [\/web3_vc_content][web3_vc_list_icon_texts sm=\u00a0\u00bb40&Prime; md=\u00a0\u00bb60&Prime; lg=\u00a0\u00bb40&Prime; title=\u00a0\u00bbAvantages du programme de cr\u00e9ation de kits\u00a0\u00bb items=\u00a0\u00bb%5B%7B%22icon_name%22%3A%22icon_Check_Circle%22%2C%22title%22%3A%22Increase%20brand%20exposure%22%7D%2C%7B%22icon_name%22%3A%22icon_Check_Circle%22%2C%22title%22%3A%22Company-specific%20part%20numbers%22%7D%2C%7B%22icon_name%22%3A%22icon_Check_Circle%22%2C%22title%22%3A%22Easier%20reordering%20process%22%7D%2C%7B%22icon_name%22%3A%22icon_Check_Circle%22%2C%22title%22%3A%22Labels%20can%20be%20specific%20to%20the%20application%22%7D%5D\u00a0\u00bb][\/web3_vc_list_icon_texts][\/vc_column][vc_column offset=\u00a0\u00bbvc_col-lg-5&Prime;][vc_single_image image=\u00a0\u00bb3835&Prime; img_size=\u00a0\u00bbfull\u00a0\u00bb alignment=\u00a0\u00bbcenter\u00a0\u00bb css=\u00a0\u00bb\u00a0\u00bb][\/vc_column][\/vc_row]<\/div>","protected":false},"excerpt":{"rendered":"<p>[vc_row sm=\u00a0\u00bb40&Prime; md=\u00a0\u00bb60&Prime; lg=\u00a0\u00bb100&Prime; el_class=\u00a0\u00bbjustify-content-between\u00a0\u00bb][vc_column offset=\u00a0\u00bbvc_col-lg-6&Prime;][web3_vc_content sm=\u00a0\u00bb\u00a0\u00bb md=\u00a0\u00bb\u00a0\u00bb lg=\u00a0\u00bb\u00a0\u00bb]Les sacs et les \u00e9tiquettes des produits contiennent g\u00e9n\u00e9ralement des informations importantes. Chez Hi-Tech&hellip;<\/p>\n","protected":false},"author":1,"featured_media":3835,"parent":3946,"menu_order":1,"comment_status":"closed","ping_status":"closed","template":"","meta":{"_acf_changed":false,"footnotes":""},"class_list":["post-3834","page","type-page","status-publish","has-post-thumbnail","hentry"],"acf":[],"yoast_head":"<!-- This site is optimized with the Yoast SEO plugin v27.4 - https:\/\/yoast.com\/product\/yoast-seo-wordpress\/ -->\n<title>\u00c9tiquettes personnalis\u00e9es - Hi-Tech Seals<\/title>\n<meta name=\"robots\" content=\"index, follow, max-snippet:-1, max-image-preview:large, max-video-preview:-1\" \/>\n<link rel=\"canonical\" href=\"https:\/\/www.hitechseals.com\/fr\/services\/etiquettes-personnalisees\/\" \/>\n<meta property=\"og:locale\" content=\"fr_CA\" \/>\n<meta property=\"og:type\" content=\"article\" \/>\n<meta property=\"og:title\" content=\"\u00c9tiquettes personnalis\u00e9es - Hi-Tech Seals\" \/>\n<meta property=\"og:description\" content=\"[vc_row sm=\u00a0\u00bb40&Prime; md=\u00a0\u00bb60&Prime; lg=\u00a0\u00bb100&Prime; el_class=\u00a0\u00bbjustify-content-between\u00a0\u00bb][vc_column offset=\u00a0\u00bbvc_col-lg-6&Prime;][web3_vc_content sm=\u00a0\u00bb\u00a0\u00bb md=\u00a0\u00bb\u00a0\u00bb lg=\u00a0\u00bb\u00a0\u00bb]Les sacs et les \u00e9tiquettes des produits contiennent g\u00e9n\u00e9ralement des informations importantes. Chez Hi-Tech&hellip;\" \/>\n<meta property=\"og:url\" content=\"https:\/\/www.hitechseals.com\/fr\/services\/etiquettes-personnalisees\/\" \/>\n<meta property=\"og:site_name\" content=\"Hi-Tech Seals\" \/>\n<meta property=\"article:modified_time\" content=\"2025-12-30T23:59:56+00:00\" \/>\n<meta property=\"og:image\" content=\"https:\/\/www.hitechseals.com\/wp-content\/uploads\/2025\/06\/hitechseals.figure.Manufacturing.06.jpg\" \/>\n\t<meta property=\"og:image:width\" content=\"582\" \/>\n\t<meta property=\"og:image:height\" content=\"339\" \/>\n\t<meta property=\"og:image:type\" content=\"image\/jpeg\" \/>\n<meta name=\"twitter:card\" content=\"summary_large_image\" \/>\n<meta name=\"twitter:label1\" content=\"Estimation du temps de lecture\" \/>\n\t<meta name=\"twitter:data1\" content=\"1 minute\" \/>\n<script type=\"application\/ld+json\" class=\"yoast-schema-graph\">{\"@context\":\"https:\\\/\\\/schema.org\",\"@graph\":[{\"@type\":\"WebPage\",\"@id\":\"https:\\\/\\\/www.hitechseals.com\\\/fr\\\/services\\\/etiquettes-personnalisees\\\/\",\"url\":\"https:\\\/\\\/www.hitechseals.com\\\/fr\\\/services\\\/etiquettes-personnalisees\\\/\",\"name\":\"\u00c9tiquettes personnalis\u00e9es - Hi-Tech Seals\",\"isPartOf\":{\"@id\":\"https:\\\/\\\/www.hitechseals.com\\\/fr\\\/#website\"},\"primaryImageOfPage\":{\"@id\":\"https:\\\/\\\/www.hitechseals.com\\\/fr\\\/services\\\/etiquettes-personnalisees\\\/#primaryimage\"},\"image\":{\"@id\":\"https:\\\/\\\/www.hitechseals.com\\\/fr\\\/services\\\/etiquettes-personnalisees\\\/#primaryimage\"},\"thumbnailUrl\":\"https:\\\/\\\/www.hitechseals.com\\\/wp-content\\\/uploads\\\/2025\\\/06\\\/hitechseals.figure.Manufacturing.06.jpg\",\"datePublished\":\"2025-06-24T15:58:33+00:00\",\"dateModified\":\"2025-12-30T23:59:56+00:00\",\"breadcrumb\":{\"@id\":\"https:\\\/\\\/www.hitechseals.com\\\/fr\\\/services\\\/etiquettes-personnalisees\\\/#breadcrumb\"},\"inLanguage\":\"fr-CA\",\"potentialAction\":[{\"@type\":\"ReadAction\",\"target\":[\"https:\\\/\\\/www.hitechseals.com\\\/fr\\\/services\\\/etiquettes-personnalisees\\\/\"]}]},{\"@type\":\"ImageObject\",\"inLanguage\":\"fr-CA\",\"@id\":\"https:\\\/\\\/www.hitechseals.com\\\/fr\\\/services\\\/etiquettes-personnalisees\\\/#primaryimage\",\"url\":\"https:\\\/\\\/www.hitechseals.com\\\/wp-content\\\/uploads\\\/2025\\\/06\\\/hitechseals.figure.Manufacturing.06.jpg\",\"contentUrl\":\"https:\\\/\\\/www.hitechseals.com\\\/wp-content\\\/uploads\\\/2025\\\/06\\\/hitechseals.figure.Manufacturing.06.jpg\",\"width\":582,\"height\":339},{\"@type\":\"BreadcrumbList\",\"@id\":\"https:\\\/\\\/www.hitechseals.com\\\/fr\\\/services\\\/etiquettes-personnalisees\\\/#breadcrumb\",\"itemListElement\":[{\"@type\":\"ListItem\",\"position\":1,\"name\":\"Home\",\"item\":\"https:\\\/\\\/www.hitechseals.com\\\/fr\\\/accueil\\\/\"},{\"@type\":\"ListItem\",\"position\":2,\"name\":\"Services\",\"item\":\"https:\\\/\\\/www.hitechseals.com\\\/fr\\\/services\\\/\"},{\"@type\":\"ListItem\",\"position\":3,\"name\":\"\u00c9tiquettes personnalis\u00e9es\"}]},{\"@type\":\"WebSite\",\"@id\":\"https:\\\/\\\/www.hitechseals.com\\\/fr\\\/#website\",\"url\":\"https:\\\/\\\/www.hitechseals.com\\\/fr\\\/\",\"name\":\"Hi-Tech Seals\",\"description\":\"\",\"potentialAction\":[{\"@type\":\"SearchAction\",\"target\":{\"@type\":\"EntryPoint\",\"urlTemplate\":\"https:\\\/\\\/www.hitechseals.com\\\/fr\\\/?s={search_term_string}\"},\"query-input\":{\"@type\":\"PropertyValueSpecification\",\"valueRequired\":true,\"valueName\":\"search_term_string\"}}],\"inLanguage\":\"fr-CA\"}]}<\/script>\n<!-- \/ Yoast SEO plugin. -->","yoast_head_json":{"title":"\u00c9tiquettes personnalis\u00e9es - Hi-Tech Seals","robots":{"index":"index","follow":"follow","max-snippet":"max-snippet:-1","max-image-preview":"max-image-preview:large","max-video-preview":"max-video-preview:-1"},"canonical":"https:\/\/www.hitechseals.com\/fr\/services\/etiquettes-personnalisees\/","og_locale":"fr_CA","og_type":"article","og_title":"\u00c9tiquettes personnalis\u00e9es - Hi-Tech Seals","og_description":"[vc_row sm=\u00a0\u00bb40&Prime; md=\u00a0\u00bb60&Prime; lg=\u00a0\u00bb100&Prime; el_class=\u00a0\u00bbjustify-content-between\u00a0\u00bb][vc_column offset=\u00a0\u00bbvc_col-lg-6&Prime;][web3_vc_content sm=\u00a0\u00bb\u00a0\u00bb md=\u00a0\u00bb\u00a0\u00bb lg=\u00a0\u00bb\u00a0\u00bb]Les sacs et les \u00e9tiquettes des produits contiennent g\u00e9n\u00e9ralement des informations importantes. Chez Hi-Tech&hellip;","og_url":"https:\/\/www.hitechseals.com\/fr\/services\/etiquettes-personnalisees\/","og_site_name":"Hi-Tech Seals","article_modified_time":"2025-12-30T23:59:56+00:00","og_image":[{"width":582,"height":339,"url":"https:\/\/www.hitechseals.com\/wp-content\/uploads\/2025\/06\/hitechseals.figure.Manufacturing.06.jpg","type":"image\/jpeg"}],"twitter_card":"summary_large_image","twitter_misc":{"Estimation du temps de lecture":"1 minute"},"schema":{"@context":"https:\/\/schema.org","@graph":[{"@type":"WebPage","@id":"https:\/\/www.hitechseals.com\/fr\/services\/etiquettes-personnalisees\/","url":"https:\/\/www.hitechseals.com\/fr\/services\/etiquettes-personnalisees\/","name":"\u00c9tiquettes personnalis\u00e9es - Hi-Tech Seals","isPartOf":{"@id":"https:\/\/www.hitechseals.com\/fr\/#website"},"primaryImageOfPage":{"@id":"https:\/\/www.hitechseals.com\/fr\/services\/etiquettes-personnalisees\/#primaryimage"},"image":{"@id":"https:\/\/www.hitechseals.com\/fr\/services\/etiquettes-personnalisees\/#primaryimage"},"thumbnailUrl":"https:\/\/www.hitechseals.com\/wp-content\/uploads\/2025\/06\/hitechseals.figure.Manufacturing.06.jpg","datePublished":"2025-06-24T15:58:33+00:00","dateModified":"2025-12-30T23:59:56+00:00","breadcrumb":{"@id":"https:\/\/www.hitechseals.com\/fr\/services\/etiquettes-personnalisees\/#breadcrumb"},"inLanguage":"fr-CA","potentialAction":[{"@type":"ReadAction","target":["https:\/\/www.hitechseals.com\/fr\/services\/etiquettes-personnalisees\/"]}]},{"@type":"ImageObject","inLanguage":"fr-CA","@id":"https:\/\/www.hitechseals.com\/fr\/services\/etiquettes-personnalisees\/#primaryimage","url":"https:\/\/www.hitechseals.com\/wp-content\/uploads\/2025\/06\/hitechseals.figure.Manufacturing.06.jpg","contentUrl":"https:\/\/www.hitechseals.com\/wp-content\/uploads\/2025\/06\/hitechseals.figure.Manufacturing.06.jpg","width":582,"height":339},{"@type":"BreadcrumbList","@id":"https:\/\/www.hitechseals.com\/fr\/services\/etiquettes-personnalisees\/#breadcrumb","itemListElement":[{"@type":"ListItem","position":1,"name":"Home","item":"https:\/\/www.hitechseals.com\/fr\/accueil\/"},{"@type":"ListItem","position":2,"name":"Services","item":"https:\/\/www.hitechseals.com\/fr\/services\/"},{"@type":"ListItem","position":3,"name":"\u00c9tiquettes personnalis\u00e9es"}]},{"@type":"WebSite","@id":"https:\/\/www.hitechseals.com\/fr\/#website","url":"https:\/\/www.hitechseals.com\/fr\/","name":"Hi-Tech Seals","description":"","potentialAction":[{"@type":"SearchAction","target":{"@type":"EntryPoint","urlTemplate":"https:\/\/www.hitechseals.com\/fr\/?s={search_term_string}"},"query-input":{"@type":"PropertyValueSpecification","valueRequired":true,"valueName":"search_term_string"}}],"inLanguage":"fr-CA"}]}},"_links":{"self":[{"href":"https:\/\/www.hitechseals.com\/fr\/wp-json\/wp\/v2\/pages\/3834","targetHints":{"allow":["GET"]}}],"collection":[{"href":"https:\/\/www.hitechseals.com\/fr\/wp-json\/wp\/v2\/pages"}],"about":[{"href":"https:\/\/www.hitechseals.com\/fr\/wp-json\/wp\/v2\/types\/page"}],"author":[{"embeddable":true,"href":"https:\/\/www.hitechseals.com\/fr\/wp-json\/wp\/v2\/users\/1"}],"replies":[{"embeddable":true,"href":"https:\/\/www.hitechseals.com\/fr\/wp-json\/wp\/v2\/comments?post=3834"}],"version-history":[{"count":5,"href":"https:\/\/www.hitechseals.com\/fr\/wp-json\/wp\/v2\/pages\/3834\/revisions"}],"predecessor-version":[{"id":5417,"href":"https:\/\/www.hitechseals.com\/fr\/wp-json\/wp\/v2\/pages\/3834\/revisions\/5417"}],"up":[{"embeddable":true,"href":"https:\/\/www.hitechseals.com\/fr\/wp-json\/wp\/v2\/pages\/3946"}],"wp:featuredmedia":[{"embeddable":true,"href":"https:\/\/www.hitechseals.com\/fr\/wp-json\/wp\/v2\/media\/3835"}],"wp:attachment":[{"href":"https:\/\/www.hitechseals.com\/fr\/wp-json\/wp\/v2\/media?parent=3834"}],"curies":[{"name":"wp","href":"https:\/\/api.w.org\/{rel}","templated":true}]}}