{"id":3845,"date":"2025-06-23T09:50:59","date_gmt":"2025-06-23T15:50:59","guid":{"rendered":"https:\/\/www.hitechseals.com\/extrusions-en-caoutchouc\/"},"modified":"2025-12-30T17:00:05","modified_gmt":"2025-12-31T00:00:05","slug":"extrusions-en-caoutchouc","status":"publish","type":"page","link":"https:\/\/www.hitechseals.com\/fr\/fabrication\/extrusions-en-caoutchouc\/","title":{"rendered":"Extrusions en caoutchouc"},"content":{"rendered":"<div class=\"wpb-content-wrapper\">[vc_row el_class=\u00a0\u00bbpb-40 pb-md-20 pb-lg-60&Prime;][vc_column offset=\u00a0\u00bbvc_col-md-6&Prime;][web3_vc_content sm=\u00a0\u00bb40&Prime; md=\u00a0\u00bb60&Prime; mdb=\u00a0\u00bb40&Prime; lg=\u00a0\u00bb100&Prime; lgb=\u00a0\u00bb40&Prime;]Les extrusions en caoutchouc sont des profil\u00e9s continus d&rsquo;\u00e9tanch\u00e9it\u00e9 souple con\u00e7us pour combler les vides ou isoler les fluides dans diverses applications. Ces composants polyvalents trouvent une utilisation r\u00e9pandue comme joints d&rsquo;\u00e9tanch\u00e9it\u00e9, garnitures, coupe-bise, connecteurs, finitions, bagues, tubes, tuyaux, canalisations et amortisseurs. Les profil\u00e9s peuvent aller de conceptions simples \u00e0 complexes et de solides \u00e0 creux.\r\n<h4>Mat\u00e9riaux<\/h4>\r\nNous assistons les clients dans le choix de la configuration de profil\u00e9 extrud\u00e9 et du mat\u00e9riau optimaux pour les solutions standard et personnalis\u00e9es. Nos mat\u00e9riaux incluent notamment :[\/web3_vc_content][web3_vc_db_profiles output_src=\u00a0\u00bbcustom\u00a0\u00bb class=\u00a0\u00bbobj-content pb-40&Prime; sm=\u00a0\u00bb\u00a0\u00bb md=\u00a0\u00bb\u00a0\u00bb lg=\u00a0\u00bb\u00a0\u00bb items=\u00a0\u00bb%5B%7B%22body%22%3A%22Tml0cmlsZSUwQVZpdG9uJUUyJTg0JUEyJTJGRmx1b3JvY2FyYm9uJTBBTmVvcHJlbmUlMkZDaGxvcm9wcmVuZSUwQUV0aHlsZW5lJTIwUHJvcHlsZW5lJTIwJTI4RVBETSUyOSUwQVNpbGljb25lJTBBTmF0dXJhbCUyMFJ1YmJlciUwQVZpbnls%22%2C%22class%22%3A%22col-12%20col-md-auto%22%7D%5D\u00a0\u00bb][\/web3_vc_db_profiles][\/vc_column][vc_column offset=\u00a0\u00bbvc_col-md-6&Prime;][vc_single_image image=\u00a0\u00bb3851&Prime; img_size=\u00a0\u00bbfull\u00a0\u00bb alignment=\u00a0\u00bbcenter\u00a0\u00bb css=\u00a0\u00bb\u00a0\u00bb][\/vc_column][\/vc_row]<\/div>","protected":false},"excerpt":{"rendered":"<p>[vc_row el_class=\u00a0\u00bbpb-40 pb-md-20 pb-lg-60&Prime;][vc_column offset=\u00a0\u00bbvc_col-md-6&Prime;][web3_vc_content sm=\u00a0\u00bb40&Prime; md=\u00a0\u00bb60&Prime; mdb=\u00a0\u00bb40&Prime; lg=\u00a0\u00bb100&Prime; lgb=\u00a0\u00bb40&Prime;]Les extrusions en caoutchouc sont des profil\u00e9s continus d&rsquo;\u00e9tanch\u00e9it\u00e9 souple con\u00e7us pour combler&hellip;<\/p>\n","protected":false},"author":1,"featured_media":3852,"parent":3948,"menu_order":5,"comment_status":"closed","ping_status":"closed","template":"","meta":{"_acf_changed":false,"footnotes":""},"class_list":["post-3845","page","type-page","status-publish","has-post-thumbnail","hentry"],"acf":[],"yoast_head":"<!-- This site is optimized with the Yoast SEO plugin v27.4 - https:\/\/yoast.com\/product\/yoast-seo-wordpress\/ -->\n<title>Extrusions en caoutchouc - Hi-Tech Seals<\/title>\n<meta name=\"robots\" content=\"index, follow, max-snippet:-1, max-image-preview:large, max-video-preview:-1\" \/>\n<link rel=\"canonical\" href=\"https:\/\/www.hitechseals.com\/fr\/fabrication\/extrusions-en-caoutchouc\/\" \/>\n<meta property=\"og:locale\" content=\"fr_CA\" \/>\n<meta property=\"og:type\" content=\"article\" \/>\n<meta property=\"og:title\" content=\"Extrusions en caoutchouc - Hi-Tech Seals\" \/>\n<meta property=\"og:description\" content=\"[vc_row el_class=\u00a0\u00bbpb-40 pb-md-20 pb-lg-60&Prime;][vc_column offset=\u00a0\u00bbvc_col-md-6&Prime;][web3_vc_content sm=\u00a0\u00bb40&Prime; md=\u00a0\u00bb60&Prime; mdb=\u00a0\u00bb40&Prime; lg=\u00a0\u00bb100&Prime; lgb=\u00a0\u00bb40&Prime;]Les extrusions en caoutchouc sont des profil\u00e9s continus d&rsquo;\u00e9tanch\u00e9it\u00e9 souple con\u00e7us pour combler&hellip;\" \/>\n<meta property=\"og:url\" content=\"https:\/\/www.hitechseals.com\/fr\/fabrication\/extrusions-en-caoutchouc\/\" \/>\n<meta property=\"og:site_name\" content=\"Hi-Tech Seals\" \/>\n<meta property=\"article:modified_time\" content=\"2025-12-31T00:00:05+00:00\" \/>\n<meta property=\"og:image\" content=\"https:\/\/www.hitechseals.com\/wp-content\/uploads\/2025\/08\/extrusion.jpg\" \/>\n\t<meta property=\"og:image:width\" content=\"493\" \/>\n\t<meta property=\"og:image:height\" content=\"271\" \/>\n\t<meta property=\"og:image:type\" content=\"image\/jpeg\" \/>\n<meta name=\"twitter:card\" content=\"summary_large_image\" \/>\n<meta name=\"twitter:label1\" content=\"Estimation du temps de lecture\" \/>\n\t<meta name=\"twitter:data1\" content=\"1 minute\" \/>\n<script type=\"application\/ld+json\" class=\"yoast-schema-graph\">{\"@context\":\"https:\\\/\\\/schema.org\",\"@graph\":[{\"@type\":\"WebPage\",\"@id\":\"https:\\\/\\\/www.hitechseals.com\\\/fr\\\/fabrication\\\/extrusions-en-caoutchouc\\\/\",\"url\":\"https:\\\/\\\/www.hitechseals.com\\\/fr\\\/fabrication\\\/extrusions-en-caoutchouc\\\/\",\"name\":\"Extrusions en caoutchouc - Hi-Tech Seals\",\"isPartOf\":{\"@id\":\"https:\\\/\\\/www.hitechseals.com\\\/fr\\\/#website\"},\"primaryImageOfPage\":{\"@id\":\"https:\\\/\\\/www.hitechseals.com\\\/fr\\\/fabrication\\\/extrusions-en-caoutchouc\\\/#primaryimage\"},\"image\":{\"@id\":\"https:\\\/\\\/www.hitechseals.com\\\/fr\\\/fabrication\\\/extrusions-en-caoutchouc\\\/#primaryimage\"},\"thumbnailUrl\":\"https:\\\/\\\/www.hitechseals.com\\\/wp-content\\\/uploads\\\/2025\\\/08\\\/extrusion.jpg\",\"datePublished\":\"2025-06-23T15:50:59+00:00\",\"dateModified\":\"2025-12-31T00:00:05+00:00\",\"breadcrumb\":{\"@id\":\"https:\\\/\\\/www.hitechseals.com\\\/fr\\\/fabrication\\\/extrusions-en-caoutchouc\\\/#breadcrumb\"},\"inLanguage\":\"fr-CA\",\"potentialAction\":[{\"@type\":\"ReadAction\",\"target\":[\"https:\\\/\\\/www.hitechseals.com\\\/fr\\\/fabrication\\\/extrusions-en-caoutchouc\\\/\"]}]},{\"@type\":\"ImageObject\",\"inLanguage\":\"fr-CA\",\"@id\":\"https:\\\/\\\/www.hitechseals.com\\\/fr\\\/fabrication\\\/extrusions-en-caoutchouc\\\/#primaryimage\",\"url\":\"https:\\\/\\\/www.hitechseals.com\\\/wp-content\\\/uploads\\\/2025\\\/08\\\/extrusion.jpg\",\"contentUrl\":\"https:\\\/\\\/www.hitechseals.com\\\/wp-content\\\/uploads\\\/2025\\\/08\\\/extrusion.jpg\",\"width\":493,\"height\":271},{\"@type\":\"BreadcrumbList\",\"@id\":\"https:\\\/\\\/www.hitechseals.com\\\/fr\\\/fabrication\\\/extrusions-en-caoutchouc\\\/#breadcrumb\",\"itemListElement\":[{\"@type\":\"ListItem\",\"position\":1,\"name\":\"Home\",\"item\":\"https:\\\/\\\/www.hitechseals.com\\\/fr\\\/accueil\\\/\"},{\"@type\":\"ListItem\",\"position\":2,\"name\":\"Fabrication\",\"item\":\"https:\\\/\\\/www.hitechseals.com\\\/fr\\\/fabrication\\\/\"},{\"@type\":\"ListItem\",\"position\":3,\"name\":\"Extrusions en caoutchouc\"}]},{\"@type\":\"WebSite\",\"@id\":\"https:\\\/\\\/www.hitechseals.com\\\/fr\\\/#website\",\"url\":\"https:\\\/\\\/www.hitechseals.com\\\/fr\\\/\",\"name\":\"Hi-Tech Seals\",\"description\":\"\",\"potentialAction\":[{\"@type\":\"SearchAction\",\"target\":{\"@type\":\"EntryPoint\",\"urlTemplate\":\"https:\\\/\\\/www.hitechseals.com\\\/fr\\\/?s={search_term_string}\"},\"query-input\":{\"@type\":\"PropertyValueSpecification\",\"valueRequired\":true,\"valueName\":\"search_term_string\"}}],\"inLanguage\":\"fr-CA\"}]}<\/script>\n<!-- \/ Yoast SEO plugin. -->","yoast_head_json":{"title":"Extrusions en caoutchouc - Hi-Tech Seals","robots":{"index":"index","follow":"follow","max-snippet":"max-snippet:-1","max-image-preview":"max-image-preview:large","max-video-preview":"max-video-preview:-1"},"canonical":"https:\/\/www.hitechseals.com\/fr\/fabrication\/extrusions-en-caoutchouc\/","og_locale":"fr_CA","og_type":"article","og_title":"Extrusions en caoutchouc - Hi-Tech Seals","og_description":"[vc_row el_class=\u00a0\u00bbpb-40 pb-md-20 pb-lg-60&Prime;][vc_column offset=\u00a0\u00bbvc_col-md-6&Prime;][web3_vc_content sm=\u00a0\u00bb40&Prime; md=\u00a0\u00bb60&Prime; mdb=\u00a0\u00bb40&Prime; lg=\u00a0\u00bb100&Prime; lgb=\u00a0\u00bb40&Prime;]Les extrusions en caoutchouc sont des profil\u00e9s continus d&rsquo;\u00e9tanch\u00e9it\u00e9 souple con\u00e7us pour combler&hellip;","og_url":"https:\/\/www.hitechseals.com\/fr\/fabrication\/extrusions-en-caoutchouc\/","og_site_name":"Hi-Tech Seals","article_modified_time":"2025-12-31T00:00:05+00:00","og_image":[{"width":493,"height":271,"url":"https:\/\/www.hitechseals.com\/wp-content\/uploads\/2025\/08\/extrusion.jpg","type":"image\/jpeg"}],"twitter_card":"summary_large_image","twitter_misc":{"Estimation du temps de lecture":"1 minute"},"schema":{"@context":"https:\/\/schema.org","@graph":[{"@type":"WebPage","@id":"https:\/\/www.hitechseals.com\/fr\/fabrication\/extrusions-en-caoutchouc\/","url":"https:\/\/www.hitechseals.com\/fr\/fabrication\/extrusions-en-caoutchouc\/","name":"Extrusions en caoutchouc - Hi-Tech Seals","isPartOf":{"@id":"https:\/\/www.hitechseals.com\/fr\/#website"},"primaryImageOfPage":{"@id":"https:\/\/www.hitechseals.com\/fr\/fabrication\/extrusions-en-caoutchouc\/#primaryimage"},"image":{"@id":"https:\/\/www.hitechseals.com\/fr\/fabrication\/extrusions-en-caoutchouc\/#primaryimage"},"thumbnailUrl":"https:\/\/www.hitechseals.com\/wp-content\/uploads\/2025\/08\/extrusion.jpg","datePublished":"2025-06-23T15:50:59+00:00","dateModified":"2025-12-31T00:00:05+00:00","breadcrumb":{"@id":"https:\/\/www.hitechseals.com\/fr\/fabrication\/extrusions-en-caoutchouc\/#breadcrumb"},"inLanguage":"fr-CA","potentialAction":[{"@type":"ReadAction","target":["https:\/\/www.hitechseals.com\/fr\/fabrication\/extrusions-en-caoutchouc\/"]}]},{"@type":"ImageObject","inLanguage":"fr-CA","@id":"https:\/\/www.hitechseals.com\/fr\/fabrication\/extrusions-en-caoutchouc\/#primaryimage","url":"https:\/\/www.hitechseals.com\/wp-content\/uploads\/2025\/08\/extrusion.jpg","contentUrl":"https:\/\/www.hitechseals.com\/wp-content\/uploads\/2025\/08\/extrusion.jpg","width":493,"height":271},{"@type":"BreadcrumbList","@id":"https:\/\/www.hitechseals.com\/fr\/fabrication\/extrusions-en-caoutchouc\/#breadcrumb","itemListElement":[{"@type":"ListItem","position":1,"name":"Home","item":"https:\/\/www.hitechseals.com\/fr\/accueil\/"},{"@type":"ListItem","position":2,"name":"Fabrication","item":"https:\/\/www.hitechseals.com\/fr\/fabrication\/"},{"@type":"ListItem","position":3,"name":"Extrusions en caoutchouc"}]},{"@type":"WebSite","@id":"https:\/\/www.hitechseals.com\/fr\/#website","url":"https:\/\/www.hitechseals.com\/fr\/","name":"Hi-Tech Seals","description":"","potentialAction":[{"@type":"SearchAction","target":{"@type":"EntryPoint","urlTemplate":"https:\/\/www.hitechseals.com\/fr\/?s={search_term_string}"},"query-input":{"@type":"PropertyValueSpecification","valueRequired":true,"valueName":"search_term_string"}}],"inLanguage":"fr-CA"}]}},"_links":{"self":[{"href":"https:\/\/www.hitechseals.com\/fr\/wp-json\/wp\/v2\/pages\/3845","targetHints":{"allow":["GET"]}}],"collection":[{"href":"https:\/\/www.hitechseals.com\/fr\/wp-json\/wp\/v2\/pages"}],"about":[{"href":"https:\/\/www.hitechseals.com\/fr\/wp-json\/wp\/v2\/types\/page"}],"author":[{"embeddable":true,"href":"https:\/\/www.hitechseals.com\/fr\/wp-json\/wp\/v2\/users\/1"}],"replies":[{"embeddable":true,"href":"https:\/\/www.hitechseals.com\/fr\/wp-json\/wp\/v2\/comments?post=3845"}],"version-history":[{"count":5,"href":"https:\/\/www.hitechseals.com\/fr\/wp-json\/wp\/v2\/pages\/3845\/revisions"}],"predecessor-version":[{"id":5422,"href":"https:\/\/www.hitechseals.com\/fr\/wp-json\/wp\/v2\/pages\/3845\/revisions\/5422"}],"up":[{"embeddable":true,"href":"https:\/\/www.hitechseals.com\/fr\/wp-json\/wp\/v2\/pages\/3948"}],"wp:featuredmedia":[{"embeddable":true,"href":"https:\/\/www.hitechseals.com\/fr\/wp-json\/wp\/v2\/media\/3852"}],"wp:attachment":[{"href":"https:\/\/www.hitechseals.com\/fr\/wp-json\/wp\/v2\/media?parent=3845"}],"curies":[{"name":"wp","href":"https:\/\/api.w.org\/{rel}","templated":true}]}}