{"id":3853,"date":"2025-05-20T18:23:08","date_gmt":"2025-05-21T00:23:08","guid":{"rendered":"https:\/\/www.hitechseals.com\/carrieres\/"},"modified":"2026-02-11T08:46:07","modified_gmt":"2026-02-11T15:46:07","slug":"carrieres","status":"publish","type":"page","link":"https:\/\/www.hitechseals.com\/fr\/notre-entreprise\/carrieres\/","title":{"rendered":"Carri\u00e8res"},"content":{"rendered":"<div class=\"wpb-content-wrapper\">[vc_row][vc_column offset=\u00a0\u00bbvc_col-md-6&Prime;][web3_vc_content sm=\u00a0\u00bb40&Prime; md=\u00a0\u00bb60&Prime; mdb=\u00a0\u00bb40&Prime; lg=\u00a0\u00bb100&Prime; lgb=\u00a0\u00bb40&Prime; title=\u00a0\u00bbCe que nous offrons\u00a0\u00bb]Chez Hi-Tech Joints, nous nous engageons \u00e0 offrir un environnement de travail s\u00fbr et convivial avec des opportunit\u00e9s de croissance et de d\u00e9veloppement. Nous favorisons l&rsquo;\u00e9panouissement des employ\u00e9s gr\u00e2ce \u00e0 des possibilit\u00e9s d&rsquo;avancement, \u00e0 la formation continue et \u00e0 des programmes de r\u00e9mun\u00e9ration. [\/web3_vc_content][\/vc_column][\/vc_row][vc_row el_class=\u00a0\u00bbpb-40 pb-md-60 pb-lg-100&Prime;][vc_column][web3_vc_repeatable_box output_style=\u00a0\u00bbsimple\u00a0\u00bb items=\u00a0\u00bb%5B%7B%22title%22%3A%22Training%20and%20Development%22%2C%22body%22%3A%22V2UlMjBhcmUlMjBjb21taXR0ZWQlMjB0byUyMG91ciUyMGVtcGxveWVlJUUyJTgwJTk5cyUyMHByb2Zlc3Npb25hbCUyMGRldmVsb3BtZW50JTIwJTI2JTIwY2FyZWVyJTIwZ3Jvd3RoLiUyMFdlJTIwcHJvdmlkZSUyMG92ZXIlMjBmaWZ0eSUyMGluLWhvdXNlJTIwdHJhaW5pbmclMjBjb3Vyc2VzJTIwdG8lMjBlZHVjYXRlJTIwb3VyJTIwZW1wbG95ZWVzJTIwb24lMjBvdXIlMjBwcm9kdWN0cyUyMGFuZCUyMGluZHVzdHJpZXMlMjBzZXJ2ZWQuJTIwSW4lMjBhZGRpdGlvbiUyQyUyMEhpLVRlY2glMjBTZWFscyUyMHN1cHBvcnRzJTIwZXh0ZXJuYWwlMjB0cmFpbmluZyUyMHByb2dyYW1zJTIwZm9yJTIwc29mdHdhcmUlMkMlMjBkZXNpZ25hdGlvbnMlMjAlMjYlMjBvdGhlciUyMGJlbmVmaWNpYWwlMjBjb3Vyc2VzJTIwdG8lMjBoZWxwJTIwZW1wbG95ZWVzJTIwYWR2YW5jZS4lQzIlQTA%3D%22%7D%2C%7B%22title%22%3A%22Compensation%20%26%20Benefits%22%2C%22body%22%3A%22RWFybiUyMHJld2FyZHMlMjBmb3IlMjBleGNlbGxlbmNlJTIwYW5kJTIwZ3JvdyUyMGluJTIwYSUyMHN0YWJsZSUyMHdvcmslMjBlbnZpcm9ubWVudC4lMjBTZWVrJTIwb3Bwb3J0dW5pdGllcyUyMGZvciUyMGNvbnRpbnVvdXMlMjBpbXByb3ZlbWVudCUyQyUyMGdyb3d0aCUyMGFuZCUyMGxlYWRlcnNoaXAuJTIwT3VyJTIwYmVuZWZpdHMlMjBwYWNrYWdlJTIwaW5jbHVkZXMlMjBwYWlkJTIwdmFjYXRpb24lMkMlMjBhJTIwaGVhbHRoJTIwc3BlbmRpbmclMjBhY2NvdW50JTJDJTIwcXVhcnRlcmx5JTIwcHJvZml0JTIwc2hhcmluZyUyQyUyMGRpc2FiaWxpdHklMjBpbnN1cmFuY2UlMkMlMjBsaWZlJTIwaW5zdXJhbmNlJTJDJTIwZWR1Y2F0aW9uYWwlMjBhc3Npc3RhbmNlJTIwYW5kJTIwdHJhaW5pbmclMjBwcm9ncmFtcy4%3D%22%7D%2C%7B%22title%22%3A%22Career%20Paths%22%2C%22body%22%3A%22Q2hvb3NlJTIwZnJvbSUyMHBvc2l0aW9ucyUyMGluJTIwYWNjb3VudGluZyUyQyUyMGZpbmFuY2UlMkMlMjBodW1hbiUyMHJlc291cmNlcyUyQyUyMElUJTJDJTIwbWFya2V0aW5nJTJDJTIwb3BlcmF0aW9ucyUyQyUyMG1hbnVmYWN0dXJpbmclMkMlMjBzYWxlcyUyQyUyMHN1cHBseSUyMGNoYWluJTIwbWFuYWdlbWVudCUyMGFuZCUyMG1vcmUu%22%7D%5D\u00a0\u00bb][\/vc_column][\/vc_row][vc_row disable_element=\u00a0\u00bbyes\u00a0\u00bb][vc_column][web3_vc_application_form sm=\u00a0\u00bb40&Prime; md=\u00a0\u00bb60&Prime; lg=\u00a0\u00bb100&Prime; title=\u00a0\u00bbPostes disponibles\u00a0\u00bb title_sub=\u00a0\u00bbQuick Apply\u00a0\u00bb][\/vc_column][\/vc_row][vc_row vc_contrast=\u00a0\u00bblight\u00a0\u00bb full_width=\u00a0\u00bbstretch_row\u00a0\u00bb css=\u00a0\u00bb.vc_custom_1751037576155{background-color: #6487A6 !important;}\u00a0\u00bb el_class=\u00a0\u00bbbg-xy-50&Prime; vc_update_mobile=\u00a0\u00bb121&Prime;][vc_column][web3_vc_link_title_btn sm=\u00a0\u00bb40&Prime; md=\u00a0\u00bb60&Prime; lg=\u00a0\u00bb\u00a0\u00bb text_align_sm=\u00a0\u00bbcenter\u00a0\u00bb title=\u00a0\u00bbCommencez votre carri\u00e8re chez Hi-Tech Joints\u00a0\u00bb vc_link=\u00a0\u00bburl:https%3A%2F%2Fca.indeed.com%2Fcmp%2FHi&#8211;tech-Seals-1%2Fjobs|title:See%20Openings|target:_blank\u00a0\u00bb]\u00cates-vous pr\u00eat \u00e0 entreprendre un travail enrichissant et \u00e0 d\u00e9velopper votre carri\u00e8re dans un environnement favorable et tourn\u00e9 vers l&rsquo;avenir ? Chez Hi-Tech Joints, nous valorisons les personnes qui savent r\u00e9soudre les probl\u00e8mes, qui ont l&rsquo;esprit d&rsquo;\u00e9quipe et qui sont fi\u00e8res d&rsquo;offrir des solutions exceptionnelles. Si cela vous correspond, postulez d\u00e8s maintenant et rejoignez notre \u00e9quipe.  [\/web3_vc_link_title_btn][\/vc_column][\/vc_row]<\/div>","protected":false},"excerpt":{"rendered":"<p>[vc_row][vc_column offset=\u00a0\u00bbvc_col-md-6&Prime;][web3_vc_content sm=\u00a0\u00bb40&Prime; md=\u00a0\u00bb60&Prime; mdb=\u00a0\u00bb40&Prime; lg=\u00a0\u00bb100&Prime; lgb=\u00a0\u00bb40&Prime; title=\u00a0\u00bbCe que nous offrons\u00a0\u00bb]Chez Hi-Tech Joints, nous nous engageons \u00e0 offrir un environnement de travail&hellip;<\/p>\n","protected":false},"author":1,"featured_media":5888,"parent":3951,"menu_order":3,"comment_status":"closed","ping_status":"closed","template":"","meta":{"_acf_changed":false,"footnotes":""},"class_list":["post-3853","page","type-page","status-publish","has-post-thumbnail","hentry"],"acf":[],"yoast_head":"<!-- This site is optimized with the Yoast SEO plugin v27.4 - https:\/\/yoast.com\/product\/yoast-seo-wordpress\/ -->\n<title>Carri\u00e8res - Hi-Tech Seals<\/title>\n<meta name=\"robots\" content=\"index, follow, max-snippet:-1, max-image-preview:large, max-video-preview:-1\" \/>\n<link rel=\"canonical\" href=\"https:\/\/www.hitechseals.com\/fr\/notre-entreprise\/carrieres\/\" \/>\n<meta property=\"og:locale\" content=\"fr_CA\" \/>\n<meta property=\"og:type\" content=\"article\" \/>\n<meta property=\"og:title\" content=\"Carri\u00e8res - Hi-Tech Seals\" \/>\n<meta property=\"og:description\" content=\"[vc_row][vc_column offset=\u00a0\u00bbvc_col-md-6&Prime;][web3_vc_content sm=\u00a0\u00bb40&Prime; md=\u00a0\u00bb60&Prime; mdb=\u00a0\u00bb40&Prime; lg=\u00a0\u00bb100&Prime; lgb=\u00a0\u00bb40&Prime; title=\u00a0\u00bbCe que nous offrons\u00a0\u00bb]Chez Hi-Tech Joints, nous nous engageons \u00e0 offrir un environnement de travail&hellip;\" \/>\n<meta property=\"og:url\" content=\"https:\/\/www.hitechseals.com\/fr\/notre-entreprise\/carrieres\/\" \/>\n<meta property=\"og:site_name\" content=\"Hi-Tech Seals\" \/>\n<meta property=\"article:modified_time\" content=\"2026-02-11T15:46:07+00:00\" \/>\n<meta property=\"og:image\" content=\"https:\/\/www.hitechseals.com\/wp-content\/uploads\/2026\/02\/Join-Our-Team-e1770824217244.png\" \/>\n\t<meta property=\"og:image:width\" content=\"1920\" \/>\n\t<meta property=\"og:image:height\" content=\"1828\" \/>\n\t<meta property=\"og:image:type\" content=\"image\/png\" \/>\n<meta name=\"twitter:card\" content=\"summary_large_image\" \/>\n<meta name=\"twitter:label1\" content=\"Estimation du temps de lecture\" \/>\n\t<meta name=\"twitter:data1\" content=\"2 minutes\" \/>\n<script type=\"application\/ld+json\" class=\"yoast-schema-graph\">{\"@context\":\"https:\\\/\\\/schema.org\",\"@graph\":[{\"@type\":\"WebPage\",\"@id\":\"https:\\\/\\\/www.hitechseals.com\\\/fr\\\/notre-entreprise\\\/carrieres\\\/\",\"url\":\"https:\\\/\\\/www.hitechseals.com\\\/fr\\\/notre-entreprise\\\/carrieres\\\/\",\"name\":\"Carri\u00e8res - Hi-Tech Seals\",\"isPartOf\":{\"@id\":\"https:\\\/\\\/www.hitechseals.com\\\/fr\\\/#website\"},\"primaryImageOfPage\":{\"@id\":\"https:\\\/\\\/www.hitechseals.com\\\/fr\\\/notre-entreprise\\\/carrieres\\\/#primaryimage\"},\"image\":{\"@id\":\"https:\\\/\\\/www.hitechseals.com\\\/fr\\\/notre-entreprise\\\/carrieres\\\/#primaryimage\"},\"thumbnailUrl\":\"https:\\\/\\\/www.hitechseals.com\\\/wp-content\\\/uploads\\\/2026\\\/02\\\/Join-Our-Team-e1770824217244.png\",\"datePublished\":\"2025-05-21T00:23:08+00:00\",\"dateModified\":\"2026-02-11T15:46:07+00:00\",\"breadcrumb\":{\"@id\":\"https:\\\/\\\/www.hitechseals.com\\\/fr\\\/notre-entreprise\\\/carrieres\\\/#breadcrumb\"},\"inLanguage\":\"fr-CA\",\"potentialAction\":[{\"@type\":\"ReadAction\",\"target\":[\"https:\\\/\\\/www.hitechseals.com\\\/fr\\\/notre-entreprise\\\/carrieres\\\/\"]}]},{\"@type\":\"ImageObject\",\"inLanguage\":\"fr-CA\",\"@id\":\"https:\\\/\\\/www.hitechseals.com\\\/fr\\\/notre-entreprise\\\/carrieres\\\/#primaryimage\",\"url\":\"https:\\\/\\\/www.hitechseals.com\\\/wp-content\\\/uploads\\\/2026\\\/02\\\/Join-Our-Team-e1770824217244.png\",\"contentUrl\":\"https:\\\/\\\/www.hitechseals.com\\\/wp-content\\\/uploads\\\/2026\\\/02\\\/Join-Our-Team-e1770824217244.png\",\"width\":1920,\"height\":1828,\"caption\":\"PERSONNES UTILISANT LA TECHNOLOGIE DE COMMUNICATION SMARTPHONE REJOIGNEZ NOTRE \u00c9QUIPE CONCEPT DE BUREAU\"},{\"@type\":\"BreadcrumbList\",\"@id\":\"https:\\\/\\\/www.hitechseals.com\\\/fr\\\/notre-entreprise\\\/carrieres\\\/#breadcrumb\",\"itemListElement\":[{\"@type\":\"ListItem\",\"position\":1,\"name\":\"Home\",\"item\":\"https:\\\/\\\/www.hitechseals.com\\\/fr\\\/accueil\\\/\"},{\"@type\":\"ListItem\",\"position\":2,\"name\":\"Notre entreprise\",\"item\":\"https:\\\/\\\/www.hitechseals.com\\\/fr\\\/notre-entreprise\\\/\"},{\"@type\":\"ListItem\",\"position\":3,\"name\":\"Carri\u00e8res\"}]},{\"@type\":\"WebSite\",\"@id\":\"https:\\\/\\\/www.hitechseals.com\\\/fr\\\/#website\",\"url\":\"https:\\\/\\\/www.hitechseals.com\\\/fr\\\/\",\"name\":\"Hi-Tech Seals\",\"description\":\"\",\"potentialAction\":[{\"@type\":\"SearchAction\",\"target\":{\"@type\":\"EntryPoint\",\"urlTemplate\":\"https:\\\/\\\/www.hitechseals.com\\\/fr\\\/?s={search_term_string}\"},\"query-input\":{\"@type\":\"PropertyValueSpecification\",\"valueRequired\":true,\"valueName\":\"search_term_string\"}}],\"inLanguage\":\"fr-CA\"}]}<\/script>\n<!-- \/ Yoast SEO plugin. -->","yoast_head_json":{"title":"Carri\u00e8res - Hi-Tech Seals","robots":{"index":"index","follow":"follow","max-snippet":"max-snippet:-1","max-image-preview":"max-image-preview:large","max-video-preview":"max-video-preview:-1"},"canonical":"https:\/\/www.hitechseals.com\/fr\/notre-entreprise\/carrieres\/","og_locale":"fr_CA","og_type":"article","og_title":"Carri\u00e8res - Hi-Tech Seals","og_description":"[vc_row][vc_column offset=\u00a0\u00bbvc_col-md-6&Prime;][web3_vc_content sm=\u00a0\u00bb40&Prime; md=\u00a0\u00bb60&Prime; mdb=\u00a0\u00bb40&Prime; lg=\u00a0\u00bb100&Prime; lgb=\u00a0\u00bb40&Prime; title=\u00a0\u00bbCe que nous offrons\u00a0\u00bb]Chez Hi-Tech Joints, nous nous engageons \u00e0 offrir un environnement de travail&hellip;","og_url":"https:\/\/www.hitechseals.com\/fr\/notre-entreprise\/carrieres\/","og_site_name":"Hi-Tech Seals","article_modified_time":"2026-02-11T15:46:07+00:00","og_image":[{"width":1920,"height":1828,"url":"https:\/\/www.hitechseals.com\/wp-content\/uploads\/2026\/02\/Join-Our-Team-e1770824217244.png","type":"image\/png"}],"twitter_card":"summary_large_image","twitter_misc":{"Estimation du temps de lecture":"2 minutes"},"schema":{"@context":"https:\/\/schema.org","@graph":[{"@type":"WebPage","@id":"https:\/\/www.hitechseals.com\/fr\/notre-entreprise\/carrieres\/","url":"https:\/\/www.hitechseals.com\/fr\/notre-entreprise\/carrieres\/","name":"Carri\u00e8res - Hi-Tech Seals","isPartOf":{"@id":"https:\/\/www.hitechseals.com\/fr\/#website"},"primaryImageOfPage":{"@id":"https:\/\/www.hitechseals.com\/fr\/notre-entreprise\/carrieres\/#primaryimage"},"image":{"@id":"https:\/\/www.hitechseals.com\/fr\/notre-entreprise\/carrieres\/#primaryimage"},"thumbnailUrl":"https:\/\/www.hitechseals.com\/wp-content\/uploads\/2026\/02\/Join-Our-Team-e1770824217244.png","datePublished":"2025-05-21T00:23:08+00:00","dateModified":"2026-02-11T15:46:07+00:00","breadcrumb":{"@id":"https:\/\/www.hitechseals.com\/fr\/notre-entreprise\/carrieres\/#breadcrumb"},"inLanguage":"fr-CA","potentialAction":[{"@type":"ReadAction","target":["https:\/\/www.hitechseals.com\/fr\/notre-entreprise\/carrieres\/"]}]},{"@type":"ImageObject","inLanguage":"fr-CA","@id":"https:\/\/www.hitechseals.com\/fr\/notre-entreprise\/carrieres\/#primaryimage","url":"https:\/\/www.hitechseals.com\/wp-content\/uploads\/2026\/02\/Join-Our-Team-e1770824217244.png","contentUrl":"https:\/\/www.hitechseals.com\/wp-content\/uploads\/2026\/02\/Join-Our-Team-e1770824217244.png","width":1920,"height":1828,"caption":"PERSONNES UTILISANT LA TECHNOLOGIE DE COMMUNICATION SMARTPHONE REJOIGNEZ NOTRE \u00c9QUIPE CONCEPT DE BUREAU"},{"@type":"BreadcrumbList","@id":"https:\/\/www.hitechseals.com\/fr\/notre-entreprise\/carrieres\/#breadcrumb","itemListElement":[{"@type":"ListItem","position":1,"name":"Home","item":"https:\/\/www.hitechseals.com\/fr\/accueil\/"},{"@type":"ListItem","position":2,"name":"Notre entreprise","item":"https:\/\/www.hitechseals.com\/fr\/notre-entreprise\/"},{"@type":"ListItem","position":3,"name":"Carri\u00e8res"}]},{"@type":"WebSite","@id":"https:\/\/www.hitechseals.com\/fr\/#website","url":"https:\/\/www.hitechseals.com\/fr\/","name":"Hi-Tech Seals","description":"","potentialAction":[{"@type":"SearchAction","target":{"@type":"EntryPoint","urlTemplate":"https:\/\/www.hitechseals.com\/fr\/?s={search_term_string}"},"query-input":{"@type":"PropertyValueSpecification","valueRequired":true,"valueName":"search_term_string"}}],"inLanguage":"fr-CA"}]}},"_links":{"self":[{"href":"https:\/\/www.hitechseals.com\/fr\/wp-json\/wp\/v2\/pages\/3853","targetHints":{"allow":["GET"]}}],"collection":[{"href":"https:\/\/www.hitechseals.com\/fr\/wp-json\/wp\/v2\/pages"}],"about":[{"href":"https:\/\/www.hitechseals.com\/fr\/wp-json\/wp\/v2\/types\/page"}],"author":[{"embeddable":true,"href":"https:\/\/www.hitechseals.com\/fr\/wp-json\/wp\/v2\/users\/1"}],"replies":[{"embeddable":true,"href":"https:\/\/www.hitechseals.com\/fr\/wp-json\/wp\/v2\/comments?post=3853"}],"version-history":[{"count":5,"href":"https:\/\/www.hitechseals.com\/fr\/wp-json\/wp\/v2\/pages\/3853\/revisions"}],"predecessor-version":[{"id":5893,"href":"https:\/\/www.hitechseals.com\/fr\/wp-json\/wp\/v2\/pages\/3853\/revisions\/5893"}],"up":[{"embeddable":true,"href":"https:\/\/www.hitechseals.com\/fr\/wp-json\/wp\/v2\/pages\/3951"}],"wp:featuredmedia":[{"embeddable":true,"href":"https:\/\/www.hitechseals.com\/fr\/wp-json\/wp\/v2\/media\/5888"}],"wp:attachment":[{"href":"https:\/\/www.hitechseals.com\/fr\/wp-json\/wp\/v2\/media?parent=3853"}],"curies":[{"name":"wp","href":"https:\/\/api.w.org\/{rel}","templated":true}]}}