{"id":3864,"date":"2025-05-20T18:22:49","date_gmt":"2025-05-21T00:22:49","guid":{"rendered":"https:\/\/www.hitechseals.com\/marches-que-nous-servons\/"},"modified":"2025-12-30T16:57:01","modified_gmt":"2025-12-30T23:57:01","slug":"marches-que-nous-servons","status":"publish","type":"page","link":"https:\/\/www.hitechseals.com\/fr\/notre-entreprise\/marches-que-nous-servons\/","title":{"rendered":"March\u00e9s que nous servons"},"content":{"rendered":"<div class=\"wpb-content-wrapper\">[vc_row][vc_column offset=\u00a0\u00bbvc_col-lg-offset-3 vc_col-lg-6 vc_col-md-offset-2 vc_col-md-8&Prime;][web3_vc_content sm=\u00a0\u00bb40&Prime; smb=\u00a0\u00bb20&Prime; md=\u00a0\u00bb20&Prime; lg=\u00a0\u00bb100&Prime; lgb=\u00a0\u00bb20&Prime; text_align_sm=\u00a0\u00bbcenter\u00a0\u00bb title=\u00a0\u00bbMarch\u00e9s que nous servons\u00a0\u00bb]\r\n<p data-start=\"62\" data-end=\"316\">Faisant confiance \u00e0 des clients sur des march\u00e9s diversifi\u00e9s dans le monde entier, Hi-Tech Seals fournit des joints, des garnitures, des composants m\u00e9talliques et des solutions en \u00e9lastom\u00e8re et plastique con\u00e7ues pour la fiabilit\u00e9 et les hautes performances, am\u00e9liorant l&rsquo;int\u00e9grit\u00e9 et l&rsquo;efficacit\u00e9 des applications.<\/p>\r\n[\/web3_vc_content][\/vc_column][vc_column][web3_vc_box_icon_texts output_style=\u00a0\u00bbcondense\u00a0\u00bb sm=\u00a0\u00bb\u00a0\u00bb md=\u00a0\u00bb\u00a0\u00bb lg=\u00a0\u00bb\u00a0\u00bb items=\u00a0\u00bb%5B%7B%22icon_name%22%3A%22icon_airplane%22%2C%22title%22%3A%22Aerospace%22%2C%22body%22%3A%22QWVyb3NwYWNl%22%7D%2C%7B%22icon_name%22%3A%22icon_agriculture%22%2C%22title%22%3A%22Agriculture%22%2C%22body%22%3A%22Q3JvcCUyQyUyMGFuaW1hbCUyQyUyMGZpYnJlJTJDJTIwYW5kJTIwbWVkaWNpbmFsJTIwZmFybWluZw%3D%3D%22%7D%2C%7B%22icon_name%22%3A%22icon_Automotive%22%2C%22title%22%3A%22Automotive%22%2C%22body%22%3A%22Q29uc3VtZXIlMjBhdXRvbW90aXZl%22%7D%2C%7B%22icon_name%22%3A%22icon_Chemical_Processing%22%2C%22title%22%3A%22Chemical%20Processing%22%2C%22body%22%3A%22Q2hlbWljYWxzJTIwcHJvY2Vzc2luZyUyMHBsYW50cyUyMHRvJTIwdXNhYmxlJTIwcHJvZHVjdA%3D%3D%22%7D%2C%7B%22icon_name%22%3A%22icon_Construction%22%2C%22title%22%3A%22Construction%22%2C%22body%22%3A%22SGVhdnklMjBlcXVpcG1lbnQlMkMlMjBjcmFuZXMlMkMlMjBjZW1lbnRpbmc%3D%22%7D%2C%7B%22icon_name%22%3A%22icon_Consumer_Products%22%2C%22title%22%3A%22Consumer%20Products%22%2C%22body%22%3A%22Q29uc3VtZXIlMjBQcm9kdWN0cw%3D%3D%22%7D%2C%7B%22icon_name%22%3A%22icon_Fluid_Power%22%2C%22title%22%3A%22Fluid%20Power%22%2C%22body%22%3A%22SHlkcmF1bGljJTIwJTJGJTIwUG5ldW1hdGljJTIwY3lsaW5kZXJzJTJDJTIwY29tcHJlc3NvcnM%3D%22%7D%2C%7B%22icon_name%22%3A%22icon_Food_Beverage%22%2C%22title%22%3A%22Food%20%26%20Beverage%22%2C%22body%22%3A%22Rm9vZCUyMGFuZCUyMEJldmVyYWdlJTIwcHJvY2Vzc2luZw%3D%3D%22%7D%2C%7B%22icon_name%22%3A%22icon_Forestry%22%2C%22title%22%3A%22Forestry%22%2C%22body%22%3A%22V29vZCUyMGhhcnZlc3RpbmclMkMlMjBhbmQlMjBwdWxwJTIwJTI2JTIwcGFwZXI%3D%22%7D%2C%7B%22icon_name%22%3A%22icon_Hydrogen%22%2C%22title%22%3A%22Hydrogen%22%2C%22body%22%3A%22SHlkcm9nZW4%3D%22%7D%2C%7B%22icon_name%22%3A%22icon_Industrial_Supply_Distribution%22%2C%22title%22%3A%22Industrial%20Supply%20%C2%A0%26%20Distribution%22%2C%22body%22%3A%22SW5kdXN0cmlhbCUyMHN1cHBseSUyQyUyMGFuZCUyMGJlYXJpbmclMjBob3VzZXM%3D%22%7D%2C%7B%22icon_name%22%3A%22icon_Instrumentation%22%2C%22title%22%3A%22Instrumentation%22%2C%22body%22%3A%22SW5zdHJ1bWVudGF0aW9u%22%7D%2C%7B%22icon_name%22%3A%22icon_Marine%22%2C%22title%22%3A%22Marine%22%2C%22body%22%3A%22U2VhJTIwdmVzc2VscyUyMGFuZCUyMHBvcnRz%22%7D%2C%7B%22icon_name%22%3A%22icon_Medical%22%2C%22title%22%3A%22Medical%22%2C%22body%22%3A%22TWVkaWNhbCUyQyUyMGxhYm9yYXRvcnklMkMlMjBoZWFsdGglMjBjYXJlJTJDJTIwbm9uLXBoYXJtYWNldXRpY2Fs%22%7D%2C%7B%22icon_name%22%3A%22icon_Metal_Machining%22%2C%22title%22%3A%22Metal%20Machining%22%2C%22body%22%3A%22TWV0YWwlMjBtYWNoaW5lJTIwc2hvcCUyMHNlcnZpY2luZyUyMG11bHRpcGxlJTIwaW5kdXN0cmllcw%3D%3D%22%7D%2C%7B%22icon_name%22%3A%22icon_Mine_Processing%22%2C%22title%22%3A%22Mine%20Processing%22%2C%22body%22%3A%22UHJvY2Vzc2luZyUyMG1pbmVkJTIwcmVzb3VyY2VzJTIwaW50byUyMHVzYWJsZSUyMHByb2R1Y3Rz%22%7D%2C%7B%22icon_name%22%3A%22icon_Mining%22%2C%22title%22%3A%22Mining%22%2C%22body%22%3A%22RXh0cmFjdGlvbiUyMG9mJTIwY29hbCUyQyUyMG1ldGFsJTJDJTIwZGlhbW9uZCUyQyUyMHBvdGFzaA%3D%3D%22%7D%2C%7B%22icon_name%22%3A%22icon_Oil_Gas%22%2C%22title%22%3A%22Oil%20%26%20Gas%22%2C%22body%22%3A%22V2lyZWxpbmUlMkMlMjBNV0QlMkMlMjBkcmlsbGluZyUyQyUyMGZyYWNraW5nJTJDJTIwZGV3YXRlcmluZyUyQyUyMGNlbWVudGluZyUyQyUyMHdlbGwlMjBjb21wbGV0aW9uJTJDJTIwdHJlYXRlcnMlMkMlMjBwcm9kdWN0aW9u%22%7D%2C%7B%22icon_name%22%3A%22icon_Oilfield_Supply%22%2C%22title%22%3A%22Oilfield%20Supply%22%2C%22body%22%3A%22T2lsZmllbGQlMjBzdXBwbHk%3D%22%7D%2C%7B%22icon_name%22%3A%22icon_Petroleum_Refineries%22%2C%22title%22%3A%22Petroleum%20Refineries%22%2C%22body%22%3A%22UmVmaW5lcnklMjBhbmQlMjByZWZpbmVyeSUyMHdvcms%3D%22%7D%2C%7B%22icon_name%22%3A%22icon_Pharmaceutical%22%2C%22title%22%3A%22Pharmaceutical%22%2C%22body%22%3A%22UGhhcm1hY2V1dGljYWxz%22%7D%2C%7B%22icon_name%22%3A%22icon_Pipeline%22%2C%22title%22%3A%22Pipeline%22%2C%22body%22%3A%22UGlwZSUyQyUyMGluc3RhbGxhdGlvbiUyMGVxdWlwbWVudCUyQyUyMGFuZCUyMG93bmVyc2hpcA%3D%3D%22%7D%2C%7B%22icon_name%22%3A%22icon_Plumbing%22%2C%22title%22%3A%22Plumbing%22%2C%22body%22%3A%22Q29tbWVyY2lhbCUyQyUyMHB1YmxpYyUyQyUyMGFuZCUyMGluZHVzdHJpYWw%3D%22%7D%2C%7B%22icon_name%22%3A%22icon_Pump_Valve%22%2C%22title%22%3A%22Pump%20%26%20Valve%22%2C%22body%22%3A%22UHVtcHMlMjBhbmQlMjBWYWx2ZXM%3D%22%7D%2C%7B%22icon_name%22%3A%22icon_Renewable_Energy%22%2C%22title%22%3A%22Renewable%20Energy%22%2C%22body%22%3A%22V2luZCUyMHBvd2VyJTJDJTIwZ2VvdGhlcm1hbCUyQyUyMGh5ZHJvcG93ZXIlMkMlMjBzb2xhciUyMGVuZXJneQ%3D%3D%22%7D%2C%7B%22icon_name%22%3A%22icon_Research_Education%22%2C%22title%22%3A%22Research%20%26%20Education%22%2C%22body%22%3A%22RWR1Y2F0aW9uYWwlMjBpbnN0aXR1dGlvbnMlMkMlMjByZXNlYXJjaCUyMGZpcm1zJTJDJTIwZW5naW5lZXJpbmclMjAlMkYlMjBjb25zdWx0aW5n%22%7D%2C%7B%22icon_name%22%3A%22icon_Technology%22%2C%22title%22%3A%22Technology%22%2C%22body%22%3A%22TmV3JTIwVGVjaG5vbG9neSUyQyUyMGNvbXB1dGVycyUyQyUyMGFuZCUyMHNlbWljb25kdWN0b3I%3D%22%7D%2C%7B%22icon_name%22%3A%22icon_Transportation%22%2C%22title%22%3A%22Transportation%22%2C%22body%22%3A%22UmFpbCUyQyUyMGFlcm9zcGFjZSUyQyUyMHRydWNraW5nJTJDJTIwYW5kJTIwbWlsaXRhcnk%3D%22%7D%2C%7B%22icon_name%22%3A%22icon_Utilities%22%2C%22title%22%3A%22Utilities%22%2C%22body%22%3A%22RWxlY3RyaWNhbCUyQyUyMHdhdGVyJTJDJTIwbmF0dXJhbCUyMGdhcyUyQyUyMGFuZCUyMHJlY3ljbGluZw%3D%3D%22%7D%5D\u00a0\u00bb][\/web3_vc_box_icon_texts][\/vc_column][\/vc_row][vc_row content_placement=\u00a0\u00bbmiddle\u00a0\u00bb sm=\u00a0\u00bb0&Prime; smb=\u00a0\u00bb40&Prime; md=\u00a0\u00bb60&Prime; lg=\u00a0\u00bb40&Prime; lgb=\u00a0\u00bb100&Prime;][vc_column offset=\u00a0\u00bbvc_col-lg-5&Prime;][web3_vc_content sm=\u00a0\u00bb40&Prime; md=\u00a0\u00bb0&Prime; mdb=\u00a0\u00bb60&Prime; lg=\u00a0\u00bb0&Prime; lgb=\u00a0\u00bb100&Prime; title=\u00a0\u00bbDiscutons de vos exigences\u00a0\u00bb]Mieux nous comprenons vos besoins, mieux nous pouvons vous accompagner dans l&rsquo;atteinte de vos objectifs. Contactez-nous pour discuter de projets, partager vos d\u00e9fis, et explorer les produits et services appropri\u00e9s. [\/web3_vc_content][\/vc_column][vc_column offset=\u00a0\u00bbvc_col-lg-offset-1 vc_col-lg-6&Prime;]\n\t\t<div id=\"gf-cache-buster-form-container-2\" class=\"gf-cache-buster-form-container\">\n\t\t\t<div class=\"loader\"><\/div>\n\t\t\t<style type=\"text\/css\">\n\t\t\t\t.gf-cache-buster-form-container { }\n\t\t\t\t.loader,\n\t\t\t\t.loader:before,\n\t\t\t\t.loader:after {\n\t\t\t\t\tborder-radius: 50%;\n\t\t\t\t\twidth: 2.5em;\n\t\t\t\t\theight: 2.5em;\n\t\t\t\t\t-webkit-animation-fill-mode: both;\n\t\t\t\t\tanimation-fill-mode: both;\n\t\t\t\t\t-webkit-animation: load7 1.8s infinite ease-in-out;\n\t\t\t\t\tanimation: load7 1.8s infinite ease-in-out;\n\t\t\t\t}\n\t\t\t\t.loader {\n\t\t\t\t\tcolor: rgba( 0, 0, 0, 0.5 );\n\t\t\t\t\tfont-size: 10px;\n\t\t\t\t\tmargin: 0 auto 80px;\n\t\t\t\t\tposition: relative;\n\t\t\t\t\ttext-indent: -9999em;\n\t\t\t\t\t-webkit-transform: translateZ(0);\n\t\t\t\t\t-ms-transform: translateZ(0);\n\t\t\t\t\ttransform: translateZ(0);\n\t\t\t\t\t-webkit-animation-delay: -0.16s;\n\t\t\t\t\tanimation-delay: -0.16s;\n\t\t\t\t}\n\t\t\t\t.loader:before,\n\t\t\t\t.loader:after {\n\t\t\t\t\tcontent: '';\n\t\t\t\t\tposition: absolute;\n\t\t\t\t\ttop: 0;\n\t\t\t\t}\n\t\t\t\t.loader:before {\n\t\t\t\t\tleft: -3.5em;\n\t\t\t\t\t-webkit-animation-delay: -0.32s;\n\t\t\t\t\tanimation-delay: -0.32s;\n\t\t\t\t}\n\t\t\t\t.loader:after {\n\t\t\t\t\tleft: 3.5em;\n\t\t\t\t}\n\t\t\t\t@-webkit-keyframes load7 {\n\t\t\t\t\t0%,\n\t\t\t\t\t80%,\n\t\t\t\t\t100% {\n\t\t\t\t\t\tbox-shadow: 0 2.5em 0 -1.3em;\n\t\t\t\t\t}\n\t\t\t\t\t40% {\n\t\t\t\t\t\tbox-shadow: 0 2.5em 0 0;\n\t\t\t\t\t}\n\t\t\t\t}\n\t\t\t\t@keyframes load7 {\n\t\t\t\t\t0%,\n\t\t\t\t\t80%,\n\t\t\t\t\t100% {\n\t\t\t\t\t\tbox-shadow: 0 2.5em 0 -1.3em;\n\t\t\t\t\t}\n\t\t\t\t\t40% {\n\t\t\t\t\t\tbox-shadow: 0 2.5em 0 0;\n\t\t\t\t\t}\n\t\t\t\t}\n\t\t\t<\/style>\n\t\t<\/div>\n\t\t\t\t<script type=\"text\/javascript\">\n\t\t\tdocument.addEventListener('DOMContentLoaded', function() {\n\t\t\t\t( function ( $ ) {\n\t\t\t\t\tvar formId = '2';\n\t\t\t\t\t$.post( 'https:\/\/www.hitechseals.com\/wp-admin\/admin-ajax.php?action=gfcb_get_form&form_id=2&form_theme=orbital', {\n\t\t\t\t\t\taction: 'gfcb_get_form',\n\t\t\t\t\t\tform_id: '2',\n\t\t\t\t\t\tatts: {\"id\":\"2\",\"title\":\"false\",\"description\":\"false\",\"ajax\":\"true\",\"cachebuster\":false,\"theme\":\"orbital\",\"styles\":\"\"},\n\t\t\t\t\t\tform_request_origin: 'T2mY5+Ev7df4wS1NuqIu3vycPaFd0+66\/aaeEBwak5qB5FdP0RVM4zOGEIfB1i59QorJgafKbWfndzG\/Qv+u9s6CNeGIj7lfk02W9QLJ17ppOekv7s0\/TOIl3N6ReW4rRg6NQRKpiyiZpa9hJduuJ58Kzw6eQez+ADyC97FJQ7050RMVRQCN',\n\t\t\t\t\t\tlang: 'fr'\n\t\t\t\t\t}, function( response ) {\n\t\t\t\t\t\t$( '#gf-cache-buster-form-container-2' ).html( response ).fadeIn();\n\t\t\t\t\t\tif( window['gformInitDatepicker'] ) {\n\t\t\t\t\t\t\tgformInitDatepicker();\n\t\t\t\t\t\t}\n\t\t\t\t\t\t\/\/ Initialize GPPA\n\t\t\t\t\t\t\/\/ @todo Since we are not triggering the `gform_post_render` below, I'm not certain that we need this.\n\t\t\t\t\t\tif( response.indexOf('GPPA') > -1 ) {\n\t\t\t\t\t\t\twindow.gform.doAction('gppa_register_form', formId);\n\t\t\t\t\t\t}\n\t\t\t\t\t\t\/\/ We probably don't need this since everything else should already be loaded by this point but since\n\t\t\t\t\t\t\/\/ GF is using it as their standard for triggering the `gform_post_render` event, I figured we should follow suit.\n\t\t\t\t\t\tgform.initializeOnLoaded( function() {\n\t\t\t\t\t\t\t\/\/ Form has been rendered. Trigger post render to initialize scripts if form is not restricted (expired).\n\t\t\t\t\t\t\tgform.initializeOnLoaded(function() {jQuery(document).trigger(\"gform_pre_post_render\", [{ formId: \"2\", currentPage: \"1\", abort: function() { this.preventDefault(); } }]);        if (event && event.defaultPrevented) {                return;        }        const gformWrapperDiv = document.getElementById( \"gform_wrapper_2\" );        if ( gformWrapperDiv ) {            const visibilitySpan = document.createElement( \"span\" );            visibilitySpan.id = \"gform_visibility_test_2\";            gformWrapperDiv.insertAdjacentElement( \"afterend\", visibilitySpan );        }        const visibilityTestDiv = document.getElementById( \"gform_visibility_test_2\" );        let postRenderFired = false;        function triggerPostRender() {            if ( postRenderFired ) {                return;            }            postRenderFired = true;            gform.core.triggerPostRenderEvents( 2, 1 );            if ( visibilityTestDiv ) {                visibilityTestDiv.parentNode.removeChild( visibilityTestDiv );            }        }        function debounce( func, wait, immediate ) {            var timeout;            return function() {                var context = this, args = arguments;                var later = function() {                    timeout = null;                    if ( !immediate ) func.apply( context, args );                };                var callNow = immediate && !timeout;                clearTimeout( timeout );                timeout = setTimeout( later, wait );                if ( callNow ) func.apply( context, args );            };        }        const debouncedTriggerPostRender = debounce( function() {            triggerPostRender();        }, 200 );        if ( visibilityTestDiv && visibilityTestDiv.offsetParent === null ) {            const observer = new MutationObserver( ( mutations ) => {                mutations.forEach( ( mutation ) => {                    if ( mutation.type === 'attributes' && visibilityTestDiv.offsetParent !== null ) {                        debouncedTriggerPostRender();                        observer.disconnect();                    }                });            });            observer.observe( document.body, {                attributes: true,                childList: false,                subtree: true,                attributeFilter: [ 'style', 'class' ],            });        } else {            triggerPostRender();        }    });\t\t\t\t\t\t} );\n\t\t\t\t\t} );\n\t\t\t\t} )( jQuery );\n\t\t\t});\n\t\t<\/script>\n\n\t\t[\/vc_column][\/vc_row]<\/div>","protected":false},"excerpt":{"rendered":"<p>[vc_row][vc_column offset=\u00a0\u00bbvc_col-lg-offset-3 vc_col-lg-6 vc_col-md-offset-2 vc_col-md-8&Prime;][web3_vc_content sm=\u00a0\u00bb40&Prime; smb=\u00a0\u00bb20&Prime; md=\u00a0\u00bb20&Prime; lg=\u00a0\u00bb100&Prime; lgb=\u00a0\u00bb20&Prime; text_align_sm=\u00a0\u00bbcenter\u00a0\u00bb title=\u00a0\u00bbMarch\u00e9s que nous servons\u00a0\u00bb] Faisant confiance \u00e0 des clients sur des&hellip;<\/p>\n","protected":false},"author":1,"featured_media":3867,"parent":3951,"menu_order":2,"comment_status":"closed","ping_status":"closed","template":"","meta":{"_acf_changed":false,"footnotes":""},"class_list":["post-3864","page","type-page","status-publish","has-post-thumbnail","hentry"],"acf":[],"yoast_head":"<!-- This site is optimized with the Yoast SEO plugin v27.4 - https:\/\/yoast.com\/product\/yoast-seo-wordpress\/ -->\n<title>March\u00e9s que nous servons - Hi-Tech Seals<\/title>\n<meta name=\"robots\" content=\"index, follow, max-snippet:-1, max-image-preview:large, max-video-preview:-1\" \/>\n<link rel=\"canonical\" href=\"https:\/\/www.hitechseals.com\/fr\/notre-entreprise\/marches-que-nous-servons\/\" \/>\n<meta property=\"og:locale\" content=\"fr_CA\" \/>\n<meta property=\"og:type\" content=\"article\" \/>\n<meta property=\"og:title\" content=\"March\u00e9s que nous servons - Hi-Tech Seals\" \/>\n<meta property=\"og:description\" content=\"[vc_row][vc_column offset=\u00a0\u00bbvc_col-lg-offset-3 vc_col-lg-6 vc_col-md-offset-2 vc_col-md-8&Prime;][web3_vc_content sm=\u00a0\u00bb40&Prime; smb=\u00a0\u00bb20&Prime; md=\u00a0\u00bb20&Prime; lg=\u00a0\u00bb100&Prime; lgb=\u00a0\u00bb20&Prime; text_align_sm=\u00a0\u00bbcenter\u00a0\u00bb title=\u00a0\u00bbMarch\u00e9s que nous servons\u00a0\u00bb] Faisant confiance \u00e0 des clients sur des&hellip;\" \/>\n<meta property=\"og:url\" content=\"https:\/\/www.hitechseals.com\/fr\/notre-entreprise\/marches-que-nous-servons\/\" \/>\n<meta property=\"og:site_name\" content=\"Hi-Tech Seals\" \/>\n<meta property=\"article:modified_time\" content=\"2025-12-30T23:57:01+00:00\" \/>\n<meta property=\"og:image\" content=\"https:\/\/www.hitechseals.com\/wp-content\/uploads\/2025\/08\/case_study_banner-e1756836791191.jpg\" \/>\n\t<meta property=\"og:image:width\" content=\"1920\" \/>\n\t<meta property=\"og:image:height\" content=\"643\" \/>\n\t<meta property=\"og:image:type\" content=\"image\/jpeg\" \/>\n<meta name=\"twitter:card\" content=\"summary_large_image\" \/>\n<meta name=\"twitter:label1\" content=\"Estimation du temps de lecture\" \/>\n\t<meta name=\"twitter:data1\" content=\"1 minute\" \/>\n<script type=\"application\/ld+json\" class=\"yoast-schema-graph\">{\"@context\":\"https:\\\/\\\/schema.org\",\"@graph\":[{\"@type\":\"WebPage\",\"@id\":\"https:\\\/\\\/www.hitechseals.com\\\/fr\\\/notre-entreprise\\\/marches-que-nous-servons\\\/\",\"url\":\"https:\\\/\\\/www.hitechseals.com\\\/fr\\\/notre-entreprise\\\/marches-que-nous-servons\\\/\",\"name\":\"March\u00e9s que nous servons - Hi-Tech Seals\",\"isPartOf\":{\"@id\":\"https:\\\/\\\/www.hitechseals.com\\\/fr\\\/#website\"},\"primaryImageOfPage\":{\"@id\":\"https:\\\/\\\/www.hitechseals.com\\\/fr\\\/notre-entreprise\\\/marches-que-nous-servons\\\/#primaryimage\"},\"image\":{\"@id\":\"https:\\\/\\\/www.hitechseals.com\\\/fr\\\/notre-entreprise\\\/marches-que-nous-servons\\\/#primaryimage\"},\"thumbnailUrl\":\"https:\\\/\\\/www.hitechseals.com\\\/wp-content\\\/uploads\\\/2025\\\/08\\\/case_study_banner-e1756836791191.jpg\",\"datePublished\":\"2025-05-21T00:22:49+00:00\",\"dateModified\":\"2025-12-30T23:57:01+00:00\",\"breadcrumb\":{\"@id\":\"https:\\\/\\\/www.hitechseals.com\\\/fr\\\/notre-entreprise\\\/marches-que-nous-servons\\\/#breadcrumb\"},\"inLanguage\":\"fr-CA\",\"potentialAction\":[{\"@type\":\"ReadAction\",\"target\":[\"https:\\\/\\\/www.hitechseals.com\\\/fr\\\/notre-entreprise\\\/marches-que-nous-servons\\\/\"]}]},{\"@type\":\"ImageObject\",\"inLanguage\":\"fr-CA\",\"@id\":\"https:\\\/\\\/www.hitechseals.com\\\/fr\\\/notre-entreprise\\\/marches-que-nous-servons\\\/#primaryimage\",\"url\":\"https:\\\/\\\/www.hitechseals.com\\\/wp-content\\\/uploads\\\/2025\\\/08\\\/case_study_banner-e1756836791191.jpg\",\"contentUrl\":\"https:\\\/\\\/www.hitechseals.com\\\/wp-content\\\/uploads\\\/2025\\\/08\\\/case_study_banner-e1756836791191.jpg\",\"width\":1920,\"height\":643},{\"@type\":\"BreadcrumbList\",\"@id\":\"https:\\\/\\\/www.hitechseals.com\\\/fr\\\/notre-entreprise\\\/marches-que-nous-servons\\\/#breadcrumb\",\"itemListElement\":[{\"@type\":\"ListItem\",\"position\":1,\"name\":\"Home\",\"item\":\"https:\\\/\\\/www.hitechseals.com\\\/fr\\\/accueil\\\/\"},{\"@type\":\"ListItem\",\"position\":2,\"name\":\"Notre entreprise\",\"item\":\"https:\\\/\\\/www.hitechseals.com\\\/fr\\\/notre-entreprise\\\/\"},{\"@type\":\"ListItem\",\"position\":3,\"name\":\"March\u00e9s que nous servons\"}]},{\"@type\":\"WebSite\",\"@id\":\"https:\\\/\\\/www.hitechseals.com\\\/fr\\\/#website\",\"url\":\"https:\\\/\\\/www.hitechseals.com\\\/fr\\\/\",\"name\":\"Hi-Tech Seals\",\"description\":\"\",\"potentialAction\":[{\"@type\":\"SearchAction\",\"target\":{\"@type\":\"EntryPoint\",\"urlTemplate\":\"https:\\\/\\\/www.hitechseals.com\\\/fr\\\/?s={search_term_string}\"},\"query-input\":{\"@type\":\"PropertyValueSpecification\",\"valueRequired\":true,\"valueName\":\"search_term_string\"}}],\"inLanguage\":\"fr-CA\"}]}<\/script>\n<!-- \/ Yoast SEO plugin. -->","yoast_head_json":{"title":"March\u00e9s que nous servons - Hi-Tech Seals","robots":{"index":"index","follow":"follow","max-snippet":"max-snippet:-1","max-image-preview":"max-image-preview:large","max-video-preview":"max-video-preview:-1"},"canonical":"https:\/\/www.hitechseals.com\/fr\/notre-entreprise\/marches-que-nous-servons\/","og_locale":"fr_CA","og_type":"article","og_title":"March\u00e9s que nous servons - Hi-Tech Seals","og_description":"[vc_row][vc_column offset=\u00a0\u00bbvc_col-lg-offset-3 vc_col-lg-6 vc_col-md-offset-2 vc_col-md-8&Prime;][web3_vc_content sm=\u00a0\u00bb40&Prime; smb=\u00a0\u00bb20&Prime; md=\u00a0\u00bb20&Prime; lg=\u00a0\u00bb100&Prime; lgb=\u00a0\u00bb20&Prime; text_align_sm=\u00a0\u00bbcenter\u00a0\u00bb title=\u00a0\u00bbMarch\u00e9s que nous servons\u00a0\u00bb] Faisant confiance \u00e0 des clients sur des&hellip;","og_url":"https:\/\/www.hitechseals.com\/fr\/notre-entreprise\/marches-que-nous-servons\/","og_site_name":"Hi-Tech Seals","article_modified_time":"2025-12-30T23:57:01+00:00","og_image":[{"width":1920,"height":643,"url":"https:\/\/www.hitechseals.com\/wp-content\/uploads\/2025\/08\/case_study_banner-e1756836791191.jpg","type":"image\/jpeg"}],"twitter_card":"summary_large_image","twitter_misc":{"Estimation du temps de lecture":"1 minute"},"schema":{"@context":"https:\/\/schema.org","@graph":[{"@type":"WebPage","@id":"https:\/\/www.hitechseals.com\/fr\/notre-entreprise\/marches-que-nous-servons\/","url":"https:\/\/www.hitechseals.com\/fr\/notre-entreprise\/marches-que-nous-servons\/","name":"March\u00e9s que nous servons - Hi-Tech Seals","isPartOf":{"@id":"https:\/\/www.hitechseals.com\/fr\/#website"},"primaryImageOfPage":{"@id":"https:\/\/www.hitechseals.com\/fr\/notre-entreprise\/marches-que-nous-servons\/#primaryimage"},"image":{"@id":"https:\/\/www.hitechseals.com\/fr\/notre-entreprise\/marches-que-nous-servons\/#primaryimage"},"thumbnailUrl":"https:\/\/www.hitechseals.com\/wp-content\/uploads\/2025\/08\/case_study_banner-e1756836791191.jpg","datePublished":"2025-05-21T00:22:49+00:00","dateModified":"2025-12-30T23:57:01+00:00","breadcrumb":{"@id":"https:\/\/www.hitechseals.com\/fr\/notre-entreprise\/marches-que-nous-servons\/#breadcrumb"},"inLanguage":"fr-CA","potentialAction":[{"@type":"ReadAction","target":["https:\/\/www.hitechseals.com\/fr\/notre-entreprise\/marches-que-nous-servons\/"]}]},{"@type":"ImageObject","inLanguage":"fr-CA","@id":"https:\/\/www.hitechseals.com\/fr\/notre-entreprise\/marches-que-nous-servons\/#primaryimage","url":"https:\/\/www.hitechseals.com\/wp-content\/uploads\/2025\/08\/case_study_banner-e1756836791191.jpg","contentUrl":"https:\/\/www.hitechseals.com\/wp-content\/uploads\/2025\/08\/case_study_banner-e1756836791191.jpg","width":1920,"height":643},{"@type":"BreadcrumbList","@id":"https:\/\/www.hitechseals.com\/fr\/notre-entreprise\/marches-que-nous-servons\/#breadcrumb","itemListElement":[{"@type":"ListItem","position":1,"name":"Home","item":"https:\/\/www.hitechseals.com\/fr\/accueil\/"},{"@type":"ListItem","position":2,"name":"Notre entreprise","item":"https:\/\/www.hitechseals.com\/fr\/notre-entreprise\/"},{"@type":"ListItem","position":3,"name":"March\u00e9s que nous servons"}]},{"@type":"WebSite","@id":"https:\/\/www.hitechseals.com\/fr\/#website","url":"https:\/\/www.hitechseals.com\/fr\/","name":"Hi-Tech Seals","description":"","potentialAction":[{"@type":"SearchAction","target":{"@type":"EntryPoint","urlTemplate":"https:\/\/www.hitechseals.com\/fr\/?s={search_term_string}"},"query-input":{"@type":"PropertyValueSpecification","valueRequired":true,"valueName":"search_term_string"}}],"inLanguage":"fr-CA"}]}},"_links":{"self":[{"href":"https:\/\/www.hitechseals.com\/fr\/wp-json\/wp\/v2\/pages\/3864","targetHints":{"allow":["GET"]}}],"collection":[{"href":"https:\/\/www.hitechseals.com\/fr\/wp-json\/wp\/v2\/pages"}],"about":[{"href":"https:\/\/www.hitechseals.com\/fr\/wp-json\/wp\/v2\/types\/page"}],"author":[{"embeddable":true,"href":"https:\/\/www.hitechseals.com\/fr\/wp-json\/wp\/v2\/users\/1"}],"replies":[{"embeddable":true,"href":"https:\/\/www.hitechseals.com\/fr\/wp-json\/wp\/v2\/comments?post=3864"}],"version-history":[{"count":4,"href":"https:\/\/www.hitechseals.com\/fr\/wp-json\/wp\/v2\/pages\/3864\/revisions"}],"predecessor-version":[{"id":5373,"href":"https:\/\/www.hitechseals.com\/fr\/wp-json\/wp\/v2\/pages\/3864\/revisions\/5373"}],"up":[{"embeddable":true,"href":"https:\/\/www.hitechseals.com\/fr\/wp-json\/wp\/v2\/pages\/3951"}],"wp:featuredmedia":[{"embeddable":true,"href":"https:\/\/www.hitechseals.com\/fr\/wp-json\/wp\/v2\/media\/3867"}],"wp:attachment":[{"href":"https:\/\/www.hitechseals.com\/fr\/wp-json\/wp\/v2\/media?parent=3864"}],"curies":[{"name":"wp","href":"https:\/\/api.w.org\/{rel}","templated":true}]}}