{"id":3904,"date":"2025-05-15T10:43:17","date_gmt":"2025-05-15T16:43:17","guid":{"rendered":"https:\/\/www.hitechseals.com\/responsabilite-dentreprise\/"},"modified":"2025-12-30T16:57:08","modified_gmt":"2025-12-30T23:57:08","slug":"responsabilite-dentreprise","status":"publish","type":"page","link":"https:\/\/www.hitechseals.com\/fr\/notre-entreprise\/responsabilite-dentreprise\/","title":{"rendered":"Responsabilit\u00e9 d&rsquo;entreprise"},"content":{"rendered":"<div class=\"wpb-content-wrapper\">[vc_row content_placement=\u00a0\u00bbmiddle\u00a0\u00bb][vc_column offset=\u00a0\u00bbvc_col-lg-6&Prime;][web3_vc_content class_btn=\u00a0\u00bb\u00a0\u00bb sm=\u00a0\u00bb40&Prime; md=\u00a0\u00bb60&Prime; lg=\u00a0\u00bb100&Prime; title=\u00a0\u00bbCode de conduite de l&rsquo;entreprise\u00a0\u00bb]Notre Code de conduite d&rsquo;entreprise d\u00e9finit les comportements attendus de tous les employ\u00e9s. Nous menons nos affaires de mani\u00e8re \u00e9quitable, impartiale, \u00e9thique et appropri\u00e9e, et en pleine conformit\u00e9 avec toutes les lois et r\u00e9glementations applicables. Dans la conduite de nos affaires, l&rsquo;int\u00e9grit\u00e9 doit sous-tendre toutes les relations de l&rsquo;entreprise, y compris celles avec les clients, les fournisseurs, les communaut\u00e9s et les coll\u00e8gues. Nous nous tenons aux plus hauts standards de conduite commerciale \u00e9thique dans l&rsquo;accomplissement de nos responsabilit\u00e9s d&rsquo;entreprise. Nous ne nous engagerons pas dans une conduite ou une activit\u00e9 qui pourrait soulever des questions quant \u00e0 l&rsquo;honn\u00eatet\u00e9, l&rsquo;impartialit\u00e9 ou la r\u00e9putation de Hi-Tech Seal, ou qui pourrait autrement causer de l&#8217;embarras \u00e0 Hi-Tech Seals.    [\/web3_vc_content][\/vc_column][vc_column offset=\u00a0\u00bbvc_col-lg-6&Prime;][vc_single_image image=\u00a0\u00bb3906&Prime; img_size=\u00a0\u00bbfull\u00a0\u00bb css=\u00a0\u00bb\u00a0\u00bb][\/vc_column][\/vc_row][vc_row][vc_column][web3_vc_box_icon_texts sm=\u00a0\u00bb40&Prime; md=\u00a0\u00bb60&Prime; lg=\u00a0\u00bb0&Prime; lgb=\u00a0\u00bb100&Prime; sm_x=\u00a0\u00bb\u00a0\u00bb title=\u00a0\u00bbNous nous engageons \u00e0 :\u00a0\u00bb items=\u00a0\u00bb%5B%7B%22icon_name%22%3A%22icon_hart%22%2C%22body%22%3A%22SW50ZWdyaXR5JTIwaXMlMjBhdCUyMHRoZSUyMGhlYXJ0JTIwb2YlMjBldmVyeXRoaW5nJTIwd2UlMjBkby4lMjBXZSUyMGFyZSUyMGhvbmVzdCUyQyUyMGV0aGljYWwlMjBhbmQlMjB1cGZyb250JTIwYmVjYXVzZSUyMHRydXN0JTIwaXMlMjBhdCUyMHRoZSUyMGZvdW5kYXRpb24lMjBvZiUyMG91ciUyMHJlbGF0aW9uc2hpcHMlMjB3aXRoJTIwb3VyJTIwY3VzdG9tZXJzJTJDJTIwb3VyJTIwY29tbXVuaXRpZXMlMkMlMjBvdXIlMjBzdGFrZWhvbGRlcnMlMjBhbmQlMjBlYWNoJTIwb3RoZXIu%22%7D%2C%7B%22icon_name%22%3A%22icon_globe%22%2C%22body%22%3A%22VGhlJTIwZGl2ZXJzaXR5JTIwb2YlMjB0aGUlMjBDb21wYW55JUUyJTgwJTk5cyUyMGVtcGxveWVlcyUyMGlzJTIwYSUyMHRyZW1lbmRvdXMlMjBhc3NldC4lMjBXZSUyMGFyZSUyMGZpcm1seSUyMGNvbW1pdHRlZCUyMHRvJTIwcHJvdmlkaW5nJTIwZXF1YWwlMjBvcHBvcnR1bml0eSUyMGluJTIwYWxsJTIwYXNwZWN0cyUyMG9mJTIwZW1wbG95bWVudCUyMGFuZCUyMHdpbGwlMjBub3QlMjB0b2xlcmF0ZSUyMGFueSUyMGRpc2NyaW1pbmF0aW9uJTIwb3IlMjBoYXJhc3NtZW50JTIwYmFzZWQlMjBvbiUyMHJhY2UlMkMlMjBjb2xvciUyQyUyMHJlbGlnaW9uJTJDJTIwc2V4JTJDJTIwbmF0aW9uYWwlMjBvcmlnaW4lMjBvciUyMGFueSUyMG90aGVyJTIwcHJvdGVjdGVkJTIwY2xhc3Mu%22%7D%2C%7B%22icon_name%22%3A%22icon_hand%22%2C%22body%22%3A%22V2UlMjByZWZyYWluJTIwZnJvbSUyMHBhcnRpY2lwYXRpbmclMjBpbiUyMGFueSUyMGFjdGl2aXR5JTIwdGhhdCUyMGlzJTIwaW4lMjBjb25mbGljdCUyMHdpdGglMjB0aGUlMjBpbnRlcmVzdHMlMjBvZiUyMEhpLVRlY2glMjBTZWFscyUyMG9yJTIwd291bGQlMjBkYW1hZ2UlMjBIaS1UZWNoJTIwU2VhbHMlRTIlODAlOTklMjByZXB1dGF0aW9uLg%3D%3D%22%7D%2C%7B%22icon_name%22%3A%22icon_scale_balanced%22%2C%22body%22%3A%22V2l0aG91dCUyMGV4Y2VwdGlvbiUyQyUyMGVtcGxveWVlcyUyMHdpbGwlMjBjb21wbHklMjB3aXRoJTIwYWxsJTIwYXBwbGljYWJsZSUyMGxhd3MlMkMlMjBydWxlcyUyMGFuZCUyMHJlZ3VsYXRpb25zLg%3D%3D%22%7D%2C%7B%22icon_name%22%3A%22icon_shield%22%2C%22body%22%3A%22V2UlMjB3aWxsJTIwcmVzcGVjdCUyMGFuZCUyMHNhZmVndWFyZCUyMHRoZSUyMGNvbmZpZGVudGlhbGl0eSUyMG9mJTIwaW5mb3JtYXRpb24lMjB3aGljaCUyMGlzJTIwYXZhaWxhYmxlJTIwb3IlMjBrbm93biUyMHRvJTIwdGhlbSUyMGJ5JTIwcmVhc29uJTIwb2YlMjB0aGVpciUyMG9mZmljaWFsJTIwZnVuY3Rpb25zLg%3D%3D%22%7D%2C%7B%22icon_name%22%3A%22icon_user_check%22%2C%22body%22%3A%22V2UlMjB3aWxsJTIwYXZvaWQlMjBhbnklMjBzaXR1YXRpb24lMjBpbnZvbHZpbmclMjBhJTIwY29uZmxpY3QlMkMlMjBvciUyMHRoZSUyMGFwcGVhcmFuY2UlMjBvZiUyMGElMjBjb25mbGljdCUyQyUyMGJldHdlZW4lMjB0aGVpciUyMHBlcnNvbmFsJTIwaW50ZXJlc3RzJTIwYW5kJTIwcGVyZm9ybWFuY2UlMjBvZiUyMHRoZWlyJTIwb2ZmaWNpYWwlMjBkdXRpZXMuJTIwSW4lMjBkZWFsaW5ncyUyMHdpdGglMjBzdXBwbGllcnMlMkMlMjBhbmQlMjBvdGhlciUyMHBhcnRpZXMlMkMlMjBlbXBsb3llZXMlMjBzaG91bGQlMjBhY3QlMjBpbiUyMHRoZSUyMGJlc3QlMjBpbnRlcmVzdCUyMG9mJTIwdGhlJTIwQ29tcGFueSUyMHRvJTIwdGhlJTIwZXhjbHVzaW9uJTIwb2YlMjBhbnklMjBwZXJzb25hbCUyMGFkdmFudGFnZS4%3D%22%7D%2C%7B%22icon_name%22%3A%22icon_right_left%22%2C%22body%22%3A%22V2UlMjBvYnNlcnZlJTIwdGhhdCUyMGZhaXIlMjBkZWFsaW5nJTIwaXMlMjB0aGUlMjBmb3VuZGF0aW9uJTIwZm9yJTIwYWxsJTIwb2YlMjBvdXIlMjB0cmFuc2FjdGlvbnMlMjBhbmQlMjBpbnRlcmFjdGlvbnMu%22%7D%2C%7B%22icon_name%22%3A%22icon_question%22%2C%22body%22%3A%22RXZlcnklMjBlbXBsb3llZSUyMGhhcyUyMHRoZSUyMHJlc3BvbnNpYmlsaXR5JTIwdG8lMjBhc2slMjBxdWVzdGlvbnMlMkMlMjBzZWVrJTIwZ3VpZGFuY2UlMjBhbmQlMjByZXBvcnQlMjBzdXNwZWN0ZWQlMjB2aW9sYXRpb25zJTIwb2YlMjB0aGlzJTIwQ29kZSUyMG9mJTIwQ29uZHVjdC4lMjBSZXRhbGlhdGlvbiUyMGFnYWluc3QlMjBlbXBsb3llZXMlMjB3aG8lMjBjb21lJTIwZm9yd2FyZCUyMHRvJTIwcmFpc2UlMjBnZW51aW5lJTIwY29uY2VybnMlMjB3aWxsJTIwbm90JTIwYmUlMjB0b2xlcmF0ZWQu%22%7D%2C%7B%22icon_name%22%3A%22icon_people%22%2C%22body%22%3A%22V2UlMjB0cmVhdCUyMGNvbGxlYWd1ZXMlMkMlMjB3aGV0aGVyJTIwc3VwZXJ2aXNvcnMlMkMlMjBwZWVycyUyQyUyMG9yJTIwc3Vib3JkaW5hdGVzJTJDJTIwd2l0aCUyMGNvdXJ0ZXN5JTIwYW5kJTIwcmVzcGVjdCUyQyUyMHdpdGhvdXQlMjBoYXJhc3NtZW50JTJDJTIwb3IlMjBwaHlzaWNhbCUyMG9yJTIwdmVyYmFsJTIwYWJ1c2UuJTIwRW1wbG95ZWVzJTIwc2hvdWxkJTIwYXQlMjBhbGwlMjB0aW1lcyUyMGF2b2lkJTIwYmVoYXZpb3IlMjBhdCUyMHRoZSUyMHdvcmtwbGFjZSUyMHRoYXQlMkMlMjBhbHRob3VnaCUyMG5vdCUyMHJpc2luZyUyMHRvJTIwdGhlJTIwbGV2ZWwlMjBvZiUyMGhhcmFzc21lbnQlMjBvciUyMGFidXNlJTJDJTIwbWF5JTIwbm9uZXRoZWxlc3MlMjBjcmVhdGUlMjBhbiUyMGF0bW9zcGhlcmUlMjBvZiUyMGhvc3RpbGl0eSUyMG9yJTIwaW50aW1pZGF0aW9uLg%3D%3D%22%7D%5D\u00a0\u00bb][\/web3_vc_box_icon_texts][\/vc_column][\/vc_row][vc_row vc_contrast=\u00a0\u00bblight\u00a0\u00bb full_width=\u00a0\u00bbstretch_row\u00a0\u00bb content_placement=\u00a0\u00bbmiddle\u00a0\u00bb sm=\u00a0\u00bb40&Prime; md=\u00a0\u00bb60&Prime; lg=\u00a0\u00bb100&Prime; css=\u00a0\u00bb.vc_custom_1747423720324{background-color: #000000 !important;}\u00a0\u00bb vc_update_desktop=\u00a0\u00bb271&Prime;][vc_column offset=\u00a0\u00bbvc_col-lg-4&Prime;][vc_single_image image=\u00a0\u00bb3907&Prime; img_size=\u00a0\u00bbfull\u00a0\u00bb alignment=\u00a0\u00bbcenter\u00a0\u00bb css=\u00a0\u00bb\u00a0\u00bb][\/vc_column][vc_column offset=\u00a0\u00bbvc_col-lg-8&Prime;][web3_vc_content sm=\u00a0\u00bb40&Prime; smb=\u00a0\u00bb0&Prime; md=\u00a0\u00bb60&Prime; mdb=\u00a0\u00bb0&Prime; lg=\u00a0\u00bb0&Prime;]Les conflits arm\u00e9s et les pr\u00e9occupations relatives aux droits de l&rsquo;homme en R\u00e9publique d\u00e9mocratique du Congo, en Angola, au Burundi, en R\u00e9publique centrafricaine, en R\u00e9publique du Congo, en Ouganda, au Soudan (Soudan du Sud), en Tanzanie et en Zambie ont attir\u00e9 l&rsquo;attention sur les pratiques d&rsquo;extraction de mati\u00e8res premi\u00e8res dans ces r\u00e9gions. Les mat\u00e9riaux concern\u00e9s comprennent le tantale, l&rsquo;\u00e9tain, l&rsquo;or et la wolframite (tungst\u00e8ne). De nombreuses entreprises et nations ont pris position sur le conflit en refusant d&rsquo;utiliser ces \u00ab min\u00e9raux de conflit \u00bb. Une l\u00e9gislation am\u00e9ricaine r\u00e9cente, le Dodd-Frank Wall Street Reform and Consumer Protection Act, a interdit l&rsquo;utilisation de min\u00e9raux de conflit fournis aux \u00c9tats-Unis. Hi-Tech Seals certifie que les produits fournis par notre entreprise sont exempts de conflit.[\/web3_vc_content][\/vc_column][\/vc_row][vc_row content_placement=\u00a0\u00bbmiddle\u00a0\u00bb sm=\u00a0\u00bb40&Prime; md=\u00a0\u00bb60&Prime; lg=\u00a0\u00bb100&Prime;][vc_column offset=\u00a0\u00bbvc_col-lg-6&Prime;][vc_single_image image=\u00a0\u00bb3909&Prime; img_size=\u00a0\u00bbfull\u00a0\u00bb alignment=\u00a0\u00bbcenter\u00a0\u00bb css=\u00a0\u00bb\u00a0\u00bb][\/vc_column][vc_column offset=\u00a0\u00bbvc_col-lg-6&Prime;][web3_vc_content h_sub=\u00a0\u00bbh4&Prime; class_btn=\u00a0\u00bb\u00a0\u00bb sm=\u00a0\u00bb40&Prime; smb=\u00a0\u00bb0&Prime; md=\u00a0\u00bb60&Prime; mdb=\u00a0\u00bb0&Prime; lg=\u00a0\u00bb0&Prime; title=\u00a0\u00bbCode de conduite des fournisseurs\u00a0\u00bb title_sub=\u00a0\u00bbObjective and Extent\u00a0\u00bb vc_link=\u00a0\u00bburl:https%3A%2F%2Fwww.hitechseals.com%2Fwp-content%2Fuploads%2F2025%2F05%2Fsupplier_code_of_conduct_eng.pdf|title:Learn%20More%20About%20Supplier%20Code%20Of%20Conduct%20&Prime; vc_link_2=\u00a0\u00bburl:https%3A%2F%2Fwww.hitechseals.com%2Fwp-content%2Fuploads%2F2025%2F05%2FBill-S-211.pdf|title:Download%20Bill%20S-211%20Report|target:_blank\u00a0\u00bb]Le Code de conduite des fournisseurs de Hi-Tech Seals Inc. d\u00e9finit les principes et normes que les fournisseurs sont tenus de respecter lorsqu&rsquo;ils s&rsquo;engagent dans des activit\u00e9s commerciales, fournissent des biens et services, ou repr\u00e9sentent Hi-Tech Seals.\r\n\r\nCe Code de conduite d\u00e9finit des responsabilit\u00e9s sp\u00e9cifiques dans les domaines de l&rsquo;int\u00e9grit\u00e9 commerciale, des pratiques commerciales responsables, des droits de l&rsquo;homme, du travail forc\u00e9 et du travail des enfants, ainsi que du signalement et de la conformit\u00e9.[\/web3_vc_content][\/vc_column][\/vc_row][vc_row][vc_column el_class=\u00a0\u00bborder-lg-2&Prime; offset=\u00a0\u00bbvc_col-lg-6&Prime;][vc_single_image image=\u00a0\u00bb3911&Prime; img_size=\u00a0\u00bbfull\u00a0\u00bb css=\u00a0\u00bb\u00a0\u00bb el_class=\u00a0\u00bbtext-lg-right\u00a0\u00bb][\/vc_column][vc_column el_class=\u00a0\u00bborder-lg-1&Prime; offset=\u00a0\u00bbvc_col-lg-6&Prime;][web3_vc_content sm=\u00a0\u00bb40&Prime; md=\u00a0\u00bb60&Prime; mdb=\u00a0\u00bb40&Prime; lg=\u00a0\u00bb0&Prime; title=\u00a0\u00bbSignalement \u00e9thique\u00a0\u00bb]<em><strong>\u00ab Nous nous SOUCIONS. Et vous ? \u00bb<\/strong><\/em>\r\n\r\nHi-Tech Seals a r\u00e9vis\u00e9 sa politique de Code de conduite pour renforcer son approche de tol\u00e9rance z\u00e9ro adopt\u00e9e envers les comportements non \u00e9thiques dans ses relations d&rsquo;affaires.\r\n\r\nPour s&rsquo;assurer que les partenaires commerciaux et les employ\u00e9s observent les normes \u00e9thiques les plus \u00e9lev\u00e9es d&rsquo;int\u00e9grit\u00e9 et d&rsquo;honn\u00eatet\u00e9, nous avons mis en place CARE. CARE est un m\u00e9canisme de signalement qui fournit une connexion confidentielle entre la direction g\u00e9n\u00e9rale, les employ\u00e9s, les fournisseurs et les clients \u00e0 utiliser dans le cas o\u00f9 quelqu&rsquo;un serait observ\u00e9 n&rsquo;agissant pas avec les comp\u00e9tences, le soin, la diligence et\/ou l&rsquo;\u00e9quit\u00e9 requis. \r\n\r\nChez Hi-Tech Seals, nous encourageons la conduite \u00e9thique chez nos employ\u00e9s et fournisseurs. Afin de nous pr\u00e9munir contre les comportements non \u00e9thiques, nous souhaitons vous inviter \u00e0 nous aider en signalant tout acte r\u00e9pr\u00e9hensible ou comportement non \u00e9thique que vous observez. Les utilisateurs peuvent signaler toute pr\u00e9occupation li\u00e9e \u00e0 la fraude, au vol, aux conflits d&rsquo;int\u00e9r\u00eats, etc. en utilisant le programme CARE.  [\/web3_vc_content][web3_vc_content_custom sm=\u00a0\u00bb0&Prime; smb=\u00a0\u00bb40&Prime; md=\u00a0\u00bb0&Prime; mdb=\u00a0\u00bb60&Prime; lg=\u00a0\u00bb0&Prime; lgb=\u00a0\u00bb100&Prime; vc_link=\u00a0\u00bburl:https%3A%2F%2Fwww.hitechseals.com%2Fwp-content%2Fuploads%2F2025%2F06%2Fcare_policy.pdf|title:Our%20CARE%20Policy\u00a0\u00bb]<strong>Comment soulever une pr\u00e9occupation<\/strong>\r\n\r\nToute personne ayant une pr\u00e9occupation relative \u00e0 un acte r\u00e9pr\u00e9hensible commis par des employ\u00e9s, des fournisseurs ou des bureaux de Hi-Tech Seals peut le signaler en utilisant l&rsquo;une des m\u00e9thodes suivantes :\r\n<ul>\r\n \t<li><strong>Par t\u00e9l\u00e9phone :<\/strong> 1-855-484-2273<\/li>\r\n \t<li><strong>Par courriel :<\/strong> <strong><a href=\"mailto:U&#115;&#101;&#67;&#65;&#82;&#69;&#64;&#99;&#97;&#46;&#x67;&#x74;&#x2e;&#x63;&#x6f;&#x6d;\">&#x55;&#115;e&#x43;&#65;R&#x45;&#x40;&#99;&#x61;&#x2e;&#103;t&#x2e;&#99;o&#x6d;<\/a> <em>ou via le web : <a href=\"https:\/\/care.doanegrantthornton.ca\/\" target=\"_blank\" rel=\"noopener\">www.GrantThorntonCARE.ca<\/a><\/em><\/strong><\/li>\r\n<\/ul>\r\n<strong>Anonymat<\/strong>\r\n\r\nCARE est d\u00e9tenu et exploit\u00e9 de mani\u00e8re ind\u00e9pendante par Grant Thornton LLP et n&rsquo;est affili\u00e9 \u00e0 aucune organisation participant au programme CARE. Le site web CARE est con\u00e7u pour l&rsquo;anonymat ; cependant, une option est fournie si vous choisissez de vous identifier. Grant Thornton LLP ne suit aucune adresse IP des utilisateurs du site web CARE.  \r\n\r\n_string_btn_\r\n\r\n<em><strong>Rappelez-vous \u2013 Il est juste de signaler un tort<\/strong><\/em>[\/web3_vc_content_custom][\/vc_column][\/vc_row]<\/div>","protected":false},"excerpt":{"rendered":"<p>[vc_row content_placement=\u00a0\u00bbmiddle\u00a0\u00bb][vc_column offset=\u00a0\u00bbvc_col-lg-6&Prime;][web3_vc_content class_btn=\u00a0\u00bb\u00a0\u00bb sm=\u00a0\u00bb40&Prime; md=\u00a0\u00bb60&Prime; lg=\u00a0\u00bb100&Prime; title=\u00a0\u00bbCode de conduite de l&rsquo;entreprise\u00a0\u00bb]Notre Code de conduite d&rsquo;entreprise d\u00e9finit les comportements attendus de tous&hellip;<\/p>\n","protected":false},"author":1,"featured_media":3906,"parent":3951,"menu_order":1,"comment_status":"closed","ping_status":"closed","template":"","meta":{"_acf_changed":false,"footnotes":""},"class_list":["post-3904","page","type-page","status-publish","has-post-thumbnail","hentry"],"acf":[],"yoast_head":"<!-- This site is optimized with the Yoast SEO plugin v27.4 - https:\/\/yoast.com\/product\/yoast-seo-wordpress\/ -->\n<title>Responsabilit\u00e9 d&#039;entreprise - Hi-Tech Seals<\/title>\n<meta name=\"robots\" content=\"index, follow, max-snippet:-1, max-image-preview:large, max-video-preview:-1\" \/>\n<link rel=\"canonical\" href=\"https:\/\/www.hitechseals.com\/fr\/notre-entreprise\/responsabilite-dentreprise\/\" \/>\n<meta property=\"og:locale\" content=\"fr_CA\" \/>\n<meta property=\"og:type\" content=\"article\" \/>\n<meta property=\"og:title\" content=\"Responsabilit\u00e9 d&#039;entreprise - Hi-Tech Seals\" \/>\n<meta property=\"og:description\" content=\"[vc_row content_placement=\u00a0\u00bbmiddle\u00a0\u00bb][vc_column offset=\u00a0\u00bbvc_col-lg-6&Prime;][web3_vc_content class_btn=\u00a0\u00bb\u00a0\u00bb sm=\u00a0\u00bb40&Prime; md=\u00a0\u00bb60&Prime; lg=\u00a0\u00bb100&Prime; title=\u00a0\u00bbCode de conduite de l&rsquo;entreprise\u00a0\u00bb]Notre Code de conduite d&rsquo;entreprise d\u00e9finit les comportements attendus de tous&hellip;\" \/>\n<meta property=\"og:url\" content=\"https:\/\/www.hitechseals.com\/fr\/notre-entreprise\/responsabilite-dentreprise\/\" \/>\n<meta property=\"og:site_name\" content=\"Hi-Tech Seals\" \/>\n<meta property=\"article:modified_time\" content=\"2025-12-30T23:57:08+00:00\" \/>\n<meta property=\"og:image\" content=\"https:\/\/www.hitechseals.com\/wp-content\/uploads\/2025\/05\/hitechseals.corporate-responsibility.figure.01.jpg\" \/>\n\t<meta property=\"og:image:width\" content=\"776\" \/>\n\t<meta property=\"og:image:height\" content=\"384\" \/>\n\t<meta property=\"og:image:type\" content=\"image\/jpeg\" \/>\n<meta name=\"twitter:card\" content=\"summary_large_image\" \/>\n<meta name=\"twitter:label1\" content=\"Estimation du temps de lecture\" \/>\n\t<meta name=\"twitter:data1\" content=\"5 minutes\" \/>\n<script type=\"application\/ld+json\" class=\"yoast-schema-graph\">{\"@context\":\"https:\\\/\\\/schema.org\",\"@graph\":[{\"@type\":\"WebPage\",\"@id\":\"https:\\\/\\\/www.hitechseals.com\\\/fr\\\/notre-entreprise\\\/responsabilite-dentreprise\\\/\",\"url\":\"https:\\\/\\\/www.hitechseals.com\\\/fr\\\/notre-entreprise\\\/responsabilite-dentreprise\\\/\",\"name\":\"Responsabilit\u00e9 d'entreprise - Hi-Tech Seals\",\"isPartOf\":{\"@id\":\"https:\\\/\\\/www.hitechseals.com\\\/fr\\\/#website\"},\"primaryImageOfPage\":{\"@id\":\"https:\\\/\\\/www.hitechseals.com\\\/fr\\\/notre-entreprise\\\/responsabilite-dentreprise\\\/#primaryimage\"},\"image\":{\"@id\":\"https:\\\/\\\/www.hitechseals.com\\\/fr\\\/notre-entreprise\\\/responsabilite-dentreprise\\\/#primaryimage\"},\"thumbnailUrl\":\"https:\\\/\\\/www.hitechseals.com\\\/wp-content\\\/uploads\\\/2025\\\/05\\\/hitechseals.corporate-responsibility.figure.01.jpg\",\"datePublished\":\"2025-05-15T16:43:17+00:00\",\"dateModified\":\"2025-12-30T23:57:08+00:00\",\"breadcrumb\":{\"@id\":\"https:\\\/\\\/www.hitechseals.com\\\/fr\\\/notre-entreprise\\\/responsabilite-dentreprise\\\/#breadcrumb\"},\"inLanguage\":\"fr-CA\",\"potentialAction\":[{\"@type\":\"ReadAction\",\"target\":[\"https:\\\/\\\/www.hitechseals.com\\\/fr\\\/notre-entreprise\\\/responsabilite-dentreprise\\\/\"]}]},{\"@type\":\"ImageObject\",\"inLanguage\":\"fr-CA\",\"@id\":\"https:\\\/\\\/www.hitechseals.com\\\/fr\\\/notre-entreprise\\\/responsabilite-dentreprise\\\/#primaryimage\",\"url\":\"https:\\\/\\\/www.hitechseals.com\\\/wp-content\\\/uploads\\\/2025\\\/05\\\/hitechseals.corporate-responsibility.figure.01.jpg\",\"contentUrl\":\"https:\\\/\\\/www.hitechseals.com\\\/wp-content\\\/uploads\\\/2025\\\/05\\\/hitechseals.corporate-responsibility.figure.01.jpg\",\"width\":776,\"height\":384},{\"@type\":\"BreadcrumbList\",\"@id\":\"https:\\\/\\\/www.hitechseals.com\\\/fr\\\/notre-entreprise\\\/responsabilite-dentreprise\\\/#breadcrumb\",\"itemListElement\":[{\"@type\":\"ListItem\",\"position\":1,\"name\":\"Home\",\"item\":\"https:\\\/\\\/www.hitechseals.com\\\/fr\\\/accueil\\\/\"},{\"@type\":\"ListItem\",\"position\":2,\"name\":\"Notre entreprise\",\"item\":\"https:\\\/\\\/www.hitechseals.com\\\/fr\\\/notre-entreprise\\\/\"},{\"@type\":\"ListItem\",\"position\":3,\"name\":\"Responsabilit\u00e9 d&#8217;entreprise\"}]},{\"@type\":\"WebSite\",\"@id\":\"https:\\\/\\\/www.hitechseals.com\\\/fr\\\/#website\",\"url\":\"https:\\\/\\\/www.hitechseals.com\\\/fr\\\/\",\"name\":\"Hi-Tech Seals\",\"description\":\"\",\"potentialAction\":[{\"@type\":\"SearchAction\",\"target\":{\"@type\":\"EntryPoint\",\"urlTemplate\":\"https:\\\/\\\/www.hitechseals.com\\\/fr\\\/?s={search_term_string}\"},\"query-input\":{\"@type\":\"PropertyValueSpecification\",\"valueRequired\":true,\"valueName\":\"search_term_string\"}}],\"inLanguage\":\"fr-CA\"}]}<\/script>\n<!-- \/ Yoast SEO plugin. -->","yoast_head_json":{"title":"Responsabilit\u00e9 d'entreprise - Hi-Tech Seals","robots":{"index":"index","follow":"follow","max-snippet":"max-snippet:-1","max-image-preview":"max-image-preview:large","max-video-preview":"max-video-preview:-1"},"canonical":"https:\/\/www.hitechseals.com\/fr\/notre-entreprise\/responsabilite-dentreprise\/","og_locale":"fr_CA","og_type":"article","og_title":"Responsabilit\u00e9 d'entreprise - Hi-Tech Seals","og_description":"[vc_row content_placement=\u00a0\u00bbmiddle\u00a0\u00bb][vc_column offset=\u00a0\u00bbvc_col-lg-6&Prime;][web3_vc_content class_btn=\u00a0\u00bb\u00a0\u00bb sm=\u00a0\u00bb40&Prime; md=\u00a0\u00bb60&Prime; lg=\u00a0\u00bb100&Prime; title=\u00a0\u00bbCode de conduite de l&rsquo;entreprise\u00a0\u00bb]Notre Code de conduite d&rsquo;entreprise d\u00e9finit les comportements attendus de tous&hellip;","og_url":"https:\/\/www.hitechseals.com\/fr\/notre-entreprise\/responsabilite-dentreprise\/","og_site_name":"Hi-Tech Seals","article_modified_time":"2025-12-30T23:57:08+00:00","og_image":[{"width":776,"height":384,"url":"https:\/\/www.hitechseals.com\/wp-content\/uploads\/2025\/05\/hitechseals.corporate-responsibility.figure.01.jpg","type":"image\/jpeg"}],"twitter_card":"summary_large_image","twitter_misc":{"Estimation du temps de lecture":"5 minutes"},"schema":{"@context":"https:\/\/schema.org","@graph":[{"@type":"WebPage","@id":"https:\/\/www.hitechseals.com\/fr\/notre-entreprise\/responsabilite-dentreprise\/","url":"https:\/\/www.hitechseals.com\/fr\/notre-entreprise\/responsabilite-dentreprise\/","name":"Responsabilit\u00e9 d'entreprise - Hi-Tech Seals","isPartOf":{"@id":"https:\/\/www.hitechseals.com\/fr\/#website"},"primaryImageOfPage":{"@id":"https:\/\/www.hitechseals.com\/fr\/notre-entreprise\/responsabilite-dentreprise\/#primaryimage"},"image":{"@id":"https:\/\/www.hitechseals.com\/fr\/notre-entreprise\/responsabilite-dentreprise\/#primaryimage"},"thumbnailUrl":"https:\/\/www.hitechseals.com\/wp-content\/uploads\/2025\/05\/hitechseals.corporate-responsibility.figure.01.jpg","datePublished":"2025-05-15T16:43:17+00:00","dateModified":"2025-12-30T23:57:08+00:00","breadcrumb":{"@id":"https:\/\/www.hitechseals.com\/fr\/notre-entreprise\/responsabilite-dentreprise\/#breadcrumb"},"inLanguage":"fr-CA","potentialAction":[{"@type":"ReadAction","target":["https:\/\/www.hitechseals.com\/fr\/notre-entreprise\/responsabilite-dentreprise\/"]}]},{"@type":"ImageObject","inLanguage":"fr-CA","@id":"https:\/\/www.hitechseals.com\/fr\/notre-entreprise\/responsabilite-dentreprise\/#primaryimage","url":"https:\/\/www.hitechseals.com\/wp-content\/uploads\/2025\/05\/hitechseals.corporate-responsibility.figure.01.jpg","contentUrl":"https:\/\/www.hitechseals.com\/wp-content\/uploads\/2025\/05\/hitechseals.corporate-responsibility.figure.01.jpg","width":776,"height":384},{"@type":"BreadcrumbList","@id":"https:\/\/www.hitechseals.com\/fr\/notre-entreprise\/responsabilite-dentreprise\/#breadcrumb","itemListElement":[{"@type":"ListItem","position":1,"name":"Home","item":"https:\/\/www.hitechseals.com\/fr\/accueil\/"},{"@type":"ListItem","position":2,"name":"Notre entreprise","item":"https:\/\/www.hitechseals.com\/fr\/notre-entreprise\/"},{"@type":"ListItem","position":3,"name":"Responsabilit\u00e9 d&#8217;entreprise"}]},{"@type":"WebSite","@id":"https:\/\/www.hitechseals.com\/fr\/#website","url":"https:\/\/www.hitechseals.com\/fr\/","name":"Hi-Tech Seals","description":"","potentialAction":[{"@type":"SearchAction","target":{"@type":"EntryPoint","urlTemplate":"https:\/\/www.hitechseals.com\/fr\/?s={search_term_string}"},"query-input":{"@type":"PropertyValueSpecification","valueRequired":true,"valueName":"search_term_string"}}],"inLanguage":"fr-CA"}]}},"_links":{"self":[{"href":"https:\/\/www.hitechseals.com\/fr\/wp-json\/wp\/v2\/pages\/3904","targetHints":{"allow":["GET"]}}],"collection":[{"href":"https:\/\/www.hitechseals.com\/fr\/wp-json\/wp\/v2\/pages"}],"about":[{"href":"https:\/\/www.hitechseals.com\/fr\/wp-json\/wp\/v2\/types\/page"}],"author":[{"embeddable":true,"href":"https:\/\/www.hitechseals.com\/fr\/wp-json\/wp\/v2\/users\/1"}],"replies":[{"embeddable":true,"href":"https:\/\/www.hitechseals.com\/fr\/wp-json\/wp\/v2\/comments?post=3904"}],"version-history":[{"count":6,"href":"https:\/\/www.hitechseals.com\/fr\/wp-json\/wp\/v2\/pages\/3904\/revisions"}],"predecessor-version":[{"id":5381,"href":"https:\/\/www.hitechseals.com\/fr\/wp-json\/wp\/v2\/pages\/3904\/revisions\/5381"}],"up":[{"embeddable":true,"href":"https:\/\/www.hitechseals.com\/fr\/wp-json\/wp\/v2\/pages\/3951"}],"wp:featuredmedia":[{"embeddable":true,"href":"https:\/\/www.hitechseals.com\/fr\/wp-json\/wp\/v2\/media\/3906"}],"wp:attachment":[{"href":"https:\/\/www.hitechseals.com\/fr\/wp-json\/wp\/v2\/media?parent=3904"}],"curies":[{"name":"wp","href":"https:\/\/api.w.org\/{rel}","templated":true}]}}