{"id":3939,"date":"2025-07-17T08:44:56","date_gmt":"2025-07-17T14:44:56","guid":{"rendered":"https:\/\/www.hitechseals.com\/conditions-generales\/"},"modified":"2025-12-30T17:08:25","modified_gmt":"2025-12-31T00:08:25","slug":"conditions-generales","status":"publish","type":"page","link":"https:\/\/www.hitechseals.com\/fr\/conditions-generales\/","title":{"rendered":"Conditions g\u00e9n\u00e9rales"},"content":{"rendered":"<div class=\"wpb-content-wrapper\">[vc_row][vc_column][web3_vc_content sm=\u00a0\u00bb40&Prime; md=\u00a0\u00bb60&Prime; lg=\u00a0\u00bb100&Prime;]\r\n<h4>Conditions g\u00e9n\u00e9rales d&rsquo;utilisation<\/h4>\r\n<ol>\r\n \t<li><strong>Accord avec les conditions<\/strong>\r\nEn acc\u00e9dant ou en utilisant le site web de Hi-Tech Seals (www.hitechseals.com), vous acceptez d&rsquo;\u00eatre li\u00e9 par ces conditions g\u00e9n\u00e9rales. Si vous n&rsquo;\u00eates pas d&rsquo;accord, veuillez cesser d&rsquo;utiliser ce site web. <\/li>\r\n \t<li><strong>Utilisation du site web et clause de non-responsabilit\u00e9<\/strong>\r\nCe site web est destin\u00e9 uniquement \u00e0 des fins d&rsquo;information, et non \u00e0 des fins ill\u00e9gales ou d&rsquo;une mani\u00e8re qui pourrait perturber son fonctionnement ou son accessibilit\u00e9 pour les autres. Bien que Hi-Tech Seals Inc. s&rsquo;efforce de maintenir l&rsquo;information exacte, compl\u00e8te et \u00e0 jour, nous ne garantissons pas que tout le contenu soit exact, complet ou actuel. Le site web peut contenir des erreurs visuelles, typographiques ou techniques. L&rsquo;utilisation de toute information fournie sur ce site web est enti\u00e8rement \u00e0 votre propre discr\u00e9tion et \u00e0 vos risques. Les informations sur ce site web peuvent changer sans pr\u00e9avis.    <\/li>\r\n \t<li><strong>Abonnement \u00e0 la newsletter\r\n<\/strong>En vous abonnant \u00e0 notre newsletter, vous acceptez de recevoir p\u00e9riodiquement des e-mails de Hi-Tech Seals concernant les produits, les services, les nouvelles de l&rsquo;entreprise et les actualit\u00e9s pertinentes de l&rsquo;industrie. Vous pouvez vous d\u00e9sabonner \u00e0 tout moment en utilisant le lien fourni dans chaque e-mail. <\/li>\r\n \t<li><strong>Propri\u00e9t\u00e9 intellectuelle\r\n<\/strong>Tous les mat\u00e9riaux contenus sur ce site web, y compris les textes, images, logos et marques d\u00e9pos\u00e9es (par exemple, KasPex\u2122, BoKure\u2122, TechCera\u2122), sont la propri\u00e9t\u00e9 de Hi-Tech Seals Inc. ou de ses conc\u00e9dants et sont prot\u00e9g\u00e9s par les lois canadiennes et internationales sur le droit d&rsquo;auteur applicables. Aucune propri\u00e9t\u00e9 intellectuelle de Hi-Tech Seals, y compris les enregistrements de marques \u00e9lectroniques, num\u00e9riques ou nouvelles, ne peut \u00eatre reproduite ou redistribu\u00e9e de quelque mani\u00e8re que ce soit. <\/li>\r\n \t<li><strong>Politique de confidentialit\u00e9\r\n<\/strong>Votre utilisation de ce site est \u00e9galement r\u00e9gie par notre politique de confidentialit\u00e9 [lien vers la politique de confidentialit\u00e9], qui explique comment nous collectons, utilisons et prot\u00e9geons vos informations personnelles. Nous respectons votre vie priv\u00e9e et ne vendrons ni ne partagerons vos donn\u00e9es avec des tiers externes sans votre consentement. <\/li>\r\n \t<li><strong>Restriction d&rsquo;\u00e2ge\r\n<\/strong>Vous devez avoir au moins 14 (quatorze) ans pour pouvoir utiliser ce site web. En utilisant ce site web, vous garantissez que vous avez au moins 14 ans et que vous pouvez l\u00e9galement adh\u00e9rer \u00e0 cet accord. Hi-Tech Seals n&rsquo;assume aucune responsabilit\u00e9 pour les obligations li\u00e9es \u00e0 une fausse d\u00e9claration d&rsquo;\u00e2ge.  <\/li>\r\n \t<li><strong>Limitation de responsabilit\u00e9\r\n<\/strong>Hi-Tech Seals Inc. d\u00e9cline toute responsabilit\u00e9 pour les dommages directs, indirects, accessoires ou cons\u00e9cutifs r\u00e9sultant de l&rsquo;utilisation de ce site web ou de la confiance accord\u00e9e \u00e0 toute information qu&rsquo;il contient.<\/li>\r\n \t<li><strong>Liens externes\r\n<\/strong>Ce site web peut contenir des liens vers des sites web tiers. Hi-Tech Seals n&rsquo;assume aucune responsabilit\u00e9 quant au contenu ou aux pratiques de ces sites externes. <\/li>\r\n \t<li><strong>Modifications des conditions\r\n<\/strong>Hi-Tech Seals se r\u00e9serve le droit de mettre \u00e0 jour ou de modifier ces conditions g\u00e9n\u00e9rales \u00e0 tout moment sans pr\u00e9avis. En continuant \u00e0 utiliser ce site web apr\u00e8s que des mises \u00e0 jour ont \u00e9t\u00e9 effectu\u00e9es, vous reconnaissez et acceptez les r\u00e9visions. <\/li>\r\n \t<li><strong>Droit applicable\r\n<\/strong>Ces conditions g\u00e9n\u00e9rales sont soumises aux lois applicables du Canada et doivent \u00eatre interpr\u00e9t\u00e9es conform\u00e9ment \u00e0 celles-ci, sans \u00e9gard aux principes de conflit de lois. Si vous acc\u00e9dez \u00e0 ce site web depuis l&rsquo;ext\u00e9rieur du Canada, vous \u00eates seul responsable de vous conformer \u00e0 toutes les lois locales.<\/li>\r\n \t<li><strong>R\u00e9siliation de l&rsquo;acc\u00e8s\r\n<\/strong>L&rsquo;acc\u00e8s \u00e0 ce site web peut \u00eatre r\u00e9sili\u00e9 ou suspendu sans pr\u00e9avis, pour une conduite que nous estimons violer ces conditions g\u00e9n\u00e9rales ou poser un risque pour nous, des tiers ou d&rsquo;autres utilisateurs, \u00e0 notre seule discr\u00e9tion.<\/li>\r\n<\/ol>\r\n&nbsp;\r\n\r\nDate d&rsquo;entr\u00e9e en vigueur : 1er ao\u00fbt 2025[\/web3_vc_content][\/vc_column][\/vc_row]<\/div>","protected":false},"excerpt":{"rendered":"<p>[vc_row][vc_column][web3_vc_content sm=\u00a0\u00bb40&Prime; md=\u00a0\u00bb60&Prime; lg=\u00a0\u00bb100&Prime;] Conditions g\u00e9n\u00e9rales d&rsquo;utilisation Accord avec les conditions En acc\u00e9dant ou en utilisant le site web de Hi-Tech Seals&hellip;<\/p>\n","protected":false},"author":1,"featured_media":0,"parent":0,"menu_order":19,"comment_status":"closed","ping_status":"closed","template":"","meta":{"_acf_changed":false,"footnotes":""},"class_list":["post-3939","page","type-page","status-publish","hentry"],"acf":[],"yoast_head":"<!-- This site is optimized with the Yoast SEO plugin v27.4 - https:\/\/yoast.com\/product\/yoast-seo-wordpress\/ -->\n<title>Conditions g\u00e9n\u00e9rales - Hi-Tech Seals<\/title>\n<meta name=\"robots\" content=\"index, follow, max-snippet:-1, max-image-preview:large, max-video-preview:-1\" \/>\n<link rel=\"canonical\" href=\"https:\/\/www.hitechseals.com\/fr\/conditions-generales\/\" \/>\n<meta property=\"og:locale\" content=\"fr_CA\" \/>\n<meta property=\"og:type\" content=\"article\" \/>\n<meta property=\"og:title\" content=\"Conditions g\u00e9n\u00e9rales - Hi-Tech Seals\" \/>\n<meta property=\"og:description\" content=\"[vc_row][vc_column][web3_vc_content sm=\u00a0\u00bb40&Prime; md=\u00a0\u00bb60&Prime; lg=\u00a0\u00bb100&Prime;] Conditions g\u00e9n\u00e9rales d&rsquo;utilisation Accord avec les conditions En acc\u00e9dant ou en utilisant le site web de Hi-Tech Seals&hellip;\" \/>\n<meta property=\"og:url\" content=\"https:\/\/www.hitechseals.com\/fr\/conditions-generales\/\" \/>\n<meta property=\"og:site_name\" content=\"Hi-Tech Seals\" \/>\n<meta property=\"article:modified_time\" content=\"2025-12-31T00:08:25+00:00\" \/>\n<meta name=\"twitter:card\" content=\"summary_large_image\" \/>\n<meta name=\"twitter:label1\" content=\"Estimation du temps de lecture\" \/>\n\t<meta name=\"twitter:data1\" content=\"3 minutes\" \/>\n<script type=\"application\/ld+json\" class=\"yoast-schema-graph\">{\"@context\":\"https:\\\/\\\/schema.org\",\"@graph\":[{\"@type\":\"WebPage\",\"@id\":\"https:\\\/\\\/www.hitechseals.com\\\/fr\\\/conditions-generales\\\/\",\"url\":\"https:\\\/\\\/www.hitechseals.com\\\/fr\\\/conditions-generales\\\/\",\"name\":\"Conditions g\u00e9n\u00e9rales - Hi-Tech Seals\",\"isPartOf\":{\"@id\":\"https:\\\/\\\/www.hitechseals.com\\\/fr\\\/#website\"},\"datePublished\":\"2025-07-17T14:44:56+00:00\",\"dateModified\":\"2025-12-31T00:08:25+00:00\",\"breadcrumb\":{\"@id\":\"https:\\\/\\\/www.hitechseals.com\\\/fr\\\/conditions-generales\\\/#breadcrumb\"},\"inLanguage\":\"fr-CA\",\"potentialAction\":[{\"@type\":\"ReadAction\",\"target\":[\"https:\\\/\\\/www.hitechseals.com\\\/fr\\\/conditions-generales\\\/\"]}]},{\"@type\":\"BreadcrumbList\",\"@id\":\"https:\\\/\\\/www.hitechseals.com\\\/fr\\\/conditions-generales\\\/#breadcrumb\",\"itemListElement\":[{\"@type\":\"ListItem\",\"position\":1,\"name\":\"Home\",\"item\":\"https:\\\/\\\/www.hitechseals.com\\\/fr\\\/accueil\\\/\"},{\"@type\":\"ListItem\",\"position\":2,\"name\":\"Conditions g\u00e9n\u00e9rales\"}]},{\"@type\":\"WebSite\",\"@id\":\"https:\\\/\\\/www.hitechseals.com\\\/fr\\\/#website\",\"url\":\"https:\\\/\\\/www.hitechseals.com\\\/fr\\\/\",\"name\":\"Hi-Tech Seals\",\"description\":\"\",\"potentialAction\":[{\"@type\":\"SearchAction\",\"target\":{\"@type\":\"EntryPoint\",\"urlTemplate\":\"https:\\\/\\\/www.hitechseals.com\\\/fr\\\/?s={search_term_string}\"},\"query-input\":{\"@type\":\"PropertyValueSpecification\",\"valueRequired\":true,\"valueName\":\"search_term_string\"}}],\"inLanguage\":\"fr-CA\"}]}<\/script>\n<!-- \/ Yoast SEO plugin. -->","yoast_head_json":{"title":"Conditions g\u00e9n\u00e9rales - Hi-Tech Seals","robots":{"index":"index","follow":"follow","max-snippet":"max-snippet:-1","max-image-preview":"max-image-preview:large","max-video-preview":"max-video-preview:-1"},"canonical":"https:\/\/www.hitechseals.com\/fr\/conditions-generales\/","og_locale":"fr_CA","og_type":"article","og_title":"Conditions g\u00e9n\u00e9rales - Hi-Tech Seals","og_description":"[vc_row][vc_column][web3_vc_content sm=\u00a0\u00bb40&Prime; md=\u00a0\u00bb60&Prime; lg=\u00a0\u00bb100&Prime;] Conditions g\u00e9n\u00e9rales d&rsquo;utilisation Accord avec les conditions En acc\u00e9dant ou en utilisant le site web de Hi-Tech Seals&hellip;","og_url":"https:\/\/www.hitechseals.com\/fr\/conditions-generales\/","og_site_name":"Hi-Tech Seals","article_modified_time":"2025-12-31T00:08:25+00:00","twitter_card":"summary_large_image","twitter_misc":{"Estimation du temps de lecture":"3 minutes"},"schema":{"@context":"https:\/\/schema.org","@graph":[{"@type":"WebPage","@id":"https:\/\/www.hitechseals.com\/fr\/conditions-generales\/","url":"https:\/\/www.hitechseals.com\/fr\/conditions-generales\/","name":"Conditions g\u00e9n\u00e9rales - Hi-Tech Seals","isPartOf":{"@id":"https:\/\/www.hitechseals.com\/fr\/#website"},"datePublished":"2025-07-17T14:44:56+00:00","dateModified":"2025-12-31T00:08:25+00:00","breadcrumb":{"@id":"https:\/\/www.hitechseals.com\/fr\/conditions-generales\/#breadcrumb"},"inLanguage":"fr-CA","potentialAction":[{"@type":"ReadAction","target":["https:\/\/www.hitechseals.com\/fr\/conditions-generales\/"]}]},{"@type":"BreadcrumbList","@id":"https:\/\/www.hitechseals.com\/fr\/conditions-generales\/#breadcrumb","itemListElement":[{"@type":"ListItem","position":1,"name":"Home","item":"https:\/\/www.hitechseals.com\/fr\/accueil\/"},{"@type":"ListItem","position":2,"name":"Conditions g\u00e9n\u00e9rales"}]},{"@type":"WebSite","@id":"https:\/\/www.hitechseals.com\/fr\/#website","url":"https:\/\/www.hitechseals.com\/fr\/","name":"Hi-Tech Seals","description":"","potentialAction":[{"@type":"SearchAction","target":{"@type":"EntryPoint","urlTemplate":"https:\/\/www.hitechseals.com\/fr\/?s={search_term_string}"},"query-input":{"@type":"PropertyValueSpecification","valueRequired":true,"valueName":"search_term_string"}}],"inLanguage":"fr-CA"}]}},"_links":{"self":[{"href":"https:\/\/www.hitechseals.com\/fr\/wp-json\/wp\/v2\/pages\/3939","targetHints":{"allow":["GET"]}}],"collection":[{"href":"https:\/\/www.hitechseals.com\/fr\/wp-json\/wp\/v2\/pages"}],"about":[{"href":"https:\/\/www.hitechseals.com\/fr\/wp-json\/wp\/v2\/types\/page"}],"author":[{"embeddable":true,"href":"https:\/\/www.hitechseals.com\/fr\/wp-json\/wp\/v2\/users\/1"}],"replies":[{"embeddable":true,"href":"https:\/\/www.hitechseals.com\/fr\/wp-json\/wp\/v2\/comments?post=3939"}],"version-history":[{"count":5,"href":"https:\/\/www.hitechseals.com\/fr\/wp-json\/wp\/v2\/pages\/3939\/revisions"}],"predecessor-version":[{"id":5442,"href":"https:\/\/www.hitechseals.com\/fr\/wp-json\/wp\/v2\/pages\/3939\/revisions\/5442"}],"wp:attachment":[{"href":"https:\/\/www.hitechseals.com\/fr\/wp-json\/wp\/v2\/media?parent=3939"}],"curies":[{"name":"wp","href":"https:\/\/api.w.org\/{rel}","templated":true}]}}