{"id":4308,"date":"2025-06-27T15:02:15","date_gmt":"2025-06-27T21:02:15","guid":{"rendered":"https:\/\/www.hitechseals.com\/product\/billes-en-plastique\/"},"modified":"2026-03-09T12:58:52","modified_gmt":"2026-03-09T18:58:52","slug":"billes-en-plastique","status":"publish","type":"product","link":"https:\/\/www.hitechseals.com\/fr\/produit\/billes-en-plastique\/","title":{"rendered":"Billes non m\u00e9talliques"},"content":{"rendered":"<div class=\"wpb-content-wrapper\">[vc_row content_placement=\u00a0\u00bbmiddle\u00a0\u00bb sm=\u00a0\u00bb40&Prime; md=\u00a0\u00bb60&Prime; lg=\u00a0\u00bb100&Prime; lgb=\u00a0\u00bb60&Prime;][vc_column][vc_column_text css=\u00a0\u00bb\u00a0\u00bb]<strong>Billes en plastique<\/strong>\r\n\r\nLes billes en plastique sont parfaitement adapt\u00e9es aux applications de contr\u00f4le de d\u00e9bit et de support de charge l\u00e9g\u00e8re, offrant une performance \u00e0 faible friction ainsi qu&rsquo;une excellente r\u00e9sistance \u00e0 la corrosion et \u00e0 l&rsquo;abrasion. Ces composants sont largement utilis\u00e9s dans les syst\u00e8mes de contr\u00f4le de d\u00e9bit, ainsi que dans les \u00e9quipements pharmaceutiques, de transformation alimentaire et de traitement chimique. \r\n\r\nElles sont \u00e9galement utilis\u00e9es dans les compl\u00e9tions de puits de p\u00e9trole pour isoler des sections d&rsquo;un puits pendant la fracturation hydraulique. Commun\u00e9ment appel\u00e9es billes de fracturation, ces composants sont con\u00e7us pour une r\u00e9sistance \u00e9lev\u00e9e et une r\u00e9sistance sup\u00e9rieure \u00e0 la corrosion, aux produits chimiques et aux environnements de fond de trou difficiles. \r\n\r\nLes mat\u00e9riaux courants pour les billes en plastique comprennent, sans s&rsquo;y limiter, le Torlon\u00ae (PAI), l&rsquo;Ertalyte\u2122 (PETP), le nylon (PA), le PTFE, l&rsquo;UL (ULTEM\u2122), le ph\u00e9nolique et le BoKure\u2122 GHOST.\r\n\r\n<strong>Billes en caoutchouc <\/strong>\r\n\r\nLes billes en caoutchouc sont largement utilis\u00e9es comme composants d&rsquo;\u00e9tanch\u00e9it\u00e9 dans les pompes et les vannes, ainsi que comme \u00e9l\u00e9ments de nettoyage dans les tamis vibrants o\u00f9 elles aident \u00e0 garder les \u00e9crans d\u00e9gag\u00e9s, et dans de nombreuses autres applications industrielles. Elles conviennent aux applications p\u00e9troli\u00e8res et gazi\u00e8res impliquant un contact avec des fluides hydrauliques, de l&rsquo;essence, de l&rsquo;eau, de l&rsquo;huile de silicone et d&rsquo;autres milieux. \r\n\r\nCes composants offrent une capacit\u00e9 \u00e0 haute temp\u00e9rature ainsi qu&rsquo;une excellente r\u00e9sistance aux intemp\u00e9ries, \u00e0 l&rsquo;ozone, aux produits chimiques et \u00e0 l&rsquo;abrasion.\r\n\r\nLes mat\u00e9riaux courants des billes en caoutchouc incluent, sans s\u2019y limiter, le nitrile, le fluorocarbone (Viton\u2122), l\u2019EPDM et le silicone.\r\n\r\n<strong>Billes en c\u00e9ramique <\/strong>\r\n\r\nLes billes en c\u00e9ramique de Hi-Tech Seals sont fabriqu\u00e9es \u00e0 partir de <a href=\"https:\/\/www.hitechseals.com\/fr\/brand\/kaspex-peek\/\">c\u00e9ramique TechCera\u2122<\/a> haute performance, offrant une excellente r\u00e9sistance \u00e0 l&rsquo;usure, une stabilit\u00e9 thermique et une compatibilit\u00e9 chimique pour les applications industrielles exigeantes. Contactez Hi-Tech Seals pour plus d&rsquo;informations. \r\n\r\n&nbsp;\r\n\r\nCliquez ici pour obtenir des informations sur les <a href=\"https:\/\/www.hitechseals.com\/fr\/produit\/billes-de-trepan\/\">billes en m\u00e9tal.<\/a>[\/vc_column_text][\/vc_column][\/vc_row]<\/div>","protected":false},"excerpt":{"rendered":"<p>Billes en plastique Les billes en plastique sont parfaitement adapt\u00e9es aux applications de contr\u00f4le de d\u00e9bit et de support de charge l\u00e9g\u00e8re,&hellip;<\/p>\n","protected":false},"featured_media":5733,"template":"","meta":{"_acf_changed":false},"product_brand":[],"product_cat":[107],"product_tag":[],"class_list":{"0":"post-4308","1":"product","2":"type-product","3":"status-publish","4":"has-post-thumbnail","6":"product_cat-joints-detancheite","8":"first","9":"instock","10":"shipping-taxable","11":"product-type-simple"},"acf":[],"yoast_head":"<!-- This site is optimized with the Yoast SEO plugin v27.4 - https:\/\/yoast.com\/product\/yoast-seo-wordpress\/ -->\n<title>Billes non m\u00e9talliques - Hi-Tech Seals<\/title>\n<meta name=\"robots\" content=\"index, follow, max-snippet:-1, max-image-preview:large, max-video-preview:-1\" \/>\n<link rel=\"canonical\" href=\"https:\/\/www.hitechseals.com\/fr\/produit\/billes-en-plastique\/\" \/>\n<meta property=\"og:locale\" content=\"fr_CA\" \/>\n<meta property=\"og:type\" content=\"article\" \/>\n<meta property=\"og:title\" content=\"Billes non m\u00e9talliques - Hi-Tech Seals\" \/>\n<meta property=\"og:description\" content=\"Billes en plastique Les billes en plastique sont parfaitement adapt\u00e9es aux applications de contr\u00f4le de d\u00e9bit et de support de charge l\u00e9g\u00e8re,&hellip;\" \/>\n<meta property=\"og:url\" content=\"https:\/\/www.hitechseals.com\/fr\/produit\/billes-en-plastique\/\" \/>\n<meta property=\"og:site_name\" content=\"Hi-Tech Seals\" \/>\n<meta property=\"article:modified_time\" content=\"2026-03-09T18:58:52+00:00\" \/>\n<meta property=\"og:image\" content=\"https:\/\/www.hitechseals.com\/wp-content\/uploads\/2025\/06\/Plastic-Balls.jpg\" \/>\n\t<meta property=\"og:image:width\" content=\"500\" \/>\n\t<meta property=\"og:image:height\" content=\"340\" \/>\n\t<meta property=\"og:image:type\" content=\"image\/jpeg\" \/>\n<meta name=\"twitter:card\" content=\"summary_large_image\" \/>\n<meta name=\"twitter:label1\" content=\"Estimation du temps de lecture\" \/>\n\t<meta name=\"twitter:data1\" content=\"2 minutes\" \/>\n<script type=\"application\/ld+json\" class=\"yoast-schema-graph\">{\"@context\":\"https:\\\/\\\/schema.org\",\"@graph\":[{\"@type\":\"WebPage\",\"@id\":\"https:\\\/\\\/www.hitechseals.com\\\/fr\\\/produit\\\/billes-en-plastique\\\/\",\"url\":\"https:\\\/\\\/www.hitechseals.com\\\/fr\\\/produit\\\/billes-en-plastique\\\/\",\"name\":\"Billes non m\u00e9talliques - Hi-Tech Seals\",\"isPartOf\":{\"@id\":\"https:\\\/\\\/www.hitechseals.com\\\/fr\\\/#website\"},\"primaryImageOfPage\":{\"@id\":\"https:\\\/\\\/www.hitechseals.com\\\/fr\\\/produit\\\/billes-en-plastique\\\/#primaryimage\"},\"image\":{\"@id\":\"https:\\\/\\\/www.hitechseals.com\\\/fr\\\/produit\\\/billes-en-plastique\\\/#primaryimage\"},\"thumbnailUrl\":\"https:\\\/\\\/www.hitechseals.com\\\/wp-content\\\/uploads\\\/2025\\\/06\\\/Plastic-Balls.jpg\",\"datePublished\":\"2025-06-27T21:02:15+00:00\",\"dateModified\":\"2026-03-09T18:58:52+00:00\",\"breadcrumb\":{\"@id\":\"https:\\\/\\\/www.hitechseals.com\\\/fr\\\/produit\\\/billes-en-plastique\\\/#breadcrumb\"},\"inLanguage\":\"fr-CA\",\"potentialAction\":[{\"@type\":\"ReadAction\",\"target\":[\"https:\\\/\\\/www.hitechseals.com\\\/fr\\\/produit\\\/billes-en-plastique\\\/\"]}]},{\"@type\":\"ImageObject\",\"inLanguage\":\"fr-CA\",\"@id\":\"https:\\\/\\\/www.hitechseals.com\\\/fr\\\/produit\\\/billes-en-plastique\\\/#primaryimage\",\"url\":\"https:\\\/\\\/www.hitechseals.com\\\/wp-content\\\/uploads\\\/2025\\\/06\\\/Plastic-Balls.jpg\",\"contentUrl\":\"https:\\\/\\\/www.hitechseals.com\\\/wp-content\\\/uploads\\\/2025\\\/06\\\/Plastic-Balls.jpg\",\"width\":500,\"height\":340},{\"@type\":\"BreadcrumbList\",\"@id\":\"https:\\\/\\\/www.hitechseals.com\\\/fr\\\/produit\\\/billes-en-plastique\\\/#breadcrumb\",\"itemListElement\":[{\"@type\":\"ListItem\",\"position\":1,\"name\":\"Home\",\"item\":\"https:\\\/\\\/www.hitechseals.com\\\/fr\\\/accueil\\\/\"},{\"@type\":\"ListItem\",\"position\":2,\"name\":\"Billes non m\u00e9talliques\"}]},{\"@type\":\"WebSite\",\"@id\":\"https:\\\/\\\/www.hitechseals.com\\\/fr\\\/#website\",\"url\":\"https:\\\/\\\/www.hitechseals.com\\\/fr\\\/\",\"name\":\"Hi-Tech Seals\",\"description\":\"\",\"potentialAction\":[{\"@type\":\"SearchAction\",\"target\":{\"@type\":\"EntryPoint\",\"urlTemplate\":\"https:\\\/\\\/www.hitechseals.com\\\/fr\\\/?s={search_term_string}\"},\"query-input\":{\"@type\":\"PropertyValueSpecification\",\"valueRequired\":true,\"valueName\":\"search_term_string\"}}],\"inLanguage\":\"fr-CA\"}]}<\/script>\n<!-- \/ Yoast SEO plugin. -->","yoast_head_json":{"title":"Billes non m\u00e9talliques - Hi-Tech Seals","robots":{"index":"index","follow":"follow","max-snippet":"max-snippet:-1","max-image-preview":"max-image-preview:large","max-video-preview":"max-video-preview:-1"},"canonical":"https:\/\/www.hitechseals.com\/fr\/produit\/billes-en-plastique\/","og_locale":"fr_CA","og_type":"article","og_title":"Billes non m\u00e9talliques - Hi-Tech Seals","og_description":"Billes en plastique Les billes en plastique sont parfaitement adapt\u00e9es aux applications de contr\u00f4le de d\u00e9bit et de support de charge l\u00e9g\u00e8re,&hellip;","og_url":"https:\/\/www.hitechseals.com\/fr\/produit\/billes-en-plastique\/","og_site_name":"Hi-Tech Seals","article_modified_time":"2026-03-09T18:58:52+00:00","og_image":[{"width":500,"height":340,"url":"https:\/\/www.hitechseals.com\/wp-content\/uploads\/2025\/06\/Plastic-Balls.jpg","type":"image\/jpeg"}],"twitter_card":"summary_large_image","twitter_misc":{"Estimation du temps de lecture":"2 minutes"},"schema":{"@context":"https:\/\/schema.org","@graph":[{"@type":"WebPage","@id":"https:\/\/www.hitechseals.com\/fr\/produit\/billes-en-plastique\/","url":"https:\/\/www.hitechseals.com\/fr\/produit\/billes-en-plastique\/","name":"Billes non m\u00e9talliques - Hi-Tech Seals","isPartOf":{"@id":"https:\/\/www.hitechseals.com\/fr\/#website"},"primaryImageOfPage":{"@id":"https:\/\/www.hitechseals.com\/fr\/produit\/billes-en-plastique\/#primaryimage"},"image":{"@id":"https:\/\/www.hitechseals.com\/fr\/produit\/billes-en-plastique\/#primaryimage"},"thumbnailUrl":"https:\/\/www.hitechseals.com\/wp-content\/uploads\/2025\/06\/Plastic-Balls.jpg","datePublished":"2025-06-27T21:02:15+00:00","dateModified":"2026-03-09T18:58:52+00:00","breadcrumb":{"@id":"https:\/\/www.hitechseals.com\/fr\/produit\/billes-en-plastique\/#breadcrumb"},"inLanguage":"fr-CA","potentialAction":[{"@type":"ReadAction","target":["https:\/\/www.hitechseals.com\/fr\/produit\/billes-en-plastique\/"]}]},{"@type":"ImageObject","inLanguage":"fr-CA","@id":"https:\/\/www.hitechseals.com\/fr\/produit\/billes-en-plastique\/#primaryimage","url":"https:\/\/www.hitechseals.com\/wp-content\/uploads\/2025\/06\/Plastic-Balls.jpg","contentUrl":"https:\/\/www.hitechseals.com\/wp-content\/uploads\/2025\/06\/Plastic-Balls.jpg","width":500,"height":340},{"@type":"BreadcrumbList","@id":"https:\/\/www.hitechseals.com\/fr\/produit\/billes-en-plastique\/#breadcrumb","itemListElement":[{"@type":"ListItem","position":1,"name":"Home","item":"https:\/\/www.hitechseals.com\/fr\/accueil\/"},{"@type":"ListItem","position":2,"name":"Billes non m\u00e9talliques"}]},{"@type":"WebSite","@id":"https:\/\/www.hitechseals.com\/fr\/#website","url":"https:\/\/www.hitechseals.com\/fr\/","name":"Hi-Tech Seals","description":"","potentialAction":[{"@type":"SearchAction","target":{"@type":"EntryPoint","urlTemplate":"https:\/\/www.hitechseals.com\/fr\/?s={search_term_string}"},"query-input":{"@type":"PropertyValueSpecification","valueRequired":true,"valueName":"search_term_string"}}],"inLanguage":"fr-CA"}]}},"_links":{"self":[{"href":"https:\/\/www.hitechseals.com\/fr\/wp-json\/wp\/v2\/product\/4308","targetHints":{"allow":["GET"]}}],"collection":[{"href":"https:\/\/www.hitechseals.com\/fr\/wp-json\/wp\/v2\/product"}],"about":[{"href":"https:\/\/www.hitechseals.com\/fr\/wp-json\/wp\/v2\/types\/product"}],"wp:featuredmedia":[{"embeddable":true,"href":"https:\/\/www.hitechseals.com\/fr\/wp-json\/wp\/v2\/media\/5733"}],"wp:attachment":[{"href":"https:\/\/www.hitechseals.com\/fr\/wp-json\/wp\/v2\/media?parent=4308"}],"wp:term":[{"taxonomy":"product_brand","embeddable":true,"href":"https:\/\/www.hitechseals.com\/fr\/wp-json\/wp\/v2\/product_brand?post=4308"},{"taxonomy":"product_cat","embeddable":true,"href":"https:\/\/www.hitechseals.com\/fr\/wp-json\/wp\/v2\/product_cat?post=4308"},{"taxonomy":"product_tag","embeddable":true,"href":"https:\/\/www.hitechseals.com\/fr\/wp-json\/wp\/v2\/product_tag?post=4308"}],"curies":[{"name":"wp","href":"https:\/\/api.w.org\/{rel}","templated":true}]}}