{"id":4360,"date":"2025-06-22T19:14:44","date_gmt":"2025-06-23T01:14:44","guid":{"rendered":"https:\/\/www.hitechseals.com\/product\/garniture-en-v\/"},"modified":"2025-12-30T16:59:58","modified_gmt":"2025-12-30T23:59:58","slug":"garniture-en-v","status":"publish","type":"product","link":"https:\/\/www.hitechseals.com\/fr\/produit\/garniture-en-v\/","title":{"rendered":"Garniture en V"},"content":{"rendered":"<div class=\"wpb-content-wrapper\">[vc_row content_placement=\u00a0\u00bbmiddle\u00a0\u00bb sm=\u00a0\u00bb40&Prime; md=\u00a0\u00bb60&Prime; lg=\u00a0\u00bb100&Prime; lgb=\u00a0\u00bb60&Prime;][vc_column offset=\u00a0\u00bbvc_col-lg-8&Prime; el_class=\u00a0\u00bborder-lg-1&Prime;][web3_vc_content sm=\u00a0\u00bb\u00a0\u00bb md=\u00a0\u00bb\u00a0\u00bb lg=\u00a0\u00bb\u00a0\u00bb]\r\n<p style=\"text-align: justify;\">La garniture en V est un produit d&rsquo;\u00e9tanch\u00e9it\u00e9 populaire et tr\u00e8s adaptable. Elle est g\u00e9n\u00e9ralement utilis\u00e9e dans des applications de presse-\u00e9toupe r\u00e9glable telles que les v\u00e9rins t\u00e9lescopiques de camions, les pompes et les vannes. Les ensembles de garnitures en V sont compos\u00e9s d&rsquo;un \u00e9l\u00e9ment sup\u00e9rieur et d&rsquo;un \u00e9l\u00e9ment inf\u00e9rieur avec un nombre variable de V centraux. La garniture en V peut \u00eatre optimis\u00e9e en modifiant les mat\u00e9riaux pour s&rsquo;adapter \u00e0 diff\u00e9rents produits chimiques, temp\u00e9ratures et pressions. Consultez la documentation sur les garnitures en V pour plus d&rsquo;informations.    <\/p>\r\nNos garnitures en V sp\u00e9cialis\u00e9es comprennent :\r\n<ul>\r\n \t<li>Garniture sp\u00e9cialis\u00e9e<\/li>\r\n \t<li>Ensembles bleus et noirs<\/li>\r\n \t<li>Garniture en V Otis<\/li>\r\n \t<li>Garniture en V Baker<\/li>\r\n \t<li>Garniture en V Carcotex<\/li>\r\n<\/ul>\r\n[\/web3_vc_content][\/vc_column][\/vc_row][vc_row][vc_column][web3_vc_db_profiles sm=\u00a0\u00bb0&Prime; smb=\u00a0\u00bb40&Prime; md=\u00a0\u00bb0&Prime; mdb=\u00a0\u00bb60&Prime; lg=\u00a0\u00bb0&Prime; lgb=\u00a0\u00bb100&Prime;][\/web3_vc_db_profiles][\/vc_column][\/vc_row][vc_row][vc_column offset=\u00a0\u00bbvc_col-lg-8&Prime;][web3_vc_content class=\u00a0\u00bbobj-content pb-40 pb-md-60&Prime; sm=\u00a0\u00bb\u00a0\u00bb md=\u00a0\u00bb\u00a0\u00bb lg=\u00a0\u00bb\u00a0\u00bb title=\u00a0\u00bbGarniture en V Carcotex\u00a0\u00bb]\r\n<p style=\"text-align: justify;\">Hi-Tech Seals propose fi\u00e8rement la gamme unique de garnitures en V de Carco-PRP, Carcotex. Les conceptions robustes de Carcotex les rendent id\u00e9ales pour les applications lourdes telles que les v\u00e9rins pour aci\u00e9ries, les presses (v\u00e9rins de piston), les applications offshore, les ponts tournants, pour n&rsquo;en nommer que quelques-unes. Leurs garnitures en V sont fabriqu\u00e9es en caoutchouc renforc\u00e9 de tissu roul\u00e9, ce qui constitue une excellente combinaison de flexibilit\u00e9 et de robustesse. Les garnitures Carcotex sont disponibles en conceptions monobloc et fendue. La conception fendue simplifie l&rsquo;installation et \u00e9limine le besoin de d\u00e9monter le v\u00e9rin lors du remplacement du joint. Leur gamme diversifi\u00e9e de profils comprend Carcotex\/UN, Carcotex\/SP\/Split, Carcotex\/SP\/SG\/Split, Carcotex\/PR\/Split, Carcotex\/SG.     <\/p>\r\n[\/web3_vc_content][\/vc_column][\/vc_row][vc_row][vc_column][web3_vc_db_profiles output_src=\u00a0\u00bbcustom\u00a0\u00bb output_style=\u00a0\u00bbhorizontal\u00a0\u00bb sm=\u00a0\u00bb0&Prime; smb=\u00a0\u00bb40&Prime; md=\u00a0\u00bb0&Prime; mdb=\u00a0\u00bb60&Prime; lg=\u00a0\u00bb0&Prime; lgb=\u00a0\u00bb100&Prime; items=\u00a0\u00bb%5B%7B%22attach_image%22%3A%22965%22%2C%22title%22%3A%22CARCOTEX%2FUN%22%2C%22body%22%3A%22Q2FyY290ZXglMkZVTiUyMGlzJTIwc3VpdGFibGUlMjBmb3IlMjBtb3JlJTIwbm9ybWFsJTIwZHV0eSUyMGFwcGxpY2F0aW9ucy4lMjBJdCUyMGhhcyUyMGJlZW4lMjBlbmdpbmVlcmVkJTIwZm9yJTIwYm90aCUyMHJvZCUyMGFuZCUyMHBpc3RvbiUyMHNlYWxzJTIwZm9yJTIwY3lsaW5kZXJzJTIwaW4lMjBmb3JnaW5nJTIwYW5kJTIwZXh0cnVzaW9uJTIwcHJlc3Nlcy4lMjBUaGUlMjBtYWxlJTIwb3IlMjB0b3AlMjByaW5nJTIwaGFzJTIwJTI3YnV0dG9ucyUyNyUyMHRoYXQlMjBhY3QlMjBsaWtlJTIwc3ByaW5ncyUyMHRvJTIwb3B0aW1pemUlMjB0aGUlMjBwcmVsb2FkLiUyMEl0JTIwYWxzbyUyMGVuYWJsZXMlMjB0aGUlMjBvaWwlMjBwcmVzc3VyZSUyMHRvJTIwZGlzdHJpYnV0ZSUyMG9uJTIwYm90aCUyMHNpZGVzJTIwb2YlMjB0aGUlMjBzZWFsLiUyMENBUkNPVEVYJTJGVU4lMjBwYWNraW5nJTIwY29tZXMlMjBpbiUyMHNvbGlkJTIwb3IlMjBzcGxpdCUyMGRlc2lnbnMuJTIwQXZhaWxhYmxlJTIwaW4lMjByb2QlMjBkaWFtZXRlcnMlMjB1cCUyMHRvJTIwMiUyMG1ldGVycyUyMGFuZCUyMGluJTIwYSUyMHZhcmlldHklMjBvZiUyMGRpZmZlcmVudCUyMGNyb3NzJTIwc2VjdGlvbnMu%22%7D%2C%7B%22attach_image%22%3A%22966%22%2C%22title%22%3A%22CARCOTEX%2FSP%2FSPLIT%22%2C%22body%22%3A%22VGhpcyUyMGNvbmZpZ3VyYXRpb24lMjBpcyUyMGRlc2lnbmVkJTIwZm9yJTIwaHlkcmF1bGljJTIwcHJlc3NlcyUyMGluJTIwZ29vZCUyMG1lY2hhbmljYWwlMjBjb25kaXRpb24uJTIwQ0FSQ09URVglMkZTUCUyRlNQTElUJTIwY2FuJTIwaW5jbHVkZSUyMGJldHdlZW4lMjAyJTIwdG8lMjA0JTIwY2VudGVyJTIwdmVlJTIwcmluZ3MuJTIwQXZhaWxhYmxlJTIwZm9yJTIwcmFtJTIwZGlhbWV0ZXJzJTIwdXAlMjB0byUyMDMlMjBtZXRlcnMlMjBhbmQlMjBpbiUyMGRpZmZlcmVudCUyMGNyb3NzJTIwc2VjdGlvbnMlMkMlMjBib3RoJTIwbWV0cmljJTIwYW5kJTIwaW1wZXJpYWwu%22%7D%2C%7B%22attach_image%22%3A%22967%22%2C%22title%22%3A%22CARCOTEX%2FSP%2FSG%2FSPLIT%22%2C%22body%22%3A%22VGhpcyUyMGNvbmZpZ3VyYXRpb24lMjBpcyUyMGRlc2lnbmVkJTIwZm9yJTIwaHlkcmF1bGljJTIwcHJlc3NlcyUyMGluJTIwcG9vciUyMG1lY2hhbmljYWwlMjBjb25kaXRpb25zJTJDJTIwc3VjaCUyMGFzJTIwb2xkJTIwcHJlc3NlcyUyMGZvciUyMG9wZW4lMjBkaWUlMjBmb3JnaW5nLiUyMFRoZSUyMG1hbGUlMjBhZGFwdG9yJTIwYXV0b21hdGljYWxseSUyMHJlc3BvbmRzJTIwdG8lMjBmbHVpZCUyMHByZXNzdXJlJTIwbGV2ZWxzJTIwYW5kJTIwY29uZm9ybXMlMjB0byUyMHdvcm4lMjBzdXJmYWNlcyUyMG9yJTIwbWlzYWxpZ25lZCUyMHJhbXMuJTIwQ2FyY290ZXglMkZTUCUyRlNHJTJGU1BMSVQlMjBjYW4lMjBpbmNsdWRlJTIwMSUyMG9yJTIwMiUyMGNlbnRlciUyMHZlZSUyMHJpbmdzLiUyMEF2YWlsYWJsZSUyMGZvciUyMHJhbXMlMjB1cCUyMHRvJTIwMyUyMG1ldGVycyUyMGluJTIwZGlhbWV0ZXIlMjBhbmQlMjBjb21lcyUyMGluJTIwdmFyaW91cyUyMGNyb3NzLXNlY3Rpb25hbCUyMGRpbWVuc2lvbnMlMkMlMjBib3RoJTIwbWV0cmljJTIwYW5kJTIwaW1wZXJpYWwu%22%7D%2C%7B%22attach_image%22%3A%22968%22%2C%22title%22%3A%22CARCOTEX%2FPR%2FSPLIT%22%2C%22body%22%3A%22VGhpcyUyMHR5cGUlMjBvZiUyMHBhY2tpbmclMjBpcyUyMHVzZWQlMjBpbiUyMGh5ZHJhdWxpYyUyMHByZXNzZXMlMjB3aXRoJTIwcG9vciUyMG1lY2hhbmljYWwlMjBjb25kaXRpb25zLiUyMFdpdGglMjBDYXJjb3RleCUyRlBSJTJGU1BMSVQlMjBwYWNraW5nJTJDJTIwb25lJTIwb2YlMjB0aGUlMjBjZW50ZXIlMjB2ZWUlMjByaW5ncyUyMGlzJTIwbWFkZSUyMG9mJTIwcnViYmVyJTJDJTIwd2hpY2glMjBlbmhhbmNlcyUyMHRoZSUyMHNlYWxpbmclMjBwZXJmb3JtYW5jZSUyMG9uJTIwaGlnaGx5JTIwd29ybiUyMHJhbXMuJTIwQ2FyY290ZXglMkZQUiUyRlNQTElUJTIwY2FuJTIwaW5jbHVkZSUyMDIlMjB0byUyMDQlMjBjZW50ZXIlMjB2ZWUlMjByaW5ncy4lMjBBdmFpbGFibGUlMjBmb3IlMjByYW0lMjBkaWFtZXRlcnMlMjB1cCUyMHRvJTIwMyUyMG1ldGVycyUyMGFuZCUyMGNvbWVzJTIwaW4lMjB2YXJpb3VzJTIwY3Jvc3MlMjBzZWN0aW9ucyUyQyUyMGJvdGglMjBtZXRyaWMlMjBhbmQlMjBpbXBlcmlhbC4%3D%22%7D%2C%7B%22attach_image%22%3A%22969%22%2C%22title%22%3A%22CARCOTEX%2FSG%22%2C%22body%22%3A%22VGhpcyUyMHJvZCUyMHNlYWwlMjBpcyUyMHVzZWQlMjBpbiUyMHBvb3IlMjBtZWNoYW5pY2FsJTIwY29uZGl0aW9ucyUyMGFuZCUyMGlzJTIwYXZhaWxhYmxlJTIwaW4lMjBzb2xpZCUyMG9yJTIwc3BsaXQlMjBwcm9maWxlcy4lMjBUaGUlMjBtYWxlJTIwYWRhcHRvciUyMGF1dG9tYXRpY2FsbHklMjByZXNwb25kcyUyMHRvJTIwZmx1aWQlMjBwcmVzc3VyZSUyMGxldmVscyUyMGFuZCUyMGNvbmZvcm1zJTIwdG8lMjB3b3JuJTIwc3VyZmFjZXMlMjBvciUyMG1pc2FsaWduZWQlMjByYW1zLiUyME5vJTIwcGVyaW9kaWMlMjBhZGp1c3RtZW50cyUyMGFyZSUyMG5lZWRlZCUyMGZvciUyMHRoaXMlMjBzZWFsLiUyMENhcmNvdGV4JTJGU0clMjBjYW4lMjBpbmNsdWRlJTIwYW4lMjBhc3ltbWV0cmljYWwlMjBtYWxlJTIwYWRhcHRvciUyMGluJTIwY2FzZSUyMG9mJTIwZmxvYXRpbmclMjBidXNoaW5nLiUyMEF2YWlsYWJsZSUyMGZvciUyMHJvZCUyMGRpYW1ldGVycyUyMHVwJTIwdG8lMjAyJTIwbWV0ZXJzJTIwaW4lMjB2YXJpb3VzJTIwY3Jvc3Mtc2VjdGlvbnMu%22%7D%5D\u00a0\u00bb][\/web3_vc_db_profiles][\/vc_column][\/vc_row]<\/div>","protected":false},"excerpt":{"rendered":"<p>[vc_row content_placement=\u00a0\u00bbmiddle\u00a0\u00bb sm=\u00a0\u00bb40&Prime; md=\u00a0\u00bb60&Prime; lg=\u00a0\u00bb100&Prime; lgb=\u00a0\u00bb60&Prime;][vc_column offset=\u00a0\u00bbvc_col-lg-8&Prime; el_class=\u00a0\u00bborder-lg-1&Prime;][web3_vc_content sm=\u00a0\u00bb\u00a0\u00bb md=\u00a0\u00bb\u00a0\u00bb lg=\u00a0\u00bb\u00a0\u00bb] La garniture en V est un produit d&rsquo;\u00e9tanch\u00e9it\u00e9 populaire et tr\u00e8s&hellip;<\/p>\n","protected":false},"featured_media":4370,"template":"","meta":{"_acf_changed":false},"product_brand":[],"product_cat":[105,108],"product_tag":[],"class_list":{"0":"post-4360","1":"product","2":"type-product","3":"status-publish","4":"has-post-thumbnail","6":"product_cat-joints-de-piston","7":"product_cat-joints-de-tige","9":"first","10":"instock","11":"shipping-taxable","12":"product-type-simple"},"acf":[],"yoast_head":"<!-- This site is optimized with the Yoast SEO plugin v27.4 - https:\/\/yoast.com\/product\/yoast-seo-wordpress\/ -->\n<title>Garniture en V - Hi-Tech Seals<\/title>\n<meta name=\"robots\" content=\"index, follow, max-snippet:-1, max-image-preview:large, max-video-preview:-1\" \/>\n<link rel=\"canonical\" href=\"https:\/\/www.hitechseals.com\/fr\/produit\/garniture-en-v\/\" \/>\n<meta property=\"og:locale\" content=\"fr_CA\" \/>\n<meta property=\"og:type\" content=\"article\" \/>\n<meta property=\"og:title\" content=\"Garniture en V - Hi-Tech Seals\" \/>\n<meta property=\"og:description\" content=\"[vc_row content_placement=\u00a0\u00bbmiddle\u00a0\u00bb sm=\u00a0\u00bb40&Prime; md=\u00a0\u00bb60&Prime; lg=\u00a0\u00bb100&Prime; lgb=\u00a0\u00bb60&Prime;][vc_column offset=\u00a0\u00bbvc_col-lg-8&Prime; el_class=\u00a0\u00bborder-lg-1&Prime;][web3_vc_content sm=\u00a0\u00bb\u00a0\u00bb md=\u00a0\u00bb\u00a0\u00bb lg=\u00a0\u00bb\u00a0\u00bb] La garniture en V est un produit d&rsquo;\u00e9tanch\u00e9it\u00e9 populaire et tr\u00e8s&hellip;\" \/>\n<meta property=\"og:url\" content=\"https:\/\/www.hitechseals.com\/fr\/produit\/garniture-en-v\/\" \/>\n<meta property=\"og:site_name\" content=\"Hi-Tech Seals\" \/>\n<meta property=\"article:modified_time\" content=\"2025-12-30T23:59:58+00:00\" \/>\n<meta property=\"og:image\" content=\"https:\/\/www.hitechseals.com\/wp-content\/uploads\/2025\/06\/vee_packing_full-e1754689351299.jpg\" \/>\n\t<meta property=\"og:image:width\" content=\"367\" \/>\n\t<meta property=\"og:image:height\" content=\"250\" \/>\n\t<meta property=\"og:image:type\" content=\"image\/jpeg\" \/>\n<meta name=\"twitter:card\" content=\"summary_large_image\" \/>\n<meta name=\"twitter:label1\" content=\"Estimation du temps de lecture\" \/>\n\t<meta name=\"twitter:data1\" content=\"3 minutes\" \/>\n<script type=\"application\/ld+json\" class=\"yoast-schema-graph\">{\"@context\":\"https:\\\/\\\/schema.org\",\"@graph\":[{\"@type\":\"WebPage\",\"@id\":\"https:\\\/\\\/www.hitechseals.com\\\/fr\\\/produit\\\/garniture-en-v\\\/\",\"url\":\"https:\\\/\\\/www.hitechseals.com\\\/fr\\\/produit\\\/garniture-en-v\\\/\",\"name\":\"Garniture en V - Hi-Tech Seals\",\"isPartOf\":{\"@id\":\"https:\\\/\\\/www.hitechseals.com\\\/fr\\\/#website\"},\"primaryImageOfPage\":{\"@id\":\"https:\\\/\\\/www.hitechseals.com\\\/fr\\\/produit\\\/garniture-en-v\\\/#primaryimage\"},\"image\":{\"@id\":\"https:\\\/\\\/www.hitechseals.com\\\/fr\\\/produit\\\/garniture-en-v\\\/#primaryimage\"},\"thumbnailUrl\":\"https:\\\/\\\/www.hitechseals.com\\\/wp-content\\\/uploads\\\/2025\\\/06\\\/vee_packing_full-e1754689351299.jpg\",\"datePublished\":\"2025-06-23T01:14:44+00:00\",\"dateModified\":\"2025-12-30T23:59:58+00:00\",\"breadcrumb\":{\"@id\":\"https:\\\/\\\/www.hitechseals.com\\\/fr\\\/produit\\\/garniture-en-v\\\/#breadcrumb\"},\"inLanguage\":\"fr-CA\",\"potentialAction\":[{\"@type\":\"ReadAction\",\"target\":[\"https:\\\/\\\/www.hitechseals.com\\\/fr\\\/produit\\\/garniture-en-v\\\/\"]}]},{\"@type\":\"ImageObject\",\"inLanguage\":\"fr-CA\",\"@id\":\"https:\\\/\\\/www.hitechseals.com\\\/fr\\\/produit\\\/garniture-en-v\\\/#primaryimage\",\"url\":\"https:\\\/\\\/www.hitechseals.com\\\/wp-content\\\/uploads\\\/2025\\\/06\\\/vee_packing_full-e1754689351299.jpg\",\"contentUrl\":\"https:\\\/\\\/www.hitechseals.com\\\/wp-content\\\/uploads\\\/2025\\\/06\\\/vee_packing_full-e1754689351299.jpg\",\"width\":367,\"height\":250},{\"@type\":\"BreadcrumbList\",\"@id\":\"https:\\\/\\\/www.hitechseals.com\\\/fr\\\/produit\\\/garniture-en-v\\\/#breadcrumb\",\"itemListElement\":[{\"@type\":\"ListItem\",\"position\":1,\"name\":\"Home\",\"item\":\"https:\\\/\\\/www.hitechseals.com\\\/fr\\\/accueil\\\/\"},{\"@type\":\"ListItem\",\"position\":2,\"name\":\"Garniture en V\"}]},{\"@type\":\"WebSite\",\"@id\":\"https:\\\/\\\/www.hitechseals.com\\\/fr\\\/#website\",\"url\":\"https:\\\/\\\/www.hitechseals.com\\\/fr\\\/\",\"name\":\"Hi-Tech Seals\",\"description\":\"\",\"potentialAction\":[{\"@type\":\"SearchAction\",\"target\":{\"@type\":\"EntryPoint\",\"urlTemplate\":\"https:\\\/\\\/www.hitechseals.com\\\/fr\\\/?s={search_term_string}\"},\"query-input\":{\"@type\":\"PropertyValueSpecification\",\"valueRequired\":true,\"valueName\":\"search_term_string\"}}],\"inLanguage\":\"fr-CA\"}]}<\/script>\n<!-- \/ Yoast SEO plugin. -->","yoast_head_json":{"title":"Garniture en V - Hi-Tech Seals","robots":{"index":"index","follow":"follow","max-snippet":"max-snippet:-1","max-image-preview":"max-image-preview:large","max-video-preview":"max-video-preview:-1"},"canonical":"https:\/\/www.hitechseals.com\/fr\/produit\/garniture-en-v\/","og_locale":"fr_CA","og_type":"article","og_title":"Garniture en V - Hi-Tech Seals","og_description":"[vc_row content_placement=\u00a0\u00bbmiddle\u00a0\u00bb sm=\u00a0\u00bb40&Prime; md=\u00a0\u00bb60&Prime; lg=\u00a0\u00bb100&Prime; lgb=\u00a0\u00bb60&Prime;][vc_column offset=\u00a0\u00bbvc_col-lg-8&Prime; el_class=\u00a0\u00bborder-lg-1&Prime;][web3_vc_content sm=\u00a0\u00bb\u00a0\u00bb md=\u00a0\u00bb\u00a0\u00bb lg=\u00a0\u00bb\u00a0\u00bb] La garniture en V est un produit d&rsquo;\u00e9tanch\u00e9it\u00e9 populaire et tr\u00e8s&hellip;","og_url":"https:\/\/www.hitechseals.com\/fr\/produit\/garniture-en-v\/","og_site_name":"Hi-Tech Seals","article_modified_time":"2025-12-30T23:59:58+00:00","og_image":[{"width":367,"height":250,"url":"https:\/\/www.hitechseals.com\/wp-content\/uploads\/2025\/06\/vee_packing_full-e1754689351299.jpg","type":"image\/jpeg"}],"twitter_card":"summary_large_image","twitter_misc":{"Estimation du temps de lecture":"3 minutes"},"schema":{"@context":"https:\/\/schema.org","@graph":[{"@type":"WebPage","@id":"https:\/\/www.hitechseals.com\/fr\/produit\/garniture-en-v\/","url":"https:\/\/www.hitechseals.com\/fr\/produit\/garniture-en-v\/","name":"Garniture en V - Hi-Tech Seals","isPartOf":{"@id":"https:\/\/www.hitechseals.com\/fr\/#website"},"primaryImageOfPage":{"@id":"https:\/\/www.hitechseals.com\/fr\/produit\/garniture-en-v\/#primaryimage"},"image":{"@id":"https:\/\/www.hitechseals.com\/fr\/produit\/garniture-en-v\/#primaryimage"},"thumbnailUrl":"https:\/\/www.hitechseals.com\/wp-content\/uploads\/2025\/06\/vee_packing_full-e1754689351299.jpg","datePublished":"2025-06-23T01:14:44+00:00","dateModified":"2025-12-30T23:59:58+00:00","breadcrumb":{"@id":"https:\/\/www.hitechseals.com\/fr\/produit\/garniture-en-v\/#breadcrumb"},"inLanguage":"fr-CA","potentialAction":[{"@type":"ReadAction","target":["https:\/\/www.hitechseals.com\/fr\/produit\/garniture-en-v\/"]}]},{"@type":"ImageObject","inLanguage":"fr-CA","@id":"https:\/\/www.hitechseals.com\/fr\/produit\/garniture-en-v\/#primaryimage","url":"https:\/\/www.hitechseals.com\/wp-content\/uploads\/2025\/06\/vee_packing_full-e1754689351299.jpg","contentUrl":"https:\/\/www.hitechseals.com\/wp-content\/uploads\/2025\/06\/vee_packing_full-e1754689351299.jpg","width":367,"height":250},{"@type":"BreadcrumbList","@id":"https:\/\/www.hitechseals.com\/fr\/produit\/garniture-en-v\/#breadcrumb","itemListElement":[{"@type":"ListItem","position":1,"name":"Home","item":"https:\/\/www.hitechseals.com\/fr\/accueil\/"},{"@type":"ListItem","position":2,"name":"Garniture en V"}]},{"@type":"WebSite","@id":"https:\/\/www.hitechseals.com\/fr\/#website","url":"https:\/\/www.hitechseals.com\/fr\/","name":"Hi-Tech Seals","description":"","potentialAction":[{"@type":"SearchAction","target":{"@type":"EntryPoint","urlTemplate":"https:\/\/www.hitechseals.com\/fr\/?s={search_term_string}"},"query-input":{"@type":"PropertyValueSpecification","valueRequired":true,"valueName":"search_term_string"}}],"inLanguage":"fr-CA"}]}},"_links":{"self":[{"href":"https:\/\/www.hitechseals.com\/fr\/wp-json\/wp\/v2\/product\/4360","targetHints":{"allow":["GET"]}}],"collection":[{"href":"https:\/\/www.hitechseals.com\/fr\/wp-json\/wp\/v2\/product"}],"about":[{"href":"https:\/\/www.hitechseals.com\/fr\/wp-json\/wp\/v2\/types\/product"}],"wp:featuredmedia":[{"embeddable":true,"href":"https:\/\/www.hitechseals.com\/fr\/wp-json\/wp\/v2\/media\/4370"}],"wp:attachment":[{"href":"https:\/\/www.hitechseals.com\/fr\/wp-json\/wp\/v2\/media?parent=4360"}],"wp:term":[{"taxonomy":"product_brand","embeddable":true,"href":"https:\/\/www.hitechseals.com\/fr\/wp-json\/wp\/v2\/product_brand?post=4360"},{"taxonomy":"product_cat","embeddable":true,"href":"https:\/\/www.hitechseals.com\/fr\/wp-json\/wp\/v2\/product_cat?post=4360"},{"taxonomy":"product_tag","embeddable":true,"href":"https:\/\/www.hitechseals.com\/fr\/wp-json\/wp\/v2\/product_tag?post=4360"}],"curies":[{"name":"wp","href":"https:\/\/api.w.org\/{rel}","templated":true}]}}