{"id":4371,"date":"2025-06-22T19:00:38","date_gmt":"2025-06-23T01:00:38","guid":{"rendered":"https:\/\/www.hitechseals.com\/product\/joints-t\/"},"modified":"2026-04-20T09:24:57","modified_gmt":"2026-04-20T15:24:57","slug":"joints-t","status":"publish","type":"product","link":"https:\/\/www.hitechseals.com\/fr\/produit\/joints-t\/","title":{"rendered":"Joints T"},"content":{"rendered":"<div class=\"wpb-content-wrapper\">[vc_row content_placement=\u00a0\u00bbmiddle\u00a0\u00bb sm=\u00a0\u00bb40&Prime; md=\u00a0\u00bb60&Prime; lg=\u00a0\u00bb100&Prime; lgb=\u00a0\u00bb60&Prime;][vc_column offset=\u00a0\u00bbvc_col-lg-7&Prime; el_class=\u00a0\u00bborder-lg-1&Prime;][web3_vc_content sm=\u00a0\u00bb\u00a0\u00bb md=\u00a0\u00bb\u00a0\u00bb lg=\u00a0\u00bb\u00a0\u00bb]Les joints en T sont compos\u00e9s d\u2019un \u00e9lastom\u00e8re en forme de T, soutenu par des <a href=\"https:\/\/www.hitechseals.com\/fr\/produit\/anneaux-de-renfort\/\">bagues anti-extrusion<\/a> en plastique dur, afin d\u2019emp\u00eacher le joint de se d\u00e9former ou de s\u2019extruder dans le jeu sous des conditions de haute pression que les joints toriques standard ne peuvent pas supporter. La conception est \u00e9galement consid\u00e9r\u00e9e comme plus stable qu&rsquo;un joint torique, car la forme en T aide \u00e0 \u00e9liminer les probl\u00e8mes de roulement ou de spiralisation.\r\n\r\nNos joints en T s\u2019adaptent aux rainures de joints toriques standards, permettant un remplacement direct sans modification du mat\u00e9riel. Ils sont \u00e0 double effet et conviennent aux \u00e9quipements \u00e0 mouvement alternatif et rotatif, avec des profils de piston et de tige disponibles. \r\n\r\nNos joints en T standard sont des conceptions non verrouillables compos\u00e9es d&rsquo;un \u00e9l\u00e9ment d&rsquo;\u00e9tanch\u00e9it\u00e9 en nitrile 70A et de deux bagues anti-extrusion divis\u00e9es int\u00e9gr\u00e9es en nylon\/polyamide. Un \u00e9l\u00e9ment d&rsquo;\u00e9tanch\u00e9it\u00e9 en Viton\u2122 FKM et des bagues anti-extrusion en PTFE sont recommand\u00e9s pour une meilleure r\u00e9sistance chimique. \r\n\r\nHi-Tech Seals recommande d\u2019augmenter la duret\u00e9 de l\u2019\u00e9l\u00e9ment d\u2019\u00e9tanch\u00e9it\u00e9 \u00e0 90A et\/ou de passer \u00e0 des bagues d\u2019appui en <a href=\"https:\/\/www.hitechseals.com\/fr\/brand\/kaspex-peek\/\">KasPex\u2122 PEEK<\/a> pour une capacit\u00e9 de gestion de pressions plus \u00e9lev\u00e9es (&gt;5 000 PSI).\r\n\r\nAvec une conception de joint, une s\u00e9lection de mat\u00e9riaux et des tol\u00e9rances de gorge appropri\u00e9es, nos joints en T sont \u00e9prouv\u00e9s pour g\u00e9rer bien au-del\u00e0 de 10 000 PSI. Veuillez consulter l&rsquo;<a href=\"https:\/\/www.hitechseals.com\/fr\/rockatek-valide-la-performance-des-joints-en-t-a-35-000-psi\/\">\u00e9tude de cas sur les joints en T<\/a> suivante. \r\n<h2>Applications des joints en T<\/h2>\r\nNos joints en T sont utilis\u00e9s dans diverses applications, notamment, sans s\u2019y limiter :\r\n<table style=\"border-collapse: collapse; width: 47.9875%;\">\r\n<tbody>\r\n<tr>\r\n<td style=\"width: 44.7142%;\">\r\n<ul>\r\n \t<li>Actionneurs<\/li>\r\n \t<li>Obturateur anti-\u00e9ruption (BOP)<\/li>\r\n \t<li>Ensembles de freinage<\/li>\r\n \t<li>Outils de compl\u00e9tion<\/li>\r\n \t<li>Compresseurs<\/li>\r\n \t<li>Modules de commande<\/li>\r\n \t<li>Outils de fond<\/li>\r\n \t<li>Outils de rep\u00eachage et coulisses<\/li>\r\n \t<li>Gas-lifts<\/li>\r\n<\/ul>\r\n<\/td>\r\n<td style=\"width: 38.1132%;\">\r\n<ul>\r\n \t<li>Syst\u00e8mes de test \u00e0 haute pression<\/li>\r\n \t<li>V\u00e9rins hydrauliques<\/li>\r\n \t<li>V\u00e9rins pneumatiques<\/li>\r\n \t<li>Syst\u00e8mes de direction assist\u00e9e<\/li>\r\n \t<li>Pompes<\/li>\r\n \t<li>Presses<\/li>\r\n \t<li>Vannes<\/li>\r\n \t<li>Outils de t\u00eate de puits<\/li>\r\n<\/ul>\r\n<\/td>\r\n<\/tr>\r\n<\/tbody>\r\n<\/table>\r\n[\/web3_vc_content][\/vc_column][\/vc_row][vc_row][vc_column][web3_vc_db_profiles sm=\u00a0\u00bb0&Prime; smb=\u00a0\u00bb40&Prime; md=\u00a0\u00bb0&Prime; mdb=\u00a0\u00bb60&Prime; lg=\u00a0\u00bb0&Prime; lgb=\u00a0\u00bb100&Prime;][\/web3_vc_db_profiles][\/vc_column][\/vc_row]<\/div>","protected":false},"excerpt":{"rendered":"<p>[vc_row content_placement=\u00a0\u00bbmiddle\u00a0\u00bb sm=\u00a0\u00bb40&Prime; md=\u00a0\u00bb60&Prime; lg=\u00a0\u00bb100&Prime; lgb=\u00a0\u00bb60&Prime;][vc_column offset=\u00a0\u00bbvc_col-lg-7&Prime; el_class=\u00a0\u00bborder-lg-1&Prime;][web3_vc_content sm=\u00a0\u00bb\u00a0\u00bb md=\u00a0\u00bb\u00a0\u00bb lg=\u00a0\u00bb\u00a0\u00bb]Les joints en T sont compos\u00e9s d\u2019un \u00e9lastom\u00e8re en forme de T,&hellip;<\/p>\n","protected":false},"featured_media":4373,"template":"","meta":{"_acf_changed":false},"product_brand":[],"product_cat":[105,108],"product_tag":[],"class_list":{"0":"post-4371","1":"product","2":"type-product","3":"status-publish","4":"has-post-thumbnail","6":"product_cat-joints-de-piston","7":"product_cat-joints-de-tige","9":"first","10":"instock","11":"shipping-taxable","12":"product-type-simple"},"acf":[],"yoast_head":"<!-- This site is optimized with the Yoast SEO plugin v27.4 - https:\/\/yoast.com\/product\/yoast-seo-wordpress\/ -->\n<title>Joints en T | Fournisseur de joints en T | Hi-Tech Seals<\/title>\n<meta name=\"description\" content=\"Les joints en T sont con\u00e7us pour les applications haute pression que les joints toriques standard ne peuvent supporter. \u00c9prouv\u00e9s pour r\u00e9sister \u00e0 plus de 10 000 PSI dans les applications de piston et de tige.\" \/>\n<meta name=\"robots\" content=\"index, follow, max-snippet:-1, max-image-preview:large, max-video-preview:-1\" \/>\n<link rel=\"canonical\" href=\"https:\/\/www.hitechseals.com\/fr\/produit\/joints-t\/\" \/>\n<meta property=\"og:locale\" content=\"fr_CA\" \/>\n<meta property=\"og:type\" content=\"article\" \/>\n<meta property=\"og:title\" content=\"Joints en T | Fournisseur de joints en T | Hi-Tech Seals\" \/>\n<meta property=\"og:description\" content=\"Les joints en T sont con\u00e7us pour les applications haute pression que les joints toriques standard ne peuvent supporter. \u00c9prouv\u00e9s pour r\u00e9sister \u00e0 plus de 10 000 PSI dans les applications de piston et de tige.\" \/>\n<meta property=\"og:url\" content=\"https:\/\/www.hitechseals.com\/fr\/produit\/joints-t\/\" \/>\n<meta property=\"og:site_name\" content=\"Hi-Tech Seals\" \/>\n<meta property=\"article:modified_time\" content=\"2026-04-20T15:24:57+00:00\" \/>\n<meta property=\"og:image\" content=\"https:\/\/www.hitechseals.com\/wp-content\/uploads\/2025\/06\/t-seal_full-e1760632838105.jpg\" \/>\n\t<meta property=\"og:image:width\" content=\"420\" \/>\n\t<meta property=\"og:image:height\" content=\"250\" \/>\n\t<meta property=\"og:image:type\" content=\"image\/jpeg\" \/>\n<meta name=\"twitter:card\" content=\"summary_large_image\" \/>\n<meta name=\"twitter:label1\" content=\"Estimation du temps de lecture\" \/>\n\t<meta name=\"twitter:data1\" content=\"2 minutes\" \/>\n<script type=\"application\/ld+json\" class=\"yoast-schema-graph\">{\"@context\":\"https:\\\/\\\/schema.org\",\"@graph\":[{\"@type\":\"WebPage\",\"@id\":\"https:\\\/\\\/www.hitechseals.com\\\/fr\\\/produit\\\/joints-t\\\/\",\"url\":\"https:\\\/\\\/www.hitechseals.com\\\/fr\\\/produit\\\/joints-t\\\/\",\"name\":\"Joints en T | Fournisseur de joints en T | Hi-Tech Seals\",\"isPartOf\":{\"@id\":\"https:\\\/\\\/www.hitechseals.com\\\/fr\\\/#website\"},\"primaryImageOfPage\":{\"@id\":\"https:\\\/\\\/www.hitechseals.com\\\/fr\\\/produit\\\/joints-t\\\/#primaryimage\"},\"image\":{\"@id\":\"https:\\\/\\\/www.hitechseals.com\\\/fr\\\/produit\\\/joints-t\\\/#primaryimage\"},\"thumbnailUrl\":\"https:\\\/\\\/www.hitechseals.com\\\/wp-content\\\/uploads\\\/2025\\\/06\\\/t-seal_full-e1760632838105.jpg\",\"datePublished\":\"2025-06-23T01:00:38+00:00\",\"dateModified\":\"2026-04-20T15:24:57+00:00\",\"description\":\"Les joints en T sont con\u00e7us pour les applications haute pression que les joints toriques standard ne peuvent supporter. \u00c9prouv\u00e9s pour r\u00e9sister \u00e0 plus de 10 000 PSI dans les applications de piston et de tige.\",\"breadcrumb\":{\"@id\":\"https:\\\/\\\/www.hitechseals.com\\\/fr\\\/produit\\\/joints-t\\\/#breadcrumb\"},\"inLanguage\":\"fr-CA\",\"potentialAction\":[{\"@type\":\"ReadAction\",\"target\":[\"https:\\\/\\\/www.hitechseals.com\\\/fr\\\/produit\\\/joints-t\\\/\"]}]},{\"@type\":\"ImageObject\",\"inLanguage\":\"fr-CA\",\"@id\":\"https:\\\/\\\/www.hitechseals.com\\\/fr\\\/produit\\\/joints-t\\\/#primaryimage\",\"url\":\"https:\\\/\\\/www.hitechseals.com\\\/wp-content\\\/uploads\\\/2025\\\/06\\\/t-seal_full-e1760632838105.jpg\",\"contentUrl\":\"https:\\\/\\\/www.hitechseals.com\\\/wp-content\\\/uploads\\\/2025\\\/06\\\/t-seal_full-e1760632838105.jpg\",\"width\":420,\"height\":250},{\"@type\":\"BreadcrumbList\",\"@id\":\"https:\\\/\\\/www.hitechseals.com\\\/fr\\\/produit\\\/joints-t\\\/#breadcrumb\",\"itemListElement\":[{\"@type\":\"ListItem\",\"position\":1,\"name\":\"Home\",\"item\":\"https:\\\/\\\/www.hitechseals.com\\\/fr\\\/accueil\\\/\"},{\"@type\":\"ListItem\",\"position\":2,\"name\":\"Joints T\"}]},{\"@type\":\"WebSite\",\"@id\":\"https:\\\/\\\/www.hitechseals.com\\\/fr\\\/#website\",\"url\":\"https:\\\/\\\/www.hitechseals.com\\\/fr\\\/\",\"name\":\"Hi-Tech Seals\",\"description\":\"\",\"potentialAction\":[{\"@type\":\"SearchAction\",\"target\":{\"@type\":\"EntryPoint\",\"urlTemplate\":\"https:\\\/\\\/www.hitechseals.com\\\/fr\\\/?s={search_term_string}\"},\"query-input\":{\"@type\":\"PropertyValueSpecification\",\"valueRequired\":true,\"valueName\":\"search_term_string\"}}],\"inLanguage\":\"fr-CA\"}]}<\/script>\n<!-- \/ Yoast SEO plugin. -->","yoast_head_json":{"title":"Joints en T | Fournisseur de joints en T | Hi-Tech Seals","description":"Les joints en T sont con\u00e7us pour les applications haute pression que les joints toriques standard ne peuvent supporter. \u00c9prouv\u00e9s pour r\u00e9sister \u00e0 plus de 10 000 PSI dans les applications de piston et de tige.","robots":{"index":"index","follow":"follow","max-snippet":"max-snippet:-1","max-image-preview":"max-image-preview:large","max-video-preview":"max-video-preview:-1"},"canonical":"https:\/\/www.hitechseals.com\/fr\/produit\/joints-t\/","og_locale":"fr_CA","og_type":"article","og_title":"Joints en T | Fournisseur de joints en T | Hi-Tech Seals","og_description":"Les joints en T sont con\u00e7us pour les applications haute pression que les joints toriques standard ne peuvent supporter. \u00c9prouv\u00e9s pour r\u00e9sister \u00e0 plus de 10 000 PSI dans les applications de piston et de tige.","og_url":"https:\/\/www.hitechseals.com\/fr\/produit\/joints-t\/","og_site_name":"Hi-Tech Seals","article_modified_time":"2026-04-20T15:24:57+00:00","og_image":[{"width":420,"height":250,"url":"https:\/\/www.hitechseals.com\/wp-content\/uploads\/2025\/06\/t-seal_full-e1760632838105.jpg","type":"image\/jpeg"}],"twitter_card":"summary_large_image","twitter_misc":{"Estimation du temps de lecture":"2 minutes"},"schema":{"@context":"https:\/\/schema.org","@graph":[{"@type":"WebPage","@id":"https:\/\/www.hitechseals.com\/fr\/produit\/joints-t\/","url":"https:\/\/www.hitechseals.com\/fr\/produit\/joints-t\/","name":"Joints en T | Fournisseur de joints en T | Hi-Tech Seals","isPartOf":{"@id":"https:\/\/www.hitechseals.com\/fr\/#website"},"primaryImageOfPage":{"@id":"https:\/\/www.hitechseals.com\/fr\/produit\/joints-t\/#primaryimage"},"image":{"@id":"https:\/\/www.hitechseals.com\/fr\/produit\/joints-t\/#primaryimage"},"thumbnailUrl":"https:\/\/www.hitechseals.com\/wp-content\/uploads\/2025\/06\/t-seal_full-e1760632838105.jpg","datePublished":"2025-06-23T01:00:38+00:00","dateModified":"2026-04-20T15:24:57+00:00","description":"Les joints en T sont con\u00e7us pour les applications haute pression que les joints toriques standard ne peuvent supporter. \u00c9prouv\u00e9s pour r\u00e9sister \u00e0 plus de 10 000 PSI dans les applications de piston et de tige.","breadcrumb":{"@id":"https:\/\/www.hitechseals.com\/fr\/produit\/joints-t\/#breadcrumb"},"inLanguage":"fr-CA","potentialAction":[{"@type":"ReadAction","target":["https:\/\/www.hitechseals.com\/fr\/produit\/joints-t\/"]}]},{"@type":"ImageObject","inLanguage":"fr-CA","@id":"https:\/\/www.hitechseals.com\/fr\/produit\/joints-t\/#primaryimage","url":"https:\/\/www.hitechseals.com\/wp-content\/uploads\/2025\/06\/t-seal_full-e1760632838105.jpg","contentUrl":"https:\/\/www.hitechseals.com\/wp-content\/uploads\/2025\/06\/t-seal_full-e1760632838105.jpg","width":420,"height":250},{"@type":"BreadcrumbList","@id":"https:\/\/www.hitechseals.com\/fr\/produit\/joints-t\/#breadcrumb","itemListElement":[{"@type":"ListItem","position":1,"name":"Home","item":"https:\/\/www.hitechseals.com\/fr\/accueil\/"},{"@type":"ListItem","position":2,"name":"Joints T"}]},{"@type":"WebSite","@id":"https:\/\/www.hitechseals.com\/fr\/#website","url":"https:\/\/www.hitechseals.com\/fr\/","name":"Hi-Tech Seals","description":"","potentialAction":[{"@type":"SearchAction","target":{"@type":"EntryPoint","urlTemplate":"https:\/\/www.hitechseals.com\/fr\/?s={search_term_string}"},"query-input":{"@type":"PropertyValueSpecification","valueRequired":true,"valueName":"search_term_string"}}],"inLanguage":"fr-CA"}]}},"_links":{"self":[{"href":"https:\/\/www.hitechseals.com\/fr\/wp-json\/wp\/v2\/product\/4371","targetHints":{"allow":["GET"]}}],"collection":[{"href":"https:\/\/www.hitechseals.com\/fr\/wp-json\/wp\/v2\/product"}],"about":[{"href":"https:\/\/www.hitechseals.com\/fr\/wp-json\/wp\/v2\/types\/product"}],"wp:featuredmedia":[{"embeddable":true,"href":"https:\/\/www.hitechseals.com\/fr\/wp-json\/wp\/v2\/media\/4373"}],"wp:attachment":[{"href":"https:\/\/www.hitechseals.com\/fr\/wp-json\/wp\/v2\/media?parent=4371"}],"wp:term":[{"taxonomy":"product_brand","embeddable":true,"href":"https:\/\/www.hitechseals.com\/fr\/wp-json\/wp\/v2\/product_brand?post=4371"},{"taxonomy":"product_cat","embeddable":true,"href":"https:\/\/www.hitechseals.com\/fr\/wp-json\/wp\/v2\/product_cat?post=4371"},{"taxonomy":"product_tag","embeddable":true,"href":"https:\/\/www.hitechseals.com\/fr\/wp-json\/wp\/v2\/product_tag?post=4371"}],"curies":[{"name":"wp","href":"https:\/\/api.w.org\/{rel}","templated":true}]}}