{"id":4411,"date":"2025-07-17T10:49:00","date_gmt":"2025-07-17T16:49:00","guid":{"rendered":"https:\/\/www.hitechseals.com\/product\/joints-detancheite-dessai-a-anneau-en-urethane\/"},"modified":"2026-04-21T14:19:16","modified_gmt":"2026-04-21T20:19:16","slug":"joints-detancheite-dessai-a-anneau-en-urethane","status":"publish","type":"product","link":"https:\/\/www.hitechseals.com\/fr\/produit\/joints-detancheite-dessai-a-anneau-en-urethane\/","title":{"rendered":"Joints d&rsquo;\u00e9tanch\u00e9it\u00e9 d&rsquo;essai de joint annulaire en ur\u00e9thane"},"content":{"rendered":"<div class=\"wpb-content-wrapper\">[vc_row content_placement=\u00a0\u00bbmiddle\u00a0\u00bb sm=\u00a0\u00bb40&Prime; md=\u00a0\u00bb60&Prime; lg=\u00a0\u00bb100&Prime; lgb=\u00a0\u00bb60&Prime;][vc_column offset=\u00a0\u00bbvc_col-lg-7&Prime; el_class=\u00a0\u00bborder-lg-1&Prime;][vc_column_text css=\u00a0\u00bb\u00a0\u00bb]Nos joints d&rsquo;\u00e9tanch\u00e9it\u00e9 d&rsquo;essai \u00e0 anneau en ur\u00e9thane (RTJU) constituent une m\u00e9thode non destructive pour tester et recertifier les brides \u00e0 joint annulaire. Le profil de forme unique active l&rsquo;\u00e9tanch\u00e9it\u00e9 dans la rainure sous pression, s&rsquo;adaptant aux rainures de joints annulaires de type R, RX ou BX. \r\n\r\nAvantages des RTJU :\r\n<ul>\r\n \t<li>R\u00e9utilisable<\/li>\r\n \t<li>\u00c9conomique<\/li>\r\n \t<li>M\u00e9thode non destructive pour tester vos brides<\/li>\r\n \t<li>D\u00e9lai d&rsquo;ex\u00e9cution rapide pour les tailles de rainures standard et non standard<\/li>\r\n \t<li>Convient aux essais de pression \u00e0 l&rsquo;eau et \u00e0 l&rsquo;azote<\/li>\r\n \t<li>Plage de temp\u00e9rature g\u00e9n\u00e9rale de -30\u00b0C \u00e0 110\u00b0C (-22\u00b0F \u00e0 230\u00b0F)<\/li>\r\n<\/ul>\r\nIls sont fabriqu\u00e9s en interne \u00e0 partir de notre <a href=\"https:\/\/www.hitechseals.com\/wp-content\/uploads\/2025\/08\/Bokure_MU90-Flyer_ENG.pdf\">ur\u00e9thane Bokure\u2122 MU90<\/a>. Ce mat\u00e9riau pr\u00e9sente des caract\u00e9ristiques exceptionnelles, notamment une remarquable capacit\u00e9 de r\u00e9sistance \u00e0 la pression et de rebond. Les RTJU sont utilis\u00e9s dans de nombreuses applications sur des march\u00e9s qui emploient des joints annulaires, notamment les vannes de commande BOP, les vannes de commande de c\u00e2ble et les t\u00eates de puits. Consultez nos joints d&rsquo;\u00e9tanch\u00e9it\u00e9 d&rsquo;essai \u00e0 anneau en ur\u00e9thane pour plus d&rsquo;informations.   \r\n\r\n<strong>Les joints d&rsquo;essai RTJU sont con\u00e7us pour \u00eatre utilis\u00e9s et test\u00e9s dans les m\u00eames conditions que le joint RTJ m\u00e9tallique \u00e9quivalent. Ces joints sont destin\u00e9s uniquement aux essais et ne doivent pas \u00eatre utilis\u00e9s pour une installation permanente. Les joints RTJU ne sont pas certifi\u00e9s selon les normes API ou ASME. Une installation appropri\u00e9e et des conditions de bride ad\u00e9quates influenceront les performances du joint d&rsquo;essai. Veuillez noter que les proc\u00e9dures de boulonnage ne changent pas lors de l&rsquo;utilisation des RTJU.    <\/strong>[\/vc_column_text][\/vc_column][\/vc_row][vc_row][vc_column][web3_vc_db_profiles sm=\u00a0\u00bb\u00a0\u00bb md=\u00a0\u00bb\u00a0\u00bb lg=\u00a0\u00bb\u00a0\u00bb][\/web3_vc_db_profiles][\/vc_column][\/vc_row][vc_row disable_element=\u00a0\u00bbyes\u00a0\u00bb sm=\u00a0\u00bb40&Prime; md=\u00a0\u00bb60&Prime; lg=\u00a0\u00bb60&Prime; lgb=\u00a0\u00bb100&Prime;][vc_column][vc_tta_tour shape=\u00a0\u00bbsquare\u00a0\u00bb spacing=\u00a0\u00bb\u00a0\u00bb active_section=\u00a0\u00bb1&Prime; no_fill_content_area=\u00a0\u00bbtrue\u00a0\u00bb title=\u00a0\u00bbInformations techniques\u00a0\u00bb][vc_tta_section title=\u00a0\u00bbPlage de temp\u00e9rature des mat\u00e9riaux\u00a0\u00bb tab_id=\u00a0\u00bbMaterials-Temperature-Range\u00a0\u00bb][vc_single_image image=\u00a0\u00bb4101&Prime; img_size=\u00a0\u00bbfull\u00a0\u00bb alignment=\u00a0\u00bbcenter\u00a0\u00bb css=\u00a0\u00bb\u00a0\u00bb el_class=\u00a0\u00bbpy-40 px-15&Prime;][\/vc_tta_section][vc_tta_section title=\u00a0\u00bbSection transversale du joint torique\u00a0\u00bb tab_id=\u00a0\u00bbO-Ring-Cross-Section\u00a0\u00bb][\/vc_tta_section][vc_tta_section title=\u00a0\u00bbTypes de gorges pour joints toriques\u00a0\u00bb tab_id=\u00a0\u00bbO-Ring-Gland-Types\u00a0\u00bb][\/vc_tta_section][vc_tta_section title=\u00a0\u00bb\u00c9tirement D.I.\/Interf\u00e9rence D.E.\u00a0\u00bb tab_id=\u00a0\u00bbI-D-Stretch-O-D-Interference\u00a0\u00bb][\/vc_tta_section][vc_tta_section title=\u00a0\u00bbR\u00e9duction de la section transversale\u00a0\u00bb tab_id=\u00a0\u00bbReduction-in-Cross-Section\u00a0\u00bb][\/vc_tta_section][vc_tta_section title=\u00a0\u00bbCompression\u00a0\u00bb tab_id=\u00a0\u00bbCompression\u00a0\u00bb][\/vc_tta_section][vc_tta_section title=\u00a0\u00bbRemplissage de gorge\u00a0\u00bb tab_id=\u00a0\u00bbGland-Fill\u00a0\u00bb][\/vc_tta_section][vc_tta_section title=\u00a0\u00bbJeu d&apos;extrusion\u00a0\u00bb tab_id=\u00a0\u00bbExtrusion-Gap\u00a0\u00bb][\/vc_tta_section][vc_tta_section title=\u00a0\u00bbLimites d&apos;extrusion\u00a0\u00bb tab_id=\u00a0\u00bbLimits-for-Extrusion\u00a0\u00bb][\/vc_tta_section][\/vc_tta_tour][\/vc_column][\/vc_row][vc_row][vc_column][web3_vc_content sm=\u00a0\u00bb40&Prime; md=\u00a0\u00bb60&Prime; lg=\u00a0\u00bb100&Prime;][\/web3_vc_content][\/vc_column][\/vc_row]<\/div>","protected":false},"excerpt":{"rendered":"<p>[vc_row content_placement=\u00a0\u00bbmiddle\u00a0\u00bb sm=\u00a0\u00bb40&Prime; md=\u00a0\u00bb60&Prime; lg=\u00a0\u00bb100&Prime; lgb=\u00a0\u00bb60&Prime;][vc_column offset=\u00a0\u00bbvc_col-lg-7&Prime; el_class=\u00a0\u00bborder-lg-1&Prime;][vc_column_text css=\u00a0\u00bb\u00a0\u00bb]Nos joints d&rsquo;\u00e9tanch\u00e9it\u00e9 d&rsquo;essai \u00e0 anneau en ur\u00e9thane (RTJU) constituent une m\u00e9thode non destructive&hellip;<\/p>\n","protected":false},"featured_media":2913,"template":"","meta":{"_acf_changed":false},"product_brand":[],"product_cat":[109],"product_tag":[],"class_list":{"0":"post-4411","1":"product","2":"type-product","3":"status-publish","4":"has-post-thumbnail","6":"product_cat-garnitures","8":"first","9":"instock","10":"shipping-taxable","11":"product-type-simple"},"acf":[],"yoast_head":"<!-- This site is optimized with the Yoast SEO plugin v27.4 - https:\/\/yoast.com\/product\/yoast-seo-wordpress\/ -->\n<title>Joints d&#039;\u00e9tanch\u00e9it\u00e9 d&#039;essai de joint annulaire en ur\u00e9thane - Hi-Tech Seals<\/title>\n<meta name=\"robots\" content=\"index, follow, max-snippet:-1, max-image-preview:large, max-video-preview:-1\" \/>\n<link rel=\"canonical\" href=\"https:\/\/www.hitechseals.com\/fr\/produit\/joints-detancheite-dessai-a-anneau-en-urethane\/\" \/>\n<meta property=\"og:locale\" content=\"fr_CA\" \/>\n<meta property=\"og:type\" content=\"article\" \/>\n<meta property=\"og:title\" content=\"Joints d&#039;\u00e9tanch\u00e9it\u00e9 d&#039;essai de joint annulaire en ur\u00e9thane - Hi-Tech Seals\" \/>\n<meta property=\"og:description\" content=\"[vc_row content_placement=\u00a0\u00bbmiddle\u00a0\u00bb sm=\u00a0\u00bb40&Prime; md=\u00a0\u00bb60&Prime; lg=\u00a0\u00bb100&Prime; lgb=\u00a0\u00bb60&Prime;][vc_column offset=\u00a0\u00bbvc_col-lg-7&Prime; el_class=\u00a0\u00bborder-lg-1&Prime;][vc_column_text css=\u00a0\u00bb\u00a0\u00bb]Nos joints d&rsquo;\u00e9tanch\u00e9it\u00e9 d&rsquo;essai \u00e0 anneau en ur\u00e9thane (RTJU) constituent une m\u00e9thode non destructive&hellip;\" \/>\n<meta property=\"og:url\" content=\"https:\/\/www.hitechseals.com\/fr\/produit\/joints-detancheite-dessai-a-anneau-en-urethane\/\" \/>\n<meta property=\"og:site_name\" content=\"Hi-Tech Seals\" \/>\n<meta property=\"article:modified_time\" content=\"2026-04-21T20:19:16+00:00\" \/>\n<meta property=\"og:image\" content=\"https:\/\/www.hitechseals.com\/wp-content\/uploads\/2025\/07\/RTJU_full.jpg\" \/>\n\t<meta property=\"og:image:width\" content=\"500\" \/>\n\t<meta property=\"og:image:height\" content=\"250\" \/>\n\t<meta property=\"og:image:type\" content=\"image\/jpeg\" \/>\n<meta name=\"twitter:card\" content=\"summary_large_image\" \/>\n<meta name=\"twitter:label1\" content=\"Estimation du temps de lecture\" \/>\n\t<meta name=\"twitter:data1\" content=\"3 minutes\" \/>\n<script type=\"application\/ld+json\" class=\"yoast-schema-graph\">{\"@context\":\"https:\\\/\\\/schema.org\",\"@graph\":[{\"@type\":\"WebPage\",\"@id\":\"https:\\\/\\\/www.hitechseals.com\\\/fr\\\/produit\\\/joints-detancheite-dessai-a-anneau-en-urethane\\\/\",\"url\":\"https:\\\/\\\/www.hitechseals.com\\\/fr\\\/produit\\\/joints-detancheite-dessai-a-anneau-en-urethane\\\/\",\"name\":\"Joints d'\u00e9tanch\u00e9it\u00e9 d'essai de joint annulaire en ur\u00e9thane - Hi-Tech Seals\",\"isPartOf\":{\"@id\":\"https:\\\/\\\/www.hitechseals.com\\\/fr\\\/#website\"},\"primaryImageOfPage\":{\"@id\":\"https:\\\/\\\/www.hitechseals.com\\\/fr\\\/produit\\\/joints-detancheite-dessai-a-anneau-en-urethane\\\/#primaryimage\"},\"image\":{\"@id\":\"https:\\\/\\\/www.hitechseals.com\\\/fr\\\/produit\\\/joints-detancheite-dessai-a-anneau-en-urethane\\\/#primaryimage\"},\"thumbnailUrl\":\"https:\\\/\\\/www.hitechseals.com\\\/wp-content\\\/uploads\\\/2025\\\/07\\\/RTJU_full.jpg\",\"datePublished\":\"2025-07-17T16:49:00+00:00\",\"dateModified\":\"2026-04-21T20:19:16+00:00\",\"breadcrumb\":{\"@id\":\"https:\\\/\\\/www.hitechseals.com\\\/fr\\\/produit\\\/joints-detancheite-dessai-a-anneau-en-urethane\\\/#breadcrumb\"},\"inLanguage\":\"fr-CA\",\"potentialAction\":[{\"@type\":\"ReadAction\",\"target\":[\"https:\\\/\\\/www.hitechseals.com\\\/fr\\\/produit\\\/joints-detancheite-dessai-a-anneau-en-urethane\\\/\"]}]},{\"@type\":\"ImageObject\",\"inLanguage\":\"fr-CA\",\"@id\":\"https:\\\/\\\/www.hitechseals.com\\\/fr\\\/produit\\\/joints-detancheite-dessai-a-anneau-en-urethane\\\/#primaryimage\",\"url\":\"https:\\\/\\\/www.hitechseals.com\\\/wp-content\\\/uploads\\\/2025\\\/07\\\/RTJU_full.jpg\",\"contentUrl\":\"https:\\\/\\\/www.hitechseals.com\\\/wp-content\\\/uploads\\\/2025\\\/07\\\/RTJU_full.jpg\",\"width\":500,\"height\":250},{\"@type\":\"BreadcrumbList\",\"@id\":\"https:\\\/\\\/www.hitechseals.com\\\/fr\\\/produit\\\/joints-detancheite-dessai-a-anneau-en-urethane\\\/#breadcrumb\",\"itemListElement\":[{\"@type\":\"ListItem\",\"position\":1,\"name\":\"Home\",\"item\":\"https:\\\/\\\/www.hitechseals.com\\\/fr\\\/accueil\\\/\"},{\"@type\":\"ListItem\",\"position\":2,\"name\":\"Joints d&#8217;\u00e9tanch\u00e9it\u00e9 d&#8217;essai de joint annulaire en ur\u00e9thane\"}]},{\"@type\":\"WebSite\",\"@id\":\"https:\\\/\\\/www.hitechseals.com\\\/fr\\\/#website\",\"url\":\"https:\\\/\\\/www.hitechseals.com\\\/fr\\\/\",\"name\":\"Hi-Tech Seals\",\"description\":\"\",\"potentialAction\":[{\"@type\":\"SearchAction\",\"target\":{\"@type\":\"EntryPoint\",\"urlTemplate\":\"https:\\\/\\\/www.hitechseals.com\\\/fr\\\/?s={search_term_string}\"},\"query-input\":{\"@type\":\"PropertyValueSpecification\",\"valueRequired\":true,\"valueName\":\"search_term_string\"}}],\"inLanguage\":\"fr-CA\"}]}<\/script>\n<!-- \/ Yoast SEO plugin. -->","yoast_head_json":{"title":"Joints d'\u00e9tanch\u00e9it\u00e9 d'essai de joint annulaire en ur\u00e9thane - Hi-Tech Seals","robots":{"index":"index","follow":"follow","max-snippet":"max-snippet:-1","max-image-preview":"max-image-preview:large","max-video-preview":"max-video-preview:-1"},"canonical":"https:\/\/www.hitechseals.com\/fr\/produit\/joints-detancheite-dessai-a-anneau-en-urethane\/","og_locale":"fr_CA","og_type":"article","og_title":"Joints d'\u00e9tanch\u00e9it\u00e9 d'essai de joint annulaire en ur\u00e9thane - Hi-Tech Seals","og_description":"[vc_row content_placement=\u00a0\u00bbmiddle\u00a0\u00bb sm=\u00a0\u00bb40&Prime; md=\u00a0\u00bb60&Prime; lg=\u00a0\u00bb100&Prime; lgb=\u00a0\u00bb60&Prime;][vc_column offset=\u00a0\u00bbvc_col-lg-7&Prime; el_class=\u00a0\u00bborder-lg-1&Prime;][vc_column_text css=\u00a0\u00bb\u00a0\u00bb]Nos joints d&rsquo;\u00e9tanch\u00e9it\u00e9 d&rsquo;essai \u00e0 anneau en ur\u00e9thane (RTJU) constituent une m\u00e9thode non destructive&hellip;","og_url":"https:\/\/www.hitechseals.com\/fr\/produit\/joints-detancheite-dessai-a-anneau-en-urethane\/","og_site_name":"Hi-Tech Seals","article_modified_time":"2026-04-21T20:19:16+00:00","og_image":[{"width":500,"height":250,"url":"https:\/\/www.hitechseals.com\/wp-content\/uploads\/2025\/07\/RTJU_full.jpg","type":"image\/jpeg"}],"twitter_card":"summary_large_image","twitter_misc":{"Estimation du temps de lecture":"3 minutes"},"schema":{"@context":"https:\/\/schema.org","@graph":[{"@type":"WebPage","@id":"https:\/\/www.hitechseals.com\/fr\/produit\/joints-detancheite-dessai-a-anneau-en-urethane\/","url":"https:\/\/www.hitechseals.com\/fr\/produit\/joints-detancheite-dessai-a-anneau-en-urethane\/","name":"Joints d'\u00e9tanch\u00e9it\u00e9 d'essai de joint annulaire en ur\u00e9thane - Hi-Tech Seals","isPartOf":{"@id":"https:\/\/www.hitechseals.com\/fr\/#website"},"primaryImageOfPage":{"@id":"https:\/\/www.hitechseals.com\/fr\/produit\/joints-detancheite-dessai-a-anneau-en-urethane\/#primaryimage"},"image":{"@id":"https:\/\/www.hitechseals.com\/fr\/produit\/joints-detancheite-dessai-a-anneau-en-urethane\/#primaryimage"},"thumbnailUrl":"https:\/\/www.hitechseals.com\/wp-content\/uploads\/2025\/07\/RTJU_full.jpg","datePublished":"2025-07-17T16:49:00+00:00","dateModified":"2026-04-21T20:19:16+00:00","breadcrumb":{"@id":"https:\/\/www.hitechseals.com\/fr\/produit\/joints-detancheite-dessai-a-anneau-en-urethane\/#breadcrumb"},"inLanguage":"fr-CA","potentialAction":[{"@type":"ReadAction","target":["https:\/\/www.hitechseals.com\/fr\/produit\/joints-detancheite-dessai-a-anneau-en-urethane\/"]}]},{"@type":"ImageObject","inLanguage":"fr-CA","@id":"https:\/\/www.hitechseals.com\/fr\/produit\/joints-detancheite-dessai-a-anneau-en-urethane\/#primaryimage","url":"https:\/\/www.hitechseals.com\/wp-content\/uploads\/2025\/07\/RTJU_full.jpg","contentUrl":"https:\/\/www.hitechseals.com\/wp-content\/uploads\/2025\/07\/RTJU_full.jpg","width":500,"height":250},{"@type":"BreadcrumbList","@id":"https:\/\/www.hitechseals.com\/fr\/produit\/joints-detancheite-dessai-a-anneau-en-urethane\/#breadcrumb","itemListElement":[{"@type":"ListItem","position":1,"name":"Home","item":"https:\/\/www.hitechseals.com\/fr\/accueil\/"},{"@type":"ListItem","position":2,"name":"Joints d&#8217;\u00e9tanch\u00e9it\u00e9 d&#8217;essai de joint annulaire en ur\u00e9thane"}]},{"@type":"WebSite","@id":"https:\/\/www.hitechseals.com\/fr\/#website","url":"https:\/\/www.hitechseals.com\/fr\/","name":"Hi-Tech Seals","description":"","potentialAction":[{"@type":"SearchAction","target":{"@type":"EntryPoint","urlTemplate":"https:\/\/www.hitechseals.com\/fr\/?s={search_term_string}"},"query-input":{"@type":"PropertyValueSpecification","valueRequired":true,"valueName":"search_term_string"}}],"inLanguage":"fr-CA"}]}},"_links":{"self":[{"href":"https:\/\/www.hitechseals.com\/fr\/wp-json\/wp\/v2\/product\/4411","targetHints":{"allow":["GET"]}}],"collection":[{"href":"https:\/\/www.hitechseals.com\/fr\/wp-json\/wp\/v2\/product"}],"about":[{"href":"https:\/\/www.hitechseals.com\/fr\/wp-json\/wp\/v2\/types\/product"}],"wp:featuredmedia":[{"embeddable":true,"href":"https:\/\/www.hitechseals.com\/fr\/wp-json\/wp\/v2\/media\/2913"}],"wp:attachment":[{"href":"https:\/\/www.hitechseals.com\/fr\/wp-json\/wp\/v2\/media?parent=4411"}],"wp:term":[{"taxonomy":"product_brand","embeddable":true,"href":"https:\/\/www.hitechseals.com\/fr\/wp-json\/wp\/v2\/product_brand?post=4411"},{"taxonomy":"product_cat","embeddable":true,"href":"https:\/\/www.hitechseals.com\/fr\/wp-json\/wp\/v2\/product_cat?post=4411"},{"taxonomy":"product_tag","embeddable":true,"href":"https:\/\/www.hitechseals.com\/fr\/wp-json\/wp\/v2\/product_tag?post=4411"}],"curies":[{"name":"wp","href":"https:\/\/api.w.org\/{rel}","templated":true}]}}