{"id":4462,"date":"2025-06-27T15:26:34","date_gmt":"2025-06-27T21:26:34","guid":{"rendered":"https:\/\/www.hitechseals.com\/product\/rondelles\/"},"modified":"2025-12-30T17:07:47","modified_gmt":"2025-12-31T00:07:47","slug":"rondelles","status":"publish","type":"product","link":"https:\/\/www.hitechseals.com\/fr\/produit\/rondelles\/","title":{"rendered":"Rondelles"},"content":{"rendered":"<div class=\"wpb-content-wrapper\">[vc_row content_placement=\u00a0\u00bbmiddle\u00a0\u00bb sm=\u00a0\u00bb40&Prime; md=\u00a0\u00bb60&Prime; lg=\u00a0\u00bb100&Prime; lgb=\u00a0\u00bb60&Prime;][vc_column offset=\u00a0\u00bbvc_col-lg-7&Prime; el_class=\u00a0\u00bborder-lg-1&Prime;][vc_column_text css=\u00a0\u00bb\u00a0\u00bb]Les rondelles sont utilis\u00e9es pour r\u00e9partir la charge des boulons ou des \u00e9crous sur une grande surface ou pour aider \u00e0 pr\u00e9venir le desserrage sous vibration. Elles peuvent \u00e9galement fonctionner comme entretoises et dispositifs de verrouillage. Nous pouvons fabriquer des rondelles non m\u00e9talliques en interne \u00e0 partir de notre vaste inventaire de mat\u00e9riaux en feuille de caoutchouc, plastique ou composite en utilisant notre d\u00e9coupeuse \u00e0 emporte-pi\u00e8ce. Que vous ayez besoin de rondelles de taille standard ou personnalis\u00e9e, nous avons l&rsquo;expertise pour les d\u00e9couper avec pr\u00e9cision. Notre s\u00e9lection comprend des rondelles fabriqu\u00e9es \u00e0 partir de mat\u00e9riaux m\u00e9talliques et non m\u00e9talliques.    \r\n\r\nConsultez notre documentation sur les rondelles pour plus d&rsquo;informations.[\/vc_column_text][\/vc_column][\/vc_row][vc_row][vc_column][web3_vc_db_profiles sm=\u00a0\u00bb\u00a0\u00bb md=\u00a0\u00bb\u00a0\u00bb lg=\u00a0\u00bb\u00a0\u00bb][\/web3_vc_db_profiles][\/vc_column][\/vc_row][vc_row disable_element=\u00a0\u00bbyes\u00a0\u00bb sm=\u00a0\u00bb40&Prime; md=\u00a0\u00bb60&Prime; lg=\u00a0\u00bb60&Prime; lgb=\u00a0\u00bb100&Prime;][vc_column][vc_tta_tour shape=\u00a0\u00bbsquare\u00a0\u00bb spacing=\u00a0\u00bb\u00a0\u00bb active_section=\u00a0\u00bb1&Prime; no_fill_content_area=\u00a0\u00bbtrue\u00a0\u00bb title=\u00a0\u00bbInformations techniques\u00a0\u00bb][vc_tta_section title=\u00a0\u00bbPlage de temp\u00e9rature des mat\u00e9riaux\u00a0\u00bb tab_id=\u00a0\u00bbMaterials-Temperature-Range\u00a0\u00bb][vc_single_image image=\u00a0\u00bb4101&Prime; img_size=\u00a0\u00bbfull\u00a0\u00bb alignment=\u00a0\u00bbcenter\u00a0\u00bb css=\u00a0\u00bb\u00a0\u00bb el_class=\u00a0\u00bbpy-40 px-15&Prime;][\/vc_tta_section][vc_tta_section title=\u00a0\u00bbSection transversale du joint torique\u00a0\u00bb tab_id=\u00a0\u00bbO-Ring-Cross-Section\u00a0\u00bb][\/vc_tta_section][vc_tta_section title=\u00a0\u00bbTypes de gorges pour joints toriques\u00a0\u00bb tab_id=\u00a0\u00bbO-Ring-Gland-Types\u00a0\u00bb][\/vc_tta_section][vc_tta_section title=\u00a0\u00bb\u00c9tirement D.I.\/Interf\u00e9rence D.E.\u00a0\u00bb tab_id=\u00a0\u00bbI-D-Stretch-O-D-Interference\u00a0\u00bb][\/vc_tta_section][vc_tta_section title=\u00a0\u00bbR\u00e9duction de la section transversale\u00a0\u00bb tab_id=\u00a0\u00bbReduction-in-Cross-Section\u00a0\u00bb][\/vc_tta_section][vc_tta_section title=\u00a0\u00bbCompression\u00a0\u00bb tab_id=\u00a0\u00bbCompression\u00a0\u00bb][\/vc_tta_section][vc_tta_section title=\u00a0\u00bbRemplissage de gorge\u00a0\u00bb tab_id=\u00a0\u00bbGland-Fill\u00a0\u00bb][\/vc_tta_section][vc_tta_section title=\u00a0\u00bbJeu d&apos;extrusion\u00a0\u00bb tab_id=\u00a0\u00bbExtrusion-Gap\u00a0\u00bb][\/vc_tta_section][vc_tta_section title=\u00a0\u00bbLimites d&apos;extrusion\u00a0\u00bb tab_id=\u00a0\u00bbLimits-for-Extrusion\u00a0\u00bb][\/vc_tta_section][\/vc_tta_tour][\/vc_column][\/vc_row][vc_row][vc_column][web3_vc_content sm=\u00a0\u00bb40&Prime; md=\u00a0\u00bb60&Prime; lg=\u00a0\u00bb100&Prime;][\/web3_vc_content][\/vc_column][\/vc_row]<\/div>","protected":false},"excerpt":{"rendered":"<p>[vc_row content_placement=\u00a0\u00bbmiddle\u00a0\u00bb sm=\u00a0\u00bb40&Prime; md=\u00a0\u00bb60&Prime; lg=\u00a0\u00bb100&Prime; lgb=\u00a0\u00bb60&Prime;][vc_column offset=\u00a0\u00bbvc_col-lg-7&Prime; el_class=\u00a0\u00bborder-lg-1&Prime;][vc_column_text css=\u00a0\u00bb\u00a0\u00bb]Les rondelles sont utilis\u00e9es pour r\u00e9partir la charge des boulons ou des \u00e9crous sur&hellip;<\/p>\n","protected":false},"featured_media":2873,"template":"","meta":{"_acf_changed":false},"product_brand":[],"product_cat":[112,109],"product_tag":[],"class_list":{"0":"post-4462","1":"product","2":"type-product","3":"status-publish","4":"has-post-thumbnail","6":"product_cat-composants-metalliques","7":"product_cat-garnitures","9":"first","10":"instock","11":"shipping-taxable","12":"product-type-simple"},"acf":[],"yoast_head":"<!-- This site is optimized with the Yoast SEO plugin v27.4 - https:\/\/yoast.com\/product\/yoast-seo-wordpress\/ -->\n<title>Rondelles - Hi-Tech Seals<\/title>\n<meta name=\"robots\" content=\"index, follow, max-snippet:-1, max-image-preview:large, max-video-preview:-1\" \/>\n<link rel=\"canonical\" href=\"https:\/\/www.hitechseals.com\/fr\/produit\/rondelles\/\" \/>\n<meta property=\"og:locale\" content=\"fr_CA\" \/>\n<meta property=\"og:type\" content=\"article\" \/>\n<meta property=\"og:title\" content=\"Rondelles - Hi-Tech Seals\" \/>\n<meta property=\"og:description\" content=\"[vc_row content_placement=\u00a0\u00bbmiddle\u00a0\u00bb sm=\u00a0\u00bb40&Prime; md=\u00a0\u00bb60&Prime; lg=\u00a0\u00bb100&Prime; lgb=\u00a0\u00bb60&Prime;][vc_column offset=\u00a0\u00bbvc_col-lg-7&Prime; el_class=\u00a0\u00bborder-lg-1&Prime;][vc_column_text css=\u00a0\u00bb\u00a0\u00bb]Les rondelles sont utilis\u00e9es pour r\u00e9partir la charge des boulons ou des \u00e9crous sur&hellip;\" \/>\n<meta property=\"og:url\" content=\"https:\/\/www.hitechseals.com\/fr\/produit\/rondelles\/\" \/>\n<meta property=\"og:site_name\" content=\"Hi-Tech Seals\" \/>\n<meta property=\"article:modified_time\" content=\"2025-12-31T00:07:47+00:00\" \/>\n<meta property=\"og:image\" content=\"https:\/\/www.hitechseals.com\/wp-content\/uploads\/2025\/06\/Washer_full.jpg\" \/>\n\t<meta property=\"og:image:width\" content=\"500\" \/>\n\t<meta property=\"og:image:height\" content=\"250\" \/>\n\t<meta property=\"og:image:type\" content=\"image\/jpeg\" \/>\n<meta name=\"twitter:card\" content=\"summary_large_image\" \/>\n<meta name=\"twitter:label1\" content=\"Estimation du temps de lecture\" \/>\n\t<meta name=\"twitter:data1\" content=\"2 minutes\" \/>\n<script type=\"application\/ld+json\" class=\"yoast-schema-graph\">{\"@context\":\"https:\\\/\\\/schema.org\",\"@graph\":[{\"@type\":\"WebPage\",\"@id\":\"https:\\\/\\\/www.hitechseals.com\\\/fr\\\/produit\\\/rondelles\\\/\",\"url\":\"https:\\\/\\\/www.hitechseals.com\\\/fr\\\/produit\\\/rondelles\\\/\",\"name\":\"Rondelles - Hi-Tech Seals\",\"isPartOf\":{\"@id\":\"https:\\\/\\\/www.hitechseals.com\\\/fr\\\/#website\"},\"primaryImageOfPage\":{\"@id\":\"https:\\\/\\\/www.hitechseals.com\\\/fr\\\/produit\\\/rondelles\\\/#primaryimage\"},\"image\":{\"@id\":\"https:\\\/\\\/www.hitechseals.com\\\/fr\\\/produit\\\/rondelles\\\/#primaryimage\"},\"thumbnailUrl\":\"https:\\\/\\\/www.hitechseals.com\\\/wp-content\\\/uploads\\\/2025\\\/06\\\/Washer_full.jpg\",\"datePublished\":\"2025-06-27T21:26:34+00:00\",\"dateModified\":\"2025-12-31T00:07:47+00:00\",\"breadcrumb\":{\"@id\":\"https:\\\/\\\/www.hitechseals.com\\\/fr\\\/produit\\\/rondelles\\\/#breadcrumb\"},\"inLanguage\":\"fr-CA\",\"potentialAction\":[{\"@type\":\"ReadAction\",\"target\":[\"https:\\\/\\\/www.hitechseals.com\\\/fr\\\/produit\\\/rondelles\\\/\"]}]},{\"@type\":\"ImageObject\",\"inLanguage\":\"fr-CA\",\"@id\":\"https:\\\/\\\/www.hitechseals.com\\\/fr\\\/produit\\\/rondelles\\\/#primaryimage\",\"url\":\"https:\\\/\\\/www.hitechseals.com\\\/wp-content\\\/uploads\\\/2025\\\/06\\\/Washer_full.jpg\",\"contentUrl\":\"https:\\\/\\\/www.hitechseals.com\\\/wp-content\\\/uploads\\\/2025\\\/06\\\/Washer_full.jpg\",\"width\":500,\"height\":250},{\"@type\":\"BreadcrumbList\",\"@id\":\"https:\\\/\\\/www.hitechseals.com\\\/fr\\\/produit\\\/rondelles\\\/#breadcrumb\",\"itemListElement\":[{\"@type\":\"ListItem\",\"position\":1,\"name\":\"Home\",\"item\":\"https:\\\/\\\/www.hitechseals.com\\\/fr\\\/accueil\\\/\"},{\"@type\":\"ListItem\",\"position\":2,\"name\":\"Rondelles\"}]},{\"@type\":\"WebSite\",\"@id\":\"https:\\\/\\\/www.hitechseals.com\\\/fr\\\/#website\",\"url\":\"https:\\\/\\\/www.hitechseals.com\\\/fr\\\/\",\"name\":\"Hi-Tech Seals\",\"description\":\"\",\"potentialAction\":[{\"@type\":\"SearchAction\",\"target\":{\"@type\":\"EntryPoint\",\"urlTemplate\":\"https:\\\/\\\/www.hitechseals.com\\\/fr\\\/?s={search_term_string}\"},\"query-input\":{\"@type\":\"PropertyValueSpecification\",\"valueRequired\":true,\"valueName\":\"search_term_string\"}}],\"inLanguage\":\"fr-CA\"}]}<\/script>\n<!-- \/ Yoast SEO plugin. -->","yoast_head_json":{"title":"Rondelles - Hi-Tech Seals","robots":{"index":"index","follow":"follow","max-snippet":"max-snippet:-1","max-image-preview":"max-image-preview:large","max-video-preview":"max-video-preview:-1"},"canonical":"https:\/\/www.hitechseals.com\/fr\/produit\/rondelles\/","og_locale":"fr_CA","og_type":"article","og_title":"Rondelles - Hi-Tech Seals","og_description":"[vc_row content_placement=\u00a0\u00bbmiddle\u00a0\u00bb sm=\u00a0\u00bb40&Prime; md=\u00a0\u00bb60&Prime; lg=\u00a0\u00bb100&Prime; lgb=\u00a0\u00bb60&Prime;][vc_column offset=\u00a0\u00bbvc_col-lg-7&Prime; el_class=\u00a0\u00bborder-lg-1&Prime;][vc_column_text css=\u00a0\u00bb\u00a0\u00bb]Les rondelles sont utilis\u00e9es pour r\u00e9partir la charge des boulons ou des \u00e9crous sur&hellip;","og_url":"https:\/\/www.hitechseals.com\/fr\/produit\/rondelles\/","og_site_name":"Hi-Tech Seals","article_modified_time":"2025-12-31T00:07:47+00:00","og_image":[{"width":500,"height":250,"url":"https:\/\/www.hitechseals.com\/wp-content\/uploads\/2025\/06\/Washer_full.jpg","type":"image\/jpeg"}],"twitter_card":"summary_large_image","twitter_misc":{"Estimation du temps de lecture":"2 minutes"},"schema":{"@context":"https:\/\/schema.org","@graph":[{"@type":"WebPage","@id":"https:\/\/www.hitechseals.com\/fr\/produit\/rondelles\/","url":"https:\/\/www.hitechseals.com\/fr\/produit\/rondelles\/","name":"Rondelles - Hi-Tech Seals","isPartOf":{"@id":"https:\/\/www.hitechseals.com\/fr\/#website"},"primaryImageOfPage":{"@id":"https:\/\/www.hitechseals.com\/fr\/produit\/rondelles\/#primaryimage"},"image":{"@id":"https:\/\/www.hitechseals.com\/fr\/produit\/rondelles\/#primaryimage"},"thumbnailUrl":"https:\/\/www.hitechseals.com\/wp-content\/uploads\/2025\/06\/Washer_full.jpg","datePublished":"2025-06-27T21:26:34+00:00","dateModified":"2025-12-31T00:07:47+00:00","breadcrumb":{"@id":"https:\/\/www.hitechseals.com\/fr\/produit\/rondelles\/#breadcrumb"},"inLanguage":"fr-CA","potentialAction":[{"@type":"ReadAction","target":["https:\/\/www.hitechseals.com\/fr\/produit\/rondelles\/"]}]},{"@type":"ImageObject","inLanguage":"fr-CA","@id":"https:\/\/www.hitechseals.com\/fr\/produit\/rondelles\/#primaryimage","url":"https:\/\/www.hitechseals.com\/wp-content\/uploads\/2025\/06\/Washer_full.jpg","contentUrl":"https:\/\/www.hitechseals.com\/wp-content\/uploads\/2025\/06\/Washer_full.jpg","width":500,"height":250},{"@type":"BreadcrumbList","@id":"https:\/\/www.hitechseals.com\/fr\/produit\/rondelles\/#breadcrumb","itemListElement":[{"@type":"ListItem","position":1,"name":"Home","item":"https:\/\/www.hitechseals.com\/fr\/accueil\/"},{"@type":"ListItem","position":2,"name":"Rondelles"}]},{"@type":"WebSite","@id":"https:\/\/www.hitechseals.com\/fr\/#website","url":"https:\/\/www.hitechseals.com\/fr\/","name":"Hi-Tech Seals","description":"","potentialAction":[{"@type":"SearchAction","target":{"@type":"EntryPoint","urlTemplate":"https:\/\/www.hitechseals.com\/fr\/?s={search_term_string}"},"query-input":{"@type":"PropertyValueSpecification","valueRequired":true,"valueName":"search_term_string"}}],"inLanguage":"fr-CA"}]}},"_links":{"self":[{"href":"https:\/\/www.hitechseals.com\/fr\/wp-json\/wp\/v2\/product\/4462","targetHints":{"allow":["GET"]}}],"collection":[{"href":"https:\/\/www.hitechseals.com\/fr\/wp-json\/wp\/v2\/product"}],"about":[{"href":"https:\/\/www.hitechseals.com\/fr\/wp-json\/wp\/v2\/types\/product"}],"wp:featuredmedia":[{"embeddable":true,"href":"https:\/\/www.hitechseals.com\/fr\/wp-json\/wp\/v2\/media\/2873"}],"wp:attachment":[{"href":"https:\/\/www.hitechseals.com\/fr\/wp-json\/wp\/v2\/media?parent=4462"}],"wp:term":[{"taxonomy":"product_brand","embeddable":true,"href":"https:\/\/www.hitechseals.com\/fr\/wp-json\/wp\/v2\/product_brand?post=4462"},{"taxonomy":"product_cat","embeddable":true,"href":"https:\/\/www.hitechseals.com\/fr\/wp-json\/wp\/v2\/product_cat?post=4462"},{"taxonomy":"product_tag","embeddable":true,"href":"https:\/\/www.hitechseals.com\/fr\/wp-json\/wp\/v2\/product_tag?post=4462"}],"curies":[{"name":"wp","href":"https:\/\/api.w.org\/{rel}","templated":true}]}}