{"id":4545,"date":"2025-09-03T15:53:01","date_gmt":"2025-09-03T21:53:01","guid":{"rendered":"https:\/\/www.hitechseals.com\/product\/economiseurs-dhuile-packoff\/"},"modified":"2025-12-31T13:29:06","modified_gmt":"2025-12-31T20:29:06","slug":"economiseurs-dhuile-packoff","status":"publish","type":"product","link":"https:\/\/www.hitechseals.com\/fr\/produit\/economiseurs-dhuile-packoff\/","title":{"rendered":"\u00c9conomiseurs d&rsquo;huile Packoff"},"content":{"rendered":"<div class=\"wpb-content-wrapper\">[vc_row content_placement=\u00a0\u00bbmiddle\u00a0\u00bb sm=\u00a0\u00bb40&Prime; md=\u00a0\u00bb60&Prime; lg=\u00a0\u00bb100&Prime; lgb=\u00a0\u00bb60&Prime;][vc_column offset=\u00a0\u00bbvc_col-lg-7&Prime; el_class=\u00a0\u00bborder-lg-1&Prime;][vc_column_text css=\u00a0\u00bb\u00a0\u00bb]Les \u00e9conomiseurs d&rsquo;huile Packoff sont des \u00e9l\u00e9ments d&rsquo;\u00e9tanch\u00e9it\u00e9 sp\u00e9cialis\u00e9s qui assurent une \u00e9tanch\u00e9it\u00e9 sur le c\u00e2ble m\u00e9tallique lors de la r\u00e9cup\u00e9ration de la garniture de pompage du tubage ou du cuvelage d&rsquo;un puits. Cette action d&rsquo;\u00e9tanch\u00e9it\u00e9 aide \u00e0 contenir la pression du puits dans la colonne de tubage et emp\u00eache la perte de fluide. Disponibles pour les tailles de c\u00e2ble 1\/8&Prime;, 5\/16&Prime;, 7\/32&Prime; et \u00bc\u00a0\u00bb. Les styles populaires incluent C, CL, H, HR et 410.[\/vc_column_text][\/vc_column][\/vc_row]<\/div>","protected":false},"excerpt":{"rendered":"<p>[vc_row content_placement=\u00a0\u00bbmiddle\u00a0\u00bb sm=\u00a0\u00bb40&Prime; md=\u00a0\u00bb60&Prime; lg=\u00a0\u00bb100&Prime; lgb=\u00a0\u00bb60&Prime;][vc_column offset=\u00a0\u00bbvc_col-lg-7&Prime; el_class=\u00a0\u00bborder-lg-1&Prime;][vc_column_text css=\u00a0\u00bb\u00a0\u00bb]Les \u00e9conomiseurs d&rsquo;huile Packoff sont des \u00e9l\u00e9ments d&rsquo;\u00e9tanch\u00e9it\u00e9 sp\u00e9cialis\u00e9s qui assurent une \u00e9tanch\u00e9it\u00e9 sur&hellip;<\/p>\n","protected":false},"featured_media":3541,"template":"","meta":{"_acf_changed":false},"product_brand":[],"product_cat":[106],"product_tag":[],"class_list":{"0":"post-4545","1":"product","2":"type-product","3":"status-publish","4":"has-post-thumbnail","6":"product_cat-moules-sur-mesure","8":"first","9":"instock","10":"shipping-taxable","11":"product-type-simple"},"acf":[],"yoast_head":"<!-- This site is optimized with the Yoast SEO plugin v27.4 - https:\/\/yoast.com\/product\/yoast-seo-wordpress\/ -->\n<title>\u00c9conomiseurs d&#039;huile Packoff - Hi-Tech Seals<\/title>\n<meta name=\"robots\" content=\"index, follow, max-snippet:-1, max-image-preview:large, max-video-preview:-1\" \/>\n<link rel=\"canonical\" href=\"https:\/\/www.hitechseals.com\/fr\/produit\/economiseurs-dhuile-packoff\/\" \/>\n<meta property=\"og:locale\" content=\"fr_CA\" \/>\n<meta property=\"og:type\" content=\"article\" \/>\n<meta property=\"og:title\" content=\"\u00c9conomiseurs d&#039;huile Packoff - Hi-Tech Seals\" \/>\n<meta property=\"og:description\" content=\"[vc_row content_placement=\u00a0\u00bbmiddle\u00a0\u00bb sm=\u00a0\u00bb40&Prime; md=\u00a0\u00bb60&Prime; lg=\u00a0\u00bb100&Prime; lgb=\u00a0\u00bb60&Prime;][vc_column offset=\u00a0\u00bbvc_col-lg-7&Prime; el_class=\u00a0\u00bborder-lg-1&Prime;][vc_column_text css=\u00a0\u00bb\u00a0\u00bb]Les \u00e9conomiseurs d&rsquo;huile Packoff sont des \u00e9l\u00e9ments d&rsquo;\u00e9tanch\u00e9it\u00e9 sp\u00e9cialis\u00e9s qui assurent une \u00e9tanch\u00e9it\u00e9 sur&hellip;\" \/>\n<meta property=\"og:url\" content=\"https:\/\/www.hitechseals.com\/fr\/produit\/economiseurs-dhuile-packoff\/\" \/>\n<meta property=\"og:site_name\" content=\"Hi-Tech Seals\" \/>\n<meta property=\"article:modified_time\" content=\"2025-12-31T20:29:06+00:00\" \/>\n<meta property=\"og:image\" content=\"https:\/\/www.hitechseals.com\/wp-content\/uploads\/2025\/09\/Packoff_Oil_Savers.jpg\" \/>\n\t<meta property=\"og:image:width\" content=\"500\" \/>\n\t<meta property=\"og:image:height\" content=\"500\" \/>\n\t<meta property=\"og:image:type\" content=\"image\/jpeg\" \/>\n<meta name=\"twitter:card\" content=\"summary_large_image\" \/>\n<meta name=\"twitter:label1\" content=\"Estimation du temps de lecture\" \/>\n\t<meta name=\"twitter:data1\" content=\"1 minute\" \/>\n<script type=\"application\/ld+json\" class=\"yoast-schema-graph\">{\"@context\":\"https:\\\/\\\/schema.org\",\"@graph\":[{\"@type\":\"WebPage\",\"@id\":\"https:\\\/\\\/www.hitechseals.com\\\/fr\\\/produit\\\/economiseurs-dhuile-packoff\\\/\",\"url\":\"https:\\\/\\\/www.hitechseals.com\\\/fr\\\/produit\\\/economiseurs-dhuile-packoff\\\/\",\"name\":\"\u00c9conomiseurs d'huile Packoff - Hi-Tech Seals\",\"isPartOf\":{\"@id\":\"https:\\\/\\\/www.hitechseals.com\\\/fr\\\/#website\"},\"primaryImageOfPage\":{\"@id\":\"https:\\\/\\\/www.hitechseals.com\\\/fr\\\/produit\\\/economiseurs-dhuile-packoff\\\/#primaryimage\"},\"image\":{\"@id\":\"https:\\\/\\\/www.hitechseals.com\\\/fr\\\/produit\\\/economiseurs-dhuile-packoff\\\/#primaryimage\"},\"thumbnailUrl\":\"https:\\\/\\\/www.hitechseals.com\\\/wp-content\\\/uploads\\\/2025\\\/09\\\/Packoff_Oil_Savers.jpg\",\"datePublished\":\"2025-09-03T21:53:01+00:00\",\"dateModified\":\"2025-12-31T20:29:06+00:00\",\"breadcrumb\":{\"@id\":\"https:\\\/\\\/www.hitechseals.com\\\/fr\\\/produit\\\/economiseurs-dhuile-packoff\\\/#breadcrumb\"},\"inLanguage\":\"fr-CA\",\"potentialAction\":[{\"@type\":\"ReadAction\",\"target\":[\"https:\\\/\\\/www.hitechseals.com\\\/fr\\\/produit\\\/economiseurs-dhuile-packoff\\\/\"]}]},{\"@type\":\"ImageObject\",\"inLanguage\":\"fr-CA\",\"@id\":\"https:\\\/\\\/www.hitechseals.com\\\/fr\\\/produit\\\/economiseurs-dhuile-packoff\\\/#primaryimage\",\"url\":\"https:\\\/\\\/www.hitechseals.com\\\/wp-content\\\/uploads\\\/2025\\\/09\\\/Packoff_Oil_Savers.jpg\",\"contentUrl\":\"https:\\\/\\\/www.hitechseals.com\\\/wp-content\\\/uploads\\\/2025\\\/09\\\/Packoff_Oil_Savers.jpg\",\"width\":500,\"height\":500},{\"@type\":\"BreadcrumbList\",\"@id\":\"https:\\\/\\\/www.hitechseals.com\\\/fr\\\/produit\\\/economiseurs-dhuile-packoff\\\/#breadcrumb\",\"itemListElement\":[{\"@type\":\"ListItem\",\"position\":1,\"name\":\"Home\",\"item\":\"https:\\\/\\\/www.hitechseals.com\\\/fr\\\/accueil\\\/\"},{\"@type\":\"ListItem\",\"position\":2,\"name\":\"\u00c9conomiseurs d&#8217;huile Packoff\"}]},{\"@type\":\"WebSite\",\"@id\":\"https:\\\/\\\/www.hitechseals.com\\\/fr\\\/#website\",\"url\":\"https:\\\/\\\/www.hitechseals.com\\\/fr\\\/\",\"name\":\"Hi-Tech Seals\",\"description\":\"\",\"potentialAction\":[{\"@type\":\"SearchAction\",\"target\":{\"@type\":\"EntryPoint\",\"urlTemplate\":\"https:\\\/\\\/www.hitechseals.com\\\/fr\\\/?s={search_term_string}\"},\"query-input\":{\"@type\":\"PropertyValueSpecification\",\"valueRequired\":true,\"valueName\":\"search_term_string\"}}],\"inLanguage\":\"fr-CA\"}]}<\/script>\n<!-- \/ Yoast SEO plugin. -->","yoast_head_json":{"title":"\u00c9conomiseurs d'huile Packoff - Hi-Tech Seals","robots":{"index":"index","follow":"follow","max-snippet":"max-snippet:-1","max-image-preview":"max-image-preview:large","max-video-preview":"max-video-preview:-1"},"canonical":"https:\/\/www.hitechseals.com\/fr\/produit\/economiseurs-dhuile-packoff\/","og_locale":"fr_CA","og_type":"article","og_title":"\u00c9conomiseurs d'huile Packoff - Hi-Tech Seals","og_description":"[vc_row content_placement=\u00a0\u00bbmiddle\u00a0\u00bb sm=\u00a0\u00bb40&Prime; md=\u00a0\u00bb60&Prime; lg=\u00a0\u00bb100&Prime; lgb=\u00a0\u00bb60&Prime;][vc_column offset=\u00a0\u00bbvc_col-lg-7&Prime; el_class=\u00a0\u00bborder-lg-1&Prime;][vc_column_text css=\u00a0\u00bb\u00a0\u00bb]Les \u00e9conomiseurs d&rsquo;huile Packoff sont des \u00e9l\u00e9ments d&rsquo;\u00e9tanch\u00e9it\u00e9 sp\u00e9cialis\u00e9s qui assurent une \u00e9tanch\u00e9it\u00e9 sur&hellip;","og_url":"https:\/\/www.hitechseals.com\/fr\/produit\/economiseurs-dhuile-packoff\/","og_site_name":"Hi-Tech Seals","article_modified_time":"2025-12-31T20:29:06+00:00","og_image":[{"width":500,"height":500,"url":"https:\/\/www.hitechseals.com\/wp-content\/uploads\/2025\/09\/Packoff_Oil_Savers.jpg","type":"image\/jpeg"}],"twitter_card":"summary_large_image","twitter_misc":{"Estimation du temps de lecture":"1 minute"},"schema":{"@context":"https:\/\/schema.org","@graph":[{"@type":"WebPage","@id":"https:\/\/www.hitechseals.com\/fr\/produit\/economiseurs-dhuile-packoff\/","url":"https:\/\/www.hitechseals.com\/fr\/produit\/economiseurs-dhuile-packoff\/","name":"\u00c9conomiseurs d'huile Packoff - Hi-Tech Seals","isPartOf":{"@id":"https:\/\/www.hitechseals.com\/fr\/#website"},"primaryImageOfPage":{"@id":"https:\/\/www.hitechseals.com\/fr\/produit\/economiseurs-dhuile-packoff\/#primaryimage"},"image":{"@id":"https:\/\/www.hitechseals.com\/fr\/produit\/economiseurs-dhuile-packoff\/#primaryimage"},"thumbnailUrl":"https:\/\/www.hitechseals.com\/wp-content\/uploads\/2025\/09\/Packoff_Oil_Savers.jpg","datePublished":"2025-09-03T21:53:01+00:00","dateModified":"2025-12-31T20:29:06+00:00","breadcrumb":{"@id":"https:\/\/www.hitechseals.com\/fr\/produit\/economiseurs-dhuile-packoff\/#breadcrumb"},"inLanguage":"fr-CA","potentialAction":[{"@type":"ReadAction","target":["https:\/\/www.hitechseals.com\/fr\/produit\/economiseurs-dhuile-packoff\/"]}]},{"@type":"ImageObject","inLanguage":"fr-CA","@id":"https:\/\/www.hitechseals.com\/fr\/produit\/economiseurs-dhuile-packoff\/#primaryimage","url":"https:\/\/www.hitechseals.com\/wp-content\/uploads\/2025\/09\/Packoff_Oil_Savers.jpg","contentUrl":"https:\/\/www.hitechseals.com\/wp-content\/uploads\/2025\/09\/Packoff_Oil_Savers.jpg","width":500,"height":500},{"@type":"BreadcrumbList","@id":"https:\/\/www.hitechseals.com\/fr\/produit\/economiseurs-dhuile-packoff\/#breadcrumb","itemListElement":[{"@type":"ListItem","position":1,"name":"Home","item":"https:\/\/www.hitechseals.com\/fr\/accueil\/"},{"@type":"ListItem","position":2,"name":"\u00c9conomiseurs d&#8217;huile Packoff"}]},{"@type":"WebSite","@id":"https:\/\/www.hitechseals.com\/fr\/#website","url":"https:\/\/www.hitechseals.com\/fr\/","name":"Hi-Tech Seals","description":"","potentialAction":[{"@type":"SearchAction","target":{"@type":"EntryPoint","urlTemplate":"https:\/\/www.hitechseals.com\/fr\/?s={search_term_string}"},"query-input":{"@type":"PropertyValueSpecification","valueRequired":true,"valueName":"search_term_string"}}],"inLanguage":"fr-CA"}]}},"_links":{"self":[{"href":"https:\/\/www.hitechseals.com\/fr\/wp-json\/wp\/v2\/product\/4545","targetHints":{"allow":["GET"]}}],"collection":[{"href":"https:\/\/www.hitechseals.com\/fr\/wp-json\/wp\/v2\/product"}],"about":[{"href":"https:\/\/www.hitechseals.com\/fr\/wp-json\/wp\/v2\/types\/product"}],"wp:featuredmedia":[{"embeddable":true,"href":"https:\/\/www.hitechseals.com\/fr\/wp-json\/wp\/v2\/media\/3541"}],"wp:attachment":[{"href":"https:\/\/www.hitechseals.com\/fr\/wp-json\/wp\/v2\/media?parent=4545"}],"wp:term":[{"taxonomy":"product_brand","embeddable":true,"href":"https:\/\/www.hitechseals.com\/fr\/wp-json\/wp\/v2\/product_brand?post=4545"},{"taxonomy":"product_cat","embeddable":true,"href":"https:\/\/www.hitechseals.com\/fr\/wp-json\/wp\/v2\/product_cat?post=4545"},{"taxonomy":"product_tag","embeddable":true,"href":"https:\/\/www.hitechseals.com\/fr\/wp-json\/wp\/v2\/product_tag?post=4545"}],"curies":[{"name":"wp","href":"https:\/\/api.w.org\/{rel}","templated":true}]}}