{"id":4603,"date":"2025-07-17T10:56:39","date_gmt":"2025-07-17T16:56:39","guid":{"rendered":"https:\/\/www.hitechseals.com\/product\/ruban-graphoil\/"},"modified":"2025-12-31T13:23:43","modified_gmt":"2025-12-31T20:23:43","slug":"ruban-graphoil","status":"publish","type":"product","link":"https:\/\/www.hitechseals.com\/fr\/produit\/ruban-graphoil\/","title":{"rendered":"Ruban Graphoil"},"content":{"rendered":"<div class=\"wpb-content-wrapper\">[vc_row content_placement=\u00a0\u00bbmiddle\u00a0\u00bb sm=\u00a0\u00bb40&Prime; md=\u00a0\u00bb60&Prime; lg=\u00a0\u00bb100&Prime; lgb=\u00a0\u00bb60&Prime;][vc_column offset=\u00a0\u00bbvc_col-lg-7&Prime; el_class=\u00a0\u00bborder-lg-1&Prime;][vc_column_text css=\u00a0\u00bb\u00a0\u00bb]Le ruban Graphoil est fendu et ondul\u00e9 (pliss\u00e9) \u00e0 partir de mat\u00e9riau graphite de qualit\u00e9 industrielle GR99. La plupart des graphites flexibles ont une teneur en carbone de 95 % \u00e0 98 %. Nous fournissons une teneur de haute puret\u00e9 de 99 % de carbone. Cela permet une meilleure r\u00e9sistance chimique, conductivit\u00e9 thermique et \u00e9tanch\u00e9it\u00e9.   \r\n\r\nLe ruban Graphoil peut \u00eatre utilis\u00e9 comme garniture de tige de vanne, joint ou \u00e9tanch\u00e9it\u00e9. Il peut \u00e9galement \u00eatre utilis\u00e9 pour fabriquer des anneaux form\u00e9s par matri\u00e7age. Les rubans standard sont fournis sans traitements sp\u00e9ciaux.\r\nNous proposons du ruban pliss\u00e9 en graphite dans des \u00e9paisseurs standard de 0,015&Prime; sur des longueurs de 50&prime;. Les largeurs disponibles sont 1\/2&Prime; et 3\/4&Prime;.  \r\n\r\nConsultez notre documentation sur le ruban Graphoil pour plus d&rsquo;informations.[\/vc_column_text][\/vc_column][\/vc_row][vc_row][vc_column][web3_vc_db_profiles sm=\u00a0\u00bb\u00a0\u00bb md=\u00a0\u00bb\u00a0\u00bb lg=\u00a0\u00bb\u00a0\u00bb][\/web3_vc_db_profiles][\/vc_column][\/vc_row][vc_row disable_element=\u00a0\u00bbyes\u00a0\u00bb sm=\u00a0\u00bb40&Prime; md=\u00a0\u00bb60&Prime; lg=\u00a0\u00bb60&Prime; lgb=\u00a0\u00bb100&Prime;][vc_column][vc_tta_tour shape=\u00a0\u00bbsquare\u00a0\u00bb spacing=\u00a0\u00bb\u00a0\u00bb active_section=\u00a0\u00bb1&Prime; no_fill_content_area=\u00a0\u00bbtrue\u00a0\u00bb title=\u00a0\u00bbInformations techniques\u00a0\u00bb][vc_tta_section title=\u00a0\u00bbPlage de temp\u00e9rature des mat\u00e9riaux\u00a0\u00bb tab_id=\u00a0\u00bbMaterials-Temperature-Range\u00a0\u00bb][vc_single_image image=\u00a0\u00bb4101&Prime; img_size=\u00a0\u00bbfull\u00a0\u00bb alignment=\u00a0\u00bbcenter\u00a0\u00bb css=\u00a0\u00bb\u00a0\u00bb el_class=\u00a0\u00bbpy-40 px-15&Prime;][\/vc_tta_section][vc_tta_section title=\u00a0\u00bbSection transversale du joint torique\u00a0\u00bb tab_id=\u00a0\u00bbO-Ring-Cross-Section\u00a0\u00bb][\/vc_tta_section][vc_tta_section title=\u00a0\u00bbTypes de gorges pour joints toriques\u00a0\u00bb tab_id=\u00a0\u00bbO-Ring-Gland-Types\u00a0\u00bb][\/vc_tta_section][vc_tta_section title=\u00a0\u00bb\u00c9tirement D.I.\/Interf\u00e9rence D.E.\u00a0\u00bb tab_id=\u00a0\u00bbI-D-Stretch-O-D-Interference\u00a0\u00bb][\/vc_tta_section][vc_tta_section title=\u00a0\u00bbR\u00e9duction de la section transversale\u00a0\u00bb tab_id=\u00a0\u00bbReduction-in-Cross-Section\u00a0\u00bb][\/vc_tta_section][vc_tta_section title=\u00a0\u00bbCompression\u00a0\u00bb tab_id=\u00a0\u00bbCompression\u00a0\u00bb][\/vc_tta_section][vc_tta_section title=\u00a0\u00bbRemplissage de gorge\u00a0\u00bb tab_id=\u00a0\u00bbGland-Fill\u00a0\u00bb][\/vc_tta_section][vc_tta_section title=\u00a0\u00bbJeu d&apos;extrusion\u00a0\u00bb tab_id=\u00a0\u00bbExtrusion-Gap\u00a0\u00bb][\/vc_tta_section][vc_tta_section title=\u00a0\u00bbLimites d&apos;extrusion\u00a0\u00bb tab_id=\u00a0\u00bbLimits-for-Extrusion\u00a0\u00bb][\/vc_tta_section][\/vc_tta_tour][\/vc_column][\/vc_row][vc_row][vc_column][web3_vc_content sm=\u00a0\u00bb40&Prime; md=\u00a0\u00bb60&Prime; lg=\u00a0\u00bb100&Prime;][\/web3_vc_content][\/vc_column][\/vc_row]<\/div>","protected":false},"excerpt":{"rendered":"<p>[vc_row content_placement=\u00a0\u00bbmiddle\u00a0\u00bb sm=\u00a0\u00bb40&Prime; md=\u00a0\u00bb60&Prime; lg=\u00a0\u00bb100&Prime; lgb=\u00a0\u00bb60&Prime;][vc_column offset=\u00a0\u00bbvc_col-lg-7&Prime; el_class=\u00a0\u00bborder-lg-1&Prime;][vc_column_text css=\u00a0\u00bb\u00a0\u00bb]Le ruban Graphoil est fendu et ondul\u00e9 (pliss\u00e9) \u00e0 partir de mat\u00e9riau graphite de&hellip;<\/p>\n","protected":false},"featured_media":2919,"template":"","meta":{"_acf_changed":false},"product_brand":[],"product_cat":[109],"product_tag":[],"class_list":{"0":"post-4603","1":"product","2":"type-product","3":"status-publish","4":"has-post-thumbnail","6":"product_cat-garnitures","8":"first","9":"instock","10":"shipping-taxable","11":"product-type-simple"},"acf":[],"yoast_head":"<!-- This site is optimized with the Yoast SEO plugin v27.4 - https:\/\/yoast.com\/product\/yoast-seo-wordpress\/ -->\n<title>Ruban Graphoil - Hi-Tech Seals<\/title>\n<meta name=\"robots\" content=\"index, follow, max-snippet:-1, max-image-preview:large, max-video-preview:-1\" \/>\n<link rel=\"canonical\" href=\"https:\/\/www.hitechseals.com\/fr\/produit\/ruban-graphoil\/\" \/>\n<meta property=\"og:locale\" content=\"fr_CA\" \/>\n<meta property=\"og:type\" content=\"article\" \/>\n<meta property=\"og:title\" content=\"Ruban Graphoil - Hi-Tech Seals\" \/>\n<meta property=\"og:description\" content=\"[vc_row content_placement=\u00a0\u00bbmiddle\u00a0\u00bb sm=\u00a0\u00bb40&Prime; md=\u00a0\u00bb60&Prime; lg=\u00a0\u00bb100&Prime; lgb=\u00a0\u00bb60&Prime;][vc_column offset=\u00a0\u00bbvc_col-lg-7&Prime; el_class=\u00a0\u00bborder-lg-1&Prime;][vc_column_text css=\u00a0\u00bb\u00a0\u00bb]Le ruban Graphoil est fendu et ondul\u00e9 (pliss\u00e9) \u00e0 partir de mat\u00e9riau graphite de&hellip;\" \/>\n<meta property=\"og:url\" content=\"https:\/\/www.hitechseals.com\/fr\/produit\/ruban-graphoil\/\" \/>\n<meta property=\"og:site_name\" content=\"Hi-Tech Seals\" \/>\n<meta property=\"article:modified_time\" content=\"2025-12-31T20:23:43+00:00\" \/>\n<meta property=\"og:image\" content=\"https:\/\/www.hitechseals.com\/wp-content\/uploads\/2025\/07\/Graphoil_Ribbon.jpg\" \/>\n\t<meta property=\"og:image:width\" content=\"500\" \/>\n\t<meta property=\"og:image:height\" content=\"250\" \/>\n\t<meta property=\"og:image:type\" content=\"image\/jpeg\" \/>\n<meta name=\"twitter:card\" content=\"summary_large_image\" \/>\n<meta name=\"twitter:label1\" content=\"Estimation du temps de lecture\" \/>\n\t<meta name=\"twitter:data1\" content=\"2 minutes\" \/>\n<script type=\"application\/ld+json\" class=\"yoast-schema-graph\">{\"@context\":\"https:\\\/\\\/schema.org\",\"@graph\":[{\"@type\":\"WebPage\",\"@id\":\"https:\\\/\\\/www.hitechseals.com\\\/fr\\\/produit\\\/ruban-graphoil\\\/\",\"url\":\"https:\\\/\\\/www.hitechseals.com\\\/fr\\\/produit\\\/ruban-graphoil\\\/\",\"name\":\"Ruban Graphoil - Hi-Tech Seals\",\"isPartOf\":{\"@id\":\"https:\\\/\\\/www.hitechseals.com\\\/fr\\\/#website\"},\"primaryImageOfPage\":{\"@id\":\"https:\\\/\\\/www.hitechseals.com\\\/fr\\\/produit\\\/ruban-graphoil\\\/#primaryimage\"},\"image\":{\"@id\":\"https:\\\/\\\/www.hitechseals.com\\\/fr\\\/produit\\\/ruban-graphoil\\\/#primaryimage\"},\"thumbnailUrl\":\"https:\\\/\\\/www.hitechseals.com\\\/wp-content\\\/uploads\\\/2025\\\/07\\\/Graphoil_Ribbon.jpg\",\"datePublished\":\"2025-07-17T16:56:39+00:00\",\"dateModified\":\"2025-12-31T20:23:43+00:00\",\"breadcrumb\":{\"@id\":\"https:\\\/\\\/www.hitechseals.com\\\/fr\\\/produit\\\/ruban-graphoil\\\/#breadcrumb\"},\"inLanguage\":\"fr-CA\",\"potentialAction\":[{\"@type\":\"ReadAction\",\"target\":[\"https:\\\/\\\/www.hitechseals.com\\\/fr\\\/produit\\\/ruban-graphoil\\\/\"]}]},{\"@type\":\"ImageObject\",\"inLanguage\":\"fr-CA\",\"@id\":\"https:\\\/\\\/www.hitechseals.com\\\/fr\\\/produit\\\/ruban-graphoil\\\/#primaryimage\",\"url\":\"https:\\\/\\\/www.hitechseals.com\\\/wp-content\\\/uploads\\\/2025\\\/07\\\/Graphoil_Ribbon.jpg\",\"contentUrl\":\"https:\\\/\\\/www.hitechseals.com\\\/wp-content\\\/uploads\\\/2025\\\/07\\\/Graphoil_Ribbon.jpg\",\"width\":500,\"height\":250},{\"@type\":\"BreadcrumbList\",\"@id\":\"https:\\\/\\\/www.hitechseals.com\\\/fr\\\/produit\\\/ruban-graphoil\\\/#breadcrumb\",\"itemListElement\":[{\"@type\":\"ListItem\",\"position\":1,\"name\":\"Home\",\"item\":\"https:\\\/\\\/www.hitechseals.com\\\/fr\\\/accueil\\\/\"},{\"@type\":\"ListItem\",\"position\":2,\"name\":\"Ruban Graphoil\"}]},{\"@type\":\"WebSite\",\"@id\":\"https:\\\/\\\/www.hitechseals.com\\\/fr\\\/#website\",\"url\":\"https:\\\/\\\/www.hitechseals.com\\\/fr\\\/\",\"name\":\"Hi-Tech Seals\",\"description\":\"\",\"potentialAction\":[{\"@type\":\"SearchAction\",\"target\":{\"@type\":\"EntryPoint\",\"urlTemplate\":\"https:\\\/\\\/www.hitechseals.com\\\/fr\\\/?s={search_term_string}\"},\"query-input\":{\"@type\":\"PropertyValueSpecification\",\"valueRequired\":true,\"valueName\":\"search_term_string\"}}],\"inLanguage\":\"fr-CA\"}]}<\/script>\n<!-- \/ Yoast SEO plugin. -->","yoast_head_json":{"title":"Ruban Graphoil - Hi-Tech Seals","robots":{"index":"index","follow":"follow","max-snippet":"max-snippet:-1","max-image-preview":"max-image-preview:large","max-video-preview":"max-video-preview:-1"},"canonical":"https:\/\/www.hitechseals.com\/fr\/produit\/ruban-graphoil\/","og_locale":"fr_CA","og_type":"article","og_title":"Ruban Graphoil - Hi-Tech Seals","og_description":"[vc_row content_placement=\u00a0\u00bbmiddle\u00a0\u00bb sm=\u00a0\u00bb40&Prime; md=\u00a0\u00bb60&Prime; lg=\u00a0\u00bb100&Prime; lgb=\u00a0\u00bb60&Prime;][vc_column offset=\u00a0\u00bbvc_col-lg-7&Prime; el_class=\u00a0\u00bborder-lg-1&Prime;][vc_column_text css=\u00a0\u00bb\u00a0\u00bb]Le ruban Graphoil est fendu et ondul\u00e9 (pliss\u00e9) \u00e0 partir de mat\u00e9riau graphite de&hellip;","og_url":"https:\/\/www.hitechseals.com\/fr\/produit\/ruban-graphoil\/","og_site_name":"Hi-Tech Seals","article_modified_time":"2025-12-31T20:23:43+00:00","og_image":[{"width":500,"height":250,"url":"https:\/\/www.hitechseals.com\/wp-content\/uploads\/2025\/07\/Graphoil_Ribbon.jpg","type":"image\/jpeg"}],"twitter_card":"summary_large_image","twitter_misc":{"Estimation du temps de lecture":"2 minutes"},"schema":{"@context":"https:\/\/schema.org","@graph":[{"@type":"WebPage","@id":"https:\/\/www.hitechseals.com\/fr\/produit\/ruban-graphoil\/","url":"https:\/\/www.hitechseals.com\/fr\/produit\/ruban-graphoil\/","name":"Ruban Graphoil - Hi-Tech Seals","isPartOf":{"@id":"https:\/\/www.hitechseals.com\/fr\/#website"},"primaryImageOfPage":{"@id":"https:\/\/www.hitechseals.com\/fr\/produit\/ruban-graphoil\/#primaryimage"},"image":{"@id":"https:\/\/www.hitechseals.com\/fr\/produit\/ruban-graphoil\/#primaryimage"},"thumbnailUrl":"https:\/\/www.hitechseals.com\/wp-content\/uploads\/2025\/07\/Graphoil_Ribbon.jpg","datePublished":"2025-07-17T16:56:39+00:00","dateModified":"2025-12-31T20:23:43+00:00","breadcrumb":{"@id":"https:\/\/www.hitechseals.com\/fr\/produit\/ruban-graphoil\/#breadcrumb"},"inLanguage":"fr-CA","potentialAction":[{"@type":"ReadAction","target":["https:\/\/www.hitechseals.com\/fr\/produit\/ruban-graphoil\/"]}]},{"@type":"ImageObject","inLanguage":"fr-CA","@id":"https:\/\/www.hitechseals.com\/fr\/produit\/ruban-graphoil\/#primaryimage","url":"https:\/\/www.hitechseals.com\/wp-content\/uploads\/2025\/07\/Graphoil_Ribbon.jpg","contentUrl":"https:\/\/www.hitechseals.com\/wp-content\/uploads\/2025\/07\/Graphoil_Ribbon.jpg","width":500,"height":250},{"@type":"BreadcrumbList","@id":"https:\/\/www.hitechseals.com\/fr\/produit\/ruban-graphoil\/#breadcrumb","itemListElement":[{"@type":"ListItem","position":1,"name":"Home","item":"https:\/\/www.hitechseals.com\/fr\/accueil\/"},{"@type":"ListItem","position":2,"name":"Ruban Graphoil"}]},{"@type":"WebSite","@id":"https:\/\/www.hitechseals.com\/fr\/#website","url":"https:\/\/www.hitechseals.com\/fr\/","name":"Hi-Tech Seals","description":"","potentialAction":[{"@type":"SearchAction","target":{"@type":"EntryPoint","urlTemplate":"https:\/\/www.hitechseals.com\/fr\/?s={search_term_string}"},"query-input":{"@type":"PropertyValueSpecification","valueRequired":true,"valueName":"search_term_string"}}],"inLanguage":"fr-CA"}]}},"_links":{"self":[{"href":"https:\/\/www.hitechseals.com\/fr\/wp-json\/wp\/v2\/product\/4603","targetHints":{"allow":["GET"]}}],"collection":[{"href":"https:\/\/www.hitechseals.com\/fr\/wp-json\/wp\/v2\/product"}],"about":[{"href":"https:\/\/www.hitechseals.com\/fr\/wp-json\/wp\/v2\/types\/product"}],"wp:featuredmedia":[{"embeddable":true,"href":"https:\/\/www.hitechseals.com\/fr\/wp-json\/wp\/v2\/media\/2919"}],"wp:attachment":[{"href":"https:\/\/www.hitechseals.com\/fr\/wp-json\/wp\/v2\/media?parent=4603"}],"wp:term":[{"taxonomy":"product_brand","embeddable":true,"href":"https:\/\/www.hitechseals.com\/fr\/wp-json\/wp\/v2\/product_brand?post=4603"},{"taxonomy":"product_cat","embeddable":true,"href":"https:\/\/www.hitechseals.com\/fr\/wp-json\/wp\/v2\/product_cat?post=4603"},{"taxonomy":"product_tag","embeddable":true,"href":"https:\/\/www.hitechseals.com\/fr\/wp-json\/wp\/v2\/product_tag?post=4603"}],"curies":[{"name":"wp","href":"https:\/\/api.w.org\/{rel}","templated":true}]}}