{"id":4606,"date":"2025-07-17T13:44:56","date_gmt":"2025-07-17T19:44:56","guid":{"rendered":"https:\/\/www.hitechseals.com\/product\/anneaux-en-graphoil\/"},"modified":"2025-12-31T13:27:24","modified_gmt":"2025-12-31T20:27:24","slug":"anneaux-en-graphoil","status":"publish","type":"product","link":"https:\/\/www.hitechseals.com\/fr\/produit\/anneaux-en-graphoil\/","title":{"rendered":"Anneaux en graphoil"},"content":{"rendered":"<div class=\"wpb-content-wrapper\">[vc_row content_placement=\u00a0\u00bbmiddle\u00a0\u00bb sm=\u00a0\u00bb40&Prime; md=\u00a0\u00bb60&Prime; lg=\u00a0\u00bb100&Prime; lgb=\u00a0\u00bb60&Prime;][vc_column offset=\u00a0\u00bbvc_col-lg-6&Prime; el_class=\u00a0\u00bborder-lg-1&Prime;][vc_column_text css=\u00a0\u00bb\u00a0\u00bb]Chaque anneau en graphoil est moul\u00e9 avec des matrices de pr\u00e9cision con\u00e7ues pour un dimensionnement critique. Le mat\u00e9riau compressible de l&rsquo;anneau est comprim\u00e9 cr\u00e9ant une \u00e9tanch\u00e9it\u00e9 sur le diam\u00e8tre int\u00e9rieur et ext\u00e9rieur de l&rsquo;anneau. Les anneaux en graphoil offrent une r\u00e9sistance \u00e9lev\u00e9e aux produits chimiques et \u00e0 la chaleur.[\/vc_column_text][\/vc_column][\/vc_row][vc_row][vc_column][web3_vc_db_profiles sm=\u00a0\u00bb\u00a0\u00bb md=\u00a0\u00bb\u00a0\u00bb lg=\u00a0\u00bb\u00a0\u00bb][\/web3_vc_db_profiles][\/vc_column][\/vc_row][vc_row disable_element=\u00a0\u00bbyes\u00a0\u00bb sm=\u00a0\u00bb40&Prime; md=\u00a0\u00bb60&Prime; lg=\u00a0\u00bb60&Prime; lgb=\u00a0\u00bb100&Prime;][vc_column][vc_tta_tour shape=\u00a0\u00bbsquare\u00a0\u00bb spacing=\u00a0\u00bb\u00a0\u00bb active_section=\u00a0\u00bb1&Prime; no_fill_content_area=\u00a0\u00bbtrue\u00a0\u00bb title=\u00a0\u00bbInformations techniques\u00a0\u00bb][vc_tta_section title=\u00a0\u00bbPlage de temp\u00e9rature des mat\u00e9riaux\u00a0\u00bb tab_id=\u00a0\u00bbMaterials-Temperature-Range\u00a0\u00bb][vc_single_image image=\u00a0\u00bb4101&Prime; img_size=\u00a0\u00bbfull\u00a0\u00bb alignment=\u00a0\u00bbcenter\u00a0\u00bb css=\u00a0\u00bb\u00a0\u00bb el_class=\u00a0\u00bbpy-40 px-15&Prime;][\/vc_tta_section][vc_tta_section title=\u00a0\u00bbSection transversale du joint torique\u00a0\u00bb tab_id=\u00a0\u00bbO-Ring-Cross-Section\u00a0\u00bb][\/vc_tta_section][vc_tta_section title=\u00a0\u00bbTypes de gorges pour joints toriques\u00a0\u00bb tab_id=\u00a0\u00bbO-Ring-Gland-Types\u00a0\u00bb][\/vc_tta_section][vc_tta_section title=\u00a0\u00bb\u00c9tirement D.I.\/Interf\u00e9rence D.E.\u00a0\u00bb tab_id=\u00a0\u00bbI-D-Stretch-O-D-Interference\u00a0\u00bb][\/vc_tta_section][vc_tta_section title=\u00a0\u00bbR\u00e9duction de la section transversale\u00a0\u00bb tab_id=\u00a0\u00bbReduction-in-Cross-Section\u00a0\u00bb][\/vc_tta_section][vc_tta_section title=\u00a0\u00bbCompression\u00a0\u00bb tab_id=\u00a0\u00bbCompression\u00a0\u00bb][\/vc_tta_section][vc_tta_section title=\u00a0\u00bbRemplissage de gorge\u00a0\u00bb tab_id=\u00a0\u00bbGland-Fill\u00a0\u00bb][\/vc_tta_section][vc_tta_section title=\u00a0\u00bbJeu d&apos;extrusion\u00a0\u00bb tab_id=\u00a0\u00bbExtrusion-Gap\u00a0\u00bb][\/vc_tta_section][vc_tta_section title=\u00a0\u00bbLimites d&apos;extrusion\u00a0\u00bb tab_id=\u00a0\u00bbLimits-for-Extrusion\u00a0\u00bb][\/vc_tta_section][\/vc_tta_tour][\/vc_column][\/vc_row][vc_row][vc_column][web3_vc_content sm=\u00a0\u00bb40&Prime; md=\u00a0\u00bb60&Prime; lg=\u00a0\u00bb100&Prime;][\/web3_vc_content][\/vc_column][\/vc_row]<\/div>","protected":false},"excerpt":{"rendered":"<p>[vc_row content_placement=\u00a0\u00bbmiddle\u00a0\u00bb sm=\u00a0\u00bb40&Prime; md=\u00a0\u00bb60&Prime; lg=\u00a0\u00bb100&Prime; lgb=\u00a0\u00bb60&Prime;][vc_column offset=\u00a0\u00bbvc_col-lg-6&Prime; el_class=\u00a0\u00bborder-lg-1&Prime;][vc_column_text css=\u00a0\u00bb\u00a0\u00bb]Chaque anneau en graphoil est moul\u00e9 avec des matrices de pr\u00e9cision con\u00e7ues pour un&hellip;<\/p>\n","protected":false},"featured_media":4608,"template":"","meta":{"_acf_changed":false},"product_brand":[],"product_cat":[109,157],"product_tag":[],"class_list":{"0":"post-4606","1":"product","2":"type-product","3":"status-publish","4":"has-post-thumbnail","6":"product_cat-garnitures","7":"product_cat-non-classe","9":"first","10":"instock","11":"shipping-taxable","12":"product-type-simple"},"acf":[],"yoast_head":"<!-- This site is optimized with the Yoast SEO plugin v27.4 - https:\/\/yoast.com\/product\/yoast-seo-wordpress\/ -->\n<title>Anneaux en graphoil - Hi-Tech Seals<\/title>\n<meta name=\"robots\" content=\"index, follow, max-snippet:-1, max-image-preview:large, max-video-preview:-1\" \/>\n<link rel=\"canonical\" href=\"https:\/\/www.hitechseals.com\/fr\/produit\/anneaux-en-graphoil\/\" \/>\n<meta property=\"og:locale\" content=\"fr_CA\" \/>\n<meta property=\"og:type\" content=\"article\" \/>\n<meta property=\"og:title\" content=\"Anneaux en graphoil - Hi-Tech Seals\" \/>\n<meta property=\"og:description\" content=\"[vc_row content_placement=\u00a0\u00bbmiddle\u00a0\u00bb sm=\u00a0\u00bb40&Prime; md=\u00a0\u00bb60&Prime; lg=\u00a0\u00bb100&Prime; lgb=\u00a0\u00bb60&Prime;][vc_column offset=\u00a0\u00bbvc_col-lg-6&Prime; el_class=\u00a0\u00bborder-lg-1&Prime;][vc_column_text css=\u00a0\u00bb\u00a0\u00bb]Chaque anneau en graphoil est moul\u00e9 avec des matrices de pr\u00e9cision con\u00e7ues pour un&hellip;\" \/>\n<meta property=\"og:url\" content=\"https:\/\/www.hitechseals.com\/fr\/produit\/anneaux-en-graphoil\/\" \/>\n<meta property=\"og:site_name\" content=\"Hi-Tech Seals\" \/>\n<meta property=\"article:modified_time\" content=\"2025-12-31T20:27:24+00:00\" \/>\n<meta property=\"og:image\" content=\"https:\/\/www.hitechseals.com\/wp-content\/uploads\/2025\/07\/Graphoil-Rings-e1754943413325.jpg\" \/>\n\t<meta property=\"og:image:width\" content=\"328\" \/>\n\t<meta property=\"og:image:height\" content=\"250\" \/>\n\t<meta property=\"og:image:type\" content=\"image\/jpeg\" \/>\n<meta name=\"twitter:card\" content=\"summary_large_image\" \/>\n<meta name=\"twitter:label1\" content=\"Estimation du temps de lecture\" \/>\n\t<meta name=\"twitter:data1\" content=\"2 minutes\" \/>\n<script type=\"application\/ld+json\" class=\"yoast-schema-graph\">{\"@context\":\"https:\\\/\\\/schema.org\",\"@graph\":[{\"@type\":\"WebPage\",\"@id\":\"https:\\\/\\\/www.hitechseals.com\\\/fr\\\/produit\\\/anneaux-en-graphoil\\\/\",\"url\":\"https:\\\/\\\/www.hitechseals.com\\\/fr\\\/produit\\\/anneaux-en-graphoil\\\/\",\"name\":\"Anneaux en graphoil - Hi-Tech Seals\",\"isPartOf\":{\"@id\":\"https:\\\/\\\/www.hitechseals.com\\\/fr\\\/#website\"},\"primaryImageOfPage\":{\"@id\":\"https:\\\/\\\/www.hitechseals.com\\\/fr\\\/produit\\\/anneaux-en-graphoil\\\/#primaryimage\"},\"image\":{\"@id\":\"https:\\\/\\\/www.hitechseals.com\\\/fr\\\/produit\\\/anneaux-en-graphoil\\\/#primaryimage\"},\"thumbnailUrl\":\"https:\\\/\\\/www.hitechseals.com\\\/wp-content\\\/uploads\\\/2025\\\/07\\\/Graphoil-Rings-e1754943413325.jpg\",\"datePublished\":\"2025-07-17T19:44:56+00:00\",\"dateModified\":\"2025-12-31T20:27:24+00:00\",\"breadcrumb\":{\"@id\":\"https:\\\/\\\/www.hitechseals.com\\\/fr\\\/produit\\\/anneaux-en-graphoil\\\/#breadcrumb\"},\"inLanguage\":\"fr-CA\",\"potentialAction\":[{\"@type\":\"ReadAction\",\"target\":[\"https:\\\/\\\/www.hitechseals.com\\\/fr\\\/produit\\\/anneaux-en-graphoil\\\/\"]}]},{\"@type\":\"ImageObject\",\"inLanguage\":\"fr-CA\",\"@id\":\"https:\\\/\\\/www.hitechseals.com\\\/fr\\\/produit\\\/anneaux-en-graphoil\\\/#primaryimage\",\"url\":\"https:\\\/\\\/www.hitechseals.com\\\/wp-content\\\/uploads\\\/2025\\\/07\\\/Graphoil-Rings-e1754943413325.jpg\",\"contentUrl\":\"https:\\\/\\\/www.hitechseals.com\\\/wp-content\\\/uploads\\\/2025\\\/07\\\/Graphoil-Rings-e1754943413325.jpg\",\"width\":328,\"height\":250},{\"@type\":\"BreadcrumbList\",\"@id\":\"https:\\\/\\\/www.hitechseals.com\\\/fr\\\/produit\\\/anneaux-en-graphoil\\\/#breadcrumb\",\"itemListElement\":[{\"@type\":\"ListItem\",\"position\":1,\"name\":\"Home\",\"item\":\"https:\\\/\\\/www.hitechseals.com\\\/fr\\\/accueil\\\/\"},{\"@type\":\"ListItem\",\"position\":2,\"name\":\"Anneaux en graphoil\"}]},{\"@type\":\"WebSite\",\"@id\":\"https:\\\/\\\/www.hitechseals.com\\\/fr\\\/#website\",\"url\":\"https:\\\/\\\/www.hitechseals.com\\\/fr\\\/\",\"name\":\"Hi-Tech Seals\",\"description\":\"\",\"potentialAction\":[{\"@type\":\"SearchAction\",\"target\":{\"@type\":\"EntryPoint\",\"urlTemplate\":\"https:\\\/\\\/www.hitechseals.com\\\/fr\\\/?s={search_term_string}\"},\"query-input\":{\"@type\":\"PropertyValueSpecification\",\"valueRequired\":true,\"valueName\":\"search_term_string\"}}],\"inLanguage\":\"fr-CA\"}]}<\/script>\n<!-- \/ Yoast SEO plugin. -->","yoast_head_json":{"title":"Anneaux en graphoil - Hi-Tech Seals","robots":{"index":"index","follow":"follow","max-snippet":"max-snippet:-1","max-image-preview":"max-image-preview:large","max-video-preview":"max-video-preview:-1"},"canonical":"https:\/\/www.hitechseals.com\/fr\/produit\/anneaux-en-graphoil\/","og_locale":"fr_CA","og_type":"article","og_title":"Anneaux en graphoil - Hi-Tech Seals","og_description":"[vc_row content_placement=\u00a0\u00bbmiddle\u00a0\u00bb sm=\u00a0\u00bb40&Prime; md=\u00a0\u00bb60&Prime; lg=\u00a0\u00bb100&Prime; lgb=\u00a0\u00bb60&Prime;][vc_column offset=\u00a0\u00bbvc_col-lg-6&Prime; el_class=\u00a0\u00bborder-lg-1&Prime;][vc_column_text css=\u00a0\u00bb\u00a0\u00bb]Chaque anneau en graphoil est moul\u00e9 avec des matrices de pr\u00e9cision con\u00e7ues pour un&hellip;","og_url":"https:\/\/www.hitechseals.com\/fr\/produit\/anneaux-en-graphoil\/","og_site_name":"Hi-Tech Seals","article_modified_time":"2025-12-31T20:27:24+00:00","og_image":[{"width":328,"height":250,"url":"https:\/\/www.hitechseals.com\/wp-content\/uploads\/2025\/07\/Graphoil-Rings-e1754943413325.jpg","type":"image\/jpeg"}],"twitter_card":"summary_large_image","twitter_misc":{"Estimation du temps de lecture":"2 minutes"},"schema":{"@context":"https:\/\/schema.org","@graph":[{"@type":"WebPage","@id":"https:\/\/www.hitechseals.com\/fr\/produit\/anneaux-en-graphoil\/","url":"https:\/\/www.hitechseals.com\/fr\/produit\/anneaux-en-graphoil\/","name":"Anneaux en graphoil - Hi-Tech Seals","isPartOf":{"@id":"https:\/\/www.hitechseals.com\/fr\/#website"},"primaryImageOfPage":{"@id":"https:\/\/www.hitechseals.com\/fr\/produit\/anneaux-en-graphoil\/#primaryimage"},"image":{"@id":"https:\/\/www.hitechseals.com\/fr\/produit\/anneaux-en-graphoil\/#primaryimage"},"thumbnailUrl":"https:\/\/www.hitechseals.com\/wp-content\/uploads\/2025\/07\/Graphoil-Rings-e1754943413325.jpg","datePublished":"2025-07-17T19:44:56+00:00","dateModified":"2025-12-31T20:27:24+00:00","breadcrumb":{"@id":"https:\/\/www.hitechseals.com\/fr\/produit\/anneaux-en-graphoil\/#breadcrumb"},"inLanguage":"fr-CA","potentialAction":[{"@type":"ReadAction","target":["https:\/\/www.hitechseals.com\/fr\/produit\/anneaux-en-graphoil\/"]}]},{"@type":"ImageObject","inLanguage":"fr-CA","@id":"https:\/\/www.hitechseals.com\/fr\/produit\/anneaux-en-graphoil\/#primaryimage","url":"https:\/\/www.hitechseals.com\/wp-content\/uploads\/2025\/07\/Graphoil-Rings-e1754943413325.jpg","contentUrl":"https:\/\/www.hitechseals.com\/wp-content\/uploads\/2025\/07\/Graphoil-Rings-e1754943413325.jpg","width":328,"height":250},{"@type":"BreadcrumbList","@id":"https:\/\/www.hitechseals.com\/fr\/produit\/anneaux-en-graphoil\/#breadcrumb","itemListElement":[{"@type":"ListItem","position":1,"name":"Home","item":"https:\/\/www.hitechseals.com\/fr\/accueil\/"},{"@type":"ListItem","position":2,"name":"Anneaux en graphoil"}]},{"@type":"WebSite","@id":"https:\/\/www.hitechseals.com\/fr\/#website","url":"https:\/\/www.hitechseals.com\/fr\/","name":"Hi-Tech Seals","description":"","potentialAction":[{"@type":"SearchAction","target":{"@type":"EntryPoint","urlTemplate":"https:\/\/www.hitechseals.com\/fr\/?s={search_term_string}"},"query-input":{"@type":"PropertyValueSpecification","valueRequired":true,"valueName":"search_term_string"}}],"inLanguage":"fr-CA"}]}},"_links":{"self":[{"href":"https:\/\/www.hitechseals.com\/fr\/wp-json\/wp\/v2\/product\/4606","targetHints":{"allow":["GET"]}}],"collection":[{"href":"https:\/\/www.hitechseals.com\/fr\/wp-json\/wp\/v2\/product"}],"about":[{"href":"https:\/\/www.hitechseals.com\/fr\/wp-json\/wp\/v2\/types\/product"}],"wp:featuredmedia":[{"embeddable":true,"href":"https:\/\/www.hitechseals.com\/fr\/wp-json\/wp\/v2\/media\/4608"}],"wp:attachment":[{"href":"https:\/\/www.hitechseals.com\/fr\/wp-json\/wp\/v2\/media?parent=4606"}],"wp:term":[{"taxonomy":"product_brand","embeddable":true,"href":"https:\/\/www.hitechseals.com\/fr\/wp-json\/wp\/v2\/product_brand?post=4606"},{"taxonomy":"product_cat","embeddable":true,"href":"https:\/\/www.hitechseals.com\/fr\/wp-json\/wp\/v2\/product_cat?post=4606"},{"taxonomy":"product_tag","embeddable":true,"href":"https:\/\/www.hitechseals.com\/fr\/wp-json\/wp\/v2\/product_tag?post=4606"}],"curies":[{"name":"wp","href":"https:\/\/api.w.org\/{rel}","templated":true}]}}