{"id":4610,"date":"2025-07-17T13:47:50","date_gmt":"2025-07-17T19:47:50","guid":{"rendered":"https:\/\/www.hitechseals.com\/product\/joints-detancheite-pour-huile\/"},"modified":"2026-04-22T07:28:19","modified_gmt":"2026-04-22T13:28:19","slug":"joints-detancheite-pour-huile","status":"publish","type":"product","link":"https:\/\/www.hitechseals.com\/fr\/produit\/joints-detancheite-pour-huile\/","title":{"rendered":"Joints d&rsquo;huile"},"content":{"rendered":"<div class=\"wpb-content-wrapper\">[vc_row content_placement=\u00a0\u00bbmiddle\u00a0\u00bb sm=\u00a0\u00bb40&Prime; md=\u00a0\u00bb60&Prime; lg=\u00a0\u00bb100&Prime; lgb=\u00a0\u00bb60&Prime;][vc_column offset=\u00a0\u00bbvc_col-lg-7&Prime; el_class=\u00a0\u00bborder-lg-1&Prime;][vc_column_text css=\u00a0\u00bb\u00a0\u00bb]Les joints d&rsquo;\u00e9tanch\u00e9it\u00e9, \u00e9galement appel\u00e9s joints \u00e0 l\u00e8vre, joints d&rsquo;arbre ou joints \u00e0 graisse, retiennent le lubrifiant et excluent les contaminants dans les applications d&rsquo;arbres rotatifs. Ils sont disponibles avec une l\u00e8vre d&rsquo;\u00e9tanch\u00e9it\u00e9 simple ou double. \r\n\r\nLa l\u00e8vre principale retient l&rsquo;huile ou la graisse autour d&rsquo;un arbre rotatif pour \u00e9viter la perte de lubrifiant, car les arbres rotatifs sont souvent lubrifi\u00e9s pour r\u00e9duire le frottement. Dans les conceptions \u00e0 double l\u00e8vre, la l\u00e8vre secondaire agit comme un d\u00e9flecteur pour emp\u00eacher les contaminants tels que la poussi\u00e8re, l&rsquo;humidit\u00e9 et les d\u00e9bris de p\u00e9n\u00e9trer dans le syst\u00e8me. Des joints d&rsquo;\u00e9tanch\u00e9it\u00e9 pour applications externes sont disponibles sur demande.  \r\n\r\nConsultez notre \u00e9tude de cas sur la mani\u00e8re dont les joints spi \u00e0 double l\u00e8vre, combin\u00e9s avec le mat\u00e9riau d&rsquo;\u00e9tanch\u00e9it\u00e9 appropri\u00e9, ont am\u00e9lior\u00e9 les performances d&rsquo;un moteur de voiture de course \u00e9lectrique \u00e0 des vitesses de rotation et des temp\u00e9ratures \u00e9lev\u00e9es : <a href=\"https:\/\/www.hitechseals.com\/fr\/reduisez-les-temps-darret-et-la-maintenance-couteuse-avec-les-joints-toriques-viton-2\/\">Am\u00e9lioration des performances du moteur avec des joints spi \u00e0 double l\u00e8vre<\/a>\r\n<h2>Applications des joints d\u2019\u00e9tanch\u00e9it\u00e9 d\u2019huile<\/h2>\r\n<p data-pm-slice=\"1 1 []\">Les joints d&rsquo;\u00e9tanch\u00e9it\u00e9 \u00e0 huile sont utilis\u00e9s dans les secteurs et applications suivants, notamment :<\/p>\r\n\r\n<table style=\"height: 162px; width: 103.113%; border-collapse: collapse;\">\r\n<tbody>\r\n<tr style=\"height: 10px;\">\r\n<td style=\"width: 100%; height: 10px;\">\u2022<strong> Automobile<\/strong> \u2013 Moteurs, transmissions et diff\u00e9rentiels, moyeux de roue, pompes de direction assist\u00e9e<\/td>\r\n<\/tr>\r\n<tr style=\"height: 24px;\">\r\n<td style=\"width: 100%; height: 24px;\">\u2022<strong> P\u00e9trole et gaz<\/strong> \u2013 Pompes, compresseurs, syst\u00e8mes hydrauliques, t\u00eates de puits<\/td>\r\n<\/tr>\r\n<tr style=\"height: 24px;\">\r\n<td style=\"width: 100%; height: 24px;\">\u2022<strong> Machines industrielles<\/strong> \u2013 Bo\u00eetes de vitesses, pompes, compresseurs, moteurs \u00e9lectriques, syst\u00e8mes hydrauliques et pneumatiques<\/td>\r\n<\/tr>\r\n<tr style=\"height: 24px;\">\r\n<td style=\"width: 100%; height: 24px;\">\u2022 <strong>\u00c9quipements agricoles<\/strong> \u2013 Tracteurs, moissonneuses, syst\u00e8mes d&rsquo;irrigation, essieux et extr\u00e9mit\u00e9s de roues<\/td>\r\n<\/tr>\r\n<tr style=\"height: 24px;\">\r\n<td style=\"width: 100%; height: 24px;\">\u2022 <strong>A\u00e9rospatiale<\/strong> \u2013 Moteurs d&rsquo;avion, syst\u00e8mes hydrauliques et divers assemblages m\u00e9caniques<\/td>\r\n<\/tr>\r\n<tr style=\"height: 24px;\">\r\n<td style=\"width: 100%; height: 24px;\">\u2022<strong> Marine<\/strong> \u2013 Pompes, treuils, syst\u00e8mes de propulsion<\/td>\r\n<\/tr>\r\n<\/tbody>\r\n<\/table>\r\n&nbsp;\r\n\r\nNous proposons nos joints L1M et L2M de grand diam\u00e8tre en tailles imp\u00e9riales et m\u00e9triques. Les L1M et L2M sont utilis\u00e9s pour les applications intensives telles que les \u00e9quipements utilis\u00e9s dans les aci\u00e9ries, les usines de p\u00e2tes et papiers, les turbines, et plus encore.[\/vc_column_text][\/vc_column][\/vc_row][vc_row][vc_column][web3_vc_db_profiles sm=\u00a0\u00bb\u00a0\u00bb md=\u00a0\u00bb\u00a0\u00bb lg=\u00a0\u00bb\u00a0\u00bb][\/web3_vc_db_profiles][\/vc_column][\/vc_row][vc_row disable_element=\u00a0\u00bbyes\u00a0\u00bb sm=\u00a0\u00bb40&Prime; md=\u00a0\u00bb60&Prime; lg=\u00a0\u00bb60&Prime; lgb=\u00a0\u00bb100&Prime;][vc_column][vc_tta_tour shape=\u00a0\u00bbsquare\u00a0\u00bb spacing=\u00a0\u00bb\u00a0\u00bb active_section=\u00a0\u00bb1&Prime; no_fill_content_area=\u00a0\u00bbtrue\u00a0\u00bb title=\u00a0\u00bbInformations techniques\u00a0\u00bb][vc_tta_section title=\u00a0\u00bbPlage de temp\u00e9rature des mat\u00e9riaux\u00a0\u00bb tab_id=\u00a0\u00bbMaterials-Temperature-Range\u00a0\u00bb][vc_single_image image=\u00a0\u00bb4101&Prime; img_size=\u00a0\u00bbfull\u00a0\u00bb alignment=\u00a0\u00bbcenter\u00a0\u00bb css=\u00a0\u00bb\u00a0\u00bb el_class=\u00a0\u00bbpy-40 px-15&Prime;][\/vc_tta_section][vc_tta_section title=\u00a0\u00bbSection transversale du joint torique\u00a0\u00bb tab_id=\u00a0\u00bbO-Ring-Cross-Section\u00a0\u00bb][\/vc_tta_section][vc_tta_section title=\u00a0\u00bbTypes de gorges pour joints toriques\u00a0\u00bb tab_id=\u00a0\u00bbO-Ring-Gland-Types\u00a0\u00bb][\/vc_tta_section][vc_tta_section title=\u00a0\u00bb\u00c9tirement D.I.\/Interf\u00e9rence D.E.\u00a0\u00bb tab_id=\u00a0\u00bbI-D-Stretch-O-D-Interference\u00a0\u00bb][\/vc_tta_section][vc_tta_section title=\u00a0\u00bbR\u00e9duction de la section transversale\u00a0\u00bb tab_id=\u00a0\u00bbReduction-in-Cross-Section\u00a0\u00bb][\/vc_tta_section][vc_tta_section title=\u00a0\u00bbCompression\u00a0\u00bb tab_id=\u00a0\u00bbCompression\u00a0\u00bb][\/vc_tta_section][vc_tta_section title=\u00a0\u00bbRemplissage de gorge\u00a0\u00bb tab_id=\u00a0\u00bbGland-Fill\u00a0\u00bb][\/vc_tta_section][vc_tta_section title=\u00a0\u00bbJeu d&apos;extrusion\u00a0\u00bb tab_id=\u00a0\u00bbExtrusion-Gap\u00a0\u00bb][\/vc_tta_section][vc_tta_section title=\u00a0\u00bbLimites d&apos;extrusion\u00a0\u00bb tab_id=\u00a0\u00bbLimits-for-Extrusion\u00a0\u00bb][\/vc_tta_section][\/vc_tta_tour][\/vc_column][\/vc_row][vc_row][vc_column][web3_vc_content sm=\u00a0\u00bb40&Prime; md=\u00a0\u00bb60&Prime; lg=\u00a0\u00bb100&Prime;][\/web3_vc_content][\/vc_column][\/vc_row]<\/div>","protected":false},"excerpt":{"rendered":"<p>[vc_row content_placement=\u00a0\u00bbmiddle\u00a0\u00bb sm=\u00a0\u00bb40&Prime; md=\u00a0\u00bb60&Prime; lg=\u00a0\u00bb100&Prime; lgb=\u00a0\u00bb60&Prime;][vc_column offset=\u00a0\u00bbvc_col-lg-7&Prime; el_class=\u00a0\u00bborder-lg-1&Prime;][vc_column_text css=\u00a0\u00bb\u00a0\u00bb]Les joints d&rsquo;\u00e9tanch\u00e9it\u00e9, \u00e9galement appel\u00e9s joints \u00e0 l\u00e8vre, joints d&rsquo;arbre ou joints \u00e0 graisse,&hellip;<\/p>\n","protected":false},"featured_media":904,"template":"","meta":{"_acf_changed":false},"product_brand":[],"product_cat":[119],"product_tag":[],"class_list":{"0":"post-4610","1":"product","2":"type-product","3":"status-publish","4":"has-post-thumbnail","6":"product_cat-joints-detancheite-darbre-rotatif","8":"first","9":"instock","10":"shipping-taxable","11":"product-type-simple"},"acf":[],"yoast_head":"<!-- This site is optimized with the Yoast SEO plugin v27.4 - https:\/\/yoast.com\/product\/yoast-seo-wordpress\/ -->\n<title>Joints d&#039;\u00e9tanch\u00e9it\u00e9 | Joints \u00e0 l\u00e8vre et Joints d&#039;arbre | Hi-Tech Seals<\/title>\n<meta name=\"description\" content=\"Les joints d&#039;\u00e9tanch\u00e9it\u00e9, \u00e9galement appel\u00e9s joints \u00e0 l\u00e8vre, joints d&#039;arbre ou joints \u00e0 graisse, retiennent le lubrifiant et emp\u00eachent l&#039;entr\u00e9e de contaminants dans les applications d&#039;arbres rotatifs.\" \/>\n<meta name=\"robots\" content=\"index, follow, max-snippet:-1, max-image-preview:large, max-video-preview:-1\" \/>\n<link rel=\"canonical\" href=\"https:\/\/www.hitechseals.com\/fr\/produit\/joints-detancheite-pour-huile\/\" \/>\n<meta property=\"og:locale\" content=\"fr_CA\" \/>\n<meta property=\"og:type\" content=\"article\" \/>\n<meta property=\"og:title\" content=\"Joints d&#039;\u00e9tanch\u00e9it\u00e9 | Joints \u00e0 l\u00e8vre et Joints d&#039;arbre | Hi-Tech Seals\" \/>\n<meta property=\"og:description\" content=\"Les joints d&#039;\u00e9tanch\u00e9it\u00e9, \u00e9galement appel\u00e9s joints \u00e0 l\u00e8vre, joints d&#039;arbre ou joints \u00e0 graisse, retiennent le lubrifiant et emp\u00eachent l&#039;entr\u00e9e de contaminants dans les applications d&#039;arbres rotatifs.\" \/>\n<meta property=\"og:url\" content=\"https:\/\/www.hitechseals.com\/fr\/produit\/joints-detancheite-pour-huile\/\" \/>\n<meta property=\"og:site_name\" content=\"Hi-Tech Seals\" \/>\n<meta property=\"article:modified_time\" content=\"2026-04-22T13:28:19+00:00\" \/>\n<meta property=\"og:image\" content=\"https:\/\/www.hitechseals.com\/wp-content\/uploads\/2025\/06\/products_oil_seal_full-e1754944143542.jpg\" \/>\n\t<meta property=\"og:image:width\" content=\"408\" \/>\n\t<meta property=\"og:image:height\" content=\"250\" \/>\n\t<meta property=\"og:image:type\" content=\"image\/jpeg\" \/>\n<meta name=\"twitter:card\" content=\"summary_large_image\" \/>\n<meta name=\"twitter:label1\" content=\"Estimation du temps de lecture\" \/>\n\t<meta name=\"twitter:data1\" content=\"3 minutes\" \/>\n<script type=\"application\/ld+json\" class=\"yoast-schema-graph\">{\"@context\":\"https:\\\/\\\/schema.org\",\"@graph\":[{\"@type\":\"WebPage\",\"@id\":\"https:\\\/\\\/www.hitechseals.com\\\/fr\\\/produit\\\/joints-detancheite-pour-huile\\\/\",\"url\":\"https:\\\/\\\/www.hitechseals.com\\\/fr\\\/produit\\\/joints-detancheite-pour-huile\\\/\",\"name\":\"Joints d'\u00e9tanch\u00e9it\u00e9 | Joints \u00e0 l\u00e8vre et Joints d'arbre | Hi-Tech Seals\",\"isPartOf\":{\"@id\":\"https:\\\/\\\/www.hitechseals.com\\\/fr\\\/#website\"},\"primaryImageOfPage\":{\"@id\":\"https:\\\/\\\/www.hitechseals.com\\\/fr\\\/produit\\\/joints-detancheite-pour-huile\\\/#primaryimage\"},\"image\":{\"@id\":\"https:\\\/\\\/www.hitechseals.com\\\/fr\\\/produit\\\/joints-detancheite-pour-huile\\\/#primaryimage\"},\"thumbnailUrl\":\"https:\\\/\\\/www.hitechseals.com\\\/wp-content\\\/uploads\\\/2025\\\/06\\\/products_oil_seal_full-e1754944143542.jpg\",\"datePublished\":\"2025-07-17T19:47:50+00:00\",\"dateModified\":\"2026-04-22T13:28:19+00:00\",\"description\":\"Les joints d'\u00e9tanch\u00e9it\u00e9, \u00e9galement appel\u00e9s joints \u00e0 l\u00e8vre, joints d'arbre ou joints \u00e0 graisse, retiennent le lubrifiant et emp\u00eachent l'entr\u00e9e de contaminants dans les applications d'arbres rotatifs.\",\"breadcrumb\":{\"@id\":\"https:\\\/\\\/www.hitechseals.com\\\/fr\\\/produit\\\/joints-detancheite-pour-huile\\\/#breadcrumb\"},\"inLanguage\":\"fr-CA\",\"potentialAction\":[{\"@type\":\"ReadAction\",\"target\":[\"https:\\\/\\\/www.hitechseals.com\\\/fr\\\/produit\\\/joints-detancheite-pour-huile\\\/\"]}]},{\"@type\":\"ImageObject\",\"inLanguage\":\"fr-CA\",\"@id\":\"https:\\\/\\\/www.hitechseals.com\\\/fr\\\/produit\\\/joints-detancheite-pour-huile\\\/#primaryimage\",\"url\":\"https:\\\/\\\/www.hitechseals.com\\\/wp-content\\\/uploads\\\/2025\\\/06\\\/products_oil_seal_full-e1754944143542.jpg\",\"contentUrl\":\"https:\\\/\\\/www.hitechseals.com\\\/wp-content\\\/uploads\\\/2025\\\/06\\\/products_oil_seal_full-e1754944143542.jpg\",\"width\":408,\"height\":250},{\"@type\":\"BreadcrumbList\",\"@id\":\"https:\\\/\\\/www.hitechseals.com\\\/fr\\\/produit\\\/joints-detancheite-pour-huile\\\/#breadcrumb\",\"itemListElement\":[{\"@type\":\"ListItem\",\"position\":1,\"name\":\"Home\",\"item\":\"https:\\\/\\\/www.hitechseals.com\\\/fr\\\/accueil\\\/\"},{\"@type\":\"ListItem\",\"position\":2,\"name\":\"Joints d&#8217;huile\"}]},{\"@type\":\"WebSite\",\"@id\":\"https:\\\/\\\/www.hitechseals.com\\\/fr\\\/#website\",\"url\":\"https:\\\/\\\/www.hitechseals.com\\\/fr\\\/\",\"name\":\"Hi-Tech Seals\",\"description\":\"\",\"potentialAction\":[{\"@type\":\"SearchAction\",\"target\":{\"@type\":\"EntryPoint\",\"urlTemplate\":\"https:\\\/\\\/www.hitechseals.com\\\/fr\\\/?s={search_term_string}\"},\"query-input\":{\"@type\":\"PropertyValueSpecification\",\"valueRequired\":true,\"valueName\":\"search_term_string\"}}],\"inLanguage\":\"fr-CA\"}]}<\/script>\n<!-- \/ Yoast SEO plugin. -->","yoast_head_json":{"title":"Joints d'\u00e9tanch\u00e9it\u00e9 | Joints \u00e0 l\u00e8vre et Joints d'arbre | Hi-Tech Seals","description":"Les joints d'\u00e9tanch\u00e9it\u00e9, \u00e9galement appel\u00e9s joints \u00e0 l\u00e8vre, joints d'arbre ou joints \u00e0 graisse, retiennent le lubrifiant et emp\u00eachent l'entr\u00e9e de contaminants dans les applications d'arbres rotatifs.","robots":{"index":"index","follow":"follow","max-snippet":"max-snippet:-1","max-image-preview":"max-image-preview:large","max-video-preview":"max-video-preview:-1"},"canonical":"https:\/\/www.hitechseals.com\/fr\/produit\/joints-detancheite-pour-huile\/","og_locale":"fr_CA","og_type":"article","og_title":"Joints d'\u00e9tanch\u00e9it\u00e9 | Joints \u00e0 l\u00e8vre et Joints d'arbre | Hi-Tech Seals","og_description":"Les joints d'\u00e9tanch\u00e9it\u00e9, \u00e9galement appel\u00e9s joints \u00e0 l\u00e8vre, joints d'arbre ou joints \u00e0 graisse, retiennent le lubrifiant et emp\u00eachent l'entr\u00e9e de contaminants dans les applications d'arbres rotatifs.","og_url":"https:\/\/www.hitechseals.com\/fr\/produit\/joints-detancheite-pour-huile\/","og_site_name":"Hi-Tech Seals","article_modified_time":"2026-04-22T13:28:19+00:00","og_image":[{"width":408,"height":250,"url":"https:\/\/www.hitechseals.com\/wp-content\/uploads\/2025\/06\/products_oil_seal_full-e1754944143542.jpg","type":"image\/jpeg"}],"twitter_card":"summary_large_image","twitter_misc":{"Estimation du temps de lecture":"3 minutes"},"schema":{"@context":"https:\/\/schema.org","@graph":[{"@type":"WebPage","@id":"https:\/\/www.hitechseals.com\/fr\/produit\/joints-detancheite-pour-huile\/","url":"https:\/\/www.hitechseals.com\/fr\/produit\/joints-detancheite-pour-huile\/","name":"Joints d'\u00e9tanch\u00e9it\u00e9 | Joints \u00e0 l\u00e8vre et Joints d'arbre | Hi-Tech Seals","isPartOf":{"@id":"https:\/\/www.hitechseals.com\/fr\/#website"},"primaryImageOfPage":{"@id":"https:\/\/www.hitechseals.com\/fr\/produit\/joints-detancheite-pour-huile\/#primaryimage"},"image":{"@id":"https:\/\/www.hitechseals.com\/fr\/produit\/joints-detancheite-pour-huile\/#primaryimage"},"thumbnailUrl":"https:\/\/www.hitechseals.com\/wp-content\/uploads\/2025\/06\/products_oil_seal_full-e1754944143542.jpg","datePublished":"2025-07-17T19:47:50+00:00","dateModified":"2026-04-22T13:28:19+00:00","description":"Les joints d'\u00e9tanch\u00e9it\u00e9, \u00e9galement appel\u00e9s joints \u00e0 l\u00e8vre, joints d'arbre ou joints \u00e0 graisse, retiennent le lubrifiant et emp\u00eachent l'entr\u00e9e de contaminants dans les applications d'arbres rotatifs.","breadcrumb":{"@id":"https:\/\/www.hitechseals.com\/fr\/produit\/joints-detancheite-pour-huile\/#breadcrumb"},"inLanguage":"fr-CA","potentialAction":[{"@type":"ReadAction","target":["https:\/\/www.hitechseals.com\/fr\/produit\/joints-detancheite-pour-huile\/"]}]},{"@type":"ImageObject","inLanguage":"fr-CA","@id":"https:\/\/www.hitechseals.com\/fr\/produit\/joints-detancheite-pour-huile\/#primaryimage","url":"https:\/\/www.hitechseals.com\/wp-content\/uploads\/2025\/06\/products_oil_seal_full-e1754944143542.jpg","contentUrl":"https:\/\/www.hitechseals.com\/wp-content\/uploads\/2025\/06\/products_oil_seal_full-e1754944143542.jpg","width":408,"height":250},{"@type":"BreadcrumbList","@id":"https:\/\/www.hitechseals.com\/fr\/produit\/joints-detancheite-pour-huile\/#breadcrumb","itemListElement":[{"@type":"ListItem","position":1,"name":"Home","item":"https:\/\/www.hitechseals.com\/fr\/accueil\/"},{"@type":"ListItem","position":2,"name":"Joints d&#8217;huile"}]},{"@type":"WebSite","@id":"https:\/\/www.hitechseals.com\/fr\/#website","url":"https:\/\/www.hitechseals.com\/fr\/","name":"Hi-Tech Seals","description":"","potentialAction":[{"@type":"SearchAction","target":{"@type":"EntryPoint","urlTemplate":"https:\/\/www.hitechseals.com\/fr\/?s={search_term_string}"},"query-input":{"@type":"PropertyValueSpecification","valueRequired":true,"valueName":"search_term_string"}}],"inLanguage":"fr-CA"}]}},"_links":{"self":[{"href":"https:\/\/www.hitechseals.com\/fr\/wp-json\/wp\/v2\/product\/4610","targetHints":{"allow":["GET"]}}],"collection":[{"href":"https:\/\/www.hitechseals.com\/fr\/wp-json\/wp\/v2\/product"}],"about":[{"href":"https:\/\/www.hitechseals.com\/fr\/wp-json\/wp\/v2\/types\/product"}],"wp:featuredmedia":[{"embeddable":true,"href":"https:\/\/www.hitechseals.com\/fr\/wp-json\/wp\/v2\/media\/904"}],"wp:attachment":[{"href":"https:\/\/www.hitechseals.com\/fr\/wp-json\/wp\/v2\/media?parent=4610"}],"wp:term":[{"taxonomy":"product_brand","embeddable":true,"href":"https:\/\/www.hitechseals.com\/fr\/wp-json\/wp\/v2\/product_brand?post=4610"},{"taxonomy":"product_cat","embeddable":true,"href":"https:\/\/www.hitechseals.com\/fr\/wp-json\/wp\/v2\/product_cat?post=4610"},{"taxonomy":"product_tag","embeddable":true,"href":"https:\/\/www.hitechseals.com\/fr\/wp-json\/wp\/v2\/product_tag?post=4610"}],"curies":[{"name":"wp","href":"https:\/\/api.w.org\/{rel}","templated":true}]}}