{"id":4630,"date":"2025-08-15T12:24:42","date_gmt":"2025-08-15T18:24:42","guid":{"rendered":"https:\/\/www.hitechseals.com\/product\/joints-interieurs-et-exterieurs-de-bop\/"},"modified":"2025-12-31T13:26:10","modified_gmt":"2025-12-31T20:26:10","slug":"joints-interieurs-et-exterieurs-de-bop","status":"publish","type":"product","link":"https:\/\/www.hitechseals.com\/fr\/produit\/joints-interieurs-et-exterieurs-de-bop\/","title":{"rendered":"Joints int\u00e9rieurs et ext\u00e9rieurs de BOP"},"content":{"rendered":"<div class=\"wpb-content-wrapper\">[vc_row content_placement=\u00a0\u00bbmiddle\u00a0\u00bb sm=\u00a0\u00bb40&Prime; md=\u00a0\u00bb60&Prime; lg=\u00a0\u00bb100&Prime; lgb=\u00a0\u00bb60&Prime;][vc_column offset=\u00a0\u00bbvc_col-lg-7&Prime; el_class=\u00a0\u00bborder-lg-1&Prime;][vc_column_text css=\u00a0\u00bb\u00a0\u00bb]Un obturateur de puits (BOP) est un syst\u00e8me de soupape de s\u00e9curit\u00e9 de grande taille et haute pression utilis\u00e9 pour emp\u00eacher le rejet incontr\u00f4l\u00e9 de p\u00e9trole ou de gaz d&rsquo;un puits en cas d&rsquo;\u00e9ruption. Les BOP int\u00e8grent deux ensembles de joints : les joints int\u00e9rieurs et ext\u00e9rieurs. Ils fonctionnent ensemble pour contenir les fluides du puits.  \r\n\r\nLe joint int\u00e9rieur agit comme la barri\u00e8re principale, emp\u00eachant les fluides de s&rsquo;\u00e9chapper dans l&rsquo;environnement. Il est g\u00e9n\u00e9ralement fabriqu\u00e9 \u00e0 partir de compos\u00e9s de caoutchouc haute r\u00e9sistance capables de r\u00e9sister \u00e0 des pressions et temp\u00e9ratures extr\u00eames. Compos\u00e9 de nitrile hydrog\u00e9n\u00e9 et d&rsquo;acier au carbone. Les tailles de ligne courantes incluent 3\/16&Prime;, 7\/32&Prime;, \u00bc\u00a0\u00bb, 5\/16&Prime;, 3\/8&Prime;, 15\/32&Prime; et slickline.    \r\n\r\nLe joint ext\u00e9rieur sert de syst\u00e8me de secours, s&rsquo;activant si le joint int\u00e9rieur d\u00e9faille. Ce syst\u00e8me utilise souvent des m\u00e2choires de cisaillement ou des m\u00e2choires aveugles, qui peuvent \u00eatre engag\u00e9es hydrauliquement pour se fixer sur ou couper \u00e0 travers le train de tiges ou le tubage, scellant compl\u00e8tement le puits. Disponible en nitrile hydrog\u00e9n\u00e9.[\/vc_column_text][\/vc_column][\/vc_row]<\/div>","protected":false},"excerpt":{"rendered":"<p>[vc_row content_placement=\u00a0\u00bbmiddle\u00a0\u00bb sm=\u00a0\u00bb40&Prime; md=\u00a0\u00bb60&Prime; lg=\u00a0\u00bb100&Prime; lgb=\u00a0\u00bb60&Prime;][vc_column offset=\u00a0\u00bbvc_col-lg-7&Prime; el_class=\u00a0\u00bborder-lg-1&Prime;][vc_column_text css=\u00a0\u00bb\u00a0\u00bb]Un obturateur de puits (BOP) est un syst\u00e8me de soupape de s\u00e9curit\u00e9 de grande&hellip;<\/p>\n","protected":false},"featured_media":3011,"template":"","meta":{"_acf_changed":false},"product_brand":[],"product_cat":[106],"product_tag":[],"class_list":{"0":"post-4630","1":"product","2":"type-product","3":"status-publish","4":"has-post-thumbnail","6":"product_cat-moules-sur-mesure","8":"first","9":"instock","10":"shipping-taxable","11":"product-type-simple"},"acf":[],"yoast_head":"<!-- This site is optimized with the Yoast SEO plugin v27.4 - https:\/\/yoast.com\/product\/yoast-seo-wordpress\/ -->\n<title>Joints int\u00e9rieurs et ext\u00e9rieurs de BOP - Hi-Tech Seals<\/title>\n<meta name=\"robots\" content=\"index, follow, max-snippet:-1, max-image-preview:large, max-video-preview:-1\" \/>\n<link rel=\"canonical\" href=\"https:\/\/www.hitechseals.com\/fr\/produit\/joints-interieurs-et-exterieurs-de-bop\/\" \/>\n<meta property=\"og:locale\" content=\"fr_CA\" \/>\n<meta property=\"og:type\" content=\"article\" \/>\n<meta property=\"og:title\" content=\"Joints int\u00e9rieurs et ext\u00e9rieurs de BOP - Hi-Tech Seals\" \/>\n<meta property=\"og:description\" content=\"[vc_row content_placement=\u00a0\u00bbmiddle\u00a0\u00bb sm=\u00a0\u00bb40&Prime; md=\u00a0\u00bb60&Prime; lg=\u00a0\u00bb100&Prime; lgb=\u00a0\u00bb60&Prime;][vc_column offset=\u00a0\u00bbvc_col-lg-7&Prime; el_class=\u00a0\u00bborder-lg-1&Prime;][vc_column_text css=\u00a0\u00bb\u00a0\u00bb]Un obturateur de puits (BOP) est un syst\u00e8me de soupape de s\u00e9curit\u00e9 de grande&hellip;\" \/>\n<meta property=\"og:url\" content=\"https:\/\/www.hitechseals.com\/fr\/produit\/joints-interieurs-et-exterieurs-de-bop\/\" \/>\n<meta property=\"og:site_name\" content=\"Hi-Tech Seals\" \/>\n<meta property=\"article:modified_time\" content=\"2025-12-31T20:26:10+00:00\" \/>\n<meta property=\"og:image\" content=\"https:\/\/www.hitechseals.com\/wp-content\/uploads\/2025\/08\/BOP.jpg\" \/>\n\t<meta property=\"og:image:width\" content=\"850\" \/>\n\t<meta property=\"og:image:height\" content=\"564\" \/>\n\t<meta property=\"og:image:type\" content=\"image\/jpeg\" \/>\n<meta name=\"twitter:card\" content=\"summary_large_image\" \/>\n<meta name=\"twitter:label1\" content=\"Estimation du temps de lecture\" \/>\n\t<meta name=\"twitter:data1\" content=\"1 minute\" \/>\n<script type=\"application\/ld+json\" class=\"yoast-schema-graph\">{\"@context\":\"https:\\\/\\\/schema.org\",\"@graph\":[{\"@type\":\"WebPage\",\"@id\":\"https:\\\/\\\/www.hitechseals.com\\\/fr\\\/produit\\\/joints-interieurs-et-exterieurs-de-bop\\\/\",\"url\":\"https:\\\/\\\/www.hitechseals.com\\\/fr\\\/produit\\\/joints-interieurs-et-exterieurs-de-bop\\\/\",\"name\":\"Joints int\u00e9rieurs et ext\u00e9rieurs de BOP - Hi-Tech Seals\",\"isPartOf\":{\"@id\":\"https:\\\/\\\/www.hitechseals.com\\\/fr\\\/#website\"},\"primaryImageOfPage\":{\"@id\":\"https:\\\/\\\/www.hitechseals.com\\\/fr\\\/produit\\\/joints-interieurs-et-exterieurs-de-bop\\\/#primaryimage\"},\"image\":{\"@id\":\"https:\\\/\\\/www.hitechseals.com\\\/fr\\\/produit\\\/joints-interieurs-et-exterieurs-de-bop\\\/#primaryimage\"},\"thumbnailUrl\":\"https:\\\/\\\/www.hitechseals.com\\\/wp-content\\\/uploads\\\/2025\\\/08\\\/BOP.jpg\",\"datePublished\":\"2025-08-15T18:24:42+00:00\",\"dateModified\":\"2025-12-31T20:26:10+00:00\",\"breadcrumb\":{\"@id\":\"https:\\\/\\\/www.hitechseals.com\\\/fr\\\/produit\\\/joints-interieurs-et-exterieurs-de-bop\\\/#breadcrumb\"},\"inLanguage\":\"fr-CA\",\"potentialAction\":[{\"@type\":\"ReadAction\",\"target\":[\"https:\\\/\\\/www.hitechseals.com\\\/fr\\\/produit\\\/joints-interieurs-et-exterieurs-de-bop\\\/\"]}]},{\"@type\":\"ImageObject\",\"inLanguage\":\"fr-CA\",\"@id\":\"https:\\\/\\\/www.hitechseals.com\\\/fr\\\/produit\\\/joints-interieurs-et-exterieurs-de-bop\\\/#primaryimage\",\"url\":\"https:\\\/\\\/www.hitechseals.com\\\/wp-content\\\/uploads\\\/2025\\\/08\\\/BOP.jpg\",\"contentUrl\":\"https:\\\/\\\/www.hitechseals.com\\\/wp-content\\\/uploads\\\/2025\\\/08\\\/BOP.jpg\",\"width\":850,\"height\":564},{\"@type\":\"BreadcrumbList\",\"@id\":\"https:\\\/\\\/www.hitechseals.com\\\/fr\\\/produit\\\/joints-interieurs-et-exterieurs-de-bop\\\/#breadcrumb\",\"itemListElement\":[{\"@type\":\"ListItem\",\"position\":1,\"name\":\"Home\",\"item\":\"https:\\\/\\\/www.hitechseals.com\\\/fr\\\/accueil\\\/\"},{\"@type\":\"ListItem\",\"position\":2,\"name\":\"Joints int\u00e9rieurs et ext\u00e9rieurs de BOP\"}]},{\"@type\":\"WebSite\",\"@id\":\"https:\\\/\\\/www.hitechseals.com\\\/fr\\\/#website\",\"url\":\"https:\\\/\\\/www.hitechseals.com\\\/fr\\\/\",\"name\":\"Hi-Tech Seals\",\"description\":\"\",\"potentialAction\":[{\"@type\":\"SearchAction\",\"target\":{\"@type\":\"EntryPoint\",\"urlTemplate\":\"https:\\\/\\\/www.hitechseals.com\\\/fr\\\/?s={search_term_string}\"},\"query-input\":{\"@type\":\"PropertyValueSpecification\",\"valueRequired\":true,\"valueName\":\"search_term_string\"}}],\"inLanguage\":\"fr-CA\"}]}<\/script>\n<!-- \/ Yoast SEO plugin. -->","yoast_head_json":{"title":"Joints int\u00e9rieurs et ext\u00e9rieurs de BOP - Hi-Tech Seals","robots":{"index":"index","follow":"follow","max-snippet":"max-snippet:-1","max-image-preview":"max-image-preview:large","max-video-preview":"max-video-preview:-1"},"canonical":"https:\/\/www.hitechseals.com\/fr\/produit\/joints-interieurs-et-exterieurs-de-bop\/","og_locale":"fr_CA","og_type":"article","og_title":"Joints int\u00e9rieurs et ext\u00e9rieurs de BOP - Hi-Tech Seals","og_description":"[vc_row content_placement=\u00a0\u00bbmiddle\u00a0\u00bb sm=\u00a0\u00bb40&Prime; md=\u00a0\u00bb60&Prime; lg=\u00a0\u00bb100&Prime; lgb=\u00a0\u00bb60&Prime;][vc_column offset=\u00a0\u00bbvc_col-lg-7&Prime; el_class=\u00a0\u00bborder-lg-1&Prime;][vc_column_text css=\u00a0\u00bb\u00a0\u00bb]Un obturateur de puits (BOP) est un syst\u00e8me de soupape de s\u00e9curit\u00e9 de grande&hellip;","og_url":"https:\/\/www.hitechseals.com\/fr\/produit\/joints-interieurs-et-exterieurs-de-bop\/","og_site_name":"Hi-Tech Seals","article_modified_time":"2025-12-31T20:26:10+00:00","og_image":[{"width":850,"height":564,"url":"https:\/\/www.hitechseals.com\/wp-content\/uploads\/2025\/08\/BOP.jpg","type":"image\/jpeg"}],"twitter_card":"summary_large_image","twitter_misc":{"Estimation du temps de lecture":"1 minute"},"schema":{"@context":"https:\/\/schema.org","@graph":[{"@type":"WebPage","@id":"https:\/\/www.hitechseals.com\/fr\/produit\/joints-interieurs-et-exterieurs-de-bop\/","url":"https:\/\/www.hitechseals.com\/fr\/produit\/joints-interieurs-et-exterieurs-de-bop\/","name":"Joints int\u00e9rieurs et ext\u00e9rieurs de BOP - Hi-Tech Seals","isPartOf":{"@id":"https:\/\/www.hitechseals.com\/fr\/#website"},"primaryImageOfPage":{"@id":"https:\/\/www.hitechseals.com\/fr\/produit\/joints-interieurs-et-exterieurs-de-bop\/#primaryimage"},"image":{"@id":"https:\/\/www.hitechseals.com\/fr\/produit\/joints-interieurs-et-exterieurs-de-bop\/#primaryimage"},"thumbnailUrl":"https:\/\/www.hitechseals.com\/wp-content\/uploads\/2025\/08\/BOP.jpg","datePublished":"2025-08-15T18:24:42+00:00","dateModified":"2025-12-31T20:26:10+00:00","breadcrumb":{"@id":"https:\/\/www.hitechseals.com\/fr\/produit\/joints-interieurs-et-exterieurs-de-bop\/#breadcrumb"},"inLanguage":"fr-CA","potentialAction":[{"@type":"ReadAction","target":["https:\/\/www.hitechseals.com\/fr\/produit\/joints-interieurs-et-exterieurs-de-bop\/"]}]},{"@type":"ImageObject","inLanguage":"fr-CA","@id":"https:\/\/www.hitechseals.com\/fr\/produit\/joints-interieurs-et-exterieurs-de-bop\/#primaryimage","url":"https:\/\/www.hitechseals.com\/wp-content\/uploads\/2025\/08\/BOP.jpg","contentUrl":"https:\/\/www.hitechseals.com\/wp-content\/uploads\/2025\/08\/BOP.jpg","width":850,"height":564},{"@type":"BreadcrumbList","@id":"https:\/\/www.hitechseals.com\/fr\/produit\/joints-interieurs-et-exterieurs-de-bop\/#breadcrumb","itemListElement":[{"@type":"ListItem","position":1,"name":"Home","item":"https:\/\/www.hitechseals.com\/fr\/accueil\/"},{"@type":"ListItem","position":2,"name":"Joints int\u00e9rieurs et ext\u00e9rieurs de BOP"}]},{"@type":"WebSite","@id":"https:\/\/www.hitechseals.com\/fr\/#website","url":"https:\/\/www.hitechseals.com\/fr\/","name":"Hi-Tech Seals","description":"","potentialAction":[{"@type":"SearchAction","target":{"@type":"EntryPoint","urlTemplate":"https:\/\/www.hitechseals.com\/fr\/?s={search_term_string}"},"query-input":{"@type":"PropertyValueSpecification","valueRequired":true,"valueName":"search_term_string"}}],"inLanguage":"fr-CA"}]}},"_links":{"self":[{"href":"https:\/\/www.hitechseals.com\/fr\/wp-json\/wp\/v2\/product\/4630","targetHints":{"allow":["GET"]}}],"collection":[{"href":"https:\/\/www.hitechseals.com\/fr\/wp-json\/wp\/v2\/product"}],"about":[{"href":"https:\/\/www.hitechseals.com\/fr\/wp-json\/wp\/v2\/types\/product"}],"wp:featuredmedia":[{"embeddable":true,"href":"https:\/\/www.hitechseals.com\/fr\/wp-json\/wp\/v2\/media\/3011"}],"wp:attachment":[{"href":"https:\/\/www.hitechseals.com\/fr\/wp-json\/wp\/v2\/media?parent=4630"}],"wp:term":[{"taxonomy":"product_brand","embeddable":true,"href":"https:\/\/www.hitechseals.com\/fr\/wp-json\/wp\/v2\/product_brand?post=4630"},{"taxonomy":"product_cat","embeddable":true,"href":"https:\/\/www.hitechseals.com\/fr\/wp-json\/wp\/v2\/product_cat?post=4630"},{"taxonomy":"product_tag","embeddable":true,"href":"https:\/\/www.hitechseals.com\/fr\/wp-json\/wp\/v2\/product_tag?post=4630"}],"curies":[{"name":"wp","href":"https:\/\/api.w.org\/{rel}","templated":true}]}}