{"id":5884,"date":"2026-02-10T12:02:38","date_gmt":"2026-02-10T19:02:38","guid":{"rendered":"https:\/\/www.hitechseals.com\/?post_type=product&#038;p=5884"},"modified":"2026-03-04T10:50:53","modified_gmt":"2026-03-04T17:50:53","slug":"manchons-de-moteur-de-boue-copy","status":"publish","type":"product","link":"https:\/\/www.hitechseals.com\/fr\/produit\/manchons-de-moteur-de-boue-copy\/","title":{"rendered":"Diaphragmes"},"content":{"rendered":"<div class=\"wpb-content-wrapper\">[vc_row][vc_column width=\u00a0\u00bb2\/3&Prime;][vc_column_text css=\u00a0\u00bb\u00a0\u00bb]\r\n\r\nLes diaphragmes sont des membranes flexibles largement utilis\u00e9es dans les applications industrielles, notamment les pompes, les r\u00e9gulateurs de pression, les vannes, les actionneurs, les capteurs, les syst\u00e8mes automobiles et de CVC. Ils agissent comme une barri\u00e8re flexible entre deux chambres, emp\u00eachant les fluides ou les gaz de traverser le diaphragme et de se m\u00e9langer \u00e0 d&rsquo;autres milieux, tout en assurant diverses fonctions selon l&rsquo;application. \r\n\r\nLes membranes sont g\u00e9n\u00e9ralement de forme circulaire et fix\u00e9es sur les bords. Elles sont couramment fabriqu\u00e9es en nitrile (NBR), nitrile hydrog\u00e9n\u00e9 (HNBR), fluorocarbone\/Viton\u2122 (FKM), PTFE, EPDM et silicone. Ces mat\u00e9riaux pr\u00e9sentent une faible perm\u00e9abilit\u00e9 aux fluides et aux gaz pour offrir une solution d\u2019\u00e9tanch\u00e9it\u00e9 fiable.  \r\n\r\n&nbsp;\r\n\r\n[\/vc_column_text][\/vc_column][vc_column width=\u00a0\u00bb1\/3&Prime;][vc_column_text]\r\n\r\n&nbsp;\r\n\r\n&nbsp;\r\n\r\n[\/vc_column_text][\/vc_column][\/vc_row][vc_row][vc_column][vc_column_text css=\u00a0\u00bb\u00a0\u00bb][\/vc_column_text][\/vc_column][\/vc_row]<\/div>","protected":false},"excerpt":{"rendered":"<p>[vc_row][vc_column width=\u00a0\u00bb2\/3&Prime;][vc_column_text css=\u00a0\u00bb\u00a0\u00bb] Les diaphragmes sont des membranes flexibles largement utilis\u00e9es dans les applications industrielles, notamment les pompes, les r\u00e9gulateurs de pression,&hellip;<\/p>\n","protected":false},"featured_media":5886,"template":"","meta":{"_acf_changed":false},"product_brand":[],"product_cat":[106],"product_tag":[],"class_list":{"0":"post-5884","1":"product","2":"type-product","3":"status-publish","4":"has-post-thumbnail","6":"product_cat-moules-sur-mesure","8":"first","9":"instock","10":"shipping-taxable","11":"product-type-simple"},"acf":[],"yoast_head":"<!-- This site is optimized with the Yoast SEO plugin v27.4 - https:\/\/yoast.com\/product\/yoast-seo-wordpress\/ -->\n<title>Diaphragmes - Hi-Tech Seals<\/title>\n<meta name=\"robots\" content=\"index, follow, max-snippet:-1, max-image-preview:large, max-video-preview:-1\" \/>\n<link rel=\"canonical\" href=\"https:\/\/www.hitechseals.com\/fr\/produit\/manchons-de-moteur-de-boue-copy\/\" \/>\n<meta property=\"og:locale\" content=\"fr_CA\" \/>\n<meta property=\"og:type\" content=\"article\" \/>\n<meta property=\"og:title\" content=\"Diaphragmes - Hi-Tech Seals\" \/>\n<meta property=\"og:description\" content=\"[vc_row][vc_column width=\u00a0\u00bb2\/3&Prime;][vc_column_text css=\u00a0\u00bb\u00a0\u00bb] Les diaphragmes sont des membranes flexibles largement utilis\u00e9es dans les applications industrielles, notamment les pompes, les r\u00e9gulateurs de pression,&hellip;\" \/>\n<meta property=\"og:url\" content=\"https:\/\/www.hitechseals.com\/fr\/produit\/manchons-de-moteur-de-boue-copy\/\" \/>\n<meta property=\"og:site_name\" content=\"Hi-Tech Seals\" \/>\n<meta property=\"article:modified_time\" content=\"2026-03-04T17:50:53+00:00\" \/>\n<meta property=\"og:image\" content=\"https:\/\/www.hitechseals.com\/wp-content\/uploads\/2026\/02\/diaphragm-3D-model-e1770750650525.png\" \/>\n\t<meta property=\"og:image:width\" content=\"1167\" \/>\n\t<meta property=\"og:image:height\" content=\"1108\" \/>\n\t<meta property=\"og:image:type\" content=\"image\/png\" \/>\n<meta name=\"twitter:card\" content=\"summary_large_image\" \/>\n<meta name=\"twitter:label1\" content=\"Estimation du temps de lecture\" \/>\n\t<meta name=\"twitter:data1\" content=\"1 minute\" \/>\n<script type=\"application\/ld+json\" class=\"yoast-schema-graph\">{\"@context\":\"https:\\\/\\\/schema.org\",\"@graph\":[{\"@type\":\"WebPage\",\"@id\":\"https:\\\/\\\/www.hitechseals.com\\\/fr\\\/produit\\\/manchons-de-moteur-de-boue-copy\\\/\",\"url\":\"https:\\\/\\\/www.hitechseals.com\\\/fr\\\/produit\\\/manchons-de-moteur-de-boue-copy\\\/\",\"name\":\"Diaphragmes - Hi-Tech Seals\",\"isPartOf\":{\"@id\":\"https:\\\/\\\/www.hitechseals.com\\\/fr\\\/#website\"},\"primaryImageOfPage\":{\"@id\":\"https:\\\/\\\/www.hitechseals.com\\\/fr\\\/produit\\\/manchons-de-moteur-de-boue-copy\\\/#primaryimage\"},\"image\":{\"@id\":\"https:\\\/\\\/www.hitechseals.com\\\/fr\\\/produit\\\/manchons-de-moteur-de-boue-copy\\\/#primaryimage\"},\"thumbnailUrl\":\"https:\\\/\\\/www.hitechseals.com\\\/wp-content\\\/uploads\\\/2026\\\/02\\\/diaphragm-3D-model-e1770750650525.png\",\"datePublished\":\"2026-02-10T19:02:38+00:00\",\"dateModified\":\"2026-03-04T17:50:53+00:00\",\"breadcrumb\":{\"@id\":\"https:\\\/\\\/www.hitechseals.com\\\/fr\\\/produit\\\/manchons-de-moteur-de-boue-copy\\\/#breadcrumb\"},\"inLanguage\":\"fr-CA\",\"potentialAction\":[{\"@type\":\"ReadAction\",\"target\":[\"https:\\\/\\\/www.hitechseals.com\\\/fr\\\/produit\\\/manchons-de-moteur-de-boue-copy\\\/\"]}]},{\"@type\":\"ImageObject\",\"inLanguage\":\"fr-CA\",\"@id\":\"https:\\\/\\\/www.hitechseals.com\\\/fr\\\/produit\\\/manchons-de-moteur-de-boue-copy\\\/#primaryimage\",\"url\":\"https:\\\/\\\/www.hitechseals.com\\\/wp-content\\\/uploads\\\/2026\\\/02\\\/diaphragm-3D-model-e1770750650525.png\",\"contentUrl\":\"https:\\\/\\\/www.hitechseals.com\\\/wp-content\\\/uploads\\\/2026\\\/02\\\/diaphragm-3D-model-e1770750650525.png\",\"width\":1167,\"height\":1108},{\"@type\":\"BreadcrumbList\",\"@id\":\"https:\\\/\\\/www.hitechseals.com\\\/fr\\\/produit\\\/manchons-de-moteur-de-boue-copy\\\/#breadcrumb\",\"itemListElement\":[{\"@type\":\"ListItem\",\"position\":1,\"name\":\"Home\",\"item\":\"https:\\\/\\\/www.hitechseals.com\\\/fr\\\/accueil\\\/\"},{\"@type\":\"ListItem\",\"position\":2,\"name\":\"Diaphragmes\"}]},{\"@type\":\"WebSite\",\"@id\":\"https:\\\/\\\/www.hitechseals.com\\\/fr\\\/#website\",\"url\":\"https:\\\/\\\/www.hitechseals.com\\\/fr\\\/\",\"name\":\"Hi-Tech Seals\",\"description\":\"\",\"potentialAction\":[{\"@type\":\"SearchAction\",\"target\":{\"@type\":\"EntryPoint\",\"urlTemplate\":\"https:\\\/\\\/www.hitechseals.com\\\/fr\\\/?s={search_term_string}\"},\"query-input\":{\"@type\":\"PropertyValueSpecification\",\"valueRequired\":true,\"valueName\":\"search_term_string\"}}],\"inLanguage\":\"fr-CA\"}]}<\/script>\n<!-- \/ Yoast SEO plugin. -->","yoast_head_json":{"title":"Diaphragmes - Hi-Tech Seals","robots":{"index":"index","follow":"follow","max-snippet":"max-snippet:-1","max-image-preview":"max-image-preview:large","max-video-preview":"max-video-preview:-1"},"canonical":"https:\/\/www.hitechseals.com\/fr\/produit\/manchons-de-moteur-de-boue-copy\/","og_locale":"fr_CA","og_type":"article","og_title":"Diaphragmes - Hi-Tech Seals","og_description":"[vc_row][vc_column width=\u00a0\u00bb2\/3&Prime;][vc_column_text css=\u00a0\u00bb\u00a0\u00bb] Les diaphragmes sont des membranes flexibles largement utilis\u00e9es dans les applications industrielles, notamment les pompes, les r\u00e9gulateurs de pression,&hellip;","og_url":"https:\/\/www.hitechseals.com\/fr\/produit\/manchons-de-moteur-de-boue-copy\/","og_site_name":"Hi-Tech Seals","article_modified_time":"2026-03-04T17:50:53+00:00","og_image":[{"width":1167,"height":1108,"url":"https:\/\/www.hitechseals.com\/wp-content\/uploads\/2026\/02\/diaphragm-3D-model-e1770750650525.png","type":"image\/png"}],"twitter_card":"summary_large_image","twitter_misc":{"Estimation du temps de lecture":"1 minute"},"schema":{"@context":"https:\/\/schema.org","@graph":[{"@type":"WebPage","@id":"https:\/\/www.hitechseals.com\/fr\/produit\/manchons-de-moteur-de-boue-copy\/","url":"https:\/\/www.hitechseals.com\/fr\/produit\/manchons-de-moteur-de-boue-copy\/","name":"Diaphragmes - Hi-Tech Seals","isPartOf":{"@id":"https:\/\/www.hitechseals.com\/fr\/#website"},"primaryImageOfPage":{"@id":"https:\/\/www.hitechseals.com\/fr\/produit\/manchons-de-moteur-de-boue-copy\/#primaryimage"},"image":{"@id":"https:\/\/www.hitechseals.com\/fr\/produit\/manchons-de-moteur-de-boue-copy\/#primaryimage"},"thumbnailUrl":"https:\/\/www.hitechseals.com\/wp-content\/uploads\/2026\/02\/diaphragm-3D-model-e1770750650525.png","datePublished":"2026-02-10T19:02:38+00:00","dateModified":"2026-03-04T17:50:53+00:00","breadcrumb":{"@id":"https:\/\/www.hitechseals.com\/fr\/produit\/manchons-de-moteur-de-boue-copy\/#breadcrumb"},"inLanguage":"fr-CA","potentialAction":[{"@type":"ReadAction","target":["https:\/\/www.hitechseals.com\/fr\/produit\/manchons-de-moteur-de-boue-copy\/"]}]},{"@type":"ImageObject","inLanguage":"fr-CA","@id":"https:\/\/www.hitechseals.com\/fr\/produit\/manchons-de-moteur-de-boue-copy\/#primaryimage","url":"https:\/\/www.hitechseals.com\/wp-content\/uploads\/2026\/02\/diaphragm-3D-model-e1770750650525.png","contentUrl":"https:\/\/www.hitechseals.com\/wp-content\/uploads\/2026\/02\/diaphragm-3D-model-e1770750650525.png","width":1167,"height":1108},{"@type":"BreadcrumbList","@id":"https:\/\/www.hitechseals.com\/fr\/produit\/manchons-de-moteur-de-boue-copy\/#breadcrumb","itemListElement":[{"@type":"ListItem","position":1,"name":"Home","item":"https:\/\/www.hitechseals.com\/fr\/accueil\/"},{"@type":"ListItem","position":2,"name":"Diaphragmes"}]},{"@type":"WebSite","@id":"https:\/\/www.hitechseals.com\/fr\/#website","url":"https:\/\/www.hitechseals.com\/fr\/","name":"Hi-Tech Seals","description":"","potentialAction":[{"@type":"SearchAction","target":{"@type":"EntryPoint","urlTemplate":"https:\/\/www.hitechseals.com\/fr\/?s={search_term_string}"},"query-input":{"@type":"PropertyValueSpecification","valueRequired":true,"valueName":"search_term_string"}}],"inLanguage":"fr-CA"}]}},"_links":{"self":[{"href":"https:\/\/www.hitechseals.com\/fr\/wp-json\/wp\/v2\/product\/5884","targetHints":{"allow":["GET"]}}],"collection":[{"href":"https:\/\/www.hitechseals.com\/fr\/wp-json\/wp\/v2\/product"}],"about":[{"href":"https:\/\/www.hitechseals.com\/fr\/wp-json\/wp\/v2\/types\/product"}],"wp:featuredmedia":[{"embeddable":true,"href":"https:\/\/www.hitechseals.com\/fr\/wp-json\/wp\/v2\/media\/5886"}],"wp:attachment":[{"href":"https:\/\/www.hitechseals.com\/fr\/wp-json\/wp\/v2\/media?parent=5884"}],"wp:term":[{"taxonomy":"product_brand","embeddable":true,"href":"https:\/\/www.hitechseals.com\/fr\/wp-json\/wp\/v2\/product_brand?post=5884"},{"taxonomy":"product_cat","embeddable":true,"href":"https:\/\/www.hitechseals.com\/fr\/wp-json\/wp\/v2\/product_cat?post=5884"},{"taxonomy":"product_tag","embeddable":true,"href":"https:\/\/www.hitechseals.com\/fr\/wp-json\/wp\/v2\/product_tag?post=5884"}],"curies":[{"name":"wp","href":"https:\/\/api.w.org\/{rel}","templated":true}]}}